{"id":96516,"date":"2025-01-06T12:00:28","date_gmt":"2025-01-06T12:00:28","guid":{"rendered":"https:\/\/www.editorialelpirata.com\/?post_type=product&#038;p=96516"},"modified":"2025-05-30T13:23:38","modified_gmt":"2025-05-30T13:23:38","slug":"my-sibling-my-treasure","status":"publish","type":"product","link":"https:\/\/www.editorialelpirata.com\/en\/producto\/my-sibling-my-treasure\/","title":{"rendered":"MY SIBLING MY TREASURE"},"content":{"rendered":"<div class=\"wpb-content-wrapper\"><p>[vc_row][vc_column][vc_column_text]<strong><em>Quien tiene un hermano tiene un tesoro<\/em><\/strong> es un cuento <strong>recomendado para ni\u00f1os de entre 2 y 6 a\u00f1os<\/strong> para ayudarlos <strong>a gestionar la llegada de un nuevo hermano<\/strong>. Adem\u00e1s, est\u00e1 escrito en <strong>letra MAY\u00daSCULA,<\/strong> con lo que resulta ideal tambi\u00e9n para primeros lectores, incentivando la lectura con un cuento de lo m\u00e1s tierno.<\/p>\n<p>Explicado a trav\u00e9s de unas <strong>ilustraciones dulces y llenas de color<\/strong>, es el <strong>regalo ideal<\/strong> para los hermanos mayores o para padres que acaban de dar la bienvenida a un nuevo miembro de la familia.<\/p>\n<p>El libro tambi\u00e9n incluye una <strong>gu\u00eda para los padres<\/strong> para gestionar la llegada de un hermanito o una hermanita a casa, con informaci\u00f3n proporcionada por educadores, psic\u00f3logos y divulgadores infantiles.<\/p>\n<p>La vida de Emma cambia del todo cuando Noa, su hermana peque\u00f1a, llega a casa. Ya no puede estar siempre a cuestas de los padres, ya no puede elegir el cuento de antes de ir a dormir e, incluso, \u00a1tiene que compartir la merienda! As\u00ed que dise\u00f1a un plan: envolver\u00e1 a Noa como si fuera un paquete y esperar\u00e1 a que alguien se la lleve. \u00a1Pero no contaba con que la echar\u00eda de menos! Y es que, al final, quien tiene un hermano tiene un tesoro.<\/p>\n<p>Descubre otros libros de Editorial el Pirata:<\/p>\n<p>&#8211; <a href=\"https:\/\/www.editorialelpirata.com\/en\/producto\/my-family-special-diversity\/\" target=\"_blank\" rel=\"noopener\">Mi familia es especial<\/a><\/p>\n<p>&#8211;<a href=\"https:\/\/www.editorialelpirata.com\/producto\/cuidado-princesa-pirata-libros-aventuras\/\" target=\"_blank\" rel=\"noopener\"> Cuidado con la princesa pirata<\/a><\/p>\n<p>&#8211; <a href=\"https:\/\/www.editorialelpirata.com\/producto\/emociones-todo-color-libro-emociones\/\" target=\"_blank\" rel=\"noopener\">Emociones a todo color<\/a><\/p>\n<p>&#8211; <a href=\"https:\/\/www.editorialelpirata.com\/producto\/emociones-todo-color-libro-emociones\/\" target=\"_blank\" rel=\"noopener\">\u00bfHa sido un pedo?<\/a>[\/vc_column_text][\/vc_column][\/vc_row][vc_row][vc_column width=&#8221;1\/1&#8243;][vc_column_text uncode_shortcode_id=&#8221;124789&#8243;]<\/p>\n<div>\n<hr \/>\n<\/div>\n<div>Con el apoyo del Departament de Cultura.<\/div>\n<p><a href=\"https:\/\/www.editorialelpirata.com\/wp-content\/uploads\/2024\/11\/Logo-icec.jpg\"><img decoding=\"async\" class=\"alignnone size-medium wp-image-100855\" src=\"https:\/\/www.editorialelpirata.com\/wp-content\/uploads\/2024\/11\/Logo-icec-300x45.jpg\" alt=\"Logo icec complert\" width=\"300\" height=\"45\" title=\"\"><\/a>[\/vc_column_text][\/vc_column][\/vc_row]<\/p>\n<\/div>","protected":false},"excerpt":{"rendered":"<p>I&#8217;ts a picture book <strong>recommended for children aged 2 to 6 to help them manage the arrival of a new sibling<\/strong>.<\/p>\n<p>It&#8217;s a simple tale that\u2019s perfect for <strong>early readers<\/strong>, encouraging reading with its incredibly tender story.<\/p>\n<p>&nbsp;<\/p>\n<p>Author: Laia Guerrero<\/p>\n","protected":false},"featured_media":96520,"template":"","meta":[],"product_brand":[],"product_cat":[1560,1618,1636],"product_tag":[1564,1581,1659,1660,1662],"class_list":{"0":"post-96516","1":"product","2":"type-product","3":"status-publish","4":"has-post-thumbnail","6":"product_cat-laia-guerrero-en","7":"product_cat-new","8":"product_cat-books-for-2-5-years","9":"product_tag-children-books-en","10":"product_tag-kids-books-en","11":"product_tag-game-book-en","12":"product_tag-play-books-en","13":"product_tag-learn-playing-en","14":"product_shipping_class-envio-estandar-en","16":"first","17":"instock","18":"shipping-taxable","19":"purchasable","20":"product-type-variable","21":"has-default-attributes"},"_links":{"self":[{"href":"https:\/\/www.editorialelpirata.com\/en\/wp-json\/wp\/v2\/product\/96516","targetHints":{"allow":["GET"]}}],"collection":[{"href":"https:\/\/www.editorialelpirata.com\/en\/wp-json\/wp\/v2\/product"}],"about":[{"href":"https:\/\/www.editorialelpirata.com\/en\/wp-json\/wp\/v2\/types\/product"}],"wp:featuredmedia":[{"embeddable":true,"href":"https:\/\/www.editorialelpirata.com\/en\/wp-json\/wp\/v2\/media\/96520"}],"wp:attachment":[{"href":"https:\/\/www.editorialelpirata.com\/en\/wp-json\/wp\/v2\/media?parent=96516"}],"wp:term":[{"taxonomy":"product_brand","embeddable":true,"href":"https:\/\/www.editorialelpirata.com\/en\/wp-json\/wp\/v2\/product_brand?post=96516"},{"taxonomy":"product_cat","embeddable":true,"href":"https:\/\/www.editorialelpirata.com\/en\/wp-json\/wp\/v2\/product_cat?post=96516"},{"taxonomy":"product_tag","embeddable":true,"href":"https:\/\/www.editorialelpirata.com\/en\/wp-json\/wp\/v2\/product_tag?post=96516"}],"curies":[{"name":"wp","href":"https:\/\/api.w.org\/{rel}","templated":true}]}}