{"id":96273,"date":"2025-01-04T14:39:16","date_gmt":"2025-01-04T14:39:16","guid":{"rendered":"https:\/\/www.editorialelpirata.com\/?post_type=product&#038;p=96273"},"modified":"2025-04-15T11:31:05","modified_gmt":"2025-04-15T11:31:05","slug":"game-book-of-christmas","status":"publish","type":"product","link":"https:\/\/www.editorialelpirata.com\/en\/producto\/game-book-of-christmas\/","title":{"rendered":"THE BIG GAME BOOK OF CHRISTMAS"},"content":{"rendered":"<div class=\"wpb-content-wrapper\"><p>[vc_row][vc_column][vc_column_text uncode_shortcode_id=&#8221;346683&#8243;]<\/p>\n<h1>\u00a1Tres juegos en un solo libro!<\/h1>\n<p>En este sorprendente libro de juegos, los ni\u00f1os pueden jugar a\u00a0<strong>tres juegos distintos\u00a0<\/strong>en cada ilustraci\u00f3n, mientras aprenden cosas muy interesantes sobre un mont\u00f3n de tradiciones navide\u00f1as de todo el mundo.<\/p>\n<p>En cada doble p\u00e1gina hay una ilustraci\u00f3n enorme y a todo color llena de detalles donde <strong>se puede jugar de tres formas<\/strong>:<\/p>\n<p>1)<strong> Para los m\u00e1s peque\u00f1os<\/strong>: buscar objetos dentro de las ilustraciones. A partir de 3-4 a\u00f1os.<\/p>\n<p>2) <strong>Para los medianos<\/strong>: encontrar 10 objetos que empiecen por la misma letra. A partir de 5-6 a\u00f1os.<\/p>\n<p>3) <strong>Para los grandes<\/strong>: buscar 10 objetos que se encuentren fuera de \u00e9poca, personajes escondidos o personajes repetidos. A partir de 7-8 a\u00f1os.<\/p>\n<p>[\/vc_column_text][\/vc_column][\/vc_row][vc_row][vc_column column_width_percent=&#8221;100&#8243; align_horizontal=&#8221;align_center&#8221; gutter_size=&#8221;3&#8243; overlay_alpha=&#8221;50&#8243; shift_x=&#8221;0&#8243; shift_y=&#8221;0&#8243; shift_y_down=&#8221;0&#8243; z_index=&#8221;0&#8243; medium_width=&#8221;0&#8243; mobile_width=&#8221;0&#8243; width=&#8221;1\/1&#8243; uncode_shortcode_id=&#8221;188503&#8243;][vc_column_text uncode_shortcode_id=&#8221;828640&#8243;]<\/p>\n<h2 style=\"text-align: left;\">Echa un vistazo al interior:<\/h2>\n<p>[\/vc_column_text][\/vc_column][\/vc_row][vc_row][vc_column width=&#8221;1\/1&#8243;][vc_raw_html]JTNDaWZyYW1lJTIwd2lkdGglM0QlMjI2MjBweCUyMiUyMGhlaWdodCUzRCUyMjQwMHB4JTIyJTIwc3JjJTNEJTIyaHR0cHMlM0ElMkYlMkZ3d3cueXVtcHUuY29tJTJGZW4lMkZlbWJlZCUyRnZpZXclMkZIek8zNXZtc0pETUFRcTFXJTIyJTIwZnJhbWVib3JkZXIlM0QlMjIwJTIyJTIwYWxsb3dmdWxsc2NyZWVuJTNEJTIydHJ1ZSUyMiUyMGFsbG93dHJhbnNwYXJlbmN5JTNEJTIydHJ1ZSUyMiUzRSUzQyUyRmlmcmFtZSUzRSUyMCUyMCUyMCUyMCUyMCUyMCUyMCUyMCUyMCUyMCUyMCUyMCUyMCUyMCUyMCUyMCUyMCUyMCUyMCUyMCUyMCUyMCUyMCUyMCUyMCUyMCUyMCUyMCUyMCUyMCUyMCUyMCUyMCUyMCUyMCUyMCUyMCUyMCUyMCUyMCUyMCUyMCUyMCUyMCUyMCUyMCUyMCUyMCUyMCUyMCUyMCUyMCUyMCUyMCUyMCUyMCUyMCUyMCUyMCUyMCUyMCUyMCUyMCUyMCUyMCUyMCUyMCUyMCUyMCUyMCUyMCUyMCUyMCUyMCUyMCUyMCUyMCUyMCUyMCUyMCUyMCUyMCUyMCUyMCUyMCUyMCUyMCUyMCUyMCUyMCUyMCUyMCUyMCUyMCUyMCUyMCUyMCUyMCUyMCUyMCUyMCUyMA==[\/vc_raw_html][\/vc_column][\/vc_row][vc_row][vc_column width=&#8221;1\/1&#8243;][vc_column_text uncode_shortcode_id=&#8221;130171&#8243;]<\/p>\n<hr \/>\n<p>Un divertid\u00edsimo libro-juego en carton\u00e9, en el que ni\u00f1os de tres niveles distintos podr\u00e1n divertirse buscando conceptos espec\u00edficos en <strong>espectaculares ilustraciones cargadas de detalles y de humor<\/strong>.<\/p>\n<p>\u00a1Varios hermanos pueden disfrutar de un mismo libro y jugar juntos sin importar su edad!<\/p>\n<h3>Espacios para descubrir un mont\u00f3n de tradiciones navide\u00f1as de ensue\u00f1o: la f\u00e1brica de regalos, la cabalgata de Reyes, &#8230;. \u00a1y muchas m\u00e1s!<\/h3>\n<p>[\/vc_column_text][\/vc_column][\/vc_row][vc_row][vc_column column_width_percent=&#8221;100&#8243; align_horizontal=&#8221;align_center&#8221; gutter_size=&#8221;3&#8243; overlay_alpha=&#8221;50&#8243; shift_x=&#8221;0&#8243; shift_y=&#8221;0&#8243; shift_y_down=&#8221;0&#8243; z_index=&#8221;0&#8243; medium_width=&#8221;0&#8243; mobile_width=&#8221;0&#8243; width=&#8221;1\/1&#8243; uncode_shortcode_id=&#8221;598657&#8243;][vc_button button_color=&#8221;color-210407&#8243; border_width=&#8221;0&#8243; link=&#8221;url:https%3A%2F%2Fwww.editorialelpirata.com%2Fen%2Fsolutions-christmas%2F|title:Solucionario%20Navidad|target:_blank|&#8221; button_color_type=&#8221;uncode-palette&#8221; uncode_shortcode_id=&#8221;708316&#8243;]Ver el solucionario[\/vc_button][\/vc_column][\/vc_row][vc_row][vc_column width=&#8221;1\/1&#8243;][vc_column_text uncode_shortcode_id=&#8221;108869&#8243;]<\/p>\n<div>Con el apoyo del Departament de Cultura.<\/div>\n<p><a href=\"https:\/\/www.editorialelpirata.com\/wp-content\/uploads\/2024\/11\/Logo-icec.jpg\"><img decoding=\"async\" class=\"alignnone size-medium wp-image-100855\" src=\"https:\/\/www.editorialelpirata.com\/wp-content\/uploads\/2024\/11\/Logo-icec-300x45.jpg\" alt=\"Logo icec complert\" width=\"300\" height=\"45\" title=\"\"><\/a>[\/vc_column_text][\/vc_column][\/vc_row]<\/p>\n<\/div>","protected":false},"excerpt":{"rendered":"<h3>A book game to have fun and learn curiosities about Christmas.<\/h3>\n<p>With Subi&#8217;s great illustrations, children will have a great time playing while learning about Christmas.<\/p>\n<p>&nbsp;<\/p>\n<p>Author: <a href=\"https:\/\/www.editorialelpirata.com\/joan-subirana-queralt\/\" target=\"_blank\" rel=\"noopener noreferrer\">Joan Subirana &#8220;Subi&#8221;<\/a><\/p>\n","protected":false},"featured_media":96451,"template":"","meta":[],"product_brand":[],"product_cat":[1618,1635,1657,1658,1535,1555],"product_tag":[1581,1659,1660,1662,2076,1564],"class_list":{"0":"post-96273","1":"product","2":"type-product","3":"status-publish","4":"has-post-thumbnail","6":"product_cat-new","7":"product_cat-game-books","8":"product_cat-joan-subirana-queralt-en","9":"product_cat-picture-book-en","10":"product_cat-7-9-years","11":"product_cat-libros-6-anos-en","12":"product_tag-kids-books-en","13":"product_tag-game-book-en","14":"product_tag-play-books-en","15":"product_tag-learn-playing-en","16":"product_tag-christmas","17":"product_tag-children-books-en","18":"product_shipping_class-envio-estandar-en","20":"first","21":"instock","22":"shipping-taxable","23":"purchasable","24":"product-type-variable","25":"has-default-attributes"},"_links":{"self":[{"href":"https:\/\/www.editorialelpirata.com\/en\/wp-json\/wp\/v2\/product\/96273","targetHints":{"allow":["GET"]}}],"collection":[{"href":"https:\/\/www.editorialelpirata.com\/en\/wp-json\/wp\/v2\/product"}],"about":[{"href":"https:\/\/www.editorialelpirata.com\/en\/wp-json\/wp\/v2\/types\/product"}],"wp:featuredmedia":[{"embeddable":true,"href":"https:\/\/www.editorialelpirata.com\/en\/wp-json\/wp\/v2\/media\/96451"}],"wp:attachment":[{"href":"https:\/\/www.editorialelpirata.com\/en\/wp-json\/wp\/v2\/media?parent=96273"}],"wp:term":[{"taxonomy":"product_brand","embeddable":true,"href":"https:\/\/www.editorialelpirata.com\/en\/wp-json\/wp\/v2\/product_brand?post=96273"},{"taxonomy":"product_cat","embeddable":true,"href":"https:\/\/www.editorialelpirata.com\/en\/wp-json\/wp\/v2\/product_cat?post=96273"},{"taxonomy":"product_tag","embeddable":true,"href":"https:\/\/www.editorialelpirata.com\/en\/wp-json\/wp\/v2\/product_tag?post=96273"}],"curies":[{"name":"wp","href":"https:\/\/api.w.org\/{rel}","templated":true}]}}