{"id":91963,"date":"2021-12-20T11:38:53","date_gmt":"2022-01-13T14:47:59","guid":{"rendered":"https:\/\/www.editorialelpirata.com\/producto\/siete-cabritas-cuentos-tradicionales\/"},"modified":"2025-01-24T23:47:47","modified_gmt":"2025-01-24T23:47:47","slug":"wolf-seven-little-goats-folk-tales","status":"publish","type":"product","link":"https:\/\/www.editorialelpirata.com\/en\/producto\/wolf-seven-little-goats-folk-tales\/","title":{"rendered":"THE WOLF AND THE SEVEN LITTLE GOATS"},"content":{"rendered":"<div class=\"wpb-content-wrapper\"><p>[vc_row][vc_column][vc_column_text uncode_shortcode_id=&#8221;150863&#8243;]<\/p>\n<h1>Els contes tradicionals, ara en vers<\/h1>\n<p>El conte cl\u00e0ssic<strong>\u00a0Les set cabretes<\/strong> reviu en aquest llibre infantil de tapa dura! Les fant\u00e0stiques i divertides il\u00b7lustracions a tot color acompanyen la hist\u00f2ria, que t\u00e9 el text rimat.<\/p>\n<p>Un llop vol entrar dins la casa de les set cabretes per cruspir-se-les, aprofitant que la mare no hi \u00e9s. La mare, abans de marxar, les avisa que vagin en compte amb el llop, aix\u00ed que quan aquest arriba, les cabretes no es deixen enganyar. Primer detecten que el llop t\u00e9 la veu molt greu i, despr\u00e9s, que t\u00e9 la pota ben negra. Per\u00f2 el famolenc llop, amb molt d\u2019enginy, finalment aconsegueix entrar-hi.<br \/>\nLes set cabretes s\u2019amaguen a set llocs diferents per\u00f2 el llop n\u2019aconsegueix trobar sis i, de tanta gana com t\u00e9, se les empassa sense mastegar-les. Quan la mare arriba, t\u00e9 una brillant idea que aconseguir\u00e0 alliberar les cabretes i, de passada, donar un bon escarment al llop. Aix\u00ed les cabretes aprenen que no han de deixar entrar a casa els desconeguts.<\/p>\n<p>&nbsp;<\/p>\n<h2><strong>Els m\u00e9s petits aprendran que s&#8217;ha de fer cas als consells dels pares i no parlar amb desconeguts<\/strong><\/h2>\n<p>[\/vc_column_text][\/vc_column][\/vc_row]<\/p>\n<\/div>","protected":false},"excerpt":{"rendered":"<h3>Rhyming Fairy Tales<\/h3>\n<p><em><strong>The Wolf and the Seven Little Goats<\/strong> <\/em>belongs to the collection <a href=\"https:\/\/www.editorialelpirata.com\/en\/rhyming-fairy-tales\/\" target=\"_blank\" rel=\"noopener\"><em><strong>Rhyming Fairy Tales<\/strong><\/em><\/a>, with amazing full-color illustrations and rhyming text.<\/p>\n<p>&nbsp;<\/p>\n<p>Author: <a href=\"https:\/\/www.editorialelpirata.com\/en\/jose-sender-en\/\" target=\"_blank\" rel=\"noopener noreferrer\">J\u00f6se S\u00e9nder<\/a><\/p>\n<p>Art by: <a href=\"https:\/\/www.editorialelpirata.com\/en\/laia-guerrero-en\/\" target=\"_blank\" rel=\"noopener noreferrer\">Laia Guerrero<\/a><\/p>\n","protected":false},"featured_media":94159,"template":"","meta":[],"product_brand":[],"product_cat":[3131,3133,3129],"product_tag":[1660,3109],"class_list":{"0":"post-91963","1":"product","2":"type-product","3":"status-publish","4":"has-post-thumbnail","6":"product_cat-albums-illustrats-en","7":"product_cat-albums-illustrats-6-anys-en","8":"product_cat-tots-els-llibres-en","9":"product_tag-play-books-en","10":"product_tag-contes-valors-en","12":"first","13":"instock","14":"shipping-taxable","15":"purchasable","16":"product-type-variable","17":"has-default-attributes"},"_links":{"self":[{"href":"https:\/\/www.editorialelpirata.com\/en\/wp-json\/wp\/v2\/product\/91963","targetHints":{"allow":["GET"]}}],"collection":[{"href":"https:\/\/www.editorialelpirata.com\/en\/wp-json\/wp\/v2\/product"}],"about":[{"href":"https:\/\/www.editorialelpirata.com\/en\/wp-json\/wp\/v2\/types\/product"}],"wp:featuredmedia":[{"embeddable":true,"href":"https:\/\/www.editorialelpirata.com\/en\/wp-json\/wp\/v2\/media\/94159"}],"wp:attachment":[{"href":"https:\/\/www.editorialelpirata.com\/en\/wp-json\/wp\/v2\/media?parent=91963"}],"wp:term":[{"taxonomy":"product_brand","embeddable":true,"href":"https:\/\/www.editorialelpirata.com\/en\/wp-json\/wp\/v2\/product_brand?post=91963"},{"taxonomy":"product_cat","embeddable":true,"href":"https:\/\/www.editorialelpirata.com\/en\/wp-json\/wp\/v2\/product_cat?post=91963"},{"taxonomy":"product_tag","embeddable":true,"href":"https:\/\/www.editorialelpirata.com\/en\/wp-json\/wp\/v2\/product_tag?post=91963"}],"curies":[{"name":"wp","href":"https:\/\/api.w.org\/{rel}","templated":true}]}}