{"id":106470,"date":"2026-05-06T09:00:20","date_gmt":"2026-05-06T09:00:20","guid":{"rendered":"https:\/\/www.editorialelpirata.com\/?post_type=product&#038;p=106470"},"modified":"2026-04-28T11:46:14","modified_gmt":"2026-04-28T11:46:14","slug":"the-super-goals-football-children","status":"publish","type":"product","link":"https:\/\/www.editorialelpirata.com\/en\/producto\/the-super-goals-football-children\/","title":{"rendered":"The Super Goals 03 &#8211; The Lucky Underpants"},"content":{"rendered":"<div class=\"wpb-content-wrapper\"><p>[vc_row][vc_column width=&#8221;1\/1&#8243;][vc_column_text uncode_shortcode_id=&#8221;396311&#8243;]<strong>\u00a1F\u00fatbol, risas y un equipo que lo rompe! <\/strong><\/p>\n<p>Conoce a <strong>The<\/strong> <strong>Super Goals <\/strong>, el equipo de f\u00fatbol m\u00e1s ins\u00f3lito que puedas imaginar. Una colecci\u00f3n <strong>en ingl\u00e9s<\/strong> llena de humor, amistad y pasi\u00f3n por el f\u00fatbol, que nos ense\u00f1a que, con perseverancia y ganas de luchar, \u00a1siempre se puede marcar el gol de la victoria!<\/p>\n<p>En Los calzoncillos de la suerte, los Golazos viajan a una isla remota para un campeonato, pero alguien intenta sabotearlos.<strong> \u00bfD\u00f3nde est\u00e1n los calzoncillos de la suerte?<\/strong><\/p>\n<p>Todas las p\u00e1ginas est\u00e1n ilustradas en color y los di\u00e1logos aparecen en bocadillos de c\u00f3mic. El ritmo de lectura es trepidante y lleno de humor. <strong>Recomendado para ni\u00f1os y ni\u00f1as de 8 a 11 a\u00f1os.<\/strong><\/p>\n<p><strong>\u00a0<\/strong><\/p>\n<p><strong>Otros t\u00edtulos de la colecci\u00f3n Super Goals:<\/strong><\/p>\n<ol>\n<li><a href=\"https:\/\/www.editorialelpirata.com\/en\/producto\/football-supergoals-game\/\" target=\"_blank\" rel=\"noopener\"><em>We\u2019re Going to Win This Game<\/em><\/a><\/li>\n<li><a href=\"https:\/\/www.editorialelpirata.com\/en\/producto\/football-supergoals-dream\/\" target=\"_blank\" rel=\"noopener\">The dream cup<\/a><\/li>\n<\/ol>\n<p>Descubre otras colecciones de Editorial el Pirata en ingl\u00e9s:<\/p>\n<ul>\n<li><a href=\"https:\/\/www.editorialelpirata.com\/en\/time-explorers\/\" target=\"_blank\" rel=\"noopener\">The Time Explorers (+10 a\u00f1os)<\/a><\/li>\n<li><a href=\"https:\/\/www.editorialelpirata.com\/en\/super-hoopers-basketball\/\" target=\"_blank\" rel=\"noopener\">The Super Hoopers (+8 a\u00f1os)<\/a><\/li>\n<\/ul>\n<p>[\/vc_column_text][\/vc_column][\/vc_row][vc_row][vc_column column_width_percent=&#8221;100&#8243; align_horizontal=&#8221;align_center&#8221; gutter_size=&#8221;3&#8243; overlay_alpha=&#8221;50&#8243; shift_x=&#8221;0&#8243; shift_y=&#8221;0&#8243; shift_y_down=&#8221;0&#8243; z_index=&#8221;0&#8243; medium_width=&#8221;0&#8243; mobile_width=&#8221;0&#8243; width=&#8221;1\/1&#8243; uncode_shortcode_id=&#8221;809085&#8243;][vc_raw_html]JTNDaWZyYW1lJTIwd2lkdGglM0QlMjI2MjBweCUyMiUyMGhlaWdodCUzRCUyMjQwMHB4JTIyJTIwc3JjJTNEJTIyaHR0cHMlM0ElMkYlMkZ3d3cueXVtcHUuY29tJTJGZW4lMkZlbWJlZCUyRnZpZXclMkZaM3ZiTGp4cGdHczJlMTZyJTIyJTIwZnJhbWVib3JkZXIlM0QlMjIwJTIyJTIwYWxsb3dmdWxsc2NyZWVuJTNEJTIydHJ1ZSUyMiUyMGFsbG93dHJhbnNwYXJlbmN5JTNEJTIydHJ1ZSUyMiUzRSUzQyUyRmlmcmFtZSUzRSUyMCUyMCUyMCUyMCUyMCUyMCUyMCUyMCUyMCUyMCUyMCUyMCUyMCUyMCUyMCUyMCUyMCUyMCUyMCUyMCUyMCUyMCUyMCUyMCUyMCUyMCUyMCUyMCUyMCUyMCUyMCUyMCUyMCUyMCUyMCUyMCUyMCUyMCUyMCUyMCUyMCUyMCUyMCUyMCUyMCUyMCUyMCUyMCUyMCUyMCUyMCUyMCUyMCUyMCUyMCUyMCUyMCUyMCUyMCUyMCUyMCUyMCUyMCUyMCUyMCUyMCUyMCUyMCUyMCUyMCUyMCUyMCUyMCUyMCUyMCUyMCUyMCUyMCUyMCUyMCUyMCUyMCUyMCUyMCUyMCUyMCUyMCUyMCUyMCUyMCUyMCUyMCUyMCUyMCUyMCUyMCUyMCUyMCUyMCUyMCUyMCUyMCUyMCUyMCUyMCUyMCUyMCUyMCUyMCUyMCUyMCUyMCUyMCUyMCUyMCUyMCUyMCUyMCUyMCUyMCUyMCUyMCUyMCUyMCUyMCUyMCUyMCUyMCUyMCUyMA==[\/vc_raw_html][\/vc_column][\/vc_row]<\/p>\n<\/div>","protected":false},"excerpt":{"rendered":"<p>En <strong>Los calzoncillos de la suerte<\/strong>, los Golazos viajan a una isla remota para un campeonato, pero alguien intenta sabotearlos. \u00bfD\u00f3nde est\u00e1n los calzoncillos de la suerte?<br \/>\nTodas las p\u00e1ginas est\u00e1n ilustradas en color y el ritmo es \u00e1gil y divertido.<strong> Recomendado de 8 a 11<\/strong><\/p>\n<p>&nbsp;<\/p>\n<div>Author:<a href=\"https:\/\/www.editorialelpirata.com\/en\/alberto-casamayor-en-2\/\" target=\"_blank\" rel=\"noopener\"> Alberto Casamayor<\/a><br \/>\nIllustrators: <a href=\"https:\/\/www.editorialelpirata.com\/en\/josep-carrasco-kako-en\/\" target=\"_blank\" rel=\"noopener\">Palma &amp; Kako<\/a><\/div>\n","protected":false},"featured_media":106523,"template":"","meta":[],"product_brand":[],"product_cat":[1535,1618,1682,1684,2034],"product_tag":[3747,3748,3749,3750,3742,3743,3744,3745],"class_list":{"0":"post-106470","1":"product","2":"type-product","3":"status-publish","4":"has-post-thumbnail","6":"product_cat-7-9-years","7":"product_cat-new","8":"product_cat-josep-carrasco-kako-en","9":"product_cat-pepe-palma-en","10":"product_cat-alberto-casamayor-en","11":"product_tag-football","12":"product_tag-football-book-for-kids","13":"product_tag-soccer","14":"product_tag-soccer-book-for-kids","15":"product_tag-football-books-for-kids","16":"product_tag-football-books-for-kids-age-8-10","17":"product_tag-football-books-kids-english","18":"product_tag-football-books-for-kids-8-12","20":"first","21":"instock","22":"shipping-taxable","23":"purchasable","24":"product-type-variable","25":"has-default-attributes"},"_links":{"self":[{"href":"https:\/\/www.editorialelpirata.com\/en\/wp-json\/wp\/v2\/product\/106470","targetHints":{"allow":["GET"]}}],"collection":[{"href":"https:\/\/www.editorialelpirata.com\/en\/wp-json\/wp\/v2\/product"}],"about":[{"href":"https:\/\/www.editorialelpirata.com\/en\/wp-json\/wp\/v2\/types\/product"}],"wp:featuredmedia":[{"embeddable":true,"href":"https:\/\/www.editorialelpirata.com\/en\/wp-json\/wp\/v2\/media\/106523"}],"wp:attachment":[{"href":"https:\/\/www.editorialelpirata.com\/en\/wp-json\/wp\/v2\/media?parent=106470"}],"wp:term":[{"taxonomy":"product_brand","embeddable":true,"href":"https:\/\/www.editorialelpirata.com\/en\/wp-json\/wp\/v2\/product_brand?post=106470"},{"taxonomy":"product_cat","embeddable":true,"href":"https:\/\/www.editorialelpirata.com\/en\/wp-json\/wp\/v2\/product_cat?post=106470"},{"taxonomy":"product_tag","embeddable":true,"href":"https:\/\/www.editorialelpirata.com\/en\/wp-json\/wp\/v2\/product_tag?post=106470"}],"curies":[{"name":"wp","href":"https:\/\/api.w.org\/{rel}","templated":true}]}}