{"id":105503,"date":"2026-01-20T09:00:34","date_gmt":"2026-01-20T09:00:34","guid":{"rendered":"https:\/\/www.editorialelpirata.com\/?post_type=product&#038;p=105503"},"modified":"2026-04-20T12:35:29","modified_gmt":"2026-04-20T12:35:29","slug":"the-big-game-book-of-fantasy","status":"publish","type":"product","link":"https:\/\/www.editorialelpirata.com\/en\/producto\/the-big-game-book-of-fantasy\/","title":{"rendered":"THE BIG GAME BOOK OF FANTASY"},"content":{"rendered":"<div class=\"wpb-content-wrapper\"><p>[vc_row][vc_column][vc_column_text uncode_shortcode_id=&#8221;211546&#8243;]<em>The Big Game Book of Fantasy <\/em>es un <strong>libro gigante en ingl\u00e9s para buscar y encontrar <\/strong>con unas ilustraciones espectaculares y llenas de detalles.<\/p>\n<p>Incluye <strong>juegos para distintas edades<\/strong>, as\u00ed que se puede utilizar durante varios a\u00f1os, a medida que el peque\u00f1o va creciendo, o para que varios ni\u00f1os de distintas edades jueguen simult\u00e1neamente, a la vez que empiezan a conocer mejor algunos de los personajes fant\u00e1sticos y criaturas mitol\u00f3gicas m\u00e1s incre\u00edbles.<\/p>\n<p>Las hojas <strong>de cart\u00f3n<\/strong> y las grandes dimensiones del libro, 27 \u00d7 37\u00a0cm, permiten que este se quede de pie y varios ni\u00f1os, uno al lado de otro, puedan jugar de forma simult\u00e1nea. En cada doble p\u00e1gina hay una ilustraci\u00f3n enorme y a todo color llena de detalles, donde <strong>se puede jugar de tres formas<\/strong>:<\/p>\n<ul>\n<li><strong>Para los m\u00e1s peque\u00f1os<\/strong>: buscar elementos destacados dentro de las ilustraciones. A partir de 3-4 a\u00f1os.<\/li>\n<li><strong>Para los medianos<\/strong>: encontrar 10 detalles que empiecen por la misma letra. A partir de 5-6 a\u00f1os.<\/li>\n<li><strong>Para los grandes<\/strong>: buscar 10 animales u objetos escondidos en las ilustraciones. A partir de 7-8 a\u00f1os.<\/li>\n<\/ul>\n<p>\u00a1Descubre todo un mundo de fantas\u00eda y criaturas m\u00e1gicas! Dragones, brujas y magos, criaturas mitol\u00f3gicas, hadas y duendes, unicornios y la Atl\u00e1ntida.<\/p>\n<p>El libro incluye un c\u00f3digo QR que redirigir\u00e1 a la web de Editorial el Pirata, donde se podr\u00e1n encontrar las <strong>soluciones de los juegos<\/strong> y <strong>curiosidades sobre el mundo de la fantas\u00eda y la mitolog\u00eda <\/strong>que aparecen representados en las ilustraciones.<\/p>\n<p><strong>M\u00e1s libros juego de la colecci\u00f3n en ingl\u00e9s:<\/strong><\/p>\n<ul>\n<li><em>The Big Game Book of Civilizations<\/em><\/li>\n<li><em>The Big Game Book of Monsters<\/em><\/li>\n<li><em>The Big Game Book of Adventurers<\/em><\/li>\n<li><em>The Big Game Book of Space<\/em><\/li>\n<li><em>The Big Game Book of Christmas<\/em><\/li>\n<li><em>The Big Game Book of Dinosaurs<\/em><\/li>\n<\/ul>\n<p>[\/vc_column_text][\/vc_column][\/vc_row][vc_row][vc_column column_width_percent=&#8221;100&#8243; align_horizontal=&#8221;align_center&#8221; gutter_size=&#8221;3&#8243; overlay_alpha=&#8221;50&#8243; shift_x=&#8221;0&#8243; shift_y=&#8221;0&#8243; shift_y_down=&#8221;0&#8243; z_index=&#8221;0&#8243; medium_width=&#8221;0&#8243; mobile_width=&#8221;0&#8243; width=&#8221;1\/1&#8243; uncode_shortcode_id=&#8221;188503&#8243;][vc_column_text uncode_shortcode_id=&#8221;828640&#8243;]<\/p>\n<h2 style=\"text-align: left;\">Echa un vistazo al interior:<\/h2>\n<p>[\/vc_column_text][vc_raw_html]JTNDaWZyYW1lJTIwd2lkdGglM0QlMjI2MjBweCUyMiUyMGhlaWdodCUzRCUyMjQwMHB4JTIyJTIwc3JjJTNEJTIyaHR0cHMlM0ElMkYlMkZ3d3cueXVtcHUuY29tJTJGeHglMkZlbWJlZCUyRnZpZXclMkZxVE1LMXIwY3g2eXRZSjI4JTIyJTIwZnJhbWVib3JkZXIlM0QlMjIwJTIyJTIwYWxsb3dmdWxsc2NyZWVuJTNEJTIydHJ1ZSUyMiUyMGFsbG93dHJhbnNwYXJlbmN5JTNEJTIydHJ1ZSUyMiUzRSUzQyUyRmlmcmFtZSUzRSUyMCUyMCUyMCUyMCUyMCUyMCUyMCUyMCUyMCUyMCUyMCUyMCUyMCUyMCUyMCUyMCUyMCUyMCUyMCUyMCUyMCUyMCUyMCUyMCUyMCUyMCUyMCUyMCUyMCUyMCUyMCUyMCUyMCUyMCUyMCUyMCUyMCUyMCUyMCUyMCUyMCUyMCUyMCUyMCUyMCUyMCUyMCUyMCUyMCUyMCUyMCUyMCUyMCUyMCUyMCUyMCUyMCUyMCUyMCUyMCUyMCUyMCUyMCUyMCUyMCUyMCUyMCUyMCUyMCUyMCUyMCUyMCUyMCUyMCUyMCUyMCUyMCUyMCUyMCUyMCUyMCUyMCUyMCUyMCUyMCUyMCUyMCUyMCUyMCUyMCUyMCUyMCUyMCUyMA==[\/vc_raw_html][\/vc_column][\/vc_row][vc_row][vc_column width=&#8221;1\/1&#8243;][vc_column_text uncode_shortcode_id=&#8221;179521&#8243;]\u00a1Descubre todo un mundo de fantas\u00eda y criaturas m\u00e1gicas! Dragones, brujas y magos, criaturas mitol\u00f3gicas, hadas y duendes, unicornios y la Atl\u00e1ntida.<\/p>\n<p>El libro incluye un c\u00f3digo QR que redirigir\u00e1 a la web de Editorial el Pirata, donde se podr\u00e1n encontrar las <strong>soluciones de los juegos<\/strong> y <strong>curiosidades sobre el mundo de la fantas\u00eda y la mitolog\u00eda <\/strong>que aparecen representados en las ilustraciones.[\/vc_column_text][\/vc_column][\/vc_row][vc_row][vc_column column_width_percent=&#8221;100&#8243; align_horizontal=&#8221;align_center&#8221; gutter_size=&#8221;3&#8243; overlay_alpha=&#8221;50&#8243; shift_x=&#8221;0&#8243; shift_y=&#8221;0&#8243; shift_y_down=&#8221;0&#8243; z_index=&#8221;0&#8243; medium_width=&#8221;0&#8243; mobile_width=&#8221;0&#8243; width=&#8221;1\/1&#8243; uncode_shortcode_id=&#8221;598657&#8243;][vc_button button_color=&#8221;color-210407&#8243; border_width=&#8221;0&#8243; link=&#8221;url:https%3A%2F%2Fwww.editorialelpirata.com%2Fen%2Fsolutionary-fantasy|title:Solucionario%20Fantas%C3%ADa|target:_blank|&#8221; button_color_type=&#8221;uncode-palette&#8221; uncode_shortcode_id=&#8221;177607&#8243;]Ver el solucionario [\/vc_button][\/vc_column][\/vc_row][vc_row][vc_column width=&#8221;1\/1&#8243;][vc_column_text uncode_shortcode_id=&#8221;147421&#8243;]<\/p>\n<div>Con el apoyo del Departament de Cultura.<\/div>\n<p><a href=\"https:\/\/www.editorialelpirata.com\/wp-content\/uploads\/2024\/11\/Logo-icec.jpg\"><img decoding=\"async\" class=\"alignnone size-medium wp-image-100853\" src=\"https:\/\/www.editorialelpirata.com\/wp-content\/uploads\/2024\/11\/Logo-icec-300x45.jpg\" alt=\"Logo icec complert\" width=\"300\" height=\"45\" title=\"\" srcset=\"https:\/\/www.editorialelpirata.com\/wp-content\/uploads\/2024\/11\/Logo-icec-300x45.jpg 300w, https:\/\/www.editorialelpirata.com\/wp-content\/uploads\/2024\/11\/Logo-icec-1024x155.jpg 1024w, https:\/\/www.editorialelpirata.com\/wp-content\/uploads\/2024\/11\/Logo-icec-768x116.jpg 768w, https:\/\/www.editorialelpirata.com\/wp-content\/uploads\/2024\/11\/Logo-icec-350x53.jpg 350w, https:\/\/www.editorialelpirata.com\/wp-content\/uploads\/2024\/11\/Logo-icec-64x10.jpg 64w, https:\/\/www.editorialelpirata.com\/wp-content\/uploads\/2024\/11\/Logo-icec.jpg 1252w\" sizes=\"(max-width: 300px) 100vw, 300px\" \/><\/a>[\/vc_column_text][\/vc_column][\/vc_row]<\/p>\n<\/div>","protected":false},"excerpt":{"rendered":"<h4>Un libro gigante en ingl\u00e9s para buscar y encontrar con unas ilustraciones espectaculares y llenas de detalles.<\/h4>\n<p>Con las magn\u00edficas ilustraciones de Subi, los ni\u00f1os se lo pasar\u00e1n en grande jugando mientras aprenden sobre dragones, brujas y magos, criaturas mitol\u00f3gicas, hadas y duendes, unicornios y la Atl\u00e1ntida.<\/p>\n<p>Autor: <a href=\"https:\/\/www.editorialelpirata.com\/joan-subirana-queralt\/\" target=\"_blank\" rel=\"noopener noreferrer\">Joan Subirana &#8220;Subi&#8221;<\/a><\/p>\n","protected":false},"featured_media":105701,"template":"","meta":[],"product_brand":[],"product_cat":[1656,1657,1658,3129,1535,1555,1618,3766,1635],"product_tag":[3776,3777,3778,2082,3775],"class_list":{"0":"post-105503","1":"product","2":"type-product","3":"status-publish","4":"has-post-thumbnail","6":"product_cat-libros-para-jugar-en","7":"product_cat-joan-subirana-queralt-en","8":"product_cat-picture-book-en","9":"product_cat-tots-els-llibres-en","10":"product_cat-7-9-years","11":"product_cat-libros-6-anos-en","12":"product_cat-new","13":"product_cat-books-for-game","14":"product_cat-game-books","15":"product_tag-search-and-game","16":"product_tag-fantasy","17":"product_tag-play-and-search","18":"product_tag-libro-juego-en","19":"product_tag-books-for-play","20":"product_shipping_class-envio-estandar-en","22":"first","23":"instock","24":"shipping-taxable","25":"purchasable","26":"product-type-variable","27":"has-default-attributes"},"_links":{"self":[{"href":"https:\/\/www.editorialelpirata.com\/en\/wp-json\/wp\/v2\/product\/105503","targetHints":{"allow":["GET"]}}],"collection":[{"href":"https:\/\/www.editorialelpirata.com\/en\/wp-json\/wp\/v2\/product"}],"about":[{"href":"https:\/\/www.editorialelpirata.com\/en\/wp-json\/wp\/v2\/types\/product"}],"wp:featuredmedia":[{"embeddable":true,"href":"https:\/\/www.editorialelpirata.com\/en\/wp-json\/wp\/v2\/media\/105701"}],"wp:attachment":[{"href":"https:\/\/www.editorialelpirata.com\/en\/wp-json\/wp\/v2\/media?parent=105503"}],"wp:term":[{"taxonomy":"product_brand","embeddable":true,"href":"https:\/\/www.editorialelpirata.com\/en\/wp-json\/wp\/v2\/product_brand?post=105503"},{"taxonomy":"product_cat","embeddable":true,"href":"https:\/\/www.editorialelpirata.com\/en\/wp-json\/wp\/v2\/product_cat?post=105503"},{"taxonomy":"product_tag","embeddable":true,"href":"https:\/\/www.editorialelpirata.com\/en\/wp-json\/wp\/v2\/product_tag?post=105503"}],"curies":[{"name":"wp","href":"https:\/\/api.w.org\/{rel}","templated":true}]}}