{"id":104977,"date":"2025-10-29T09:00:06","date_gmt":"2025-10-29T09:00:06","guid":{"rendered":"https:\/\/www.editorialelpirata.com\/?post_type=product&#038;p=104977"},"modified":"2026-04-20T13:03:14","modified_gmt":"2026-04-20T13:03:14","slug":"pack-basketball-superhoopers","status":"publish","type":"product","link":"https:\/\/www.editorialelpirata.com\/en\/producto\/pack-basketball-superhoopers\/","title":{"rendered":"THE SUPER HOOPERS BOOK SE: 2 books + basketball ball"},"content":{"rendered":"<div class=\"wpb-content-wrapper\"><p>[vc_row][vc_column width=&#8221;5\/6&#8243;][vc_column_text uncode_shortcode_id=&#8221;158770&#8243;]<strong>\u00a1Un fant\u00e1stico estuche para regalar que incluye los dos primeros t\u00edtulos de The Super Hoopers, la colecci\u00f3n de b\u00e1squet en ingl\u00e9s superventas con m\u00e1s de 30\u00a0000 ejemplares vendidos! \u00a1Incluye una minipelota de b\u00e1squet de regalo!<\/strong><\/p>\n<p>Conoce a los Super Hoopers, el equipo de b\u00e1squet m\u00e1s ins\u00f3lito que puedas imaginar. Una colecci\u00f3n en ingl\u00e9s sobre <strong>baloncesto con mucho humor<\/strong>, protagonizada por un grupo de chicos y chicas de nueve a\u00f1os que van al mismo colegio. \u00a1No hace falta ser un experto en baloncesto para disfrutar con las disparatadas aventuras de Joel y sus amigos!<\/p>\n<p>Todas las p\u00e1ginas tienen ilustraciones en color y se incluyen di\u00e1logos en bocadillos de c\u00f3mic. El ritmo de la lectura es trepidante y lleno de humor. Se recomienda para <strong>ni\u00f1os y ni\u00f1as de 8 a 11 a\u00f1os<\/strong>.<\/p>\n<p><strong>Dentro del estuche encontrar\u00e1s:<\/strong><\/p>\n<ol>\n<li><em>The Basketball Tournament of Dreams<\/em><\/li>\n<\/ol>\n<p>Para poder aprobar Educaci\u00f3n F\u00edsica, Joel y Berm\u00fadez crean su propio equipo de baloncesto. El problema es que\u2026 \u00a1se les da fatal! \u00bfQui\u00e9n va a querer unirse a su equipo, si no saben ni jugar?<\/p>\n<ol start=\"2\">\n<li><em>The Mystery of the Golden Kids<\/em><\/li>\n<\/ol>\n<p>Los Super Hoopers se enfrentan a los Golden Kids en un campeonato a partido \u00fanico. Pero tienen un gran problema: no tienen ni idea de qui\u00e9nes son y, si no ganan, \u00a1el equipo desaparecer\u00e1! \u00bfSer\u00e1n capaces de vencer al misterioso equipo y salvarse?<\/p>\n<ol start=\"3\">\n<li>\u00a1Una minipelota de b\u00e1squet de regalo!<\/li>\n<\/ol>\n<p><strong>\u00a0<\/strong><\/p>\n<p><strong>\u00a1Guarda el estuche para coleccionar el resto de los libros de The Super Hoopers!<\/strong>[\/vc_column_text][\/vc_column][vc_column width=&#8221;1\/6&#8243;][vc_single_image media=&#8221;105171&#8243; media_width_percent=&#8221;100&#8243; uncode_shortcode_id=&#8221;117297&#8243;][\/vc_column][\/vc_row][vc_row][vc_column width=&#8221;1\/1&#8243;][vc_column_text uncode_shortcode_id=&#8221;154470&#8243;]Con el apoyo del Departament de Cultura:<\/p>\n<p><a href=\"https:\/\/www.editorialelpirata.com\/wp-content\/uploads\/2024\/11\/Logo-icec.jpg\"><img decoding=\"async\" class=\"alignnone size-medium wp-image-100855\" src=\"https:\/\/www.editorialelpirata.com\/wp-content\/uploads\/2024\/11\/Logo-icec-300x45.jpg\" alt=\"Logo icec complert\" width=\"300\" height=\"45\" title=\"\"><\/a>[\/vc_column_text][\/vc_column][\/vc_row]<\/p>\n<\/div>","protected":false},"excerpt":{"rendered":"<p><strong>\u00a1Un fant\u00e1stico estuche para regalar que incluye los dos primeros t\u00edtulos de The Super Hoopers, la colecci\u00f3n de b\u00e1squet superventas con m\u00e1s de 30 000 ejemplares vendidos! \u00a1Incluye una minipelota de b\u00e1squet de regalo!<\/strong><\/p>\n<p>&nbsp;<\/p>\n<div>Autor: <a href=\"https:\/\/www.editorialelpirata.com\/en\/alberto-casamayor-en-2\/\" target=\"_blank\" rel=\"noopener\">Alberto Casamayor<\/a><br \/>\nIlustradores: <a href=\"https:\/\/www.editorialelpirata.com\/en\/josep-carrasco-kako-en\/\">Palma &amp; Kako<\/a><\/div>\n<div><\/div>\n","protected":false},"featured_media":105172,"template":"","meta":[],"product_brand":[],"product_cat":[1535,2034,1618,1684],"product_tag":[2029,2030,2028],"class_list":{"0":"post-104977","1":"product","2":"type-product","3":"status-publish","4":"has-post-thumbnail","6":"product_cat-7-9-years","7":"product_cat-alberto-casamayor-en","8":"product_cat-new","9":"product_cat-pepe-palma-en","10":"product_tag-basketball-books","11":"product_tag-basketball-books-for-kids-age-8-10","12":"product_tag-books-for-kids-8-to-11-years","14":"first","15":"instock","16":"shipping-taxable","17":"purchasable","18":"product-type-variable","19":"has-default-attributes"},"_links":{"self":[{"href":"https:\/\/www.editorialelpirata.com\/en\/wp-json\/wp\/v2\/product\/104977","targetHints":{"allow":["GET"]}}],"collection":[{"href":"https:\/\/www.editorialelpirata.com\/en\/wp-json\/wp\/v2\/product"}],"about":[{"href":"https:\/\/www.editorialelpirata.com\/en\/wp-json\/wp\/v2\/types\/product"}],"wp:featuredmedia":[{"embeddable":true,"href":"https:\/\/www.editorialelpirata.com\/en\/wp-json\/wp\/v2\/media\/105172"}],"wp:attachment":[{"href":"https:\/\/www.editorialelpirata.com\/en\/wp-json\/wp\/v2\/media?parent=104977"}],"wp:term":[{"taxonomy":"product_brand","embeddable":true,"href":"https:\/\/www.editorialelpirata.com\/en\/wp-json\/wp\/v2\/product_brand?post=104977"},{"taxonomy":"product_cat","embeddable":true,"href":"https:\/\/www.editorialelpirata.com\/en\/wp-json\/wp\/v2\/product_cat?post=104977"},{"taxonomy":"product_tag","embeddable":true,"href":"https:\/\/www.editorialelpirata.com\/en\/wp-json\/wp\/v2\/product_tag?post=104977"}],"curies":[{"name":"wp","href":"https:\/\/api.w.org\/{rel}","templated":true}]}}