{"id":104726,"date":"2025-10-08T09:00:18","date_gmt":"2025-10-08T09:00:18","guid":{"rendered":"https:\/\/www.editorialelpirata.com\/?post_type=product&#038;p=104726"},"modified":"2026-03-30T11:37:44","modified_gmt":"2026-03-30T11:37:44","slug":"basketball-superhoopers-warrior","status":"publish","type":"product","link":"https:\/\/www.editorialelpirata.com\/en\/producto\/basketball-superhoopers-warrior\/","title":{"rendered":"The Super Hoopers 4 &#8211; THE TRAIL OF THE WARRIOR"},"content":{"rendered":"<div class=\"wpb-content-wrapper\"><p>[vc_row][vc_column width=&#8221;1\/1&#8243;][vc_column_text uncode_shortcode_id=&#8221;158607&#8243;]<strong>\u00a1Nunca el baloncesto hab\u00eda sido tan divertido!<\/strong> Conoce a los Super Hoopers, el equipo de b\u00e1squet m\u00e1s ins\u00f3lito que puedas imaginar: aunque los Super Hoopers est\u00e1n muy lejos de ser el mejor equipo, su amistad y humor inunda sus novelas.<\/p>\n<p>En\u00a0<em>The Trail of the Warrior<\/em>, los Super Hoopers viajan a la jungla para resolver un conflicto entre dos escuelas de karate. Ganar un partido contra unos karatecas que apenas han jugado a baloncesto en su vida parece f\u00e1cil, pero \u00bfqu\u00e9 pinta en todo esto la antigua leyenda del sendero del guerrero? \u00bfY d\u00f3nde se ha metido Sandy?<\/p>\n<p><strong><em>The Super Hoopers<\/em><\/strong> es una colecci\u00f3n <strong>en ingl\u00e9s<\/strong> sobre <strong>baloncesto con mucho humor<\/strong>, protagonizada por un grupo de chicos y chicas de nueve a\u00f1os que van al mismo colegio. \u00a1No hace falta ser un experto en baloncesto para disfrutar con las disparatadas aventuras de Joel y sus amigos!<\/p>\n<p>Todas las p\u00e1ginas tienen ilustraciones en color y se incluyen di\u00e1logos en bocadillos de c\u00f3mic. El ritmo de la lectura es trepidante y lleno de humor. <strong>Se recomienda para ni\u00f1os y ni\u00f1as de 8 a 11 a\u00f1os.<\/strong><\/p>\n<p><strong>\u00a0<\/strong><\/p>\n<p><strong>Los t\u00edtulos de la colecci\u00f3n:<\/strong><\/p>\n<ol>\n<li><a href=\"https:\/\/www.editorialelpirata.com\/en\/producto\/the-super-hoopers-basketball-tournament-of-dreams\/\" target=\"_blank\" rel=\"noopener\"><em>The Basketball Tournament of Dreams<\/em><\/a><\/li>\n<li><a href=\"https:\/\/www.editorialelpirata.com\/en\/producto\/super-hoopers-mystery-golden-kids\/\" target=\"_blank\" rel=\"noopener\"><em>The Mystery of the Golden Kids<\/em><\/a><\/li>\n<li><a href=\"https:\/\/www.editorialelpirata.com\/en\/producto\/superhoopers-prophecy-scorpion\/\" target=\"_blank\" rel=\"noopener\"><em>The Prophecy of the Scorpion<\/em><\/a><\/li>\n<li><em>The Trail of the Warrior<\/em><\/li>\n<\/ol>\n<p>Otras colecciones de humor y aventuras de Editorial el Pirata en ingl\u00e9s:<\/p>\n<ul>\n<li>The Super Goals (+8 a\u00f1os)<\/li>\n<li><a href=\"https:\/\/www.editorialelpirata.com\/en\/time-explorers\/\" target=\"_blank\" rel=\"noopener\">The Time Explorers (+10 a\u00f1os)<\/a><\/li>\n<\/ul>\n<p>[\/vc_column_text][vc_row_inner][vc_column_inner width=&#8221;2\/3&#8243;][vc_column_text uncode_shortcode_id=&#8221;630675&#8243;]<\/p>\n<h2 style=\"text-align: center;\">You don&#8217;t need to be a basketball expert to have the time of your life with Joel and his awesome group of friends!<\/h2>\n<p><em>The Super Hoopers<\/em> is a series about <strong>basketball with lots of humor<\/strong>, starring a group of nine-year-old boys and girls who go to the same school.<\/p>\n<p>All pages feature colorful illustrations and include dialogue in comic-style speech bubbles. The story is fast-paced and full of humor. It is basketball book <strong>recommended for children aged 8 to 11<\/strong>.[\/vc_column_text][\/vc_column_inner][vc_column_inner width=&#8221;1\/3&#8243;][vc_single_image media=&#8221;103098&#8243; media_width_percent=&#8221;100&#8243; uncode_shortcode_id=&#8221;171949&#8243;][\/vc_column_inner][\/vc_row_inner][\/vc_column][\/vc_row][vc_row row_height_percent=&#8221;0&#8243; overlay_alpha=&#8221;50&#8243; gutter_size=&#8221;3&#8243; column_width_percent=&#8221;100&#8243; shift_y=&#8221;0&#8243; z_index=&#8221;0&#8243; medium_visibility=&#8221;yes&#8221; mobile_visibility=&#8221;yes&#8221; content_parallax=&#8221;0&#8243; uncode_shortcode_id=&#8221;195878&#8243;][vc_column column_width_percent=&#8221;100&#8243; align_horizontal=&#8221;align_center&#8221; gutter_size=&#8221;3&#8243; overlay_alpha=&#8221;50&#8243; shift_x=&#8221;0&#8243; shift_y=&#8221;0&#8243; shift_y_down=&#8221;0&#8243; z_index=&#8221;0&#8243; medium_width=&#8221;0&#8243; mobile_width=&#8221;0&#8243; width=&#8221;1\/1&#8243; uncode_shortcode_id=&#8221;488141&#8243;][vc_raw_html]JTNDaWZyYW1lJTIwd2lkdGglM0QlMjI2MjBweCUyMiUyMGhlaWdodCUzRCUyMjQwMHB4JTIyJTIwc3JjJTNEJTIyaHR0cHMlM0ElMkYlMkZ3d3cueXVtcHUuY29tJTJGZW4lMkZlbWJlZCUyRnZpZXclMkZsSm45T1VLRUNoZkZnQjJZJTIyJTIwZnJhbWVib3JkZXIlM0QlMjIwJTIyJTIwYWxsb3dmdWxsc2NyZWVuJTNEJTIydHJ1ZSUyMiUyMGFsbG93dHJhbnNwYXJlbmN5JTNEJTIydHJ1ZSUyMiUzRSUzQyUyRmlmcmFtZSUzRSUyMCUyMCUyMCUyMCUyMCUyMCUyMCUyMCUyMCUyMCUyMCUyMCUyMCUyMCUyMCUyMCUyMCUyMCUyMCUyMCUyMCUyMCUyMCUyMCUyMCUyMCUyMCUyMCUyMCUyMCUyMCUyMCUyMCUyMCUyMCUyMCUyMCUyMCUyMCUyMCUyMCUyMCUyMCUyMCUyMCUyMCUyMCUyMCUyMCUyMCUyMCUyMCUyMCUyMCUyMCUyMCUyMCUyMCUyMCUyMCUyMCUyMCUyMCUyMCUyMCUyMCUyMCUyMCUyMCUyMCUyMCUyMCUyMCUyMCUyMCUyMCUyMCUyMCUyMCUyMCUyMCUyMCUyMCUyMCUyMCUyMCUyMCUyMCUyMCUyMCUyMCUyMCUyMCUyMCUyMCUyMCUyMCUyMCUyMCUyMCUyMCUyMCUyMCUyMCUyMCUyMCUyMCUyMCUyMCUyMCUyMCUyMCUyMCUyMCUyMCUyMCUyMCUyMCUyMCUyMA==[\/vc_raw_html][\/vc_column][\/vc_row][vc_row row_height_percent=&#8221;0&#8243; overlay_alpha=&#8221;50&#8243; gutter_size=&#8221;3&#8243; column_width_percent=&#8221;100&#8243; shift_y=&#8221;0&#8243; z_index=&#8221;0&#8243; desktop_visibility=&#8221;yes&#8221; content_parallax=&#8221;0&#8243; uncode_shortcode_id=&#8221;158895&#8243;][vc_column column_width_percent=&#8221;100&#8243; align_horizontal=&#8221;align_center&#8221; gutter_size=&#8221;3&#8243; overlay_alpha=&#8221;50&#8243; shift_x=&#8221;0&#8243; shift_y=&#8221;0&#8243; shift_y_down=&#8221;0&#8243; z_index=&#8221;0&#8243; medium_width=&#8221;0&#8243; mobile_width=&#8221;0&#8243; width=&#8221;1\/1&#8243; uncode_shortcode_id=&#8221;488141&#8243;][vc_raw_html]JTNDaWZyYW1lJTIwd2lkdGglM0QlMjIzMDBweCUyMiUyMGhlaWdodCUzRCUyMjE1MHB4JTIyJTIwc3JjJTNEJTIyaHR0cHMlM0ElMkYlMkZ3d3cueXVtcHUuY29tJTJGZW4lMkZlbWJlZCUyRnZpZXclMkZsSm45T1VLRUNoZkZnQjJZJTIyJTIwZnJhbWVib3JkZXIlM0QlMjIwJTIyJTIwYWxsb3dmdWxsc2NyZWVuJTNEJTIydHJ1ZSUyMiUyMGFsbG93dHJhbnNwYXJlbmN5JTNEJTIydHJ1ZSUyMiUzRSUzQyUyRmlmcmFtZSUzRSUyMCUyMCUyMCUyMCUyMCUyMCUyMCUyMCUyMCUyMCUyMCUyMCUyMCUyMCUyMCUyMCUyMCUyMCUyMCUyMCUyMCUyMCUyMCUyMCUyMCUyMCUyMCUyMCUyMCUyMCUyMCUyMCUyMCUyMCUyMCUyMCUyMCUyMCUyMCUyMCUyMCUyMCUyMCUyMCUyMCUyMCUyMCUyMCUyMCUyMCUyMCUyMCUyMCUyMCUyMCUyMCUyMCUyMCUyMCUyMCUyMCUyMCUyMCUyMCUyMCUyMCUyMCUyMCUyMCUyMCUyMCUyMCUyMCUyMCUyMCUyMCUyMCUyMCUyMCUyMCUyMCUyMCUyMCUyMCUyMCUyMCUyMCUyMCUyMCUyMCUyMCUyMCUyMCUyMCUyMCUyMCUyMCUyMCUyMCUyMCUyMCUyMCUyMCUyMCUyMCUyMCUyMCUyMCUyMCUyMCUyMCUyMCUyMCUyMCUyMCUyMCUyMCUyMCUyMCUyMCUyMCUyMCUyMCUyMCUyMCUyMCUyMCUyMCUyMCUyMCUyMCUyMCUyMCUyMCUyMCUyMCUyMCUyMA==[\/vc_raw_html][\/vc_column][\/vc_row][vc_row][vc_column width=&#8221;1\/1&#8243;][vc_column_text uncode_shortcode_id=&#8221;124114&#8243;]<\/p>\n<h3>Reviews:<\/h3>\n<blockquote><p>&#8220;The Super Hoopers works really well! It&#8217;s a book with a lot of humor, it&#8217;s fresh and direct. The dialogues and characters are natural, and children will see themselves reflected in them.&#8221; \u2014<strong>Merc\u00e8 Company<\/strong>, children&#8217;s and young adult book writer.<\/p>\n<p>&#8220;A hilarious book, perfect as a gift for a 9-year-old basketball fan. He loves playing basketball, so he was hooked right away.&#8221; \u2014<strong>Amazon Customer.<\/strong><\/p><\/blockquote>\n<p>[\/vc_column_text][\/vc_column][\/vc_row][vc_row][vc_column width=&#8221;1\/1&#8243;][vc_column_text uncode_shortcode_id=&#8221;274609&#8243;]Con els soporte de:<\/p>\n<p><a href=\"https:\/\/www.editorialelpirata.com\/wp-content\/uploads\/2024\/11\/Logo-icec.jpg\"><img decoding=\"async\" class=\"alignnone size-medium wp-image-100855\" src=\"https:\/\/www.editorialelpirata.com\/wp-content\/uploads\/2024\/11\/Logo-icec-300x45.jpg\" alt=\"Logo icec complert\" width=\"300\" height=\"45\" title=\"\"><\/a>[\/vc_column_text][\/vc_column][\/vc_row]<\/p>\n<\/div>","protected":false},"excerpt":{"rendered":"<h2>Basketball has never been so much fun!<\/h2>\n<p>Meet the Super Hoopers, the most unusual basketball team you can imagine. Although the Super Hoopers are far from being the best team, their friendship and <strong>fun-filled adventures<\/strong> fill their novels.<\/p>\n<p>&nbsp;<\/p>\n<div>Author:<a href=\"https:\/\/www.editorialelpirata.com\/en\/alberto-casamayor-en-2\/\" target=\"_blank\" rel=\"noopener\"> Alberto Casamayor<\/a><br \/>\nIllustrators: <a href=\"https:\/\/www.editorialelpirata.com\/en\/josep-carrasco-kako-en\/\" target=\"_blank\" rel=\"noopener\">Palma &amp; Kako<\/a><\/div>\n","protected":false},"featured_media":104748,"template":"","meta":[],"product_brand":[],"product_cat":[1535,1618,1682,1684,2034],"product_tag":[2028,2029,2030],"class_list":{"0":"post-104726","1":"product","2":"type-product","3":"status-publish","4":"has-post-thumbnail","6":"product_cat-7-9-years","7":"product_cat-new","8":"product_cat-josep-carrasco-kako-en","9":"product_cat-pepe-palma-en","10":"product_cat-alberto-casamayor-en","11":"product_tag-books-for-kids-8-to-11-years","12":"product_tag-basketball-books","13":"product_tag-basketball-books-for-kids-age-8-10","15":"first","16":"instock","17":"shipping-taxable","18":"purchasable","19":"product-type-variable","20":"has-default-attributes"},"_links":{"self":[{"href":"https:\/\/www.editorialelpirata.com\/en\/wp-json\/wp\/v2\/product\/104726","targetHints":{"allow":["GET"]}}],"collection":[{"href":"https:\/\/www.editorialelpirata.com\/en\/wp-json\/wp\/v2\/product"}],"about":[{"href":"https:\/\/www.editorialelpirata.com\/en\/wp-json\/wp\/v2\/types\/product"}],"wp:featuredmedia":[{"embeddable":true,"href":"https:\/\/www.editorialelpirata.com\/en\/wp-json\/wp\/v2\/media\/104748"}],"wp:attachment":[{"href":"https:\/\/www.editorialelpirata.com\/en\/wp-json\/wp\/v2\/media?parent=104726"}],"wp:term":[{"taxonomy":"product_brand","embeddable":true,"href":"https:\/\/www.editorialelpirata.com\/en\/wp-json\/wp\/v2\/product_brand?post=104726"},{"taxonomy":"product_cat","embeddable":true,"href":"https:\/\/www.editorialelpirata.com\/en\/wp-json\/wp\/v2\/product_cat?post=104726"},{"taxonomy":"product_tag","embeddable":true,"href":"https:\/\/www.editorialelpirata.com\/en\/wp-json\/wp\/v2\/product_tag?post=104726"}],"curies":[{"name":"wp","href":"https:\/\/api.w.org\/{rel}","templated":true}]}}