{"id":104284,"date":"2025-10-15T09:00:26","date_gmt":"2025-10-15T09:00:26","guid":{"rendered":"https:\/\/www.editorialelpirata.com\/?post_type=product&#038;p=104284"},"modified":"2026-03-30T13:45:27","modified_gmt":"2026-03-30T13:45:27","slug":"football-supergoals-dream","status":"publish","type":"product","link":"https:\/\/www.editorialelpirata.com\/en\/producto\/football-supergoals-dream\/","title":{"rendered":"The Super Goals 02 &#8211; THE DREAM CUP"},"content":{"rendered":"<div class=\"wpb-content-wrapper\"><p>[vc_row][vc_column width=&#8221;1\/1&#8243;][vc_column_text uncode_shortcode_id=&#8221;224710&#8243;]<strong>\u00a1F\u00fatbol, risas y un equipo que lo rompe! <\/strong><\/p>\n<p>Conoce a <strong>The<\/strong> <strong>Super Goals <\/strong>, el equipo de f\u00fatbol m\u00e1s ins\u00f3lito que puedas imaginar. Una colecci\u00f3n <strong>en ingl\u00e9s<\/strong> llena de humor, amistad y pasi\u00f3n por el f\u00fatbol, que nos ense\u00f1a que, con perseverancia y ganas de luchar, \u00a1siempre se puede marcar el gol de la victoria!<\/p>\n<p>En <em>The Dream Cup<\/em>, los Super Goals participan en un torneo que promete solucionar el mayor problema de Alex. Pero ha aparecido un nuevo equipo en el barrio y\u2026 \u00a1est\u00e1 formado por los mejores jugadores de la ciudad! <strong>\u00bfSer\u00e1n capaces de ganar el torneo y ayudar a Alex?<\/strong><\/p>\n<p>Todas las p\u00e1ginas est\u00e1n ilustradas en color y los di\u00e1logos aparecen en bocadillos de c\u00f3mic. El ritmo de lectura es trepidante y lleno de humor. <strong>Recomendado para ni\u00f1os y ni\u00f1as de 8 a 11 a\u00f1os.<\/strong><\/p>\n<p><strong>\u00a0<\/strong><\/p>\n<p><strong>Otros t\u00edtulos de la colecci\u00f3n Super Goals:<\/strong><\/p>\n<ol>\n<li><a href=\"https:\/\/www.editorialelpirata.com\/en\/producto\/football-supergoals-game\/\" target=\"_blank\" rel=\"noopener\"><em>We\u2019re Going to Win This Game<\/em><\/a><\/li>\n<\/ol>\n<p>Descubre otras colecciones de Editorial el Pirata en ingl\u00e9s:<\/p>\n<ul>\n<li><a href=\"https:\/\/www.editorialelpirata.com\/en\/time-explorers\/\" target=\"_blank\" rel=\"noopener\">The Time Explorers (+10 a\u00f1os)<\/a><\/li>\n<li><a href=\"https:\/\/www.editorialelpirata.com\/en\/super-hoopers-basketball\/\" target=\"_blank\" rel=\"noopener\">The Super Hoopers (+8 a\u00f1os)<\/a><\/li>\n<\/ul>\n<p>[\/vc_column_text][\/vc_column][\/vc_row][vc_row][vc_column column_width_percent=&#8221;100&#8243; align_horizontal=&#8221;align_center&#8221; gutter_size=&#8221;3&#8243; overlay_alpha=&#8221;50&#8243; shift_x=&#8221;0&#8243; shift_y=&#8221;0&#8243; shift_y_down=&#8221;0&#8243; z_index=&#8221;0&#8243; medium_width=&#8221;0&#8243; mobile_width=&#8221;0&#8243; width=&#8221;1\/1&#8243; uncode_shortcode_id=&#8221;809085&#8243;][vc_raw_html]JTNDaWZyYW1lJTIwd2lkdGglM0QlMjI2MjBweCUyMiUyMGhlaWdodCUzRCUyMjQwMHB4JTIyJTIwc3JjJTNEJTIyaHR0cHMlM0ElMkYlMkZ3d3cueXVtcHUuY29tJTJGZW4lMkZlbWJlZCUyRnZpZXclMkZsY3VLc1V3WXJHUkNXQkozJTIyJTIwZnJhbWVib3JkZXIlM0QlMjIwJTIyJTIwYWxsb3dmdWxsc2NyZWVuJTNEJTIydHJ1ZSUyMiUyMGFsbG93dHJhbnNwYXJlbmN5JTNEJTIydHJ1ZSUyMiUzRSUzQyUyRmlmcmFtZSUzRSUyMCUyMCUyMCUyMCUyMCUyMCUyMCUyMCUyMCUyMCUyMCUyMCUyMCUyMCUyMCUyMCUyMCUyMCUyMCUyMCUyMCUyMCUyMCUyMCUyMCUyMCUyMCUyMCUyMCUyMCUyMCUyMCUyMCUyMCUyMCUyMCUyMCUyMCUyMCUyMCUyMCUyMCUyMCUyMCUyMCUyMCUyMCUyMCUyMCUyMCUyMCUyMCUyMCUyMCUyMCUyMCUyMCUyMCUyMCUyMCUyMCUyMCUyMCUyMCUyMCUyMCUyMCUyMCUyMCUyMCUyMCUyMCUyMCUyMCUyMCUyMCUyMCUyMCUyMCUyMCUyMCUyMCUyMCUyMA==[\/vc_raw_html][\/vc_column][\/vc_row]<\/p>\n<\/div>","protected":false},"excerpt":{"rendered":"<h2>Nueva colecci\u00f3n: \u00a1\u00fanete al equipo m\u00e1s ins\u00f3lito del barrio!<\/h2>\n<p>En <em>The Dream Cup<\/em>, los Super Goals participan en un torneo que promete solucionar el mayor problema de Alex.<\/p>\n<p>&nbsp;<\/p>\n<div>Author:<a href=\"https:\/\/www.editorialelpirata.com\/en\/alberto-casamayor-en-2\/\" target=\"_blank\" rel=\"noopener\"> Alberto Casamayor<\/a><br \/>\nIllustrators: <a href=\"https:\/\/www.editorialelpirata.com\/en\/josep-carrasco-kako-en\/\" target=\"_blank\" rel=\"noopener\">Palma &amp; Kako<\/a><\/div>\n","protected":false},"featured_media":104291,"template":"","meta":[],"product_brand":[],"product_cat":[1535,1618,1682,1684,2034],"product_tag":[3742,3753,3743,3754,3744,3755,3745,3756,3746,3757,3747,3758,3748,3749,3750,3751,3752],"class_list":{"0":"post-104284","1":"product","2":"type-product","3":"status-publish","4":"has-post-thumbnail","6":"product_cat-7-9-years","7":"product_cat-new","8":"product_cat-josep-carrasco-kako-en","9":"product_cat-pepe-palma-en","10":"product_cat-alberto-casamayor-en","11":"product_tag-football-books-for-kids","12":"product_tag-futbol","13":"product_tag-football-books-for-kids-age-8-10","14":"product_tag-libros-de-futbol","15":"product_tag-football-books-kids-english","16":"product_tag-libros-humor","17":"product_tag-football-books-for-kids-8-12","18":"product_tag-libros-humor-ninos","19":"product_tag-futbol-para-ninos","20":"product_tag-libros-infantiles-8-anos","21":"product_tag-football","22":"product_tag-libros-9-anos","23":"product_tag-football-book-for-kids","24":"product_tag-soccer","25":"product_tag-soccer-book-for-kids","26":"product_tag-libro-deportes","27":"product_tag-futbol-9-anos-libro","29":"first","30":"instock","31":"shipping-taxable","32":"purchasable","33":"product-type-variable","34":"has-default-attributes"},"_links":{"self":[{"href":"https:\/\/www.editorialelpirata.com\/en\/wp-json\/wp\/v2\/product\/104284","targetHints":{"allow":["GET"]}}],"collection":[{"href":"https:\/\/www.editorialelpirata.com\/en\/wp-json\/wp\/v2\/product"}],"about":[{"href":"https:\/\/www.editorialelpirata.com\/en\/wp-json\/wp\/v2\/types\/product"}],"wp:featuredmedia":[{"embeddable":true,"href":"https:\/\/www.editorialelpirata.com\/en\/wp-json\/wp\/v2\/media\/104291"}],"wp:attachment":[{"href":"https:\/\/www.editorialelpirata.com\/en\/wp-json\/wp\/v2\/media?parent=104284"}],"wp:term":[{"taxonomy":"product_brand","embeddable":true,"href":"https:\/\/www.editorialelpirata.com\/en\/wp-json\/wp\/v2\/product_brand?post=104284"},{"taxonomy":"product_cat","embeddable":true,"href":"https:\/\/www.editorialelpirata.com\/en\/wp-json\/wp\/v2\/product_cat?post=104284"},{"taxonomy":"product_tag","embeddable":true,"href":"https:\/\/www.editorialelpirata.com\/en\/wp-json\/wp\/v2\/product_tag?post=104284"}],"curies":[{"name":"wp","href":"https:\/\/api.w.org\/{rel}","templated":true}]}}