{"id":104275,"date":"2025-10-22T09:00:38","date_gmt":"2025-10-22T09:00:38","guid":{"rendered":"https:\/\/www.editorialelpirata.com\/?post_type=product&#038;p=104275"},"modified":"2026-04-20T13:03:14","modified_gmt":"2026-04-20T13:03:14","slug":"minibooks-first-words","status":"publish","type":"product","link":"https:\/\/www.editorialelpirata.com\/en\/producto\/minibooks-first-words\/","title":{"rendered":"MINIBOOKS &#8211; MY FIRST WORDS"},"content":{"rendered":"<div class=\"wpb-content-wrapper\"><p>[vc_row][vc_column][vc_column_text uncode_shortcode_id=&#8221;737415&#8243;]<strong>\u00a1Aprende las primeras palabras en espa\u00f1ol e ingl\u00e9s con este lote de 6 fant\u00e1sticos minilibros biling\u00fces!<\/strong><\/p>\n<p>Descubre las palabras del d\u00eda a d\u00eda con estos minilibros recomendados a partir de 1 a\u00f1o. Son perfectos para manos peque\u00f1as. \u00a1El texto est\u00e1 escrito en letra MAY\u00daSCULA y la caja incluye un puzle!<\/p>\n<p>Los seis minilibros, hechos de cart\u00f3n grueso, se pueden apilar y usar como un juego de construcciones. Las esquinas son redondeadas, para una mayor seguridad, y cada libro permite aprender palabras de una tem\u00e1tica distinta: los colores, los n\u00fameros, los animales, las rutinas, la comida y los oficios.<\/p>\n<p>Es un lote muy completo y se puede utilizar durante muchos a\u00f1os:<\/p>\n<ul>\n<li><strong>A partir de 1 a\u00f1o,<\/strong> los ni\u00f1os juegan con los libros como si fueran piezas de construcci\u00f3n (lo que desarrolla su motricidad), juegan a guardar los cuentos en su hueco correspondiente y empiezan a conocer las primeras palabras.<\/li>\n<li><strong>A partir de 2 a\u00f1os<\/strong> perfeccionan el aprendizaje de las palabras en su idioma materno, hacen construcciones m\u00e1s elaboradas y empiezan a aprender palabras en una segunda lengua (ingl\u00e9s si el ni\u00f1o es hispanoparlante o castellano si es angloparlante).<\/li>\n<li><strong>A partir de 3 a\u00f1os<\/strong> perfeccionan las palabras en el idioma que no les es propio y pueden formar el puzle.<\/li>\n<li><strong>A partir de 4 a\u00f1os<\/strong> ya pueden usar el texto en may\u00fascula para empezar a leer en los dos idiomas.<\/li>\n<\/ul>\n<p>Descubre otros cuentos de Editorial el Pirata:<\/p>\n<ul>\n<li><a href=\"https:\/\/www.editorialelpirata.com\/en\/producto\/my-first-baby-books-pack\/\" target=\"_blank\" rel=\"noopener\"><em>My First Baby Books \u2013 Three interactive books for little ones<\/em><\/a><\/li>\n<li><a href=\"https:\/\/www.editorialelpirata.com\/en\/books-babies-handle\/\" target=\"_blank\" rel=\"noopener\"><em>Bit by Bit I Learn More and I Grow Big \u2013 Books for babies<\/em><\/a><\/li>\n<\/ul>\n<p>[\/vc_column_text][\/vc_column][\/vc_row][vc_row][vc_column width=&#8221;1\/2&#8243;][vc_single_image media=&#8221;105130&#8243; media_width_percent=&#8221;100&#8243; uncode_shortcode_id=&#8221;439501&#8243;][\/vc_column][vc_column width=&#8221;1\/2&#8243;][vc_single_image media=&#8221;104376&#8243; media_width_percent=&#8221;100&#8243; uncode_shortcode_id=&#8221;657203&#8243;][\/vc_column][\/vc_row][vc_row][vc_column width=&#8221;1\/1&#8243;][vc_column_text uncode_shortcode_id=&#8221;151016&#8243;]<\/p>\n<hr \/>\n<div>\n<div>Con el apoyo del Departament de Cultura.<\/div>\n<\/div>\n<div><a href=\"https:\/\/www.editorialelpirata.com\/wp-content\/uploads\/2024\/11\/Logo-icec.jpg\"><img decoding=\"async\" class=\"alignnone size-medium wp-image-100853\" src=\"https:\/\/www.editorialelpirata.com\/wp-content\/uploads\/2024\/11\/Logo-icec-300x45.jpg\" alt=\"Logo icec complert\" width=\"300\" height=\"45\" title=\"\" srcset=\"https:\/\/www.editorialelpirata.com\/wp-content\/uploads\/2024\/11\/Logo-icec-300x45.jpg 300w, https:\/\/www.editorialelpirata.com\/wp-content\/uploads\/2024\/11\/Logo-icec-1024x155.jpg 1024w, https:\/\/www.editorialelpirata.com\/wp-content\/uploads\/2024\/11\/Logo-icec-768x116.jpg 768w, https:\/\/www.editorialelpirata.com\/wp-content\/uploads\/2024\/11\/Logo-icec-350x53.jpg 350w, https:\/\/www.editorialelpirata.com\/wp-content\/uploads\/2024\/11\/Logo-icec-64x10.jpg 64w, https:\/\/www.editorialelpirata.com\/wp-content\/uploads\/2024\/11\/Logo-icec.jpg 1252w\" sizes=\"(max-width: 300px) 100vw, 300px\" \/><\/a><\/div>\n<p>[\/vc_column_text][\/vc_column][\/vc_row]<\/p>\n<\/div>","protected":false},"excerpt":{"rendered":"<p><strong>\u00a1Aprende las primeras palabras en castellano e ingl\u00e9s con este lote de 6 fant\u00e1sticos minibooks biling\u00fces!<\/strong><\/p>\n<p>Descubre las palabras del d\u00eda a d\u00eda con estos minibooks recomendados a partir de 1 a\u00f1o.<\/p>\n","protected":false},"featured_media":105128,"template":"","meta":[],"product_brand":[],"product_cat":[1618,1656,3694,3129,1617],"product_tag":[3681,2071,3696,2078,3679,3680],"class_list":{"0":"post-104275","1":"product","2":"type-product","3":"status-publish","4":"has-post-thumbnail","6":"product_cat-new","7":"product_cat-libros-para-jugar-en","8":"product_cat-pam-lopez-en","9":"product_cat-tots-els-llibres-en","10":"product_cat-boardbook-babies","11":"product_tag-puzzles-en","12":"product_tag-baby-books-en","13":"product_tag-bilingual-books","14":"product_tag-aprender-jugando-en","15":"product_tag-books-for-babies","16":"product_tag-minibooks","17":"product_shipping_class-envio-estandar-en","19":"first","20":"instock","21":"shipping-taxable","22":"purchasable","23":"product-type-variable","24":"has-default-attributes"},"_links":{"self":[{"href":"https:\/\/www.editorialelpirata.com\/en\/wp-json\/wp\/v2\/product\/104275","targetHints":{"allow":["GET"]}}],"collection":[{"href":"https:\/\/www.editorialelpirata.com\/en\/wp-json\/wp\/v2\/product"}],"about":[{"href":"https:\/\/www.editorialelpirata.com\/en\/wp-json\/wp\/v2\/types\/product"}],"wp:featuredmedia":[{"embeddable":true,"href":"https:\/\/www.editorialelpirata.com\/en\/wp-json\/wp\/v2\/media\/105128"}],"wp:attachment":[{"href":"https:\/\/www.editorialelpirata.com\/en\/wp-json\/wp\/v2\/media?parent=104275"}],"wp:term":[{"taxonomy":"product_brand","embeddable":true,"href":"https:\/\/www.editorialelpirata.com\/en\/wp-json\/wp\/v2\/product_brand?post=104275"},{"taxonomy":"product_cat","embeddable":true,"href":"https:\/\/www.editorialelpirata.com\/en\/wp-json\/wp\/v2\/product_cat?post=104275"},{"taxonomy":"product_tag","embeddable":true,"href":"https:\/\/www.editorialelpirata.com\/en\/wp-json\/wp\/v2\/product_tag?post=104275"}],"curies":[{"name":"wp","href":"https:\/\/api.w.org\/{rel}","templated":true}]}}