{"id":104207,"date":"2025-10-15T09:00:13","date_gmt":"2025-10-15T09:00:13","guid":{"rendered":"https:\/\/www.editorialelpirata.com\/?post_type=product&#038;p=104207"},"modified":"2026-03-30T13:45:27","modified_gmt":"2026-03-30T13:45:27","slug":"football-supergoals-game","status":"publish","type":"product","link":"https:\/\/www.editorialelpirata.com\/en\/producto\/football-supergoals-game\/","title":{"rendered":"The Super Goals 01 &#8211; WE&#8217;RE GOING TO WIN THIS GAME"},"content":{"rendered":"<div class=\"wpb-content-wrapper\"><p>[vc_row][vc_column width=&#8221;1\/1&#8243;][vc_column_text uncode_shortcode_id=&#8221;170659&#8243;]<\/p>\n<h1><strong>\u00a1F\u00fatbol, risas y un equipo que lo rompe! <\/strong><\/h1>\n<p>Conoce a los <strong>The<\/strong> <strong>Super Goals<\/strong>, el equipo de f\u00fatbol m\u00e1s ins\u00f3lito que puedas imaginar. Una colecci\u00f3n <strong>en ingl\u00e9s<\/strong> llena de humor, amistad y pasi\u00f3n por el f\u00fatbol, que nos ense\u00f1a que, con perseverancia y ganas de luchar, \u00a1siempre se puede marcar el gol de la victoria!<\/p>\n<p>En <em>We\u2019re Going to Win This Game<\/em> conoceremos a Alex, una apasionada del f\u00fatbol, que <strong>sue\u00f1a con formar parte de The Super Goals<\/strong>. Pero la nueva entrenadora no se lo va a poner nada f\u00e1cil. \u00bfPor qu\u00e9 le tiene tanta man\u00eda? \u00bfSer\u00e1 porque no duerme? Y a todo esto\u2026 \u00bfQu\u00e9 pinta el sapo de su abuela en mitad de esta historia?<\/p>\n<p>Todas las p\u00e1ginas est\u00e1n ilustradas en color y los di\u00e1logos aparecen en bocadillos de c\u00f3mic. El ritmo de lectura es trepidante y lleno de humor. <strong>Recomendado para ni\u00f1os y ni\u00f1as de 8 a 11 a\u00f1os.<\/strong><\/p>\n<p><strong>Otros t\u00edtulos de la colecci\u00f3n The Super Goals:<\/strong><\/p>\n<p><em>2. <a href=\"https:\/\/www.editorialelpirata.com\/en\/producto\/football-supergoals-dream\/\" target=\"_blank\" rel=\"noopener\">The Dream Cup<\/a><\/em><\/p>\n<p>Descubre otras colecciones de Editorial el Pirata en ingl\u00e9s:<\/p>\n<ul>\n<li><a href=\"https:\/\/www.editorialelpirata.com\/en\/time-explorers\/\" target=\"_blank\" rel=\"noopener\">The Time Explorers (+10 a\u00f1os)<\/a><\/li>\n<li><a href=\"https:\/\/www.editorialelpirata.com\/en\/super-hoopers-basketball\/\" target=\"_blank\" rel=\"noopener\">The Super Hoopers (+8 a\u00f1os)<\/a><\/li>\n<\/ul>\n<p>[\/vc_column_text][\/vc_column][\/vc_row][vc_row][vc_column column_width_percent=&#8221;100&#8243; align_horizontal=&#8221;align_center&#8221; gutter_size=&#8221;3&#8243; overlay_alpha=&#8221;50&#8243; shift_x=&#8221;0&#8243; shift_y=&#8221;0&#8243; shift_y_down=&#8221;0&#8243; z_index=&#8221;0&#8243; medium_width=&#8221;0&#8243; mobile_width=&#8221;0&#8243; width=&#8221;1\/1&#8243; uncode_shortcode_id=&#8221;809085&#8243;][vc_raw_html]JTNDaWZyYW1lJTIwd2lkdGglM0QlMjI2MjBweCUyMiUyMGhlaWdodCUzRCUyMjQwMHB4JTIyJTIwc3JjJTNEJTIyaHR0cHMlM0ElMkYlMkZ3d3cueXVtcHUuY29tJTJGZW4lMkZlbWJlZCUyRnZpZXclMkYwQ1NrR0RVSHRvbXdoTld2JTIyJTIwZnJhbWVib3JkZXIlM0QlMjIwJTIyJTIwYWxsb3dmdWxsc2NyZWVuJTNEJTIydHJ1ZSUyMiUyMGFsbG93dHJhbnNwYXJlbmN5JTNEJTIydHJ1ZSUyMiUzRSUzQyUyRmlmcmFtZSUzRSUyMCUyMCUyMCUyMCUyMCUyMCUyMCUyMCUyMCUyMCUyMCUyMCUyMCUyMCUyMCUyMCUyMCUyMCUyMCUyMCUyMCUyMCUyMCUyMCUyMCUyMCUyMCUyMCUyMCUyMCUyMCUyMCUyMCUyMCUyMCUyMCUyMCUyMCUyMCUyMCUyMCUyMCUyMCUyMCUyMCUyMCUyMCUyMCUyMCUyMCUyMCUyMCUyMCUyMCUyMCUyMCUyMCUyMCUyMCUyMCUyMCUyMCUyMCUyMCUyMCUyMCUyMCUyMCUyMCUyMCUyMCUyMCUyMCUyMCUyMCUyMCUyMCUyMCUyMCUyMCUyMCUyMCUyMA==[\/vc_raw_html][\/vc_column][\/vc_row][vc_row][vc_column width=&#8221;1\/1&#8243;][vc_column_text uncode_shortcode_id=&#8221;114204&#8243;]Con el apoyo del Departament de Cultura:<\/p>\n<p><a href=\"https:\/\/www.editorialelpirata.com\/wp-content\/uploads\/2024\/11\/Logo-icec.jpg\"><img decoding=\"async\" class=\"alignnone size-medium wp-image-100855\" src=\"https:\/\/www.editorialelpirata.com\/wp-content\/uploads\/2024\/11\/Logo-icec-300x45.jpg\" alt=\"Logo icec complert\" width=\"300\" height=\"45\" title=\"\"><\/a>[\/vc_column_text][\/vc_column][\/vc_row]<\/p>\n<\/div>","protected":false},"excerpt":{"rendered":"<h3>In We&#8217;re going to win this game<\/h3>\n<p>We meet \u00c1lex, a soccer enthusiast who dreams of joining the Super Goals team. But the new coach isn&#8217;t going to make it easy for her. Why does she dislike her so much? Could it be because she doesn&#8217;t sleep? And what does her grandmother&#8217;s toad have to do with any of this?<\/p>\n<p>&nbsp;<\/p>\n<div>Author:<a href=\"https:\/\/www.editorialelpirata.com\/en\/alberto-casamayor-en-2\/\" target=\"_blank\" rel=\"noopener\"> Alberto Casamayor<\/a><br \/>\nIllustrators: <a href=\"https:\/\/www.editorialelpirata.com\/en\/josep-carrasco-kako-en\/\" target=\"_blank\" rel=\"noopener\">Palma &amp; Kako<\/a><\/div>\n","protected":false},"featured_media":104238,"template":"","meta":[],"product_brand":[],"product_cat":[1535,1618,1682,1684,2034,3312],"product_tag":[3752,3742,3753,3743,3754,3744,3755,3745,3756,3746,3757,3747,3758,3748,3749,3750,3751],"class_list":{"0":"post-104207","1":"product","2":"type-product","3":"status-publish","4":"has-post-thumbnail","6":"product_cat-7-9-years","7":"product_cat-new","8":"product_cat-josep-carrasco-kako-en","9":"product_cat-pepe-palma-en","10":"product_cat-alberto-casamayor-en","11":"product_cat-alberto-casamayor-en-2","12":"product_tag-futbol-9-anos-libro","13":"product_tag-football-books-for-kids","14":"product_tag-futbol","15":"product_tag-football-books-for-kids-age-8-10","16":"product_tag-libros-de-futbol","17":"product_tag-football-books-kids-english","18":"product_tag-libros-humor","19":"product_tag-football-books-for-kids-8-12","20":"product_tag-libros-humor-ninos","21":"product_tag-futbol-para-ninos","22":"product_tag-libros-infantiles-8-anos","23":"product_tag-football","24":"product_tag-libros-9-anos","25":"product_tag-football-book-for-kids","26":"product_tag-soccer","27":"product_tag-soccer-book-for-kids","28":"product_tag-libro-deportes","30":"first","31":"instock","32":"shipping-taxable","33":"purchasable","34":"product-type-variable","35":"has-default-attributes"},"_links":{"self":[{"href":"https:\/\/www.editorialelpirata.com\/en\/wp-json\/wp\/v2\/product\/104207","targetHints":{"allow":["GET"]}}],"collection":[{"href":"https:\/\/www.editorialelpirata.com\/en\/wp-json\/wp\/v2\/product"}],"about":[{"href":"https:\/\/www.editorialelpirata.com\/en\/wp-json\/wp\/v2\/types\/product"}],"wp:featuredmedia":[{"embeddable":true,"href":"https:\/\/www.editorialelpirata.com\/en\/wp-json\/wp\/v2\/media\/104238"}],"wp:attachment":[{"href":"https:\/\/www.editorialelpirata.com\/en\/wp-json\/wp\/v2\/media?parent=104207"}],"wp:term":[{"taxonomy":"product_brand","embeddable":true,"href":"https:\/\/www.editorialelpirata.com\/en\/wp-json\/wp\/v2\/product_brand?post=104207"},{"taxonomy":"product_cat","embeddable":true,"href":"https:\/\/www.editorialelpirata.com\/en\/wp-json\/wp\/v2\/product_cat?post=104207"},{"taxonomy":"product_tag","embeddable":true,"href":"https:\/\/www.editorialelpirata.com\/en\/wp-json\/wp\/v2\/product_tag?post=104207"}],"curies":[{"name":"wp","href":"https:\/\/api.w.org\/{rel}","templated":true}]}}