{"id":104139,"date":"2025-10-22T09:00:46","date_gmt":"2025-10-22T09:00:46","guid":{"rendered":"https:\/\/www.editorialelpirata.com\/?post_type=product&#038;p=104139"},"modified":"2025-11-11T14:57:19","modified_gmt":"2025-11-11T14:57:19","slug":"game-book-dinosaurs","status":"publish","type":"product","link":"https:\/\/www.editorialelpirata.com\/en\/producto\/game-book-dinosaurs\/","title":{"rendered":"THE BIG GAME BOOK OF DINOSAURS"},"content":{"rendered":"<div class=\"wpb-content-wrapper\"><p>[vc_row][vc_column][vc_column_text uncode_shortcode_id=&#8221;199839&#8243;]<\/p>\n<h2><em>El gran libro juego de los dinosaurios <\/em>es un libro juego enorme y con unas ilustraciones espectaculares y llenas de detalles.<\/h2>\n<p>Incluye <strong>juegos para distintas edades<\/strong>, as\u00ed que se puede utilizar durante varios a\u00f1os, a medida que el ni\u00f1o va creciendo, o para que varios ni\u00f1os de distintas edades jueguen a la vez que empiezan a conocer algunos de los ingenieros y cient\u00edficos que han hecho grandes contribuciones a la ciencia.<\/p>\n<p>Las hojas <strong>de cart\u00f3n<\/strong> y las dimensiones enormes del libro, 27 \u00d7 37\u00a0cm, permiten que este se quede de pie y varios ni\u00f1os, uno al lado de otro, puedan jugar de forma simult\u00e1nea. En cada doble p\u00e1gina hay una ilustraci\u00f3n enorme y a todo color llena de detalles, donde <strong>se puede jugar de tres formas<\/strong>:<\/p>\n<ul>\n<li><strong>Para los m\u00e1s peque\u00f1os<\/strong>: buscar elementos destacados dentro de las ilustraciones. A partir de 3-4 a\u00f1os.<\/li>\n<li><strong>Para los medianos<\/strong>: encontrar 10 objetos que empiecen por la misma letra, animales escondidos o animales haciendo cosas fuera de lo habitual. A partir de 5-6 a\u00f1os.<\/li>\n<li><strong>Para los grandes<\/strong>: buscar dinosaurios y pterosaurios, relacionar animales con sus beb\u00e9s y encontrar personas que usan herramientas extra\u00f1as. A partir de 7-8 a\u00f1os.<\/li>\n<\/ul>\n<p>M\u00e1s libros juego de la colecci\u00f3n:<\/p>\n<ul>\n<li><a href=\"https:\/\/www.editorialelpirata.com\/producto\/gran-libro-juego-civilizaciones-libros-jugar\/\" target=\"_blank\" rel=\"noopener\">El gran libro juego de las civilizaciones<\/a><\/li>\n<li><a href=\"https:\/\/www.editorialelpirata.com\/producto\/gran-libro-juego-monstruos\/\" target=\"_blank\" rel=\"noopener\">El gran libro juego de los monstruos<\/a><\/li>\n<li><a href=\"https:\/\/www.editorialelpirata.com\/producto\/gran-libro-juego-aventureros\/\" target=\"_blank\" rel=\"noopener\">El gran libro juego de los aventureros<\/a><\/li>\n<li><a href=\"https:\/\/www.editorialelpirata.com\/producto\/el-gran-libro-juego-del-espacio\/\" target=\"_blank\" rel=\"noopener\">El gran libro juego del espacio<\/a><\/li>\n<li><a href=\"https:\/\/www.editorialelpirata.com\/producto\/el-gran-libro-juego-de-la-navidad\/\" target=\"_blank\" rel=\"noopener\">El gran libro juego de la Navidad<\/a><\/li>\n<\/ul>\n<h3>\u00a1Tres juegos en un solo libro!<\/h3>\n<p>[\/vc_column_text][\/vc_column][\/vc_row][vc_row][vc_column column_width_percent=&#8221;100&#8243; align_horizontal=&#8221;align_center&#8221; gutter_size=&#8221;3&#8243; overlay_alpha=&#8221;50&#8243; shift_x=&#8221;0&#8243; shift_y=&#8221;0&#8243; shift_y_down=&#8221;0&#8243; z_index=&#8221;0&#8243; medium_width=&#8221;0&#8243; mobile_width=&#8221;0&#8243; width=&#8221;1\/1&#8243; uncode_shortcode_id=&#8221;188503&#8243;][vc_column_text uncode_shortcode_id=&#8221;828640&#8243;]<\/p>\n<h2 style=\"text-align: left;\">Echa un vistazo al interior:<\/h2>\n<p>[\/vc_column_text][vc_raw_html]JTNDaWZyYW1lJTIwd2lkdGglM0QlMjI2MjBweCUyMiUyMGhlaWdodCUzRCUyMjQwMHB4JTIyJTIwc3JjJTNEJTIyaHR0cHMlM0ElMkYlMkZ3d3cueXVtcHUuY29tJTJGeHglMkZlbWJlZCUyRnZpZXclMkZxVE1LMXIwY3g2eXRZSjI4JTIyJTIwZnJhbWVib3JkZXIlM0QlMjIwJTIyJTIwYWxsb3dmdWxsc2NyZWVuJTNEJTIydHJ1ZSUyMiUyMGFsbG93dHJhbnNwYXJlbmN5JTNEJTIydHJ1ZSUyMiUzRSUzQyUyRmlmcmFtZSUzRSUyMCUyMCUyMCUyMCUyMCUyMCUyMCUyMCUyMCUyMCUyMCUyMCUyMCUyMCUyMCUyMCUyMCUyMCUyMCUyMCUyMCUyMCUyMCUyMCUyMCUyMCUyMCUyMCUyMCUyMCUyMCUyMCUyMCUyMCUyMCUyMCUyMCUyMCUyMCUyMCUyMCUyMCUyMCUyMCUyMCUyMCUyMCUyMCUyMCUyMCUyMCUyMCUyMCUyMCUyMCUyMCUyMCUyMCUyMCUyMCUyMCUyMCUyMCUyMCUyMCUyMCUyMCUyMCUyMCUyMCUyMCUyMCUyMCUyMCUyMCUyMCUyMCUyMCUyMCUyMCUyMCUyMCUyMCUyMCUyMCUyMCUyMCUyMCUyMCUyMCUyMCUyMCUyMCUyMA==[\/vc_raw_html][\/vc_column][\/vc_row][vc_row][vc_column width=&#8221;1\/1&#8243;][vc_column_text uncode_shortcode_id=&#8221;101417&#8243;]Podemos encontrar dinosaurios y pterosaurios en las siguientes situaciones:<\/p>\n<ul>\n<li>La era tri\u00e1sica<\/li>\n<li>La era jur\u00e1sica<\/li>\n<li>La era cret\u00e1cica<\/li>\n<li>La excavaci\u00f3n arqueol\u00f3gica<\/li>\n<li>El museo<\/li>\n<li>El parque de atracciones<\/li>\n<\/ul>\n<p>El libro incluye un c\u00f3digo QR que redirigir\u00e1 a la web de Editorial el Pirata, donde se podr\u00e1n encontrar las <strong>soluciones de los juegos<\/strong> y <strong>curiosidades sobre los dinosaurios y pterosaurios <\/strong>que aparecen representados en la ilustraci\u00f3n.[\/vc_column_text][\/vc_column][\/vc_row][vc_row][vc_column column_width_percent=&#8221;100&#8243; align_horizontal=&#8221;align_center&#8221; gutter_size=&#8221;3&#8243; overlay_alpha=&#8221;50&#8243; shift_x=&#8221;0&#8243; shift_y=&#8221;0&#8243; shift_y_down=&#8221;0&#8243; z_index=&#8221;0&#8243; medium_width=&#8221;0&#8243; mobile_width=&#8221;0&#8243; width=&#8221;1\/1&#8243; uncode_shortcode_id=&#8221;598657&#8243;][vc_button button_color=&#8221;color-210407&#8243; border_width=&#8221;0&#8243; link=&#8221;url:https%3A%2F%2Fwww.editorialelpirata.com%2Fen%2Fsolutions-dinosaurs%2F|title:Solucionario%20Dinosaurios|target:_blank|&#8221; button_color_type=&#8221;uncode-palette&#8221; uncode_shortcode_id=&#8221;145016&#8243;]Ver el solucionario [\/vc_button][\/vc_column][\/vc_row][vc_row][vc_column width=&#8221;1\/1&#8243;][vc_column_text uncode_shortcode_id=&#8221;147421&#8243;]<\/p>\n<div>Con el apoyo del Departament de Cultura.<\/div>\n<p><a href=\"https:\/\/www.editorialelpirata.com\/wp-content\/uploads\/2024\/11\/Logo-icec.jpg\"><img decoding=\"async\" class=\"alignnone size-medium wp-image-100853\" src=\"https:\/\/www.editorialelpirata.com\/wp-content\/uploads\/2024\/11\/Logo-icec-300x45.jpg\" alt=\"Logo icec complert\" width=\"300\" height=\"45\" title=\"\" srcset=\"https:\/\/www.editorialelpirata.com\/wp-content\/uploads\/2024\/11\/Logo-icec-300x45.jpg 300w, https:\/\/www.editorialelpirata.com\/wp-content\/uploads\/2024\/11\/Logo-icec-1024x155.jpg 1024w, https:\/\/www.editorialelpirata.com\/wp-content\/uploads\/2024\/11\/Logo-icec-768x116.jpg 768w, https:\/\/www.editorialelpirata.com\/wp-content\/uploads\/2024\/11\/Logo-icec-350x53.jpg 350w, https:\/\/www.editorialelpirata.com\/wp-content\/uploads\/2024\/11\/Logo-icec-64x10.jpg 64w, https:\/\/www.editorialelpirata.com\/wp-content\/uploads\/2024\/11\/Logo-icec.jpg 1252w\" sizes=\"(max-width: 300px) 100vw, 300px\" \/><\/a>[\/vc_column_text][\/vc_column][\/vc_row]<\/p>\n<\/div>","protected":false},"excerpt":{"rendered":"<h3>A book game to have fun and learn curiosities about Dinosaurs.<\/h3>\n<p>With Subi&#8217;s great illustrations, children will have a great time playing while learning about Dinosaurs.<\/p>\n<p>&nbsp;<\/p>\n<p>Author: <a href=\"https:\/\/www.editorialelpirata.com\/joan-subirana-queralt\/\" target=\"_blank\" rel=\"noopener noreferrer\">Joan Subirana &#8220;Subi&#8221;<\/a><\/p>\n","protected":false},"featured_media":104170,"template":"","meta":[],"product_brand":[],"product_cat":[1535,1555,1618,1635,1657,1658],"product_tag":[1662,1564,1581,3651,1659,1660],"class_list":{"0":"post-104139","1":"product","2":"type-product","3":"status-publish","4":"has-post-thumbnail","6":"product_cat-7-9-years","7":"product_cat-libros-6-anos-en","8":"product_cat-new","9":"product_cat-game-books","10":"product_cat-joan-subirana-queralt-en","11":"product_cat-picture-book-en","12":"product_tag-learn-playing-en","13":"product_tag-children-books-en","14":"product_tag-kids-books-en","15":"product_tag-dinosaurs","16":"product_tag-game-book-en","17":"product_tag-play-books-en","19":"first","20":"instock","21":"shipping-taxable","22":"purchasable","23":"product-type-variable","24":"has-default-attributes"},"_links":{"self":[{"href":"https:\/\/www.editorialelpirata.com\/en\/wp-json\/wp\/v2\/product\/104139","targetHints":{"allow":["GET"]}}],"collection":[{"href":"https:\/\/www.editorialelpirata.com\/en\/wp-json\/wp\/v2\/product"}],"about":[{"href":"https:\/\/www.editorialelpirata.com\/en\/wp-json\/wp\/v2\/types\/product"}],"wp:featuredmedia":[{"embeddable":true,"href":"https:\/\/www.editorialelpirata.com\/en\/wp-json\/wp\/v2\/media\/104170"}],"wp:attachment":[{"href":"https:\/\/www.editorialelpirata.com\/en\/wp-json\/wp\/v2\/media?parent=104139"}],"wp:term":[{"taxonomy":"product_brand","embeddable":true,"href":"https:\/\/www.editorialelpirata.com\/en\/wp-json\/wp\/v2\/product_brand?post=104139"},{"taxonomy":"product_cat","embeddable":true,"href":"https:\/\/www.editorialelpirata.com\/en\/wp-json\/wp\/v2\/product_cat?post=104139"},{"taxonomy":"product_tag","embeddable":true,"href":"https:\/\/www.editorialelpirata.com\/en\/wp-json\/wp\/v2\/product_tag?post=104139"}],"curies":[{"name":"wp","href":"https:\/\/api.w.org\/{rel}","templated":true}]}}