{"id":104015,"date":"2025-10-01T09:00:23","date_gmt":"2025-10-01T09:00:23","guid":{"rendered":"https:\/\/www.editorialelpirata.com\/?post_type=product&#038;p=104015"},"modified":"2026-05-15T08:57:40","modified_gmt":"2026-05-15T08:57:40","slug":"illustrated-history-egypt","status":"publish","type":"product","link":"https:\/\/www.editorialelpirata.com\/en\/producto\/illustrated-history-egypt\/","title":{"rendered":"ILLUSTRATED HISTORY- ANCIENT EGYPT"},"content":{"rendered":"<div class=\"wpb-content-wrapper\"><p>[vc_row][vc_column][vc_column_text uncode_shortcode_id=&#8221;173112&#8243;]<strong>El &#8220;Ancient Egypt&#8221; fue la civilizaci\u00f3n m\u00e1s duradera que se haya conocido, con m\u00e1s de tres mil a\u00f1os de historia. Crearon los monumentos m\u00e1s grandes y espectaculares del mundo, as\u00ed como una inolvidable cultura que fascin\u00f3 a los dem\u00e1s pueblos de la Antig\u00fcedad.<\/strong><\/p>\n<p>Descubre a faraones como Rams\u00e9s II o Tutankam\u00f3n, la construcci\u00f3n de las grandes pir\u00e1mides, las guerras que sacudieron el pa\u00eds del Nilo o la vida de la legendaria Cleopatra. Conoce a los misteriosos dioses Anubis, Ra o Bastet, as\u00ed como el origen de las momias y a los exploradores de la era moderna que lograron desenterrar ese mundo de enigmas y jerogl\u00edficos.<\/p>\n<p>Este es el cuarto volumen de la colecci\u00f3n <strong>Illustrated History<\/strong>, una colecci\u00f3n <strong>en ingl\u00e9s<\/strong> ideal para aprender historia de forma amena y divertida. El texto est\u00e1 acompa\u00f1ado de <strong>simp\u00e1ticas ilustraciones y bromas visuales<\/strong> que ayudan a los ni\u00f1os y ni\u00f1as a partir de 10 a\u00f1os a comprender mejor los hechos hist\u00f3ricos que se narran.<\/p>\n<p><strong>Otros t\u00edtulos de la colecci\u00f3n <\/strong><strong>Illustrated History<\/strong><strong>:<\/strong><\/p>\n<ol>\n<li><a href=\"https:\/\/www.editorialelpirata.com\/en\/producto\/history-kids-rome-10years\/\" target=\"_blank\" rel=\"noopener\"><em>Rome<\/em><\/a><\/li>\n<li><a href=\"https:\/\/www.editorialelpirata.com\/en\/producto\/history-kids-vikings-10years\/\" target=\"_blank\" rel=\"noopener\"><em>The Vikings<\/em><\/a><\/li>\n<li><a href=\"https:\/\/www.editorialelpirata.com\/en\/producto\/history-for-kids-ancient-greece\/\" target=\"_blank\" rel=\"noopener\"><em>Ancient Greece<\/em><\/a><\/li>\n<\/ol>\n<p>Descubre otras colecciones de Editorial el Pirata en ingl\u00e9s:<\/p>\n<ul>\n<li><a href=\"https:\/\/www.editorialelpirata.com\/en\/time-explorers\/\" target=\"_blank\" rel=\"noopener\">The Time Explorers (+10 a\u00f1os)<\/a><\/li>\n<li><a href=\"https:\/\/www.editorialelpirata.com\/en\/super-hoopers-basketball\/\" target=\"_blank\" rel=\"noopener\">The Super Hoopers (+8 a\u00f1os)<\/a><\/li>\n<li><a href=\"https:\/\/www.editorialelpirata.com\/en\/the-super-goals\/\" target=\"_blank\" rel=\"noopener\">The Super Goals (+8 a\u00f1os)<\/a><\/li>\n<\/ul>\n<p>[\/vc_column_text][vc_column_text uncode_shortcode_id=&#8221;138798&#8243;]<\/p>\n<blockquote><p><strong>Activitum.cat:<\/strong> &#8220;Lo recomendamos especialmente para aquellos ni\u00f1os que ya tienen inter\u00e9s en la Historia, ya que es un recurso muy bueno para que aprendan m\u00e1s sobre estas civilizaciones en particular. Encontramos que la informaci\u00f3n est\u00e1 muy bien estructurada y permite ver de manera muy clara la sucesi\u00f3n de eventos para entender a fondo la relevancia de este per\u00edodo hist\u00f3rico.&#8221;<\/p>\n<p><strong>Usuaria de Facebook:<\/strong> &#8220;Muy bueno para iniciar a los ni\u00f1os a la lectura.&#8221;<\/p><\/blockquote>\n<p>[\/vc_column_text][vc_column_text uncode_shortcode_id=&#8221;164361&#8243;]<\/p>\n<h4>Echa un vistazo en su interior:<\/h4>\n<p>[\/vc_column_text][\/vc_column][\/vc_row][vc_row][vc_column width=&#8221;1\/6&#8243;][\/vc_column][vc_column width=&#8221;4\/6&#8243;][vc_raw_html]JTNDaWZyYW1lJTIwd2lkdGglM0QlMjI2MjBweCUyMiUyMGhlaWdodCUzRCUyMjQwMHB4JTIyJTIwc3JjJTNEJTIyaHR0cHMlM0ElMkYlMkZ3d3cueXVtcHUuY29tJTJGZW4lMkZlbWJlZCUyRnZpZXclMkY0OHF4SWtHQkZpMWF5SDdoJTIyJTIwZnJhbWVib3JkZXIlM0QlMjIwJTIyJTIwYWxsb3dmdWxsc2NyZWVuJTNEJTIydHJ1ZSUyMiUyMGFsbG93dHJhbnNwYXJlbmN5JTNEJTIydHJ1ZSUyMiUzRSUzQyUyRmlmcmFtZSUzRSUyMCUyMCUyMCUyMCUyMCUyMCUyMCUyMCUyMCUyMCUyMCUyMCUyMCUyMCUyMCUyMCUyMCUyMCUyMCUyMCUyMCUyMCUyMCUyMCUyMCUyMCUyMCUyMCUyMCUyMCUyMCUyMCUyMCUyMCUyMCUyMCUyMCUyMCUyMCUyMCUyMCUyMCUyMCUyMCUyMCUyMCUyMCUyMCUyMCUyMCUyMCUyMCUyMCUyMCUyMCUyMCUyMCUyMCUyMCUyMCUyMCUyMCUyMCUyMCUyMCUyMCUyMCUyMCUyMCUyMCUyMCUyMCUyMCUyMCUyMCUyMCUyMCUyMCUyMCUyMCUyMCUyMCUyMCUyMA==[\/vc_raw_html][\/vc_column][vc_column width=&#8221;1\/6&#8243;][\/vc_column][\/vc_row][vc_row][vc_column width=&#8221;1\/6&#8243;][\/vc_column][vc_column width=&#8221;4\/6&#8243;][vc_column_text uncode_shortcode_id=&#8221;193228&#8243;]<\/p>\n<h4>Find out more about this collection:<\/h4>\n<p>[\/vc_column_text][vc_raw_html]JTNDaWZyYW1lJTIwd2lkdGglM0QlMjI2MjAlMjIlMjBoZWlnaHQlM0QlMjI0MDAlMjIlMjBzcmMlM0QlMjJodHRwcyUzQSUyRiUyRnd3dy55b3V0dWJlLmNvbSUyRmVtYmVkJTJGWGU1VjBmQm5iNW8lMjIlMjB0aXRsZSUzRCUyMkhpc3RvcmlhJTIwcGFyYSUyMG5pJUMzJUIxb3MlM0ElMjBMb3MlMjB2aWtpbmdvcyUyMC0lMjBBcHJlbmRlJTIwaGlzdG9yaWElMjBkaXZpcnRpJUMzJUE5bmRvdGUlMjIlMjBmcmFtZWJvcmRlciUzRCUyMjAlMjIlMjBhbGxvdyUzRCUyMmFjY2VsZXJvbWV0ZXIlM0IlMjBhdXRvcGxheSUzQiUyMGNsaXBib2FyZC13cml0ZSUzQiUyMGVuY3J5cHRlZC1tZWRpYSUzQiUyMGd5cm9zY29wZSUzQiUyMHBpY3R1cmUtaW4tcGljdHVyZSUzQiUyMHdlYi1zaGFyZSUyMiUyMGFsbG93ZnVsbHNjcmVlbiUzRSUzQyUyRmlmcmFtZSUzRQ==[\/vc_raw_html][\/vc_column][vc_column width=&#8221;1\/6&#8243;][\/vc_column][\/vc_row][vc_row][vc_column width=&#8221;1\/6&#8243;][\/vc_column][vc_column width=&#8221;2\/6&#8243;][vc_button button_color=&#8221;color-390865&#8243; border_width=&#8221;0&#8243; link=&#8221;url:https%3A%2F%2Fwww.editorialelpirata.com%2Fen%2Fhistory-kids%2F|title:HISTORY%20KIDS|target:_blank&#8221; button_color_type=&#8221;uncode-palette&#8221; uncode_shortcode_id=&#8221;563705&#8243;]ALL COLLECTION[\/vc_button][\/vc_column][vc_column width=&#8221;2\/6&#8243;][vc_button button_color=&#8221;color-390865&#8243; border_width=&#8221;0&#8243; link=&#8221;url:https%3A%2F%2Fwww.editorialelpirata.com%2Fen%2Ftime-explorers%2F|title:THE%20TIME%20OF%20EXPLORERS|target:_blank&#8221; button_color_type=&#8221;uncode-palette&#8221; uncode_shortcode_id=&#8221;204943&#8243;]LOS EXPLORADORES DEL TIEMPO[\/vc_button][\/vc_column][vc_column width=&#8221;1\/6&#8243;][\/vc_column][\/vc_row][vc_row][vc_column width=&#8221;1\/1&#8243;][vc_column_text uncode_shortcode_id=&#8221;244902&#8243;]<\/p>\n<hr \/>\n<div>With the support of the Department of Culture.<\/div>\n<div><a href=\"https:\/\/www.editorialelpirata.com\/wp-content\/uploads\/2024\/11\/Logo-icec.jpg\"><img decoding=\"async\" class=\"alignnone wp-image-100853 size-medium\" src=\"https:\/\/www.editorialelpirata.com\/wp-content\/uploads\/2024\/11\/Logo-icec-300x45.jpg\" alt=\"Logo icec complert\" width=\"300\" height=\"45\" title=\"\" srcset=\"https:\/\/www.editorialelpirata.com\/wp-content\/uploads\/2024\/11\/Logo-icec-300x45.jpg 300w, https:\/\/www.editorialelpirata.com\/wp-content\/uploads\/2024\/11\/Logo-icec-1024x155.jpg 1024w, https:\/\/www.editorialelpirata.com\/wp-content\/uploads\/2024\/11\/Logo-icec-768x116.jpg 768w, https:\/\/www.editorialelpirata.com\/wp-content\/uploads\/2024\/11\/Logo-icec-350x53.jpg 350w, https:\/\/www.editorialelpirata.com\/wp-content\/uploads\/2024\/11\/Logo-icec-64x10.jpg 64w, https:\/\/www.editorialelpirata.com\/wp-content\/uploads\/2024\/11\/Logo-icec.jpg 1252w\" sizes=\"(max-width: 300px) 100vw, 300px\" \/><\/a><\/div>\n<p>[\/vc_column_text][\/vc_column][\/vc_row]<\/p>\n<\/div>","protected":false},"excerpt":{"rendered":"<h2>Libro de historia ilustrada de Egipto\u00a0para ni\u00f1os<\/h2>\n<p>Descubre qui\u00e9nes fueron los griegos, sus grandes personajes o su religi\u00f3n, as\u00ed como cu\u00e1les de sus aportaciones al arte, la cultura o la pol\u00edtica siguen vigentes en la actualidad.<\/p>\n<p>Puedes\u00a0<a href=\"https:\/\/www.yumpu.com\/en\/document\/view\/70602960\/illustrated-history-ancient-egypt\" target=\"_blank\" rel=\"noopener\">leer aqu\u00ed<\/a>\u00a0una muestra.<\/p>\n<div>Autor e ilustrador: <a href=\"https:\/\/www.editorialelpirata.com\/miguel-angel-saura\/\" target=\"_blank\" rel=\"noopener\">Miguel \u00c1ngel Saura<\/a><\/div>\n","protected":false},"featured_media":104049,"template":"","meta":[],"product_brand":[],"product_cat":[1538,1618,1921,1922,1535],"product_tag":[3632,3633,3634,1931,1934,1935,1936],"class_list":{"0":"post-104015","1":"product","2":"type-product","3":"status-publish","4":"has-post-thumbnail","6":"product_cat-libros-humor-en","7":"product_cat-new","8":"product_cat-history-for-kids","9":"product_cat-adventure-books-10-years","10":"product_cat-7-9-years","11":"product_tag-history-for-egypt","12":"product_tag-egypt","13":"product_tag-ancient-egypt","14":"product_tag-history-kids-10-years","15":"product_tag-non-fiction-for-kids","16":"product_tag-history-for-kids","17":"product_tag-fun-history","19":"first","20":"instock","21":"shipping-taxable","22":"purchasable","23":"product-type-variable","24":"has-default-attributes"},"_links":{"self":[{"href":"https:\/\/www.editorialelpirata.com\/en\/wp-json\/wp\/v2\/product\/104015","targetHints":{"allow":["GET"]}}],"collection":[{"href":"https:\/\/www.editorialelpirata.com\/en\/wp-json\/wp\/v2\/product"}],"about":[{"href":"https:\/\/www.editorialelpirata.com\/en\/wp-json\/wp\/v2\/types\/product"}],"wp:featuredmedia":[{"embeddable":true,"href":"https:\/\/www.editorialelpirata.com\/en\/wp-json\/wp\/v2\/media\/104049"}],"wp:attachment":[{"href":"https:\/\/www.editorialelpirata.com\/en\/wp-json\/wp\/v2\/media?parent=104015"}],"wp:term":[{"taxonomy":"product_brand","embeddable":true,"href":"https:\/\/www.editorialelpirata.com\/en\/wp-json\/wp\/v2\/product_brand?post=104015"},{"taxonomy":"product_cat","embeddable":true,"href":"https:\/\/www.editorialelpirata.com\/en\/wp-json\/wp\/v2\/product_cat?post=104015"},{"taxonomy":"product_tag","embeddable":true,"href":"https:\/\/www.editorialelpirata.com\/en\/wp-json\/wp\/v2\/product_tag?post=104015"}],"curies":[{"name":"wp","href":"https:\/\/api.w.org\/{rel}","templated":true}]}}