{"id":103960,"date":"2025-10-08T09:00:47","date_gmt":"2025-10-08T09:00:47","guid":{"rendered":"https:\/\/www.editorialelpirata.com\/?post_type=product&#038;p=103960"},"modified":"2025-06-25T12:45:40","modified_gmt":"2025-06-25T12:45:40","slug":"functional-diversity-uppercase","status":"publish","type":"product","link":"https:\/\/www.editorialelpirata.com\/en\/producto\/functional-diversity-uppercase\/","title":{"rendered":"THE MOST SPECIAL ANIMAL"},"content":{"rendered":"<div class=\"wpb-content-wrapper\"><p>[vc_row][vc_column][vc_column_text uncode_shortcode_id=&#8221;951538&#8243;]<\/p>\n<h2><strong>La diversidad funcional mostrada a trav\u00e9s de unas ilustraciones fant\u00e1sticas<\/strong><\/h2>\n<p>Daddy Hedgehog y Little Hedgehog emprenden una divertida b\u00fasqueda de hojas doradas en el Concurso del Bosque. A medida que los animales compiten por el codiciado pastel de frambuesas, cada uno demuestra sus habilidades \u00fanicas, ense\u00f1\u00e1ndonos que todos tienen algo especial que ofrecer.<\/p>\n<p><em>El animal m\u00e1s especial<\/em> es un \u00e1lbum ilustrado <b>en ingl\u00e9s<\/b>que nos descubre la diversidad funcional. A trav\u00e9s de unas ilustraciones espectaculares, los peque\u00f1os lectores aprender\u00e1n valiosas lecciones sobre la <strong>importancia de la colaboraci\u00f3n y la aceptaci\u00f3n de las diferencias.<\/strong><\/p>\n<p>Adem\u00e1s, los ni\u00f1os podr\u00e1n <strong>jugar a encontrar<\/strong> elementos repetidos en las ilustraciones. \u00bfConseguir\u00e1s encontrarlos todos?<\/p>\n<p>El texto est\u00e1 escrito en LETRA MAY\u00daSCULA.[\/vc_column_text][\/vc_column][\/vc_row][vc_row][vc_column width=&#8221;1\/4&#8243;][\/vc_column][vc_column width=&#8221;1\/2&#8243;][vc_raw_html]PGlmcmFtZSBzcmM9Imh0dHBzOi8vd3d3Lnl1bXB1LmNvbS9lbi9lbWJlZC92aWV3L2ZiNkdtbHpUQURQRXlzckYiIHdpZHRoPSI2MjBweCIgaGVpZ2h0PSI0MDBweCIgZnJhbWVib3JkZXI9IjAiIGFsbG93ZnVsbHNjcmVlbj0iYWxsb3dmdWxsc2NyZWVuIj48c3BhbiBkYXRhLW1jZS10eXBlPSJib29rbWFyayIgc3R5bGU9ImRpc3BsYXk6IGlubGluZS1ibG9jazsgd2lkdGg6IDBweDsgb3ZlcmZsb3c6IGhpZGRlbjsgbGluZS1oZWlnaHQ6IDA7IiBjbGFzcz0ibWNlX1NFTFJFU19zdGFydCI+77u\/PC9zcGFuPjwvaWZyYW1lPg==[\/vc_raw_html][\/vc_column][vc_column width=&#8221;1\/4&#8243;][\/vc_column][\/vc_row]<\/p>\n<\/div>","protected":false},"excerpt":{"rendered":"<p><strong>La diversidad funcional mostrada a trav\u00e9s de unas ilustraciones fant\u00e1sticas<\/strong><\/p>\n<p><em>El animal m\u00e1s especial<\/em> es un \u00e1lbum ilustrado <b>en ingl\u00e9s <\/b>que nos descubre la diversidad funcional. A trav\u00e9s de unas ilustraciones espectaculares, los peque\u00f1os lectores aprender\u00e1n valiosas lecciones sobre la <strong>importancia de la colaboraci\u00f3n y la aceptaci\u00f3n de las diferencias.<\/strong><\/p>\n","protected":false},"featured_media":103955,"template":"","meta":[],"product_brand":[],"product_cat":[1557,1618,1634,1637,1666,1667,3129,3137],"product_tag":[3643,3644,3645,3646,3647],"class_list":{"0":"post-103960","1":"product","2":"type-product","3":"status-publish","4":"has-post-thumbnail","6":"product_cat-libros-ninos-animales-en","7":"product_cat-new","8":"product_cat-uppercase-books","9":"product_cat-books-for-3-6-years","10":"product_cat-monica-armino-en","11":"product_cat-anna-rayo-en","12":"product_cat-tots-els-llibres-en","13":"product_cat-contes-2-a-5-anys-en","14":"product_tag-libro-mayusculas-en","15":"product_tag-letra-de-palo-en","16":"product_tag-diversidad-funcional-en","17":"product_tag-cuento-diversidad-en","18":"product_tag-libro-diversidad-en","19":"product_shipping_class-envio-estandar-en","21":"first","22":"instock","23":"shipping-taxable","24":"purchasable","25":"product-type-variable","26":"has-default-attributes"},"_links":{"self":[{"href":"https:\/\/www.editorialelpirata.com\/en\/wp-json\/wp\/v2\/product\/103960","targetHints":{"allow":["GET"]}}],"collection":[{"href":"https:\/\/www.editorialelpirata.com\/en\/wp-json\/wp\/v2\/product"}],"about":[{"href":"https:\/\/www.editorialelpirata.com\/en\/wp-json\/wp\/v2\/types\/product"}],"wp:featuredmedia":[{"embeddable":true,"href":"https:\/\/www.editorialelpirata.com\/en\/wp-json\/wp\/v2\/media\/103955"}],"wp:attachment":[{"href":"https:\/\/www.editorialelpirata.com\/en\/wp-json\/wp\/v2\/media?parent=103960"}],"wp:term":[{"taxonomy":"product_brand","embeddable":true,"href":"https:\/\/www.editorialelpirata.com\/en\/wp-json\/wp\/v2\/product_brand?post=103960"},{"taxonomy":"product_cat","embeddable":true,"href":"https:\/\/www.editorialelpirata.com\/en\/wp-json\/wp\/v2\/product_cat?post=103960"},{"taxonomy":"product_tag","embeddable":true,"href":"https:\/\/www.editorialelpirata.com\/en\/wp-json\/wp\/v2\/product_tag?post=103960"}],"curies":[{"name":"wp","href":"https:\/\/api.w.org\/{rel}","templated":true}]}}