{"id":101557,"date":"2025-01-21T08:45:16","date_gmt":"2025-01-21T08:45:16","guid":{"rendered":"https:\/\/www.editorialelpirata.com\/?post_type=product&#038;p=101557"},"modified":"2025-12-18T15:44:17","modified_gmt":"2025-12-18T15:44:17","slug":"the-gold-of-the-incas","status":"publish","type":"product","link":"https:\/\/www.editorialelpirata.com\/en\/producto\/the-gold-of-the-incas\/","title":{"rendered":"THE GOLD OF THE INCAS"},"content":{"rendered":"<div class=\"wpb-content-wrapper\"><p>[vc_row][vc_column][vc_column_text uncode_shortcode_id=&#8221;148635&#8243;]\u00bfQu\u00e9 har\u00edas si te dijeran que <strong>es posible viajar por el tiempo<\/strong>?<\/p>\n<p><em>El oro de los incas <\/em>es el cuarto libro de la colecci\u00f3n <strong>Los Exploradores del Tiempo<\/strong>, ilustrada a todo color y que combina di\u00e1logos de c\u00f3mic con novela de aventuras para ni\u00f1os de <strong>entre 9 y 12 a\u00f1os.<\/strong> Cada libro nos permite disfrutar de un fascinante viaje por el tiempo de V\u00edctor, Cristina, Celoni e Ibis, los protagonistas. Los lectores encontrar\u00e1n algunas preguntas que permiten descubrir curiosidades hist\u00f3ricas sobre antiguas civilizaciones. Para hacerlo, tendr\u00e1n que usar el <strong>Reloj del Tiempo<\/strong>, incluido en el libro, para descifrar el n\u00famero de p\u00e1gina que se oculta tras un fondo de color rojo y as\u00ed poder viajar por el tiempo para descubrir curiosidades hist\u00f3ricas incre\u00edbles.<\/p>\n<p>Al final de cada libro encontrar\u00e1s tres secciones:<\/p>\n<ul>\n<li><strong>\u00a1Que se sepa!:<\/strong> descubriremos curiosidades explicadas por los personajes de la colecci\u00f3n, sobre s\u00ed mismos o sobre la \u00e9poca hist\u00f3rica a la que viajan.<\/li>\n<li><strong>\u00a1Manos a la obra!:<\/strong> disfrutaremos de una receta de cocina para hacer en casa y de un juego ambientado en la \u00e9poca hist\u00f3rica.<\/li>\n<li><strong>\u00a1Bibliocronohistorias!:<\/strong> personajes muy relevantes de la humanidad nos explicar\u00e1n qui\u00e9nes son y qu\u00e9 hicieron para lograr que a\u00fan los recordemos hoy en d\u00eda.<\/li>\n<\/ul>\n<p>En <em>El oro de los incas<\/em>, los Exploradores del Tiempo viajar\u00e1n al Imperio inca durante el festival del Inti Raymi del a\u00f1o 1487. Esta vez tienen una misi\u00f3n aparentemente sencilla: conseguir el pututu de un mensajero del Inca, es decir, la caracola marina que usaban para dar avisos por todo el imperio. Sin embargo, Mal\u00e9fico Durador no se lo va a poner tan f\u00e1cil.<\/p>\n<p>Y t\u00fa, \u00bfquieres ser un <strong>explorador del tiempo<\/strong>? Una vez terminado el libro, supera el <strong>test de los exploradores<\/strong> y conseguir\u00e1s el objeto que se ha recuperado en cada libro de la saga. \u00a1P\u00e9galo en el <strong>p\u00f3ster de la colecci\u00f3n<\/strong>! \u00bfPodr\u00e1s obtener todos los objetos perdidos en el tiempo?<\/p>\n<p>Si superas el test, tambi\u00e9n podr\u00e1s descargarte un fragmento digital de uno de los libros de la <strong>colecci\u00f3n Historia Ilustrada<\/strong>. \u00a1Aprende m\u00e1s sobre cada civilizaci\u00f3n y convi\u00e9rtete en un crac de la historia!<\/p>\n<p>**Tienes disponible una gu\u00eda de lectura gratis para trabajar la lectura en la escuela.**<\/p>\n<p>Otros libros de la colecci\u00f3n <strong>Los Exploradores del Tiempo<\/strong>:<\/p>\n<ol>\n<li><a href=\"https:\/\/www.editorialelpirata.com\/producto\/libro-interactivo-aventuras-roma-10anos\/\" target=\"_blank\" rel=\"noopener\">Las legiones de Roma<\/a><\/li>\n<li><a href=\"https:\/\/www.editorialelpirata.com\/producto\/libro-interactivo-vikingos-10-anos\/\" target=\"_blank\" rel=\"noopener\">Las expediciones de los vikingos<\/a><\/li>\n<li><a href=\"https:\/\/www.editorialelpirata.com\/producto\/las-olimpiadas-de-grecia\/\" target=\"_blank\" rel=\"noopener\">Las olimpiadas de Grecia<\/a><\/li>\n<li>El oro de los incas<\/li>\n<li>Las flechas de los siux (octubre 2025)<\/li>\n<li>Las catanas de los samur\u00e1is (marzo 2026)<\/li>\n<\/ol>\n<p>M\u00e1s t\u00edtulos pr\u00f3ximamente. Consulta la web de la editorial para ver su fecha de publicaci\u00f3n.<\/p>\n<p>Libros de la colecci\u00f3n <strong>Historia Ilustrada<\/strong>:<\/p>\n<ol>\n<li><a href=\"https:\/\/www.editorialelpirata.com\/producto\/historia-ninos-roma-10anos\/\" target=\"_blank\" rel=\"noopener\">Roma<\/a><\/li>\n<li><a href=\"https:\/\/www.editorialelpirata.com\/producto\/historia-ninos-vikingos-10anos\/\" target=\"_blank\" rel=\"noopener\">Los vikingos<\/a><\/li>\n<li><a href=\"https:\/\/www.editorialelpirata.com\/producto\/historia-ilustrada-grecia\/\" target=\"_blank\" rel=\"noopener\">La antigua Grecia<\/a><\/li>\n<li>El antiguo Egipto (octubre 2025)<\/li>\n<\/ol>\n<p>Consulta la web de la editorial para ver su fecha de publicaci\u00f3n.[\/vc_column_text][\/vc_column][\/vc_row][vc_row][vc_column width=&#8221;1\/4&#8243;][\/vc_column][vc_column width=&#8221;1\/2&#8243;][vc_raw_html]JTNDaWZyYW1lJTIwd2lkdGglM0QlMjI2MjBweCUyMiUyMGhlaWdodCUzRCUyMjQwMHB4JTIyJTIwc3JjJTNEJTIyaHR0cHMlM0ElMkYlMkZ3d3cueXVtcHUuY29tJTJGZXMlMkZlbWJlZCUyRnZpZXclMkZYS2JsWlRRc2RlTUVQaUNyJTIyJTIwZnJhbWVib3JkZXIlM0QlMjIwJTIyJTIwYWxsb3dmdWxsc2NyZWVuJTNEJTIydHJ1ZSUyMiUyMGFsbG93dHJhbnNwYXJlbmN5JTNEJTIydHJ1ZSUyMiUzRSUzQyUyRmlmcmFtZSUzRSUyMCUyMCUyMCUyMCUyMCUyMCUyMCUyMCUyMCUyMCUyMCUyMCUyMCUyMCUyMCUyMCUyMCUyMCUyMCUyMCUyMCUyMCUyMCUyMCUyMCUyMCUyMCUyMCUyMCUyMCUyMCUyMCUyMCUyMCUyMCUyMCUyMCUyMCUyMCUyMCUyMCUyMCUyMCUyMCUyMCUyMCUyMCUyMCUyMCUyMCUyMCUyMA==[\/vc_raw_html][\/vc_column][vc_column width=&#8221;1\/4&#8243;][\/vc_column][\/vc_row][vc_row][vc_column width=&#8221;1\/4&#8243;][vc_column_text uncode_shortcode_id=&#8221;165888&#8243;]Tambi\u00e9n disponible en amazon:[\/vc_column_text][\/vc_column][vc_column width=&#8221;3\/4&#8243;][vc_button border_width=&#8221;0&#8243; link=&#8221;url:https%3A%2F%2Fwww.amazon.es%2Foro-los-incas-descifrador-Exploradores%2Fdp%2F8419898147%2Fref%3Dsr_1_2%3F__mk_es_ES%3D%25C3%2585M%25C3%2585%25C5%25BD%25C3%2595%25C3%2591%26crid%3D2T8E23ORAJNP%26dib%3DeyJ2IjoiMSJ9.dmhD6gf2WEpiAt8iAMcnc3vIFR8y7cX6y1rvdRXPAT2GFaOsPDebdC9mgJkIsa4HIoHcRZw2zQx-0ahA9EjaMf2Yczn-A6Uw4g9CXbexwlUWAtS8SDSwEoI-dksbT1oRqi_tW1I5VXjV9EAJJxanmpRLfFDQcuYKK0AVkyeDmDV0s5escb5IzhR7G5wKu4qCB-Q34CTJteOOhGLek3Yvmi-8BDuhjFbDkBsLzjlViPo9VBfTuAi63cxWEmlvly9aP5lYeVZjO7XC9EO-Rb5Xe9zJZ0pnXX9HEg8mevYQ0mA.MqFT1Thz1riYuk2Yw0AUj16lgHxYmoyoxEc3Tk_16g0%26dib_tag%3Dse%26keywords%3DEL%2BORO%2BDE%2BLOS%2BINCAS%26qid%3D1724840513%26sprefix%3Del%2Boro%2Bde%2Blos%2Binca%252Caps%252C112%26sr%3D8-2|target:_blank|&#8221; uncode_shortcode_id=&#8221;346945&#8243;]Amazon[\/vc_button][\/vc_column][\/vc_row][vc_row][vc_column width=&#8221;1\/1&#8243;][vc_column_text uncode_shortcode_id=&#8221;133675&#8243;]Y t\u00fa, \u00bfquieres ser un <strong>explorador del tiempo<\/strong>? Una vez terminado el libro, supera el <strong>test de los exploradores<\/strong> y conseguir\u00e1s el objeto que se ha recuperado en cada libro de la saga. \u00a1P\u00e9galo en el <strong>p\u00f3ster de la colecci\u00f3n<\/strong>! \u00bfPodr\u00e1s obtener todos los objetos perdidos en el tiempo?<\/p>\n<p>Si superas el test, tambi\u00e9n podr\u00e1s descargarte un fragmento digital de uno de los libros de la <a href=\"https:\/\/www.editorialelpirata.com\/historia-ninos\/\" target=\"_blank\" rel=\"noopener\"><strong>colecci\u00f3n Historia ilustrada<\/strong><\/a>. \u00a1Aprende m\u00e1s sobre cada civilizaci\u00f3n y convi\u00e9rtete en un crac de la historia![\/vc_column_text][\/vc_column][\/vc_row][vc_row][vc_column column_width_percent=&#8221;100&#8243; align_horizontal=&#8221;align_center&#8221; gutter_size=&#8221;3&#8243; overlay_alpha=&#8221;50&#8243; shift_x=&#8221;0&#8243; shift_y=&#8221;0&#8243; shift_y_down=&#8221;0&#8243; z_index=&#8221;0&#8243; medium_width=&#8221;0&#8243; mobile_width=&#8221;0&#8243; width=&#8221;1\/3&#8243; uncode_shortcode_id=&#8221;170167&#8243;][vc_button button_color=&#8221;color-390865&#8243; border_width=&#8221;0&#8243; link=&#8221;url:https%3A%2F%2Fwww.editorialelpirata.com%2Fen%2Ftest-the-gold-of-the-incas%2F|title:Test%20online|target:_blank|&#8221; button_color_type=&#8221;uncode-palette&#8221; uncode_shortcode_id=&#8221;104083&#8243;]TEST[\/vc_button][\/vc_column][vc_column column_width_percent=&#8221;100&#8243; align_horizontal=&#8221;align_center&#8221; gutter_size=&#8221;3&#8243; overlay_alpha=&#8221;50&#8243; shift_x=&#8221;0&#8243; shift_y=&#8221;0&#8243; shift_y_down=&#8221;0&#8243; z_index=&#8221;0&#8243; medium_width=&#8221;0&#8243; mobile_width=&#8221;0&#8243; width=&#8221;1\/3&#8243; uncode_shortcode_id=&#8221;135618&#8243;][vc_button button_color=&#8221;color-390865&#8243; border_width=&#8221;0&#8243; link=&#8221;url:https%3A%2F%2Fdrive.google.com%2Ffile%2Fd%2F1bnDfmklN9tOuBAkWlVybkgobbNCnIcJN%2Fview%3Fusp%3Dsharing|title:LOS%20EXPLORADORES%20DEL%20TIEMPO|target:_blank|&#8221; button_color_type=&#8221;uncode-palette&#8221; uncode_shortcode_id=&#8221;492717&#8243;]GU\u00cdA DE LECTURA[\/vc_button][\/vc_column][vc_column column_width_percent=&#8221;100&#8243; align_horizontal=&#8221;align_center&#8221; gutter_size=&#8221;3&#8243; overlay_alpha=&#8221;50&#8243; shift_x=&#8221;0&#8243; shift_y=&#8221;0&#8243; shift_y_down=&#8221;0&#8243; z_index=&#8221;0&#8243; medium_width=&#8221;0&#8243; mobile_width=&#8221;0&#8243; width=&#8221;1\/3&#8243; uncode_shortcode_id=&#8221;137589&#8243;][vc_button button_color=&#8221;color-390865&#8243; border_width=&#8221;0&#8243; link=&#8221;url:https%3A%2F%2Fdrive.google.com%2Ffile%2Fd%2F1h5prUkmQ-3SED87zqdedUxK4GR3SgW36%2Fview%3Fusp%3Dsharing|title:LOS%20EXPLORADORES%20DEL%20TIEMPO|target:_blank|&#8221; button_color_type=&#8221;uncode-palette&#8221; uncode_shortcode_id=&#8221;115461&#8243;]SOLUCIONARIO[\/vc_button][\/vc_column][\/vc_row][vc_row][vc_column width=&#8221;1\/6&#8243;][\/vc_column][vc_column width=&#8221;4\/6&#8243;][vc_raw_html]JTNDaWZyYW1lJTIwd2lkdGglM0QlMjI2MjBweCUyMiUyMGhlaWdodCUzRCUyMjQwMHB4JTIyJTIwc3JjJTNEJTIyaHR0cHMlM0ElMkYlMkZ3d3cueXVtcHUuY29tJTJGZXMlMkZlbWJlZCUyRnZpZXclMkZYS2JsWlRRc2RlTUVQaUNyJTIyJTIwZnJhbWVib3JkZXIlM0QlMjIwJTIyJTIwYWxsb3dmdWxsc2NyZWVuJTNEJTIydHJ1ZSUyMiUyMGFsbG93dHJhbnNwYXJlbmN5JTNEJTIydHJ1ZSUyMiUzRSUzQyUyRmlmcmFtZSUzRSUyMCUyMCUyMCUyMCUyMCUyMCUyMCUyMCUyMCUyMCUyMCUyMCUyMCUyMCUyMCUyMCUyMCUyMCUyMCUyMCUyMCUyMCUyMCUyMCUyMCUyMCUyMCUyMCUyMCUyMCUyMCUyMCUyMCUyMCUyMCUyMCUyMCUyMCUyMCUyMCUyMCUyMCUyMCUyMCUyMCUyMCUyMCUyMCUyMCUyMCUyMCUyMA==[\/vc_raw_html][\/vc_column][vc_column width=&#8221;1\/6&#8243;][\/vc_column][\/vc_row][vc_row][vc_column width=&#8221;1\/4&#8243;][\/vc_column][vc_column width=&#8221;1\/4&#8243;][vc_button button_color=&#8221;color-390865&#8243; border_width=&#8221;0&#8243; link=&#8221;url:https%3A%2F%2Fwww.editorialelpirata.com%2Fen%2Ftime-explorers%2F|title:LOS%20EXPLORADORES%20DEL%20TIEMPO|target:_blank|&#8221; button_color_type=&#8221;uncode-palette&#8221; uncode_shortcode_id=&#8221;162502&#8243;]COLECCI\u00d3N COMPLETA[\/vc_button][\/vc_column][vc_column width=&#8221;1\/4&#8243;][vc_button button_color=&#8221;color-390865&#8243; border_width=&#8221;0&#8243; link=&#8221;url:https%3A%2F%2Fwww.editorialelpirata.com%2Fen%2Fhistory-kids%2F|title:COLECCI%C3%93N%20HISTORIA%20PARA%20NI%C3%91OS|target:_blank|&#8221; button_color_type=&#8221;uncode-palette&#8221; uncode_shortcode_id=&#8221;198123&#8243;]HISTORIA ILUSTRADA[\/vc_button][\/vc_column][vc_column width=&#8221;1\/4&#8243;][\/vc_column][\/vc_row][vc_row][vc_column width=&#8221;1\/1&#8243;][vc_column_text uncode_shortcode_id=&#8221;186712&#8243;]<\/p>\n<hr \/>\n<div>\n<div>Con el apoyo del Departament de Cultura.<\/div>\n<\/div>\n<div><a href=\"https:\/\/www.editorialelpirata.com\/wp-content\/uploads\/2024\/11\/Logo-icec.jpg\"><img decoding=\"async\" class=\"alignnone size-medium wp-image-100855\" src=\"https:\/\/www.editorialelpirata.com\/wp-content\/uploads\/2024\/11\/Logo-icec-300x45.jpg\" alt=\"Logo icec complert\" width=\"300\" height=\"45\" title=\"\"><\/a><\/div>\n<p>[\/vc_column_text][\/vc_column][\/vc_row]<\/p>\n<\/div>","protected":false},"excerpt":{"rendered":"<h4>What would you do if somebody told you it was possible to time travel?<\/h4>\n<p>In The Gold of the Incas, the Time Explorers will travel to the Inca Empire during the Inti Raymi festival of 1487.<\/p>\n<div><\/div>\n<div>Author: <a href=\"https:\/\/www.editorialelpirata.com\/jordi-ortiz\/\" target=\"_blank\" rel=\"noopener\">Jordi Ortiz<\/a><\/div>\n<div>Art by:\u00a0 Javi Chaler<\/div>\n","protected":false},"featured_media":103610,"template":"","meta":[],"product_brand":[],"product_cat":[1618,1679,1680,2112,1537,3297,3298],"product_tag":[3299,3350,3351,1564,1597],"class_list":{"0":"post-101557","1":"product","2":"type-product","3":"status-publish","4":"has-post-thumbnail","6":"product_cat-new","7":"product_cat-libros-para-10-anos-en","8":"product_cat-libros-aventuras-en","9":"product_cat-javi-chaler-en","10":"product_cat-libros-para-9-anos-en","11":"product_cat-total-books","12":"product_cat-jordi-ortiz-en-2","13":"product_tag-incas-en","14":"product_tag-explorers","15":"product_tag-children-books-age-8-11-years","16":"product_tag-children-books-en","17":"product_tag-children-stories-en","18":"product_shipping_class-envio-estandar-en","20":"first","21":"instock","22":"shipping-taxable","23":"purchasable","24":"product-type-variable","25":"has-default-attributes"},"_links":{"self":[{"href":"https:\/\/www.editorialelpirata.com\/en\/wp-json\/wp\/v2\/product\/101557","targetHints":{"allow":["GET"]}}],"collection":[{"href":"https:\/\/www.editorialelpirata.com\/en\/wp-json\/wp\/v2\/product"}],"about":[{"href":"https:\/\/www.editorialelpirata.com\/en\/wp-json\/wp\/v2\/types\/product"}],"wp:featuredmedia":[{"embeddable":true,"href":"https:\/\/www.editorialelpirata.com\/en\/wp-json\/wp\/v2\/media\/103610"}],"wp:attachment":[{"href":"https:\/\/www.editorialelpirata.com\/en\/wp-json\/wp\/v2\/media?parent=101557"}],"wp:term":[{"taxonomy":"product_brand","embeddable":true,"href":"https:\/\/www.editorialelpirata.com\/en\/wp-json\/wp\/v2\/product_brand?post=101557"},{"taxonomy":"product_cat","embeddable":true,"href":"https:\/\/www.editorialelpirata.com\/en\/wp-json\/wp\/v2\/product_cat?post=101557"},{"taxonomy":"product_tag","embeddable":true,"href":"https:\/\/www.editorialelpirata.com\/en\/wp-json\/wp\/v2\/product_tag?post=101557"}],"curies":[{"name":"wp","href":"https:\/\/api.w.org\/{rel}","templated":true}]}}