{"id":99824,"date":"2019-09-30T11:08:48","date_gmt":"2019-09-30T11:08:48","guid":{"rendered":"https:\/\/www.editorialelpirata.com\/?post_type=product&#038;p=99824"},"modified":"2025-05-14T09:24:22","modified_gmt":"2025-05-14T09:24:22","slug":"el-tresor-del-pirata","status":"publish","type":"product","link":"https:\/\/www.editorialelpirata.com\/ca\/Producte\/el-tresor-del-pirata\/","title":{"rendered":"EL TRESOR DEL PIRATA"},"content":{"rendered":"<div class=\"wpb-content-wrapper\"><p>[vc_row][vc_column][vc_column_text uncode_shortcode_id=&#8221;157774&#8243;]<\/p>\n<h2>Un llibre ideal per aprendre a llegir en lletra de pal i lligada<\/h2>\n<p>&#8220;<strong>El tresor del pirata<\/strong>&#8220;, \u00e9s un llibre de la col\u00b7lecci\u00f3 &#8220;<strong>Plou i Fa Sol<\/strong>&#8220;.<\/p>\n<p>Explica la hist\u00f2ria d&#8217;en Pere, el pirata de sis anys m\u00e9s valent del Mediterrani.<\/p>\n<p><strong>El text est\u00e0 tant en lletra de pal com en lletra lligada. <\/strong><\/p>\n<p>L&#8217;objectiu \u00e9s ajudar a l&#8217;aprenentatge d&#8217;ambd\u00f3s estils de lletra a la vegada que es passa una bona estona.[\/vc_column_text][\/vc_column][\/vc_row][vc_row][vc_column column_width_percent=&#8221;100&#8243; align_horizontal=&#8221;align_center&#8221; gutter_size=&#8221;3&#8243; overlay_alpha=&#8221;50&#8243; shift_x=&#8221;0&#8243; shift_y=&#8221;0&#8243; shift_y_down=&#8221;0&#8243; z_index=&#8221;0&#8243; medium_width=&#8221;0&#8243; mobile_width=&#8221;0&#8243; width=&#8221;1\/1&#8243; uncode_shortcode_id=&#8221;122127&#8243;][vc_raw_html]JTNDaWZyYW1lJTIwd2lkdGglM0QlMjI2MjBweCUyMiUyMGhlaWdodCUzRCUyMjQwMHB4JTIyJTIwc3JjJTNEJTIyaHR0cHMlM0ElMkYlMkZ3d3cueXVtcHUuY29tJTJGeHglMkZlbWJlZCUyRnZpZXclMkZIR0VEQjAyZnlDalVkY3RRJTIyJTIwZnJhbWVib3JkZXIlM0QlMjIwJTIyJTIwYWxsb3dmdWxsc2NyZWVuJTNEJTIydHJ1ZSUyMiUyMCUyMGFsbG93dHJhbnNwYXJlbmN5JTNEJTIydHJ1ZSUyMiUzRSUzQyUyRmlmcmFtZSUzRQ==[\/vc_raw_html][\/vc_column][\/vc_row][vc_row][vc_column width=&#8221;1\/1&#8243;][vc_column_text uncode_shortcode_id=&#8221;838966&#8243;]<\/p>\n<p><iframe title=\"Apr\u00e8n a llegir amb la COL\u00b7LECCI\u00d3 PLOU I FA SOL\" width=\"840\" height=\"473\" src=\"https:\/\/www.youtube.com\/embed\/490ifwt9dqk?feature=oembed&#038;enablejsapi=1&#038;origin=https:\/\/www.editorialelpirata.com&#038;width=840&#038;height=1000&#038;discover=1\" frameborder=\"0\" allow=\"accelerometer; autoplay; clipboard-write; encrypted-media; gyroscope; picture-in-picture; web-share\" referrerpolicy=\"strict-origin-when-cross-origin\" allowfullscreen><\/iframe><\/p>\n<h3><a href=\"https:\/\/www.editorialelpirata.com\/ca\/llibres-6-anys-lletra-lligada\/\" target=\"_blank\" rel=\"noopener noreferrer\"><b>Disponible tamb\u00e9 en castell\u00e0 en la combinaci\u00f3 de lletra de pal i imprenta<\/b><\/a><\/h3>\n<hr \/>\n<h3>Ara pots aconseguir els nou t\u00edtols amb una <a href=\"https:\/\/www.edicionsdelpirata.cat\/producte\/motxilla-plou-fa-sol-aprendre-a-llegir\/\" target=\"_blank\" rel=\"noopener noreferrer\">motxilla<\/a> de regal<\/h3>\n<p><iframe title=\"Col\u00b7lecci\u00f3 APR\u00c8N A LLEGIR - Amb MOTXILLA de regal!\" width=\"840\" height=\"473\" src=\"https:\/\/www.youtube.com\/embed\/-GCMA-nAl9U?feature=oembed&#038;enablejsapi=1&#038;origin=https:\/\/www.editorialelpirata.com&#038;width=840&#038;height=1000&#038;discover=1\" frameborder=\"0\" allow=\"accelerometer; autoplay; clipboard-write; encrypted-media; gyroscope; picture-in-picture; web-share\" referrerpolicy=\"strict-origin-when-cross-origin\" allowfullscreen><\/iframe><\/p>\n<p>[\/vc_column_text][vc_column_text uncode_shortcode_id=&#8221;641142&#8243;]<\/p>\n<div>\n<div style=\"text-align: left;\">\n<hr \/>\n<p style=\"text-align: left;\">Amb el suport de:<\/p>\n<\/div>\n<\/div>\n<div><a href=\"https:\/\/www.editorialelpirata.com\/wp-content\/uploads\/2024\/11\/Logo-icec.jpg\"><img decoding=\"async\" class=\"alignnone wp-image-100854 size-medium\" src=\"https:\/\/www.editorialelpirata.com\/wp-content\/uploads\/2024\/11\/Logo-icec-300x45.jpg\" alt=\"Logo icec complert\" width=\"300\" height=\"45\" title=\"\"><\/a><\/div>\n<p>[\/vc_column_text][\/vc_column][\/vc_row]<\/p>\n<\/div>","protected":false},"excerpt":{"rendered":"<h3>Apr\u00e8n a llegir amb en Pere el pirata!<\/h3>\n<p>En Pere \u00e9s el pirata de 6 anys m\u00e9s valent del Mediterrani i, tot i que encara no aixeca mig pam de terra, es fa dir Barbanegra, igual que el pirata m\u00e9s perill\u00f3s de la hist\u00f2ria.<br \/>\nAvui, est\u00e0 trist. El seu tresor preferit no hi \u00e9s! Finalment, decideix demanar ajuda a la seva \u00e0via, la Ca\u00e7ataurons.<\/p>\n<p>&nbsp;<\/p>\n<p>Autora: <a href=\"https:\/\/www.edicionsdelpirata.cat\/nuria-cusso\/\" target=\"_blank\" rel=\"noopener noreferrer\">N\u00faria Cuss\u00f3<\/a><\/p>\n<p>Il\u00b7lustrador: <a href=\"https:\/\/www.edicionsdelpirata.cat\/joan-puig-more\/\" target=\"_blank\" rel=\"noopener noreferrer\">Joan Puig Mor\u00e9<\/a><\/p>\n","protected":false},"featured_media":103545,"template":"","meta":[],"product_brand":[],"product_cat":[2123,2133,2354,2858,2117,2118,2121],"product_tag":[2885,2124,2880,2881,2882,2883,2884],"class_list":{"0":"post-99824","1":"product","2":"type-product","3":"status-publish","4":"has-post-thumbnail","6":"product_cat-tots-els-llibres","7":"product_cat-joan-puig-more-illustradors","8":"product_cat-novetats","9":"product_cat-nuria-cusso-escriptors-3","10":"product_cat-llibres-per-6-anys","11":"product_cat-aprendre-a-llegir","12":"product_cat-escriptors","13":"product_tag-pirates-ca","14":"product_tag-primers-lectors","15":"product_tag-aprendre-a-llegir-ca","16":"product_tag-contes-infantils-ca","17":"product_tag-llibres-aventures-ca","18":"product_tag-llibres-pirates-ca","19":"product_tag-nens-pirates-ca","21":"first","22":"instock","23":"shipping-taxable","24":"purchasable","25":"product-type-variable","26":"has-default-attributes"},"_links":{"self":[{"href":"https:\/\/www.editorialelpirata.com\/ca\/wp-json\/wp\/v2\/product\/99824","targetHints":{"allow":["GET"]}}],"collection":[{"href":"https:\/\/www.editorialelpirata.com\/ca\/wp-json\/wp\/v2\/product"}],"about":[{"href":"https:\/\/www.editorialelpirata.com\/ca\/wp-json\/wp\/v2\/types\/product"}],"wp:featuredmedia":[{"embeddable":true,"href":"https:\/\/www.editorialelpirata.com\/ca\/wp-json\/wp\/v2\/media\/103545"}],"wp:attachment":[{"href":"https:\/\/www.editorialelpirata.com\/ca\/wp-json\/wp\/v2\/media?parent=99824"}],"wp:term":[{"taxonomy":"product_brand","embeddable":true,"href":"https:\/\/www.editorialelpirata.com\/ca\/wp-json\/wp\/v2\/product_brand?post=99824"},{"taxonomy":"product_cat","embeddable":true,"href":"https:\/\/www.editorialelpirata.com\/ca\/wp-json\/wp\/v2\/product_cat?post=99824"},{"taxonomy":"product_tag","embeddable":true,"href":"https:\/\/www.editorialelpirata.com\/ca\/wp-json\/wp\/v2\/product_tag?post=99824"}],"curies":[{"name":"wp","href":"https:\/\/api.w.org\/{rel}","templated":true}]}}