{"id":97676,"date":"2025-01-06T12:00:28","date_gmt":"2025-01-06T12:00:28","guid":{"rendered":"https:\/\/www.editorialelpirata.com\/?post_type=product&#038;p=97676"},"modified":"2025-12-15T10:31:19","modified_gmt":"2025-12-15T10:31:19","slug":"qui-te-un-germa-te-un-tresor","status":"publish","type":"product","link":"https:\/\/www.editorialelpirata.com\/ca\/Producte\/qui-te-un-germa-te-un-tresor\/","title":{"rendered":"QUI T\u00c9 UN GERM\u00c0 T\u00c9 UN TRESOR"},"content":{"rendered":"<div class=\"wpb-content-wrapper\"><p>[vc_row][vc_column][vc_column_text]<\/p>\n<p>Qui t\u00e9 un germ\u00e0 t\u00e9 un tresor \u00e9s un conte en catal\u00e0 recomanat per a nens i nenes d\u2019entre 2 i 6 anys per ajudar-los a gestionar l\u2019arribada d\u2019un nou germ\u00e0. Escrit en lletra maj\u00fascula, cosa que fa que sigui un llibre ideal tamb\u00e9 per a primers lectors, incentiva la lectura amb una hist\u00f2ria d\u2019all\u00f2 m\u00e9s tendra.<\/p>\n<p>Explicat a trav\u00e9s d\u2019unes il\u00b7lustracions dolces i plenes de color, \u00e9s el regal ideal per als germans grans o per als pares que acaben de donar la benvinguda a un nou membre de la fam\u00edlia.<\/p>\n<p>El llibre tamb\u00e9 inclou una guia per als pares i mares, amb informaci\u00f3 proporcionada per educadors, psic\u00f2legs i divulgadors infantils, perqu\u00e8 puguin gestionar l\u2019arribada d\u2019un germanet o una germaneta a casa.<\/p>\n<p>La vida de l\u2019Emma canvia del tot quan la Noa, la seva germana petita, arriba a casa. Ja no pot estar sempre a coll dels pares, ja no pot triar el conte d\u2019abans d\u2019anar a dormir i, fins i tot, ha de compartir el berenar! Aix\u00ed que dissenya un pla: embolicar\u00e0 la Noa com si fos un paquet i esperar\u00e0 que alg\u00fa se l\u2019emporti. Per\u00f2 no compta que la trobar\u00e0 a faltar! I \u00e9s que, al final, qui t\u00e9 un germ\u00e0, t\u00e9 un tresor.<\/p>\n<p>Descobreix altres llibres d\u2019Edicions del Pirata:<\/p>\n<p>\u2013 <a href=\"https:\/\/www.edicionsdelpirata.cat\/producte\/meva-familia-especial-contes-valors\/\" target=\"_blank\" rel=\"noopener\">La meva fam\u00edlia \u00e9s especial<\/a><\/p>\n<p>\u2013 <a href=\"https:\/\/www.edicionsdelpirata.cat\/producte\/compte-princesa-pirata-llibres-aventures\/\" target=\"_blank\" rel=\"noopener\">Compte amb la princesa pirata<\/a><\/p>\n<p>\u2013 <a href=\"https:\/\/www.edicionsdelpirata.cat\/producte\/emocions-tots-colors-conte-emocions\/\" target=\"_blank\" rel=\"noopener\">Emocions de tots colors<\/a><\/p>\n<p>\u2013 <a href=\"https:\/\/www.edicionsdelpirata.cat\/producte\/ha-estat-pet-pets\/\" target=\"_blank\" rel=\"noopener\">Ha estat un pet?<\/a><\/p>\n<p>[\/vc_column_text][\/vc_column][\/vc_row][vc_row][vc_column width=&#8221;1\/1&#8243;][vc_column_text uncode_shortcode_id=&#8221;187063&#8243;]<\/p>\n<div>\n<hr \/>\n<\/div>\n<div>Con el apoyo del Departament de Cultura.<\/div>\n<p><a href=\"https:\/\/www.editorialelpirata.com\/wp-content\/uploads\/2024\/11\/Logo-icec.jpg\"><img decoding=\"async\" class=\"alignnone size-medium wp-image-100853\" src=\"https:\/\/www.editorialelpirata.com\/wp-content\/uploads\/2024\/11\/Logo-icec-300x45.jpg\" alt=\"Logo icec complert\" width=\"300\" height=\"45\" title=\"\" srcset=\"https:\/\/www.editorialelpirata.com\/wp-content\/uploads\/2024\/11\/Logo-icec-300x45.jpg 300w, https:\/\/www.editorialelpirata.com\/wp-content\/uploads\/2024\/11\/Logo-icec-1024x155.jpg 1024w, https:\/\/www.editorialelpirata.com\/wp-content\/uploads\/2024\/11\/Logo-icec-768x116.jpg 768w, https:\/\/www.editorialelpirata.com\/wp-content\/uploads\/2024\/11\/Logo-icec-350x53.jpg 350w, https:\/\/www.editorialelpirata.com\/wp-content\/uploads\/2024\/11\/Logo-icec-64x10.jpg 64w, https:\/\/www.editorialelpirata.com\/wp-content\/uploads\/2024\/11\/Logo-icec.jpg 1252w\" sizes=\"(max-width: 300px) 100vw, 300px\" \/><\/a>[\/vc_column_text][\/vc_column][\/vc_row]<\/p>\n<\/div>","protected":false},"excerpt":{"rendered":"<p><strong><em>Qui t\u00e9 un germ\u00e0 t\u00e9 un tresor<\/em><\/strong> \u00e9s un conte en catal\u00e0 recomanat per a nens i nenes d\u2019entre 2 i 6 anys per ajudar-los a gestionar l\u2019arribada d\u2019un nou germ\u00e0.<\/p>\n<h3><\/h3>\n<p>Autor: <a href=\"https:\/\/www.edicionsdelpirata.cat\/laia-guerrero\/\" target=\"_blank\" rel=\"noopener\">Laia Guerrero<\/a><\/p>\n","protected":false},"featured_media":97677,"template":"","meta":[],"product_brand":[],"product_cat":[3237,3238,2354],"product_tag":[3157,3158,3154,3155,3156],"class_list":{"0":"post-97676","1":"product","2":"type-product","3":"status-publish","4":"has-post-thumbnail","6":"product_cat-libros-de-2-a-5-anos","7":"product_cat-laia-guerrero-ca","8":"product_cat-novetats","9":"product_tag-llibres-nens-ca-2","10":"product_tag-llibres-jugar-ca-2","11":"product_tag-aprendre-jugant-ca-2","12":"product_tag-libres-infantils","13":"product_tag-jocs-infantils-ca-2","14":"product_shipping_class-envio-estandar-ca-2","16":"first","17":"instock","18":"shipping-taxable","19":"purchasable","20":"product-type-variable","21":"has-default-attributes"},"_links":{"self":[{"href":"https:\/\/www.editorialelpirata.com\/ca\/wp-json\/wp\/v2\/product\/97676","targetHints":{"allow":["GET"]}}],"collection":[{"href":"https:\/\/www.editorialelpirata.com\/ca\/wp-json\/wp\/v2\/product"}],"about":[{"href":"https:\/\/www.editorialelpirata.com\/ca\/wp-json\/wp\/v2\/types\/product"}],"wp:featuredmedia":[{"embeddable":true,"href":"https:\/\/www.editorialelpirata.com\/ca\/wp-json\/wp\/v2\/media\/97677"}],"wp:attachment":[{"href":"https:\/\/www.editorialelpirata.com\/ca\/wp-json\/wp\/v2\/media?parent=97676"}],"wp:term":[{"taxonomy":"product_brand","embeddable":true,"href":"https:\/\/www.editorialelpirata.com\/ca\/wp-json\/wp\/v2\/product_brand?post=97676"},{"taxonomy":"product_cat","embeddable":true,"href":"https:\/\/www.editorialelpirata.com\/ca\/wp-json\/wp\/v2\/product_cat?post=97676"},{"taxonomy":"product_tag","embeddable":true,"href":"https:\/\/www.editorialelpirata.com\/ca\/wp-json\/wp\/v2\/product_tag?post=97676"}],"curies":[{"name":"wp","href":"https:\/\/api.w.org\/{rel}","templated":true}]}}