{"id":97665,"date":"2024-11-05T12:44:24","date_gmt":"2024-11-05T12:44:24","guid":{"rendered":"https:\/\/www.editorialelpirata.com\/?post_type=product&#038;p=97665"},"modified":"2025-12-16T12:21:36","modified_gmt":"2025-12-16T12:21:36","slug":"basquet-prodigis-misteri","status":"publish","type":"product","link":"https:\/\/www.editorialelpirata.com\/ca\/Producte\/basquet-prodigis-misteri\/","title":{"rendered":"Els B\u00e0squet Prodigis 2- EL MISTERI DELS JOVES D\u2019OR"},"content":{"rendered":"<div class=\"wpb-content-wrapper\"><p>[vc_row][vc_column][vc_column_text uncode_shortcode_id=&#8221;213461&#8243;]El b\u00e0squet mai havia estat tan divertit! Coneix els B\u00e0squet Prodigis, l\u2019equip de b\u00e0squet m\u00e9s ins\u00f2lit que puguis imaginar: encara que els B\u00e0squet Prodigis estan molt lluny de ser el millor equip, la seva amistat i humor inunda les seves novel\u00b7les.[\/vc_column_text][vc_column_text uncode_shortcode_id=&#8221;968821&#8243;]\u00abEls B\u00e0squet Prodigis\u00bb \u00e9s una col\u00b7lecci\u00f3 sobre b\u00e0squet amb molt d\u2019humor, protagonitzada per un grup de nois i noies de nou anys que van al mateix col\u00b7legi. No cal ser un expert en b\u00e0squet per gaudir amb les esbojarrades aventures d\u2019en Joel i els seus amics!<br \/>\nTotes les p\u00e0gines tenen il\u00b7lustracions a color i hi ha di\u00e0legs en bafarades de c\u00f2mic. El ritme de la lectura \u00e9s trepidant i ple d\u2019humor. Es recomana per a nens i nenes de 8 a 11 anys.<br \/>\nA El misteri dels Joves d\u2019Or, en Joel i els seus amics s\u2019enfrontaran als Joves d\u2019Or en un campionat a partit \u00fanic. Per\u00f2 es trobaran amb un gran problema: els B\u00e0squet Prodigis no tenen ni idea de qui s\u00f3n els Joves d\u2019Or i, si no guanyen el campionat, desapareixeran per sempre. Seran capa\u00e7os de v\u00e8ncer l\u2019equip misteri\u00f3s?<br \/>\nEls t\u00edtols de la col\u00b7lecci\u00f3 els ports veure<a href=\"https:\/\/www.editorialelpirata.com\/ca\/els-basquet-prodigis\/\" target=\"_blank\" rel=\"noopener\"> en aquesta p\u00e0gina.\u00a0<\/a>[\/vc_column_text][vc_row_inner][vc_column_inner width=&#8221;1\/4&#8243;][\/vc_column_inner][vc_column_inner width=&#8221;1\/2&#8243;][vc_raw_html]PGlmcmFtZSBzcmM9Imh0dHBzOi8vd3d3Lnl1bXB1LmNvbS94eC9lbWJlZC92aWV3L0JXelJJVW5haWRyOEw1SmwiIHdpZHRoPSI1MTJweCIgaGVpZ2h0PSIzODRweCIgZnJhbWVib3JkZXI9IjAiIGFsbG93ZnVsbHNjcmVlbj0iYWxsb3dmdWxsc2NyZWVuIj48L2lmcmFtZT4=[\/vc_raw_html][\/vc_column_inner][vc_column_inner width=&#8221;1\/4&#8243;][\/vc_column_inner][\/vc_row_inner][\/vc_column][\/vc_row][vc_row][vc_column width=&#8221;1\/1&#8243;][vc_column_text uncode_shortcode_id=&#8221;617297&#8243;]<\/p>\n<hr \/>\n<div>\n<div>Amb el suport de:<\/div>\n<\/div>\n<div><a href=\"https:\/\/www.editorialelpirata.com\/wp-content\/uploads\/2024\/11\/Logo-icec.jpg\"><img decoding=\"async\" class=\"alignnone size-medium wp-image-100853\" src=\"https:\/\/www.editorialelpirata.com\/wp-content\/uploads\/2024\/11\/Logo-icec-300x45.jpg\" alt=\"Logo icec complert\" width=\"300\" height=\"45\" title=\"\" srcset=\"https:\/\/www.editorialelpirata.com\/wp-content\/uploads\/2024\/11\/Logo-icec-300x45.jpg 300w, https:\/\/www.editorialelpirata.com\/wp-content\/uploads\/2024\/11\/Logo-icec-1024x155.jpg 1024w, https:\/\/www.editorialelpirata.com\/wp-content\/uploads\/2024\/11\/Logo-icec-768x116.jpg 768w, https:\/\/www.editorialelpirata.com\/wp-content\/uploads\/2024\/11\/Logo-icec-350x53.jpg 350w, https:\/\/www.editorialelpirata.com\/wp-content\/uploads\/2024\/11\/Logo-icec-64x10.jpg 64w, https:\/\/www.editorialelpirata.com\/wp-content\/uploads\/2024\/11\/Logo-icec.jpg 1252w\" sizes=\"(max-width: 300px) 100vw, 300px\" \/><\/a><\/div>\n<p>[\/vc_column_text][\/vc_column][\/vc_row]<\/p>\n<\/div>","protected":false},"excerpt":{"rendered":"<h2>El b\u00e0squet mai havia estat tan divertit!<\/h2>\n<p>\u00abEls B\u00e0squet Prodigis\u00bb \u00e9s una col\u00b7lecci\u00f3 sobre <strong>b\u00e0squet amb molt d\u2019humor<\/strong>, protagonitzada per un grup de nois i noies de nou anys que van al mateix col\u00b7legi. No cal ser un expert en b\u00e0squet per gaudir amb les esbojarrades aventures d\u2019en Joel i els seus amics!<\/p>\n<p>Un llibre de b\u00e0squet a partir de 8 anys, pensat per a nenes i nens.<\/p>\n<p>&nbsp;<\/p>\n<p>Autor: <a href=\"https:\/\/www.edicionsdelpirata.cat\/alberto-casamayor\/\" target=\"_blank\" rel=\"noopener\">Alberto Casamayor<\/a><br \/>\nIl\u00b7lustradors: <a href=\"https:\/\/www.edicionsdelpirata.cat\/contes\/escriptors\/josep-carrasco-kako\/\" target=\"_blank\" rel=\"noopener\">Palma &amp; Kako<\/a><\/p>\n","protected":false},"featured_media":97666,"template":"","meta":[],"product_brand":[],"product_cat":[3148,2878,3275,2879,3276,2960,3277,3303,3278,3195,2123,2164,2170,2328,2354,2377,3274],"product_tag":[3285,3286,3287,3279,3216,3280,3281,3282,3283,3284],"class_list":{"0":"post-97665","1":"product","2":"type-product","3":"status-publish","4":"has-post-thumbnail","6":"product_cat-llibres-de-4-a-7-anys-ca","7":"product_cat-alberto-casamayor-escriptors","8":"product_cat-llibres-per-9-anys-ca","9":"product_cat-josep-carrasco","10":"product_cat-josep-carrasco-kako-ca","11":"product_cat-llibres-humor-2","12":"product_cat-pepe-palma-ca","13":"product_cat-llibre-per-7-anys","14":"product_cat-alberto-casamayor-ca","15":"product_cat-tots-els-llibres-ca","16":"product_cat-tots-els-llibres","17":"product_cat-llibres-per-8-anys","18":"product_cat-llibres-per-10-anys","19":"product_cat-llibres-per-9-anys","20":"product_cat-novetats","21":"product_cat-pepe-palma-illustradors","22":"product_cat-llibres-per-10-anys-ca","23":"product_tag-llibres-infantils-8-anys","24":"product_tag-basket-nens","25":"product_tag-basquet-9-anys-llibre","26":"product_tag-llibres-9-anys-ca-2","27":"product_tag-basquet","28":"product_tag-llibres-humor-ca-2","29":"product_tag-basket-ca","30":"product_tag-esports","31":"product_tag-llibres-humor-nen","32":"product_tag-llibres-basquet-nens","33":"product_shipping_class-envio-estandar-ca-2","35":"first","36":"instock","37":"shipping-taxable","38":"purchasable","39":"product-type-variable","40":"has-default-attributes"},"_links":{"self":[{"href":"https:\/\/www.editorialelpirata.com\/ca\/wp-json\/wp\/v2\/product\/97665","targetHints":{"allow":["GET"]}}],"collection":[{"href":"https:\/\/www.editorialelpirata.com\/ca\/wp-json\/wp\/v2\/product"}],"about":[{"href":"https:\/\/www.editorialelpirata.com\/ca\/wp-json\/wp\/v2\/types\/product"}],"wp:featuredmedia":[{"embeddable":true,"href":"https:\/\/www.editorialelpirata.com\/ca\/wp-json\/wp\/v2\/media\/97666"}],"wp:attachment":[{"href":"https:\/\/www.editorialelpirata.com\/ca\/wp-json\/wp\/v2\/media?parent=97665"}],"wp:term":[{"taxonomy":"product_brand","embeddable":true,"href":"https:\/\/www.editorialelpirata.com\/ca\/wp-json\/wp\/v2\/product_brand?post=97665"},{"taxonomy":"product_cat","embeddable":true,"href":"https:\/\/www.editorialelpirata.com\/ca\/wp-json\/wp\/v2\/product_cat?post=97665"},{"taxonomy":"product_tag","embeddable":true,"href":"https:\/\/www.editorialelpirata.com\/ca\/wp-json\/wp\/v2\/product_tag?post=97665"}],"curies":[{"name":"wp","href":"https:\/\/api.w.org\/{rel}","templated":true}]}}