{"id":97660,"date":"2024-11-06T13:44:04","date_gmt":"2024-11-06T13:44:04","guid":{"rendered":"https:\/\/www.editorialelpirata.com\/?post_type=product&#038;p=97660"},"modified":"2025-12-15T10:37:14","modified_gmt":"2025-12-15T10:37:14","slug":"lelefant-pep-sen-va-a-dormir","status":"publish","type":"product","link":"https:\/\/www.editorialelpirata.com\/ca\/Producte\/lelefant-pep-sen-va-a-dormir\/","title":{"rendered":"L\u2019ELEFANT PEP S\u2019EN VA A DORMIR"},"content":{"rendered":"<div class=\"wpb-content-wrapper\"><p>[vc_row][vc_column][vc_column_text uncode_shortcode_id=&#8221;166659&#8243;]L\u2019elefant Pep se\u2019n va a dormir \u00e9s un llibre molt original on a cada p\u00e0gina, si aixeques la solapa, veur\u00e0s el que s\u2019ha de fer mentre es llegeix el conte. Gestos, soroll i molt m\u00e9s aconseguiran que els infants de 2 a 4 anys i els adults s\u2019ho passin pipa!<\/p>\n<p>[\/vc_column_text][\/vc_column][\/vc_row][vc_row][vc_column width=&#8221;2\/3&#8243;][vc_single_image media=&#8221;105251&#8243; media_width_percent=&#8221;100&#8243; uncode_shortcode_id=&#8221;182732&#8243;][\/vc_column][vc_column width=&#8221;1\/3&#8243;][\/vc_column][\/vc_row][vc_row][vc_column width=&#8221;1\/1&#8243;][vc_column_text uncode_shortcode_id=&#8221;114043&#8243;]<\/p>\n<div>Amb el suport de :<\/div>\n<p>[\/vc_column_text][\/vc_column][\/vc_row]<\/p>\n<\/div>","protected":false},"excerpt":{"rendered":"<p><strong><em>L\u2019elefant Pep se\u2019n va a dormir<\/em> <\/strong>\u00e9s un llibre molt original on a cada p\u00e0gina, si aixeques la <strong>solapa<\/strong>, veur\u00e0s el que s\u2019ha de fer <strong>mentre es llegeix el conte.\u00a0<\/strong><\/p>\n<p>&nbsp;<\/p>\n<p>Autor:<strong> Miquel Torruella<\/strong><br \/>\nIl\u00b7lustradora: <strong>Aina Pongiluppi Gomila<\/strong><\/p>\n","protected":false},"featured_media":97661,"template":"","meta":[],"product_brand":[],"product_cat":[3195,2123,3237,2333,2354,3301,2356,3302,3149,3442],"product_tag":[3154,3155],"class_list":{"0":"post-97660","1":"product","2":"type-product","3":"status-publish","4":"has-post-thumbnail","6":"product_cat-tots-els-llibres-ca","7":"product_cat-tots-els-llibres","8":"product_cat-libros-de-2-a-5-anos","9":"product_cat-llibres-per-a-explicar","10":"product_cat-novetats","11":"product_cat-miquel-torruella-ca","12":"product_cat-contes-2-a-5-anys","13":"product_cat-aina-pongiluppi-ca","14":"product_cat-llibres-de-3-a-6-anys-ca","15":"product_cat-contes-per-explicar","16":"product_tag-aprendre-jugant-ca-2","17":"product_tag-libres-infantils","18":"product_shipping_class-envio-estandar-ca-2","20":"first","21":"instock","22":"shipping-taxable","23":"purchasable","24":"product-type-variable","25":"has-default-attributes"},"_links":{"self":[{"href":"https:\/\/www.editorialelpirata.com\/ca\/wp-json\/wp\/v2\/product\/97660","targetHints":{"allow":["GET"]}}],"collection":[{"href":"https:\/\/www.editorialelpirata.com\/ca\/wp-json\/wp\/v2\/product"}],"about":[{"href":"https:\/\/www.editorialelpirata.com\/ca\/wp-json\/wp\/v2\/types\/product"}],"wp:featuredmedia":[{"embeddable":true,"href":"https:\/\/www.editorialelpirata.com\/ca\/wp-json\/wp\/v2\/media\/97661"}],"wp:attachment":[{"href":"https:\/\/www.editorialelpirata.com\/ca\/wp-json\/wp\/v2\/media?parent=97660"}],"wp:term":[{"taxonomy":"product_brand","embeddable":true,"href":"https:\/\/www.editorialelpirata.com\/ca\/wp-json\/wp\/v2\/product_brand?post=97660"},{"taxonomy":"product_cat","embeddable":true,"href":"https:\/\/www.editorialelpirata.com\/ca\/wp-json\/wp\/v2\/product_cat?post=97660"},{"taxonomy":"product_tag","embeddable":true,"href":"https:\/\/www.editorialelpirata.com\/ca\/wp-json\/wp\/v2\/product_tag?post=97660"}],"curies":[{"name":"wp","href":"https:\/\/api.w.org\/{rel}","templated":true}]}}