{"id":97656,"date":"2025-01-04T14:37:06","date_gmt":"2024-10-08T16:49:41","guid":{"rendered":"https:\/\/www.editorialelpirata.com\/?post_type=product&#038;p=97656"},"modified":"2025-09-17T10:22:41","modified_gmt":"2025-09-17T10:22:41","slug":"el-gran-llibre-joc-de-lespai","status":"publish","type":"product","link":"https:\/\/www.editorialelpirata.com\/ca\/Producte\/el-gran-llibre-joc-de-lespai\/","title":{"rendered":"EL GRAN LLIBRE JOC DE L&#8217;ESPAI"},"content":{"rendered":"<div class=\"wpb-content-wrapper\"><p>[vc_row][vc_column][vc_column_text uncode_shortcode_id=&#8221;904426&#8243;]<\/p>\n<h1>\u00a1Tres juegos en un solo libro!<\/h1>\n<p>En este sorprendente libro de juegos, los ni\u00f1os pueden jugar a\u00a0<strong>tres juegos distintos\u00a0<\/strong>en cada ilustraci\u00f3n, mientras aprenden cosas muy interesantes sobre algunos de los ingenieros y cient\u00edficos que han hecho grandes contribuciones a la ciencia.<\/p>\n<p>Las hojas <strong>de cart\u00f3n<\/strong> y las dimensiones enormes del libro, 27 \u00d7 37 cm, permiten que este se quede de pie y varios ni\u00f1os, uno al lado de otro, puedan jugar simult\u00e1neamente. En cada doble p\u00e1gina hay una ilustraci\u00f3n enorme y a todo color llena de detalles donde <strong>se puede jugar de tres formas<\/strong>:<\/p>\n<p>1)<strong> Para los m\u00e1s peque\u00f1os<\/strong>: buscar objetos dentro de las ilustraciones. A partir de 3-4 a\u00f1os.<\/p>\n<p>2)<strong> Para los medianos<\/strong>: encontrar 10 objetos que empiecen por la misma letra. A partir de 5-6 a\u00f1os.<\/p>\n<p>3)<strong> Para los grandes<\/strong>: buscar 10 personajes escondidos o personajes repetidos. A partir de 7-8 a\u00f1os.[\/vc_column_text][\/vc_column][\/vc_row][vc_row][vc_column column_width_percent=&#8221;100&#8243; align_horizontal=&#8221;align_center&#8221; gutter_size=&#8221;3&#8243; overlay_alpha=&#8221;50&#8243; shift_x=&#8221;0&#8243; shift_y=&#8221;0&#8243; shift_y_down=&#8221;0&#8243; z_index=&#8221;0&#8243; medium_width=&#8221;0&#8243; mobile_width=&#8221;0&#8243; width=&#8221;1\/4&#8243; uncode_shortcode_id=&#8221;188503&#8243;][vc_column_text uncode_shortcode_id=&#8221;135776&#8243;]<\/p>\n<h3>Echa un vistazo al interior:<\/h3>\n<p>[\/vc_column_text][\/vc_column][vc_column width=&#8221;3\/4&#8243;][vc_raw_html]JTNDaWZyYW1lJTIwd2lkdGglM0QlMjI1MTJweCUyMiUyMGhlaWdodCUzRCUyMjM4NHB4JTIyJTIwc3JjJTNEJTIyaHR0cHMlM0ElMkYlMkZ3d3cueXVtcHUuY29tJTJGZXMlMkZlbWJlZCUyRnZpZXclMkZrYjQ2Z1V3NTF1M0pNY1hkJTIyJTIwZnJhbWVib3JkZXIlM0QlMjIwJTIyJTIwYWxsb3dmdWxsc2NyZWVuJTNEJTIydHJ1ZSUyMiUyMGFsbG93dHJhbnNwYXJlbmN5JTNEJTIydHJ1ZSUyMiUzRSUzQyUyRmlmcmFtZSUzRSUyMCUyMCUyMCUyMCUyMCUyMCUyMCUyMCUyMCUyMCUyMCUyMCUyMCUyMCUyMCUyMCUyMCUyMCUyMCUyMCUyMCUyMCUyMCUyMCUyMCUyMCUyMCUyMCUyMCUyMCUyMCUyMCUyMCUyMCUyMCUyMCUyMCUyMCUyMCUyMCUyMCUyMCUyMCUyMCUyMCUyMCUyMCUyMCUyMCUyMCUyMCUyMA==[\/vc_raw_html][\/vc_column][\/vc_row][vc_row][vc_column width=&#8221;1\/1&#8243;][vc_column_text uncode_shortcode_id=&#8221;679005&#8243;]<\/p>\n<hr \/>\n<p>Un divertid\u00edsimo libro-juego en carton\u00e9, en el que ni\u00f1os de tres niveles distintos podr\u00e1n divertirse buscando conceptos espec\u00edficos en <strong>espectaculares ilustraciones cargadas de detalles y de humor<\/strong>.<\/p>\n<p>\u00a1Varios hermanos pueden disfrutar de un mismo libro y jugar juntos sin importar su edad!<\/p>\n<h3>\u00a1Y una vez que hayan jugado, pueden encontrar las soluciones para ver si lo han hecho bien, adem\u00e1s de una buena lista de curiosidades sobre personajes destacados por su relaci\u00f3n con el espacio:\u00a0 Kitty O\u2019Brien,Neil Armstrong&#8230;\u00a0 \u00a1y muchos m\u00e1s!<\/h3>\n<p>[\/vc_column_text][\/vc_column][\/vc_row][vc_row][vc_column column_width_percent=&#8221;100&#8243; align_horizontal=&#8221;align_center&#8221; gutter_size=&#8221;3&#8243; overlay_alpha=&#8221;50&#8243; shift_x=&#8221;0&#8243; shift_y=&#8221;0&#8243; shift_y_down=&#8221;0&#8243; z_index=&#8221;0&#8243; medium_width=&#8221;0&#8243; mobile_width=&#8221;0&#8243; width=&#8221;1\/1&#8243; uncode_shortcode_id=&#8221;598657&#8243;][vc_button button_color=&#8221;color-210407&#8243; border_width=&#8221;0&#8243; link=&#8221;url:https%3A%2F%2Fdrive.google.com%2Ffile%2Fd%2F1fHYMvxI1vh9Zk1dnNujgqC_JJT1Ebtk4%2Fview%3Fusp%3Dsharing|title:Solucionario%20Espacio|target:_blank|&#8221; button_color_type=&#8221;uncode-palette&#8221; uncode_shortcode_id=&#8221;189900&#8243;]Ver el solucionario[\/vc_button][\/vc_column][\/vc_row][vc_row][vc_column width=&#8221;1\/1&#8243;][vc_column_text uncode_shortcode_id=&#8221;228296&#8243;]<\/p>\n<div>Con el apoyo del Departament de Cultura.<\/div>\n<p><a href=\"https:\/\/www.editorialelpirata.com\/wp-content\/uploads\/2024\/11\/Logo-icec.jpg\"><img decoding=\"async\" class=\"alignnone size-medium wp-image-100853\" src=\"https:\/\/www.editorialelpirata.com\/wp-content\/uploads\/2024\/11\/Logo-icec-300x45.jpg\" alt=\"Logo icec complert\" width=\"300\" height=\"45\" title=\"\" srcset=\"https:\/\/www.editorialelpirata.com\/wp-content\/uploads\/2024\/11\/Logo-icec-300x45.jpg 300w, https:\/\/www.editorialelpirata.com\/wp-content\/uploads\/2024\/11\/Logo-icec-1024x155.jpg 1024w, https:\/\/www.editorialelpirata.com\/wp-content\/uploads\/2024\/11\/Logo-icec-768x116.jpg 768w, https:\/\/www.editorialelpirata.com\/wp-content\/uploads\/2024\/11\/Logo-icec-350x53.jpg 350w, https:\/\/www.editorialelpirata.com\/wp-content\/uploads\/2024\/11\/Logo-icec-64x10.jpg 64w, https:\/\/www.editorialelpirata.com\/wp-content\/uploads\/2024\/11\/Logo-icec.jpg 1252w\" sizes=\"(max-width: 300px) 100vw, 300px\" \/><\/a>[\/vc_column_text][\/vc_column][\/vc_row]<\/p>\n<\/div>","protected":false},"excerpt":{"rendered":"<p>Un viatge d\u2019anada i tornada a l\u2019espai. Tres nivells diferents per buscar i trobar.<\/p>\n<p>Inclou jocs de buscar i trobar de diferents nivells.<\/p>\n<p>Perfecte per compartir-lo i comen\u00e7ar a con\u00e8ixer alguns dels enginyers i cient\u00edfics que han fet grans contribucions a la ci\u00e8ncia.<\/p>\n<p>&nbsp;<\/p>\n<p>Autor: <a href=\"https:\/\/www.edicionsdelpirata.cat\/joan-subirana-queralt\/\" target=\"_blank\" rel=\"noopener noreferrer\">Subi<\/a><\/p>\n","protected":false},"featured_media":97657,"template":"","meta":[],"product_brand":[],"product_cat":[3148,3149,3150,3151,3152,2354],"product_tag":[3154,3155,3156,3157,3158],"class_list":{"0":"post-97656","1":"product","2":"type-product","3":"status-publish","4":"has-post-thumbnail","6":"product_cat-llibres-de-4-a-7-anys-ca","7":"product_cat-llibres-de-3-a-6-anys-ca","8":"product_cat-llibres-joc-ca","9":"product_cat-joan-subirana-queralt-ca","10":"product_cat-llibres-de-passatemps-ca","11":"product_cat-novetats","12":"product_tag-aprendre-jugant-ca-2","13":"product_tag-libres-infantils","14":"product_tag-jocs-infantils-ca-2","15":"product_tag-llibres-nens-ca-2","16":"product_tag-llibres-jugar-ca-2","17":"product_shipping_class-envio-estandar-ca-2","19":"first","20":"instock","21":"shipping-taxable","22":"purchasable","23":"product-type-variable","24":"has-default-attributes"},"_links":{"self":[{"href":"https:\/\/www.editorialelpirata.com\/ca\/wp-json\/wp\/v2\/product\/97656","targetHints":{"allow":["GET"]}}],"collection":[{"href":"https:\/\/www.editorialelpirata.com\/ca\/wp-json\/wp\/v2\/product"}],"about":[{"href":"https:\/\/www.editorialelpirata.com\/ca\/wp-json\/wp\/v2\/types\/product"}],"wp:featuredmedia":[{"embeddable":true,"href":"https:\/\/www.editorialelpirata.com\/ca\/wp-json\/wp\/v2\/media\/97657"}],"wp:attachment":[{"href":"https:\/\/www.editorialelpirata.com\/ca\/wp-json\/wp\/v2\/media?parent=97656"}],"wp:term":[{"taxonomy":"product_brand","embeddable":true,"href":"https:\/\/www.editorialelpirata.com\/ca\/wp-json\/wp\/v2\/product_brand?post=97656"},{"taxonomy":"product_cat","embeddable":true,"href":"https:\/\/www.editorialelpirata.com\/ca\/wp-json\/wp\/v2\/product_cat?post=97656"},{"taxonomy":"product_tag","embeddable":true,"href":"https:\/\/www.editorialelpirata.com\/ca\/wp-json\/wp\/v2\/product_tag?post=97656"}],"curies":[{"name":"wp","href":"https:\/\/api.w.org\/{rel}","templated":true}]}}