{"id":97651,"date":"2025-01-04T14:39:16","date_gmt":"2025-01-04T14:39:16","guid":{"rendered":"https:\/\/www.editorialelpirata.com\/?post_type=product&#038;p=97651"},"modified":"2025-12-09T11:12:02","modified_gmt":"2025-12-09T11:12:02","slug":"el-gran-llibre-joc-de-nadal","status":"publish","type":"product","link":"https:\/\/www.editorialelpirata.com\/ca\/Producte\/el-gran-llibre-joc-de-nadal\/","title":{"rendered":"EL GRAN LLIBRE JOC DEL NADAL"},"content":{"rendered":"<div class=\"wpb-content-wrapper\"><p>[vc_row][vc_column][vc_column_text uncode_shortcode_id=&#8221;372494&#8243;]<\/p>\n<h1>\u00a1Tres jocs en un sol llibre!<\/h1>\n<p><strong>El gran llibre joc de Nadal<\/strong> \u00e9s un llibre joc enorme amb unes il\u00b7lustracions espectaculars i plenes de detalls.<br \/>\nInclou jocs per a diferents edats, cosa que permet que el nen o la nena el pugui fer servir durant uns quants anys, a mesura que va creixent, o que nens d\u2019edats diferents puguin jugar simult\u00e0niament, alhora que descobreixen diferents tradicions nadalenques de tot el m\u00f3n.<\/p>\n<p>En cada doble p\u00e0gina hi ha una il\u00b7lustraci\u00f3 enorme i a tot color plena de detalls, i les propostes de joc s\u00f3n diverses segons l\u2019edat dels nens i nenes:<\/p>\n<p><strong>1) Per als m\u00e9s petits:<\/strong> Buscar objectes en les il\u00b7lustracions. A partir de 3-4 anys.<br \/>\n<strong>2) Per als mitjans:<\/strong> Trobar 10 objectes que comencin per la mateixa lletra. A partir de 5-6 anys.<br \/>\n<strong>3) Per als m\u00e9s grans:<\/strong> Buscar 10 objectes inhabituals de l\u2019\u00e8poca, personatges amagats o personatges repetits. A partir de 7-8 anys.<\/p>\n<p><strong>Espais per descobrir un munt de tradicions nadalenques<\/strong> de somni: la f\u00e0brica de regals, la cavalcada de Reis&#8230; i moltes m\u00e9s!<\/p>\n<ul>\n<li>La f\u00e0brica de regals<\/li>\n<li>\u00a0La cavalcada de Reis<\/li>\n<li>\u00a0El mercat de Nadal<\/li>\n<li>\u00a0La casa del Pare Noel<\/li>\n<li>\u00a0El pessebre<\/li>\n<li>\u00a0La nit de Nadal<\/li>\n<\/ul>\n<p>[\/vc_column_text][\/vc_column][\/vc_row][vc_row][vc_column column_width_percent=&#8221;100&#8243; align_horizontal=&#8221;align_center&#8221; gutter_size=&#8221;3&#8243; overlay_alpha=&#8221;50&#8243; shift_x=&#8221;0&#8243; shift_y=&#8221;0&#8243; shift_y_down=&#8221;0&#8243; z_index=&#8221;0&#8243; medium_width=&#8221;0&#8243; mobile_width=&#8221;0&#8243; width=&#8221;1\/1&#8243; uncode_shortcode_id=&#8221;188503&#8243;][vc_column_text uncode_shortcode_id=&#8221;178155&#8243;]<\/p>\n<h2 style=\"text-align: left;\">Descobreix l&#8217;interior del llibre:<\/h2>\n<p>[\/vc_column_text][\/vc_column][\/vc_row][vc_row][vc_column width=&#8221;1\/1&#8243;][vc_raw_html]JTNDaWZyYW1lJTIwd2lkdGglM0QlMjI2MjBweCUyMiUyMGhlaWdodCUzRCUyMjQwMHB4JTIyJTIwc3JjJTNEJTIyaHR0cHMlM0ElMkYlMkZ3d3cueXVtcHUuY29tJTJGeHglMkZlbWJlZCUyRnZpZXclMkZkdzhwak85S3M0cjBSU05BJTIyJTIwZnJhbWVib3JkZXIlM0QlMjIwJTIyJTIwYWxsb3dmdWxsc2NyZWVuJTNEJTIydHJ1ZSUyMiUyMGFsbG93dHJhbnNwYXJlbmN5JTNEJTIydHJ1ZSUyMiUzRSUzQyUyRmlmcmFtZSUzRSUyMCUyMCUyMCUyMCUyMCUyMCUyMCUyMCUyMCUyMCUyMCUyMCUyMCUyMCUyMCUyMCUyMCUyMCUyMCUyMCUyMCUyMCUyMCUyMCUyMCUyMCUyMCUyMCUyMCUyMCUyMCUyMCUyMCUyMCUyMCUyMCUyMCUyMCUyMCUyMCUyMCUyMCUyMCUyMCUyMCUyMCUyMCUyMCUyMCUyMCUyMCUyMCUyMCUyMCUyMCUyMCUyMCUyMCUyMCUyMCUyMCUyMCUyMCUyMCUyMCUyMCUyMCUyMCUyMCUyMCUyMCUyMCUyMCUyMCUyMCUyMCUyMCUyMCUyMCUyMCUyMCUyMCUyMCUyMCUyMCUyMCUyMA==[\/vc_raw_html][\/vc_column][\/vc_row][vc_row][vc_column width=&#8221;1\/1&#8243;][vc_column_text uncode_shortcode_id=&#8221;992138&#8243;]<\/p>\n<hr \/>\n<p>Les p\u00e0gines de cartr\u00f3 i les dimensions enormes del llibre, 27 x 37 cm, permeten que el llibre quedi de peu i que uns quants nens, l\u2019un al costat de l\u2019altre, hi puguin jugar junts.<\/p>\n<p>Un divertid\u00edssim llibre-joc de cartr\u00f3 en qu\u00e8 nens i nenes de tres nivells diferents s\u2019ho passaran d\u2019all\u00f2 m\u00e9s b\u00e9 buscant conceptes espec\u00edfics en <strong>unes il\u00b7lustracions espectaculars, plenes de detalls i d\u2019humor.<\/strong><\/p>\n<p>Diversos germans poden gaudir del mateix llibre i jugar junts, sense importar l\u2019edat!<\/p>\n<p>El llibre inclou un codi QR que redirigir\u00e0 al web d\u2019Edicions del Pirata, on es podran trobar les solucions dels jocs i curiositats de Nadal arreu del m\u00f3n que hi ha representades en les il\u00b7lustracions.<\/p>\n<p>[\/vc_column_text][\/vc_column][\/vc_row][vc_row][vc_column column_width_percent=&#8221;100&#8243; align_horizontal=&#8221;align_center&#8221; gutter_size=&#8221;3&#8243; overlay_alpha=&#8221;50&#8243; shift_x=&#8221;0&#8243; shift_y=&#8221;0&#8243; shift_y_down=&#8221;0&#8243; z_index=&#8221;0&#8243; medium_width=&#8221;0&#8243; mobile_width=&#8221;0&#8243; width=&#8221;1\/1&#8243; uncode_shortcode_id=&#8221;598657&#8243;][vc_button button_color=&#8221;color-210407&#8243; border_width=&#8221;0&#8243; link=&#8221;url:https%3A%2F%2Fwww.editorialelpirata.com%2Fca%2Fsolucionari-llibre-nadal%2F|title:Solucionario%20Navidad|target:_blank|&#8221; button_color_type=&#8221;uncode-palette&#8221; uncode_shortcode_id=&#8221;753420&#8243;]Ves al solucionari[\/vc_button][\/vc_column][\/vc_row][vc_row][vc_column width=&#8221;1\/1&#8243;][vc_column_text uncode_shortcode_id=&#8221;530506&#8243;]<\/p>\n<div>Amb el suport de:<\/div>\n<p><a href=\"https:\/\/www.editorialelpirata.com\/wp-content\/uploads\/2024\/11\/Logo-icec.jpg\"><img decoding=\"async\" class=\"alignnone size-medium wp-image-100853\" src=\"https:\/\/www.editorialelpirata.com\/wp-content\/uploads\/2024\/11\/Logo-icec-300x45.jpg\" alt=\"Logo icec complert\" width=\"300\" height=\"45\" title=\"\" srcset=\"https:\/\/www.editorialelpirata.com\/wp-content\/uploads\/2024\/11\/Logo-icec-300x45.jpg 300w, https:\/\/www.editorialelpirata.com\/wp-content\/uploads\/2024\/11\/Logo-icec-1024x155.jpg 1024w, https:\/\/www.editorialelpirata.com\/wp-content\/uploads\/2024\/11\/Logo-icec-768x116.jpg 768w, https:\/\/www.editorialelpirata.com\/wp-content\/uploads\/2024\/11\/Logo-icec-350x53.jpg 350w, https:\/\/www.editorialelpirata.com\/wp-content\/uploads\/2024\/11\/Logo-icec-64x10.jpg 64w, https:\/\/www.editorialelpirata.com\/wp-content\/uploads\/2024\/11\/Logo-icec.jpg 1252w\" sizes=\"(max-width: 300px) 100vw, 300px\" \/><\/a>[\/vc_column_text][\/vc_column][\/vc_row]<\/p>\n<\/div>","protected":false},"excerpt":{"rendered":"<h3>Un llibre joc per a divertir-se i aprendre curiositats sobre Nadal.<\/h3>\n<p>Amb les magn\u00edfiques il\u00b7lustracions de Subi, els nens s&#8217;ho passaran en gran jugant mentre aprenen sobre Nadal.<\/p>\n<p>&nbsp;<\/p>\n<p>Autor: Subi<\/p>\n","protected":false},"featured_media":97652,"template":"","meta":[],"product_brand":[],"product_cat":[3685,3152,2123,2335,2354,3195,3148,3149,3150,3151],"product_tag":[3154,3155,3156,3157,3158],"class_list":{"0":"post-97651","1":"product","2":"type-product","3":"status-publish","4":"has-post-thumbnail","6":"product_cat-llibres-per-jugar-ca","7":"product_cat-llibres-de-passatemps-ca","8":"product_cat-tots-els-llibres","9":"product_cat-llibres-joc","10":"product_cat-novetats","11":"product_cat-tots-els-llibres-ca","12":"product_cat-llibres-de-4-a-7-anys-ca","13":"product_cat-llibres-de-3-a-6-anys-ca","14":"product_cat-llibres-joc-ca","15":"product_cat-joan-subirana-queralt-ca","16":"product_tag-aprendre-jugant-ca-2","17":"product_tag-libres-infantils","18":"product_tag-jocs-infantils-ca-2","19":"product_tag-llibres-nens-ca-2","20":"product_tag-llibres-jugar-ca-2","21":"product_shipping_class-envio-estandar-ca-2","23":"first","24":"instock","25":"shipping-taxable","26":"purchasable","27":"product-type-variable","28":"has-default-attributes"},"_links":{"self":[{"href":"https:\/\/www.editorialelpirata.com\/ca\/wp-json\/wp\/v2\/product\/97651","targetHints":{"allow":["GET"]}}],"collection":[{"href":"https:\/\/www.editorialelpirata.com\/ca\/wp-json\/wp\/v2\/product"}],"about":[{"href":"https:\/\/www.editorialelpirata.com\/ca\/wp-json\/wp\/v2\/types\/product"}],"wp:featuredmedia":[{"embeddable":true,"href":"https:\/\/www.editorialelpirata.com\/ca\/wp-json\/wp\/v2\/media\/97652"}],"wp:attachment":[{"href":"https:\/\/www.editorialelpirata.com\/ca\/wp-json\/wp\/v2\/media?parent=97651"}],"wp:term":[{"taxonomy":"product_brand","embeddable":true,"href":"https:\/\/www.editorialelpirata.com\/ca\/wp-json\/wp\/v2\/product_brand?post=97651"},{"taxonomy":"product_cat","embeddable":true,"href":"https:\/\/www.editorialelpirata.com\/ca\/wp-json\/wp\/v2\/product_cat?post=97651"},{"taxonomy":"product_tag","embeddable":true,"href":"https:\/\/www.editorialelpirata.com\/ca\/wp-json\/wp\/v2\/product_tag?post=97651"}],"curies":[{"name":"wp","href":"https:\/\/api.w.org\/{rel}","templated":true}]}}