{"id":97644,"date":"2025-01-21T08:45:16","date_gmt":"2025-01-21T08:45:16","guid":{"rendered":"https:\/\/www.editorialelpirata.com\/?post_type=product&#038;p=97644"},"modified":"2025-12-15T10:31:19","modified_gmt":"2025-12-15T10:31:19","slug":"lor-dels-inques","status":"publish","type":"product","link":"https:\/\/www.editorialelpirata.com\/ca\/Producte\/lor-dels-inques\/","title":{"rendered":"Els Exploradors del temps 4- L&#8217;OR DELS INQUES"},"content":{"rendered":"<div class=\"wpb-content-wrapper\"><p>[vc_row][vc_column][vc_column_text uncode_shortcode_id=&#8221;189857&#8243;]Qu\u00e8 far\u00edeu si us diguessin que \u00e9s possible viatjar en el temps?<br \/>\nL\u2019or dels inques \u00e9s el quart llibre de la col\u00b7lecci\u00f3 Els Exploradors del Temps il\u00b7lustrada a tot color i combinant di\u00e0legs de c\u00f2mic amb novel\u00b7la d\u2019aventures per a nens de 9 a 12 anys. Cada llibre ens permet gaudir d\u2019un fascinant viatge en el temps. Durant la lectura, els lectors hauran de fer servir el filtre en forma de Rellotge del Temps, incl\u00f2s en el llibre, per desxifrar el text que s\u2019amaga rere fons de color vermell i aix\u00ed poder anar al final del llibre per a descobrir curiositats hist\u00f2riques incre\u00efbles.<br \/>\nA L\u2019or dels inques, els Exploradors del Temps viatjaran a l\u2019imperi inca durant el festival de l\u2019Inti Raymi de l\u2019any 1487. Aquesta vegada tenen una missi\u00f3 aparentment senzilla: aconseguir el pututu d\u2019un missatger de l\u2019Inca, \u00e9s a dir, la conquilla d\u2019un cargol de mar que utilitzaven per donar avisos per tot l\u2019imperi. Tanmateix, en Mal\u00e8fic Durador no els ho posar\u00e0 tan f\u00e0cil.<br \/>\nI tu, vols ser un Explorador del Temps? Una vegada acabat el llibre, supera el test dels exploradors i podr\u00e0s aconseguir l\u2019objecte que s\u2019ha recuperat en cada llibre de la saga. Enganxa\u2019l al p\u00f2ster de la col\u00b7lecci\u00f3! Podr\u00e0s aconseguir tots els objectes perduts en el temps?<\/p>\n<p>Altres llibres <a href=\"https:\/\/www.editorialelpirata.com\/ca\/exploradors-temps-aventures\/\" target=\"_blank\" rel=\"noopener\">d&#8217;Exploraradors del Temps<\/a><\/p>\n<ol>\n<li>Las catanas de los samur\u00e1is (marzo 2026)<\/li>\n<\/ol>\n<p>Llibres de la col\u00b7lecci\u00f3 <a href=\"https:\/\/www.editorialelpirata.com\/ca\/historia-nens\/\" target=\"_blank\" rel=\"noopener\">Historia il\u00b7lustrada.<\/a><\/p>\n<p>[\/vc_column_text][\/vc_column][\/vc_row][vc_row][vc_column width=&#8221;1\/4&#8243;][\/vc_column][vc_column width=&#8221;1\/2&#8243;][vc_raw_html]JTNDaWZyYW1lJTIwd2lkdGglM0QlMjI2MjBweCUyMiUyMGhlaWdodCUzRCUyMjQwMHB4JTIyJTIwc3JjJTNEJTIyaHR0cHMlM0ElMkYlMkZ3d3cueXVtcHUuY29tJTJGZXMlMkZlbWJlZCUyRnZpZXclMkZYS2JsWlRRc2RlTUVQaUNyJTIyJTIwZnJhbWVib3JkZXIlM0QlMjIwJTIyJTIwYWxsb3dmdWxsc2NyZWVuJTNEJTIydHJ1ZSUyMiUyMGFsbG93dHJhbnNwYXJlbmN5JTNEJTIydHJ1ZSUyMiUzRSUzQyUyRmlmcmFtZSUzRSUyMCUyMCUyMCUyMCUyMCUyMCUyMCUyMCUyMCUyMCUyMCUyMCUyMCUyMCUyMCUyMCUyMCUyMCUyMCUyMCUyMCUyMCUyMCUyMCUyMCUyMCUyMCUyMCUyMCUyMCUyMCUyMCUyMCUyMCUyMCUyMCUyMCUyMCUyMCUyMCUyMCUyMCUyMCUyMCUyMCUyMCUyMCUyMCUyMCUyMCUyMCUyMA==[\/vc_raw_html][\/vc_column][vc_column width=&#8221;1\/4&#8243;][\/vc_column][\/vc_row][vc_row][vc_column width=&#8221;1\/4&#8243;][vc_column_text uncode_shortcode_id=&#8221;165888&#8243;]Tambi\u00e9n disponible en amazon:[\/vc_column_text][\/vc_column][vc_column width=&#8221;3\/4&#8243;][vc_button border_width=&#8221;0&#8243; link=&#8221;url:https%3A%2F%2Fwww.amazon.es%2Foro-los-incas-descifrador-Exploradores%2Fdp%2F8419898147%2Fref%3Dsr_1_2%3F__mk_es_ES%3D%25C3%2585M%25C3%2585%25C5%25BD%25C3%2595%25C3%2591%26crid%3D2T8E23ORAJNP%26dib%3DeyJ2IjoiMSJ9.dmhD6gf2WEpiAt8iAMcnc3vIFR8y7cX6y1rvdRXPAT2GFaOsPDebdC9mgJkIsa4HIoHcRZw2zQx-0ahA9EjaMf2Yczn-A6Uw4g9CXbexwlUWAtS8SDSwEoI-dksbT1oRqi_tW1I5VXjV9EAJJxanmpRLfFDQcuYKK0AVkyeDmDV0s5escb5IzhR7G5wKu4qCB-Q34CTJteOOhGLek3Yvmi-8BDuhjFbDkBsLzjlViPo9VBfTuAi63cxWEmlvly9aP5lYeVZjO7XC9EO-Rb5Xe9zJZ0pnXX9HEg8mevYQ0mA.MqFT1Thz1riYuk2Yw0AUj16lgHxYmoyoxEc3Tk_16g0%26dib_tag%3Dse%26keywords%3DEL%2BORO%2BDE%2BLOS%2BINCAS%26qid%3D1724840513%26sprefix%3Del%2Boro%2Bde%2Blos%2Binca%252Caps%252C112%26sr%3D8-2|target:_blank|&#8221; uncode_shortcode_id=&#8221;346945&#8243;]Amazon[\/vc_button][\/vc_column][\/vc_row][vc_row][vc_column width=&#8221;1\/1&#8243;][vc_column_text uncode_shortcode_id=&#8221;133675&#8243;]Y t\u00fa, \u00bfquieres ser un <strong>explorador del tiempo<\/strong>? Una vez terminado el libro, supera el <strong>test de los exploradores<\/strong> y conseguir\u00e1s el objeto que se ha recuperado en cada libro de la saga. \u00a1P\u00e9galo en el <strong>p\u00f3ster de la colecci\u00f3n<\/strong>! \u00bfPodr\u00e1s obtener todos los objetos perdidos en el tiempo?<\/p>\n<p>Si superas el test, tambi\u00e9n podr\u00e1s descargarte un fragmento digital de uno de los libros de la <a href=\"https:\/\/www.editorialelpirata.com\/historia-ninos\/\" target=\"_blank\" rel=\"noopener\"><strong>colecci\u00f3n Historia ilustrada<\/strong><\/a>. \u00a1Aprende m\u00e1s sobre cada civilizaci\u00f3n y convi\u00e9rtete en un crac de la historia![\/vc_column_text][\/vc_column][\/vc_row][vc_row][vc_column column_width_percent=&#8221;100&#8243; align_horizontal=&#8221;align_center&#8221; gutter_size=&#8221;3&#8243; overlay_alpha=&#8221;50&#8243; shift_x=&#8221;0&#8243; shift_y=&#8221;0&#8243; shift_y_down=&#8221;0&#8243; z_index=&#8221;0&#8243; medium_width=&#8221;0&#8243; mobile_width=&#8221;0&#8243; width=&#8221;1\/3&#8243; uncode_shortcode_id=&#8221;170167&#8243;][vc_button button_color=&#8221;color-390865&#8243; border_width=&#8221;0&#8243; link=&#8221;url:https%3A%2F%2Fwww.editorialelpirata.com%2Fca%2Ftest-or-inques%2F|title:Test%20online|target:_blank|&#8221; button_color_type=&#8221;uncode-palette&#8221; uncode_shortcode_id=&#8221;104083&#8243;]TEST[\/vc_button][\/vc_column][vc_column column_width_percent=&#8221;100&#8243; align_horizontal=&#8221;align_center&#8221; gutter_size=&#8221;3&#8243; overlay_alpha=&#8221;50&#8243; shift_x=&#8221;0&#8243; shift_y=&#8221;0&#8243; shift_y_down=&#8221;0&#8243; z_index=&#8221;0&#8243; medium_width=&#8221;0&#8243; mobile_width=&#8221;0&#8243; width=&#8221;1\/3&#8243; uncode_shortcode_id=&#8221;135618&#8243;][vc_button button_color=&#8221;color-390865&#8243; border_width=&#8221;0&#8243; link=&#8221;url:https%3A%2F%2Fdrive.google.com%2Ffile%2Fd%2F1bnDfmklN9tOuBAkWlVybkgobbNCnIcJN%2Fview%3Fusp%3Dsharing|title:LOS%20EXPLORADORES%20DEL%20TIEMPO|target:_blank|&#8221; button_color_type=&#8221;uncode-palette&#8221; uncode_shortcode_id=&#8221;492717&#8243;]GU\u00cdA DE LECTURA[\/vc_button][\/vc_column][vc_column column_width_percent=&#8221;100&#8243; align_horizontal=&#8221;align_center&#8221; gutter_size=&#8221;3&#8243; overlay_alpha=&#8221;50&#8243; shift_x=&#8221;0&#8243; shift_y=&#8221;0&#8243; shift_y_down=&#8221;0&#8243; z_index=&#8221;0&#8243; medium_width=&#8221;0&#8243; mobile_width=&#8221;0&#8243; width=&#8221;1\/3&#8243; uncode_shortcode_id=&#8221;137589&#8243;][vc_button button_color=&#8221;color-390865&#8243; border_width=&#8221;0&#8243; link=&#8221;url:https%3A%2F%2Fdrive.google.com%2Ffile%2Fd%2F1h5prUkmQ-3SED87zqdedUxK4GR3SgW36%2Fview%3Fusp%3Dsharing|title:LOS%20EXPLORADORES%20DEL%20TIEMPO|target:_blank|&#8221; button_color_type=&#8221;uncode-palette&#8221; uncode_shortcode_id=&#8221;115461&#8243;]SOLUCIONARIO[\/vc_button][\/vc_column][\/vc_row][vc_row][vc_column width=&#8221;1\/6&#8243;][\/vc_column][vc_column width=&#8221;4\/6&#8243;][vc_raw_html]JTNDaWZyYW1lJTIwd2lkdGglM0QlMjI2MjBweCUyMiUyMGhlaWdodCUzRCUyMjQwMHB4JTIyJTIwc3JjJTNEJTIyaHR0cHMlM0ElMkYlMkZ3d3cueXVtcHUuY29tJTJGZXMlMkZlbWJlZCUyRnZpZXclMkZYS2JsWlRRc2RlTUVQaUNyJTIyJTIwZnJhbWVib3JkZXIlM0QlMjIwJTIyJTIwYWxsb3dmdWxsc2NyZWVuJTNEJTIydHJ1ZSUyMiUyMGFsbG93dHJhbnNwYXJlbmN5JTNEJTIydHJ1ZSUyMiUzRSUzQyUyRmlmcmFtZSUzRSUyMCUyMCUyMCUyMCUyMCUyMCUyMCUyMCUyMCUyMCUyMCUyMCUyMCUyMCUyMCUyMCUyMCUyMCUyMCUyMCUyMCUyMCUyMCUyMCUyMCUyMCUyMCUyMCUyMCUyMCUyMCUyMCUyMCUyMCUyMCUyMCUyMCUyMCUyMCUyMCUyMCUyMCUyMCUyMCUyMCUyMCUyMCUyMCUyMCUyMCUyMCUyMA==[\/vc_raw_html][\/vc_column][vc_column width=&#8221;1\/6&#8243;][\/vc_column][\/vc_row][vc_row][vc_column width=&#8221;1\/4&#8243;][\/vc_column][vc_column width=&#8221;1\/4&#8243;][vc_button button_color=&#8221;color-390865&#8243; border_width=&#8221;0&#8243; link=&#8221;url:https%3A%2F%2Fwww.editorialelpirata.com%2Fca%2Fexploradors-temps-aventures%2F|title:LOS%20EXPLORADORES%20DEL%20TIEMPO|target:_blank|&#8221; button_color_type=&#8221;uncode-palette&#8221; uncode_shortcode_id=&#8221;162502&#8243;]COLECCI\u00d3N COMPLETA[\/vc_button][\/vc_column][vc_column width=&#8221;1\/4&#8243;][vc_button button_color=&#8221;color-390865&#8243; border_width=&#8221;0&#8243; link=&#8221;url:https%3A%2F%2Fwww.editorialelpirata.com%2Fca%2Fhistoria-nens%2F|title:COLECCI%C3%93N%20HISTORIA%20PARA%20NI%C3%91OS|target:_blank|&#8221; button_color_type=&#8221;uncode-palette&#8221; uncode_shortcode_id=&#8221;198123&#8243;]HISTORIA ILUSTRADA[\/vc_button][\/vc_column][vc_column width=&#8221;1\/4&#8243;][\/vc_column][\/vc_row][vc_row][vc_column width=&#8221;1\/1&#8243;][vc_column_text uncode_shortcode_id=&#8221;778263&#8243;]<\/p>\n<hr \/>\n<div>\n<div>Con el apoyo del Departament de Cultura.<\/div>\n<\/div>\n<div><a href=\"https:\/\/www.editorialelpirata.com\/wp-content\/uploads\/2021\/06\/cultura_bn_h3.jpg\"><img decoding=\"async\" class=\"alignnone wp-image-90447\" src=\"https:\/\/www.editorialelpirata.com\/wp-content\/uploads\/2021\/06\/cultura_bn_h3.jpg\" alt=\"\" width=\"201\" height=\"46\" title=\"\" srcset=\"https:\/\/www.editorialelpirata.com\/wp-content\/uploads\/2021\/06\/cultura_bn_h3.jpg 454w, https:\/\/www.editorialelpirata.com\/wp-content\/uploads\/2021\/06\/cultura_bn_h3-300x69.jpg 300w, https:\/\/www.editorialelpirata.com\/wp-content\/uploads\/2021\/06\/cultura_bn_h3-64x15.jpg 64w\" sizes=\"(max-width: 201px) 100vw, 201px\" \/><\/a><\/div>\n<p>[\/vc_column_text][\/vc_column][\/vc_row]<\/p>\n<\/div>","protected":false},"excerpt":{"rendered":"<h2>Qu\u00e8 far\u00edeu si us diguessin que \u00e9s possible viatjar en el temps?<\/h2>\n<p>A <em>L\u2019or dels inques<\/em>, els Exploradors del Temps viatjaran a l\u2019imperi inca durant el festival de l\u2019Inti Raymi de l\u2019any 1487. Aquesta vegada tenen una missi\u00f3 aparentment senzilla: aconseguir el pututu d\u2019un missatger de l\u2019Inca, \u00e9s a dir, la conquilla d\u2019un caragol de mar que utilitzaven per donar avisos per tot l\u2019imperi. Tanmateix, en Mal\u00e8fic Durador no els ho posar\u00e0 tan f\u00e0cil.<\/p>\n<p>Autor: <a href=\"https:\/\/www.edicionsdelpirata.cat\/jordi-ortiz\/\" target=\"_blank\" rel=\"noopener\">Jordi Ortiz<\/a><\/p>\n<p>Il\u00b7lustrador: Javi Chaler<\/p>\n","protected":false},"featured_media":97645,"template":"","meta":[],"product_brand":[],"product_cat":[3291,3195,2354,3274,3275,3289,3290],"product_tag":[2923,2924,3293,2822,2824,2825,2826,2827,2922],"class_list":{"0":"post-97644","1":"product","2":"type-product","3":"status-publish","4":"has-post-thumbnail","6":"product_cat-jordi-ortiz-ca","7":"product_cat-tots-els-llibres-ca","8":"product_cat-novetats","9":"product_cat-llibres-per-10-anys-ca","10":"product_cat-llibres-per-9-anys-ca","11":"product_cat-llibre-daventrures","12":"product_cat-javi-chaler-ca","13":"product_tag-llibre-interactiu-aventures-ca","14":"product_tag-viatjar-temps-ca","15":"product_tag-llibre-aventures-nens","16":"product_tag-aventures-historiques-ca","17":"product_tag-exploradors-del-temps-ca","18":"product_tag-interactiu-llibre-ca","19":"product_tag-llibre-10-anys-ca","20":"product_tag-llibre-11-anys-ca","21":"product_tag-inques-ca","22":"product_shipping_class-envio-estandar-ca-2","24":"first","25":"instock","26":"shipping-taxable","27":"purchasable","28":"product-type-variable","29":"has-default-attributes"},"_links":{"self":[{"href":"https:\/\/www.editorialelpirata.com\/ca\/wp-json\/wp\/v2\/product\/97644","targetHints":{"allow":["GET"]}}],"collection":[{"href":"https:\/\/www.editorialelpirata.com\/ca\/wp-json\/wp\/v2\/product"}],"about":[{"href":"https:\/\/www.editorialelpirata.com\/ca\/wp-json\/wp\/v2\/types\/product"}],"wp:featuredmedia":[{"embeddable":true,"href":"https:\/\/www.editorialelpirata.com\/ca\/wp-json\/wp\/v2\/media\/97645"}],"wp:attachment":[{"href":"https:\/\/www.editorialelpirata.com\/ca\/wp-json\/wp\/v2\/media?parent=97644"}],"wp:term":[{"taxonomy":"product_brand","embeddable":true,"href":"https:\/\/www.editorialelpirata.com\/ca\/wp-json\/wp\/v2\/product_brand?post=97644"},{"taxonomy":"product_cat","embeddable":true,"href":"https:\/\/www.editorialelpirata.com\/ca\/wp-json\/wp\/v2\/product_cat?post=97644"},{"taxonomy":"product_tag","embeddable":true,"href":"https:\/\/www.editorialelpirata.com\/ca\/wp-json\/wp\/v2\/product_tag?post=97644"}],"curies":[{"name":"wp","href":"https:\/\/api.w.org\/{rel}","templated":true}]}}