{"id":97636,"date":"2024-11-05T09:34:35","date_gmt":"2024-11-05T09:34:35","guid":{"rendered":"https:\/\/www.editorialelpirata.com\/?post_type=product&#038;p=97636"},"modified":"2025-11-17T14:02:17","modified_gmt":"2025-11-17T14:02:17","slug":"noia-desapareguda-juvenil","status":"publish","type":"product","link":"https:\/\/www.editorialelpirata.com\/ca\/Producte\/noia-desapareguda-juvenil\/","title":{"rendered":"NOIA DESAPAREGUDA"},"content":{"rendered":"<div class=\"wpb-content-wrapper\"><p>[vc_row][vc_column][vc_column_text uncode_shortcode_id=&#8221;879900&#8243;]<\/p>\n<h1 style=\"text-align: center;\"><strong>I si tot el que pensaves que sabies de la teva vida <\/strong><\/h1>\n<h1 style=\"text-align: center;\"><strong>fos una mentida? <\/strong><\/h1>\n<p><strong>Noia Desapareguda<\/strong> \u00e9s el <strong>llibre de misteri juvenil<\/strong> supervendes de l\u2019escriptora Sophie McKenzie, que ha venut m\u00e9s d\u20191.000.000 de c\u00f2pies. La Lauren \u00e9s adoptada i est\u00e0 impacient per con\u00e8ixer m\u00e9s sobre el seu misteri\u00f3s passat. Per\u00f2 quan descobreix que potser la van segrestar de la seva fam\u00edlia quan era un nad\u00f3, de sobte la seva vida sembla una falsedat.<\/p>\n<p>\u00c9s possible que els seus pares adoptius siguin els responsables de segrestar-la? Fugint de la seva fam\u00edlia per buscar la veritat, el viatge de la Lauren la portar\u00e0 m\u00e9s i m\u00e9s a prop del perill, ja que s\u2019adona que alg\u00fa vol impedir que descobreixi qu\u00e8 va passar realment quan era un nad\u00f3.<\/p>\n<p><em><strong>Noia Desapareguda<\/strong> <\/em>\u00e9s el primer llibre que va llan\u00e7ar la reina dels thrillers juvenils, <strong>Sophie McKenzie<\/strong>, i \u00e9s imprescindible per als lectors que encara no han descobert aquest cl\u00e0ssic modern.<\/p>\n<p>\u00abNo podr\u00e0s deixar de llegir.\u00bb <strong>\u2014<em>The Independent<\/em><\/strong><\/p>\n<p>\u00abEt mantindr\u00e0 atrapat durant hores.\u00bb <strong>\u2014<em>Sunday Express<\/em><\/strong><\/p>\n<p>\u00abSi us plau, llegeix aquest llibre: \u00e9s brillant!\u00bb <strong>\u2014<em>The Guardian<\/em><\/strong><\/p>\n<p>\u00abQuan sento la frase \u201c<em>thriller<\/em> juvenil\u201d, nom\u00e9s em ve un nom al cap: Sophie McKenzie. Per qu\u00e8? Perqu\u00e8 ning\u00fa no ho fa millor.\u00bb <strong>\u2014Phil Earle, autor<\/strong><\/p>\n<p>\u00abEls <em>thrillers<\/em> de la Sophie s\u00f3n brillants&#8230; no pots deixar de llegir.\u00bb <strong>\u2014Robert Muchamore, autor supervendes<\/strong><\/p>\n<p>\u00abDescrita amb gran mestria, colpidora i emotiva.\u00bb <strong>\u2014<em>The Daily Mirror<\/em><\/strong><\/p>\n<p>Altres t\u00edtols juvenils:<\/p>\n<ul>\n<li><a href=\"https:\/\/www.editorialelpirata.com\/ca\/Producte\/alla-on-et-porti-el-ritme\/\" target=\"_blank\" rel=\"noopener\"><strong>All\u00e0 on et porti el ritme<\/strong><\/a> de <strong>Sarah Dass<\/strong><\/li>\n<\/ul>\n<p>[\/vc_column_text][vc_empty_space][vc_column_text uncode_shortcode_id=&#8221;201822&#8243;]Llegeix els dos primers cap\u00edtols:[\/vc_column_text][\/vc_column][\/vc_row][vc_row][vc_column width=&#8221;1\/4&#8243;][\/vc_column][vc_column width=&#8221;1\/2&#8243;][vc_raw_html]JTNDaWZyYW1lJTIwd2lkdGglM0QlMjI2MjBweCUyMiUyMGhlaWdodCUzRCUyMjQwMHB4JTIyJTIwc3JjJTNEJTIyaHR0cHMlM0ElMkYlMkZ3d3cueXVtcHUuY29tJTJGeHglMkZlbWJlZCUyRnZpZXclMkZSemZZeXhBd2tHc2lVTWRYJTIyJTIwZnJhbWVib3JkZXIlM0QlMjIwJTIyJTIwYWxsb3dmdWxsc2NyZWVuJTNEJTIydHJ1ZSUyMiUyMGFsbG93dHJhbnNwYXJlbmN5JTNEJTIydHJ1ZSUyMiUzRSUzQyUyRmlmcmFtZSUzRSUyMCUyMCUyMCUyMCUyMCUyMCUyMCUyMCUyMCUyMCUyMCUyMCUyMCUyMCUyMCUyMCUyMCUyMCUyMCUyMCUyMCUyMCUyMCUyMCUyMCUyMCUyMCUyMCUyMCUyMCUyMCUyMCUyMCUyMCUyMCUyMCUyMCUyMCUyMCUyMCUyMCUyMCUyMCUyMCUyMCUyMCUyMCUyMCUyMCUyMCUyMCUyMCUyMCUyMCUyMCUyMCUyMCUyMCUyMCUyMCUyMCUyMCUyMCUyMCUyMCUyMCUyMCUyMCUyMCUyMCUyMCUyMCUyMCUyMCUyMCUyMCUyMCUyMCUyMCUyMCUyMCUyMCUyMCUyMCUyMCUyMCUyMCUyMCUyMCUyMCUyMA==[\/vc_raw_html][\/vc_column][vc_column width=&#8221;1\/4&#8243;][\/vc_column][\/vc_row][vc_row][vc_column width=&#8221;1\/1&#8243;][vc_column_text uncode_shortcode_id=&#8221;195412&#8243;]<\/p>\n<hr \/>\n<div>\n<div>Amb el suport de:<\/div>\n<\/div>\n<div><a href=\"https:\/\/www.editorialelpirata.com\/wp-content\/uploads\/2024\/11\/Logo-icec.jpg\"><img decoding=\"async\" class=\"alignnone wp-image-100853 size-medium\" src=\"https:\/\/www.editorialelpirata.com\/wp-content\/uploads\/2024\/11\/Logo-icec-300x45.jpg\" alt=\"Logo icec complert\" width=\"300\" height=\"45\" title=\"\" srcset=\"https:\/\/www.editorialelpirata.com\/wp-content\/uploads\/2024\/11\/Logo-icec-300x45.jpg 300w, https:\/\/www.editorialelpirata.com\/wp-content\/uploads\/2024\/11\/Logo-icec-1024x155.jpg 1024w, https:\/\/www.editorialelpirata.com\/wp-content\/uploads\/2024\/11\/Logo-icec-768x116.jpg 768w, https:\/\/www.editorialelpirata.com\/wp-content\/uploads\/2024\/11\/Logo-icec-350x53.jpg 350w, https:\/\/www.editorialelpirata.com\/wp-content\/uploads\/2024\/11\/Logo-icec-64x10.jpg 64w, https:\/\/www.editorialelpirata.com\/wp-content\/uploads\/2024\/11\/Logo-icec.jpg 1252w\" sizes=\"(max-width: 300px) 100vw, 300px\" \/><\/a><\/div>\n<p>[\/vc_column_text][\/vc_column][\/vc_row]<\/p>\n<\/div>","protected":false},"excerpt":{"rendered":"<p>I si tot el que pensaves que sabies de la teva vida fos una mentida? <em>Noia desapareguda, <\/em>\u00e9s el llibre juvenil de misteri supervendes de l&#8217;escriptora Sophie McKenzie<strong>, que ha venut m\u00e9s d\u20191.000.000 de c\u00f2pies.<\/strong><\/p>\n<p>&nbsp;<\/p>\n<p>Autora: <a href=\"https:\/\/www.edicionsdelpirata.cat\/sophie-mckenzie-2\/\" target=\"_blank\" rel=\"noopener\"><strong>Sophie McKenzie<\/strong><\/a><\/p>\n","protected":false},"featured_media":97637,"template":"","meta":[],"product_brand":[],"product_cat":[3313,3318,3195,2123,2298,2354,2872,2873,3314],"product_tag":[3317,2917,2918,2919,2915,3316,2916],"class_list":{"0":"post-97636","1":"product","2":"type-product","3":"status-publish","4":"has-post-thumbnail","6":"product_cat-llibre-per-12-anys","7":"product_cat-sophie-mckenzie-ca","8":"product_cat-tots-els-llibres-ca","9":"product_cat-tots-els-llibres","10":"product_cat-llibres-per-12-anys","11":"product_cat-novetats","12":"product_cat-llibres-juvenils","13":"product_cat-sophie-mckenzie-escriptors","14":"product_cat-adolescents","15":"product_tag-llibres-de-12-anys","16":"product_tag-llibre-juvenil-ca","17":"product_tag-llibre-per-13-anys-ca","18":"product_tag-novela-juvenil-ca","19":"product_tag-adolescencia-ca","20":"product_tag-llibre-per-12-anys","21":"product_tag-la-mar-salada-ca","22":"product_shipping_class-envio-estandar-ca-2","24":"first","25":"instock","26":"shipping-taxable","27":"purchasable","28":"product-type-variable","29":"has-default-attributes"},"_links":{"self":[{"href":"https:\/\/www.editorialelpirata.com\/ca\/wp-json\/wp\/v2\/product\/97636","targetHints":{"allow":["GET"]}}],"collection":[{"href":"https:\/\/www.editorialelpirata.com\/ca\/wp-json\/wp\/v2\/product"}],"about":[{"href":"https:\/\/www.editorialelpirata.com\/ca\/wp-json\/wp\/v2\/types\/product"}],"wp:featuredmedia":[{"embeddable":true,"href":"https:\/\/www.editorialelpirata.com\/ca\/wp-json\/wp\/v2\/media\/97637"}],"wp:attachment":[{"href":"https:\/\/www.editorialelpirata.com\/ca\/wp-json\/wp\/v2\/media?parent=97636"}],"wp:term":[{"taxonomy":"product_brand","embeddable":true,"href":"https:\/\/www.editorialelpirata.com\/ca\/wp-json\/wp\/v2\/product_brand?post=97636"},{"taxonomy":"product_cat","embeddable":true,"href":"https:\/\/www.editorialelpirata.com\/ca\/wp-json\/wp\/v2\/product_cat?post=97636"},{"taxonomy":"product_tag","embeddable":true,"href":"https:\/\/www.editorialelpirata.com\/ca\/wp-json\/wp\/v2\/product_tag?post=97636"}],"curies":[{"name":"wp","href":"https:\/\/api.w.org\/{rel}","templated":true}]}}