{"id":97626,"date":"2024-01-24T10:55:54","date_gmt":"2024-01-24T10:55:54","guid":{"rendered":"https:\/\/www.editorialelpirata.com\/?post_type=product&#038;p=97626"},"modified":"2025-10-16T14:29:29","modified_gmt":"2025-10-16T14:29:29","slug":"historia-ilustrada-lantiga-grecia","status":"publish","type":"product","link":"https:\/\/www.editorialelpirata.com\/ca\/Producte\/historia-ilustrada-lantiga-grecia\/","title":{"rendered":"HIST\u00d2RIA IL\u00b7LUSTRADA- L&#8217;ANTIGA GR\u00c8CIA"},"content":{"rendered":"<div class=\"wpb-content-wrapper\"><p>[vc_row][vc_column][vc_column_text uncode_shortcode_id=&#8221;369728&#8243;]<\/p>\n<h2>Comen\u00e7a a aprendre hist\u00f2ria a partir de 10 anys<\/h2>\n<p>Els antics grecs van ser els mercaders i navegants m\u00e9s espectaculars de la mar Mediterr\u00e0nia. La seva cultura va ser tan important que va establir les bases de tot el que tindria lloc a Europa des de llavors, amb aportacions tan importants com la invenci\u00f3 de la democr\u00e0cia o dels Jocs Ol\u00edmpics. Descobreix qui va ser Alexandre el Gran, com es van desenvolupar la famosa guerra de Troia o la batalla dels tres-cents, quines van ser les grans meravelles de l&#8217;Antiguitat, com l&#8217;oracle de Delfos, el far d&#8217;Alexandria o l&#8217;est\u00e0tua de Zeus a Ol\u00edmpia, i com van influir tot Occident amb la seva escultura, teatre i arquitectura.<\/p>\n<p>Si vols con\u00e8ixer m\u00e9s coses sobre civilitzacions antigues, i aquest cop amb llibres de ficci\u00f3, no dubtis a llegir la col\u00b7lecci\u00f3 <a href=\"https:\/\/www.edicionsdelpirata.cat\/exploradors-temps\/\" target=\"_blank\" rel=\"noopener\"><strong><em>Els Exploradors del Temps<\/em><\/strong>.<\/a><\/p>\n<h3>Llibres de la col\u00b7lecci\u00f3 <strong><em>Hist\u00f2ria il\u00b7lustrada<\/em><\/strong>:<\/h3>\n<p><em>1)<a href=\"https:\/\/www.editorialelpirata.com\/ca\/producto\/historia-il%c2%b7lustrada-per-a-nens-roma\/\" target=\"_blank\" rel=\"noopener\"> Roma<\/a><\/em><br \/>\n2) <a href=\"https:\/\/www.editorialelpirata.com\/ca\/Producte\/historia-per-a-nens-els-vikings\/\" target=\"_blank\" rel=\"noopener\"><em>Els vikings<\/em><\/a><br \/>\n3) <em>L\u2019antiga Gr\u00e8cia<\/em><br \/>\n4) <em>L\u2019antic Egipte (pr\u00f2ximament)\u00a0<\/em><\/p>\n<p>Consulta la web de l\u2019editorial per a veure la seva data de publicaci\u00f3.[\/vc_column_text][vc_column_text uncode_shortcode_id=&#8221;355233&#8243;]<\/p>\n<blockquote><p><strong>Activitum.cat:<\/strong> &#8220;El recomanem especialment per aquells infants que ja tenen inter\u00e8s en la Hist\u00f2ria, ja que \u00e9s un recurs molt bo per a que aprenguin m\u00e9s sobre aquestes civilitzacions en concret. Trobem que la informaci\u00f3 est\u00e0 molt ben estructurada i permet veure de manera molt clara la successi\u00f3 d\u2019esdeveniments per tal d\u2019entendre a fons la rellev\u00e0ncia d\u2019aquest per\u00edode hist\u00f2ric.&#8221;<\/p>\n<p><strong>Usu\u00e0ria de Facebook:<\/strong> &#8220;Un llibre molt bo per a iniciar els nens a la lectura.&#8221;<\/p><\/blockquote>\n<p>[\/vc_column_text][\/vc_column][\/vc_row][vc_row][vc_column width=&#8221;1\/2&#8243;][vc_single_image media=&#8221;99978&#8243; media_width_percent=&#8221;100&#8243; uncode_shortcode_id=&#8221;131321&#8243;][\/vc_column][vc_column width=&#8221;1\/2&#8243;][vc_raw_html]JTNDaWZyYW1lJTIwd2lkdGglM0QlMjI2MjBweCUyMiUyMGhlaWdodCUzRCUyMjQwMHB4JTIyJTIwc3JjJTNEJTIyaHR0cHMlM0ElMkYlMkZ3d3cueXVtcHUuY29tJTJGeHglMkZlbWJlZCUyRnZpZXclMkZYd0o1cmtkT0tlN3VDMWdFJTIyJTIwZnJhbWVib3JkZXIlM0QlMjIwJTIyJTIwYWxsb3dmdWxsc2NyZWVuJTNEJTIydHJ1ZSUyMiUyMGFsbG93dHJhbnNwYXJlbmN5JTNEJTIydHJ1ZSUyMiUzRSUzQyUyRmlmcmFtZSUzRSUyMCUyMCUyMCUyMCUyMCUyMCUyMCUyMCUyMA==[\/vc_raw_html][\/vc_column][\/vc_row][vc_row][vc_column width=&#8221;1\/4&#8243;][\/vc_column][vc_column width=&#8221;1\/4&#8243;][vc_button button_color=&#8221;color-390865&#8243; border_width=&#8221;0&#8243; link=&#8221;url:https%3A%2F%2Fwww.editorialelpirata.com%2Fca%2Fhistoria-per-a-nens%2F|title:COL%C2%B7LECCI%C3%93%20HIST%C3%92RIA%20PER%20A%20NENS|target:_blank&#8221; button_color_type=&#8221;uncode-palette&#8221; uncode_shortcode_id=&#8221;183897&#8243;]COL\u00b7LECCI\u00d3 COMPLETA[\/vc_button][\/vc_column][vc_column width=&#8221;1\/4&#8243;][vc_button button_color=&#8221;color-390865&#8243; border_width=&#8221;0&#8243; link=&#8221;url:https%3A%2F%2Fwww.editorialelpirata.com%2Fca%2Fexploradors-temps-aventures%2F|title:ELS%20EXPLORADORS%20DEL%20TEMPS|target:_blank&#8221; button_color_type=&#8221;uncode-palette&#8221; uncode_shortcode_id=&#8221;556119&#8243;]ELS EXPLORADORS DEL TEMPS[\/vc_button][\/vc_column][vc_column width=&#8221;1\/4&#8243;][\/vc_column][\/vc_row][vc_row][vc_column width=&#8221;1\/1&#8243;][vc_column_text uncode_shortcode_id=&#8221;766758&#8243;]<\/p>\n<hr \/>\n<p>Amb el suport de:<\/p>\n<p>&nbsp;<\/p>\n<p><a href=\"https:\/\/www.editorialelpirata.com\/wp-content\/uploads\/2023\/09\/logo-icec-01.jpg\"><img decoding=\"async\" class=\"alignnone size-full wp-image-100721\" src=\"https:\/\/www.editorialelpirata.com\/wp-content\/uploads\/2023\/09\/logo-icec-01.jpg\" alt=\"\" width=\"158\" height=\"68\" title=\"\" srcset=\"https:\/\/www.editorialelpirata.com\/wp-content\/uploads\/2023\/09\/logo-icec-01.jpg 158w, https:\/\/www.editorialelpirata.com\/wp-content\/uploads\/2023\/09\/logo-icec-01-64x28.jpg 64w\" sizes=\"(max-width: 158px) 100vw, 158px\" \/><\/a>[\/vc_column_text][\/vc_column][\/vc_row]<\/p>\n<\/div>","protected":false},"excerpt":{"rendered":"<h3>La col\u00b7lecci\u00f3 ideal per aprendre hist\u00f2ria divertint-se<\/h3>\n<p>L&#8217;antiga Gr\u00e8cia \u00e9s el tercer volum de la col\u00b7lecci\u00f3 <strong><em>Hist\u00f2ria il\u00b7lustrada<\/em><\/strong>, ideal per aprendre hist\u00f2ria de manera amena i divertida. El text est\u00e0 acompanyat de <strong>simp\u00e0tiques il\u00b7lustracions i bromes visuals<\/strong> que ajuden els nens i les nenes a comprendre millor els fets hist\u00f2rics que es narren.<\/p>\n<p>Descobreix qui van ser els grecs, els seus grans personatges o la seva religi\u00f3, aix\u00ed com quines de les seves aportacions a l&#8217;art, la cultura o la pol\u00edtica continuen vigents avui en dia.<\/p>\n<p>Autor i il\u00b7lustrador: <a href=\"https:\/\/www.edicionsdelpirata.cat\/miguel-angel-saura\/\" target=\"_blank\" rel=\"noopener\">Miguel \u00c1ngel Saura<\/a><\/p>\n","protected":false},"featured_media":97630,"template":"","meta":[],"product_brand":[],"product_cat":[2123,2170,2354,2392],"product_tag":[2926,2927,2928,2929,2930,2931,2932],"class_list":{"0":"post-97626","1":"product","2":"type-product","3":"status-publish","4":"has-post-thumbnail","6":"product_cat-tots-els-llibres","7":"product_cat-llibres-per-10-anys","8":"product_cat-novetats","9":"product_cat-miguel-angel-saura-illustradors","10":"product_tag-aprendre-historia-ca","11":"product_tag-historia-10-anys-ca","12":"product_tag-historia-divertida-ca","13":"product_tag-humor-nens-ca","14":"product_tag-llibres-didactics-ca","15":"product_tag-llibres-educatius-10-anys-ca","16":"product_tag-grecia-ca","18":"first","19":"instock","20":"shipping-taxable","21":"purchasable","22":"product-type-variable"},"_links":{"self":[{"href":"https:\/\/www.editorialelpirata.com\/ca\/wp-json\/wp\/v2\/product\/97626","targetHints":{"allow":["GET"]}}],"collection":[{"href":"https:\/\/www.editorialelpirata.com\/ca\/wp-json\/wp\/v2\/product"}],"about":[{"href":"https:\/\/www.editorialelpirata.com\/ca\/wp-json\/wp\/v2\/types\/product"}],"wp:featuredmedia":[{"embeddable":true,"href":"https:\/\/www.editorialelpirata.com\/ca\/wp-json\/wp\/v2\/media\/97630"}],"wp:attachment":[{"href":"https:\/\/www.editorialelpirata.com\/ca\/wp-json\/wp\/v2\/media?parent=97626"}],"wp:term":[{"taxonomy":"product_brand","embeddable":true,"href":"https:\/\/www.editorialelpirata.com\/ca\/wp-json\/wp\/v2\/product_brand?post=97626"},{"taxonomy":"product_cat","embeddable":true,"href":"https:\/\/www.editorialelpirata.com\/ca\/wp-json\/wp\/v2\/product_cat?post=97626"},{"taxonomy":"product_tag","embeddable":true,"href":"https:\/\/www.editorialelpirata.com\/ca\/wp-json\/wp\/v2\/product_tag?post=97626"}],"curies":[{"name":"wp","href":"https:\/\/api.w.org\/{rel}","templated":true}]}}