{"id":97625,"date":"2024-01-24T11:30:08","date_gmt":"2024-01-24T11:30:08","guid":{"rendered":"https:\/\/www.editorialelpirata.com\/?post_type=product&#038;p=97625"},"modified":"2025-10-16T14:29:28","modified_gmt":"2025-10-16T14:29:28","slug":"les-olimpiades-de-grecia","status":"publish","type":"product","link":"https:\/\/www.editorialelpirata.com\/ca\/Producte\/les-olimpiades-de-grecia\/","title":{"rendered":"LES OL\u00cdMPIADES DE GR\u00c8CIA"},"content":{"rendered":"<div class=\"wpb-content-wrapper\"><p>[vc_row][vc_column][vc_column_text uncode_shortcode_id=&#8221;733887&#8243;]<\/p>\n<h1>Amb un rellotge del temps per viatjar al passat<\/h1>\n<p><em>Les Olimp\u00edades de Gr\u00e8cia<\/em> \u00e9s el tercer llibre de la col\u00b7lecci\u00f3<em> <strong><a href=\"https:\/\/www.edicionsdelpirata.cat\/exploradors-temps\/\" target=\"_blank\" rel=\"noopener\">Els Exploradors del Temps<\/a>.<\/strong><\/em> Il\u00b7lustrada a tot color i combinant di\u00e0legs de c\u00f2mic amb novel\u00b7la d\u2019aventures per a nens de 9 a 12 anys. Cada llibre ens permet gaudir d\u2019un fascinant viatge en el temps. Durant la lectura, els lectors hauran de fer servir el filtre en forma de <strong>Rellotge del Temps<\/strong>, incl\u00f2s en el llibre, per desxifrar el text que s\u2019amaga rere fons de color vermell i aix\u00ed poder anar al final del llibre per a descobrir curiositats hist\u00f2riques incre\u00efbles.<\/p>\n<p>Al final de cada llibre de la col\u00b7lecci\u00f3 hi trobar\u00e0s tres seccions:<\/p>\n<ul>\n<li><strong>Que se s\u00e0piga!:<\/strong> Podrem descobrir curiositats explicades pels personatges de la col\u00b7lecci\u00f3, sobre ells mateixos o l\u2019\u00e8poca hist\u00f2rica on viatgen.<\/li>\n<li><strong>Anem per feina!:<\/strong> On gaudirem d\u2019una recepta culin\u00e0ria per fer a casa i un joc ambientat en l\u2019\u00e8poca hist\u00f2rica.<\/li>\n<li><strong>Bibliocronohist\u00f2ries!: <\/strong>Personatges molt rellevants de la humanitat ens explicaran qui s\u00f3n i qu\u00e8 van fer per aconseguir que avui en dia encara els recordem.<\/li>\n<\/ul>\n<p>Propers t\u00edtols de la col\u00b7lecci\u00f3: \u00ab<strong>Els Exploradors del Temps<\/strong>\u00bb:<\/p>\n<p>4) <em>L\u2019or dels inques<\/em><br \/>\n5) <em>Les fletxes dels sioux<\/em><br \/>\n6) <em>Les catanes dels samurais<\/em>[\/vc_column_text][vc_column_text uncode_shortcode_id=&#8221;156519&#8243;]<\/p>\n<blockquote><p><strong>Activitum.cat:<\/strong> &#8220;Ens ha agradat molt com, a trav\u00e9s d\u2019una narraci\u00f3 entretinguda, c\u00f2mica i plena d\u2019acci\u00f3, s\u2019expliquen fets i personatges clau de la Hist\u00f2ria. Una excel\u00b7lent manera d\u2019introduir i fer que els joves lectors mostrin inter\u00e8s per la Hist\u00f2ria.&#8221;<\/p>\n<p><strong>Va de Llibres_ Xelo_Mir:<\/strong> &#8220;Parlem d&#8217;una manera interactiva d&#8217;apropar-se a les primeres nocions de la Hist\u00f2ria, des de la diversi\u00f3 i amb una participaci\u00f3 que pot resultar engrescadora.&#8221;<\/p><\/blockquote>\n<p>[\/vc_column_text][\/vc_column][\/vc_row][vc_row][vc_column width=&#8221;1\/4&#8243;][\/vc_column][vc_column width=&#8221;1\/2&#8243;][vc_single_image media=&#8221;99978&#8243; media_width_percent=&#8221;100&#8243; uncode_shortcode_id=&#8221;551552&#8243; title=&#8221;Les olimp\u00edades de Gr\u00e8cia&#8221;][\/vc_column][vc_column width=&#8221;1\/4&#8243;][\/vc_column][\/vc_row][vc_row][vc_column width=&#8221;1\/1&#8243;][vc_column_text uncode_shortcode_id=&#8221;758549&#8243;]<strong>I tu, vols ser un Explorador del Temps?<\/strong> Una vegada acabat el llibre, supera el <strong>test<\/strong> dels exploradors i podr\u00e0s aconseguir l\u2019objecte que s\u2019ha recuperat en cada llibre de la saga. Enganxa\u2019l al <strong>p\u00f2ster<\/strong> de la col\u00b7lecci\u00f3! Podr\u00e0s aconseguir tots els objectes perduts en el temps?<\/p>\n<p>&nbsp;<\/p>\n<p>Si superes el test, tamb\u00e9 et podr\u00e0s descarregar un fragment digital d\u2019un dels llibres de la col\u00b7lecci\u00f3 \u00ab<a href=\"https:\/\/www.edicionsdelpirata.cat\/historia-nens\/\" target=\"_blank\" rel=\"noopener\"><strong>Hist\u00f2ria per a nens<\/strong><\/a>\u00bb. Apr\u00e8n m\u00e9s sobre cada civilitzaci\u00f3 i converteix-te en un crack de la hist\u00f2ria![\/vc_column_text][\/vc_column][\/vc_row][vc_row][vc_column width=&#8221;1\/3&#8243;][vc_button button_color=&#8221;color-390865&#8243; border_width=&#8221;0&#8243; link=&#8221;url:https%3A%2F%2Fwww.edicionsdelpirata.cat%2Ftest-olimpiades-grecia%2F|title:Test%20Les%20olimp%C3%ADades%20de%20Gr%C3%A8cia|target:_blank&#8221; button_color_type=&#8221;uncode-palette&#8221; uncode_shortcode_id=&#8221;767996&#8243;]TEST[\/vc_button][\/vc_column][vc_column width=&#8221;1\/3&#8243;][vc_button button_color=&#8221;color-390865&#8243; border_width=&#8221;0&#8243; link=&#8221;url:https%3A%2F%2Fdrive.google.com%2Ffile%2Fd%2F11pW1ijwI_2Ctx-EEkh9cPeFz6xaMy7Oa%2Fview%3Fusp%3Dsharing|target:_blank&#8221; button_color_type=&#8221;uncode-palette&#8221; uncode_shortcode_id=&#8221;739683&#8243;]GUIA DE LECTURA[\/vc_button][\/vc_column][vc_column width=&#8221;1\/3&#8243;][vc_button button_color=&#8221;color-390865&#8243; border_width=&#8221;0&#8243; link=&#8221;url:https%3A%2F%2Fdrive.google.com%2Ffile%2Fd%2F1tyn8fvp6jRcWbCmAQsqzLnsJR4fqNZH3%2Fview%3Fusp%3Dsharing|target:_blank&#8221; button_color_type=&#8221;uncode-palette&#8221; uncode_shortcode_id=&#8221;104036&#8243;]SOLUCIONARI[\/vc_button][\/vc_column][\/vc_row][vc_row][vc_column width=&#8221;1\/6&#8243;][\/vc_column][vc_column width=&#8221;4\/6&#8243;][vc_raw_html]JTNDaWZyYW1lJTIwd2lkdGglM0QlMjI2MjBweCUyMiUyMGhlaWdodCUzRCUyMjQwMHB4JTIyJTIwc3JjJTNEJTIyaHR0cHMlM0ElMkYlMkZ3d3cueXVtcHUuY29tJTJGeHglMkZlbWJlZCUyRnZpZXclMkY2WjRtdzFZZFJFTXJIdEN1JTIyJTIwZnJhbWVib3JkZXIlM0QlMjIwJTIyJTIwYWxsb3dmdWxsc2NyZWVuJTNEJTIydHJ1ZSUyMiUyMGFsbG93dHJhbnNwYXJlbmN5JTNEJTIydHJ1ZSUyMiUzRSUzQyUyRmlmcmFtZSUzRSUyMCUyMCUyMCUyMCUyMCUyMCUyMCUyMCUyMCUyMCUyMCUyMCUyMCUyMCUyMCUyMCUyMCUyMCUyMCUyMCUyMCUyMCUyMCUyMCUyMCUyMCUyMCUyMCUyMCUyMCUyMCUyMCUyMCUyMCUyMCUyMCUyMCUyMCUyMCUyMCUyMCUyMCUyMCUyMCUyMCUyMCUyMCUyMCUyMCUyMCUyMCUyMA==[\/vc_raw_html][\/vc_column][vc_column width=&#8221;1\/6&#8243;][\/vc_column][\/vc_row][vc_row][vc_column width=&#8221;1\/4&#8243;][\/vc_column][vc_column width=&#8221;1\/4&#8243;][vc_button button_color=&#8221;color-390865&#8243; border_width=&#8221;0&#8243; link=&#8221;url:https%3A%2F%2Fwww.edicionsdelpirata.cat%2Fexploradors-temps%2F|title:ELS%20EXPLORADORS%20DEL%20TEMPS|target:_blank&#8221; button_color_type=&#8221;uncode-palette&#8221; uncode_shortcode_id=&#8221;181815&#8243;]COL\u00b7LECCI\u00d3 COMPLETA[\/vc_button][\/vc_column][vc_column width=&#8221;1\/4&#8243;][vc_button button_color=&#8221;color-390865&#8243; border_width=&#8221;0&#8243; link=&#8221;url:https%3A%2F%2Fwww.edicionsdelpirata.cat%2Fhistoria-nens%2F|title:HIST%C3%92RIA%20PER%20A%20NENS|target:_blank&#8221; button_color_type=&#8221;uncode-palette&#8221; uncode_shortcode_id=&#8221;209315&#8243;]HIST\u00d2RIA PER A NENS[\/vc_button][\/vc_column][vc_column width=&#8221;1\/4&#8243;][\/vc_column][\/vc_row][vc_row][vc_column width=&#8221;1\/1&#8243;][vc_column_text uncode_shortcode_id=&#8221;398145&#8243;]<\/p>\n<hr \/>\n<p>Amb el suport de:<\/p>\n<p><a href=\"https:\/\/www.editorialelpirata.com\/wp-content\/uploads\/2023\/09\/logo-icec-01.jpg\"><img decoding=\"async\" class=\"alignnone size-full wp-image-100721\" src=\"https:\/\/www.editorialelpirata.com\/wp-content\/uploads\/2023\/09\/logo-icec-01.jpg\" alt=\"\" width=\"158\" height=\"68\" title=\"\" srcset=\"https:\/\/www.editorialelpirata.com\/wp-content\/uploads\/2023\/09\/logo-icec-01.jpg 158w, https:\/\/www.editorialelpirata.com\/wp-content\/uploads\/2023\/09\/logo-icec-01-64x28.jpg 64w\" sizes=\"(max-width: 158px) 100vw, 158px\" \/><\/a>[\/vc_column_text][\/vc_column][\/vc_row]<\/p>\n<\/div>","protected":false},"excerpt":{"rendered":"<h2>Qu\u00e8 far\u00edeu si us diguessin que \u00e9s possible viatjar en el temps?<\/h2>\n<p>A <em>Les Olimp\u00edades de Gr\u00e8cia<\/em>, els Exploradors del Temps visitaran Ol\u00edmpia durant la celebraci\u00f3 dels Jocs Ol\u00edmpics. Per a aquesta missi\u00f3 han d\u2019intentar aconseguir la corona d\u2019or d\u2019H\u00e8racles, tot i que \u00a0ning\u00fa sap si va existir realment o si \u00e9s nom\u00e9s una llegenda. Seran capa\u00e7os de completar la missi\u00f3 abans que en Mal\u00e8fic Durador els pari els peus?<\/p>\n<p><strong><a href=\"https:\/\/www.yumpu.com\/xx\/document\/view\/68563691\/les-olimpiades-de-grecia\" target=\"_blank\" rel=\"noopener\"><mark>Llegir una mostra<\/mark><\/a><\/strong><\/p>\n<p>&nbsp;<\/p>\n<p>Autor: <a href=\"https:\/\/www.edicionsdelpirata.cat\/jordi-ortiz\/\" target=\"_blank\" rel=\"noopener\">Jordi Ortiz<\/a><\/p>\n<p>Il\u00b7lustrador: <a href=\"https:\/\/www.edicionsdelpirata.cat\/miguel-angel-saura\/\" target=\"_blank\" rel=\"noopener\">Miguel \u00c1ngel Saura<\/a><\/p>\n<p>&nbsp;<\/p>\n","protected":false},"featured_media":97627,"template":"","meta":[],"product_brand":[],"product_cat":[2349,2354,2392,2123,2170,2256,2298,2328],"product_tag":[2822,2824,2825,2826,2827,2923,2924,2933],"class_list":{"0":"post-97625","1":"product","2":"type-product","3":"status-publish","4":"has-post-thumbnail","6":"product_cat-llibres-aventures-10-anys","7":"product_cat-novetats","8":"product_cat-miguel-angel-saura-illustradors","9":"product_cat-tots-els-llibres","10":"product_cat-llibres-per-10-anys","11":"product_cat-jordi-ortiz-escriptors","12":"product_cat-llibres-per-12-anys","13":"product_cat-llibres-per-9-anys","14":"product_tag-aventures-historiques-ca","15":"product_tag-exploradors-del-temps-ca","16":"product_tag-interactiu-llibre-ca","17":"product_tag-llibre-10-anys-ca","18":"product_tag-llibre-11-anys-ca","19":"product_tag-llibre-interactiu-aventures-ca","20":"product_tag-viatjar-temps-ca","21":"product_tag-romans-ca","23":"first","24":"instock","25":"shipping-taxable","26":"purchasable","27":"product-type-variable","28":"has-default-attributes"},"_links":{"self":[{"href":"https:\/\/www.editorialelpirata.com\/ca\/wp-json\/wp\/v2\/product\/97625","targetHints":{"allow":["GET"]}}],"collection":[{"href":"https:\/\/www.editorialelpirata.com\/ca\/wp-json\/wp\/v2\/product"}],"about":[{"href":"https:\/\/www.editorialelpirata.com\/ca\/wp-json\/wp\/v2\/types\/product"}],"wp:featuredmedia":[{"embeddable":true,"href":"https:\/\/www.editorialelpirata.com\/ca\/wp-json\/wp\/v2\/media\/97627"}],"wp:attachment":[{"href":"https:\/\/www.editorialelpirata.com\/ca\/wp-json\/wp\/v2\/media?parent=97625"}],"wp:term":[{"taxonomy":"product_brand","embeddable":true,"href":"https:\/\/www.editorialelpirata.com\/ca\/wp-json\/wp\/v2\/product_brand?post=97625"},{"taxonomy":"product_cat","embeddable":true,"href":"https:\/\/www.editorialelpirata.com\/ca\/wp-json\/wp\/v2\/product_cat?post=97625"},{"taxonomy":"product_tag","embeddable":true,"href":"https:\/\/www.editorialelpirata.com\/ca\/wp-json\/wp\/v2\/product_tag?post=97625"}],"curies":[{"name":"wp","href":"https:\/\/api.w.org\/{rel}","templated":true}]}}