{"id":97600,"date":"2023-11-08T16:47:47","date_gmt":"2023-11-08T16:47:47","guid":{"rendered":"https:\/\/www.editorialelpirata.com\/?post_type=product&#038;p=97600"},"modified":"2025-01-24T23:17:35","modified_gmt":"2025-01-24T23:17:35","slug":"juliette-a-paris","status":"publish","type":"product","link":"https:\/\/www.editorialelpirata.com\/ca\/Producte\/juliette-a-paris\/","title":{"rendered":"JULIETTE A PAR\u00cdS"},"content":{"rendered":"<div class=\"wpb-content-wrapper\"><p>[vc_row][vc_column][vc_column_text uncode_shortcode_id=&#8221;441902&#8243;]Les vacances d\u2019estiu acaben de comen\u00e7ar quan la Juliette i la seva mare <strong>volen a Par\u00eds<\/strong>. Tot i que hauria preferit passar les tardes a la piscina de la Gina, la seva millor amiga, la Juliette est\u00e0 for\u00e7a contenta de contemplar la ciutat des de dalt la Torre Eiffel, passejar en barca pel riu Sena, anar de compres a les Galeries Lafayette&#8230; i fer-se amiga de tres nois! Malgrat tot, dins els t\u00fanels subterranis m\u00e9s tenebrosos de la Ciutat de la Llum, l\u2019adolescent viur\u00e0 una <strong>aventura terror\u00edfica<\/strong>.<\/p>\n<p>&nbsp;<\/p>\n<p><em>Juliette a Par\u00eds<\/em> \u00e9s un <strong>c\u00f2mic juvenil<\/strong> molt divertit recomanat a partir de 9 anys. \u00c9s el segon volum de la col\u00b7lecci\u00f3 \u00abJuliette\u00bb, adaptaci\u00f3 oficial de la famosa saga liter\u00e0ria canadenca creada per Rose-Line Brasset.<\/p>\n<p><strong>\u00a0<\/strong><\/p>\n<p><strong>T\u00edtols de la col\u00b7lecci\u00f3:<\/strong><\/p>\n<ul>\n<li><em>1. <a href=\"https:\/\/www.editorialelpirata.com\/ca\/producto\/juliette-a-nova-york\/\" target=\"_blank\" rel=\"noopener\">Juliette a Nova York<\/a><\/em><\/li>\n<li><em>2. Juliette a Par\u00eds<\/em><\/li>\n<\/ul>\n<p>&nbsp;<\/p>\n<p>Descobreix altres t\u00edtols d\u2019Edicions del Pirata:<\/p>\n<ul>\n<li>\u00b7 <a href=\"https:\/\/www.editorialelpirata.com\/ca\/producto\/les-legions-de-roma\/\" target=\"_blank\" rel=\"noopener\">Les legions de Roma<\/a><\/li>\n<li>\u00b7 <a href=\"https:\/\/www.editorialelpirata.com\/ca\/producto\/les-expedicions-dels-vikings\/\" target=\"_blank\" rel=\"noopener\">Les expedicions dels vikings<\/a><\/li>\n<li>\u00b7 <a href=\"https:\/\/www.editorialelpirata.com\/ca\/producto\/poca-broma-amb-la-xocolata-9-anys\/\" target=\"_blank\" rel=\"noopener\">Poca broma amb la xocolata!<\/a><\/li>\n<\/ul>\n<p>[\/vc_column_text][vc_column_text uncode_shortcode_id=&#8221;187354&#8243;]<\/p>\n<blockquote><p><strong>Sophiemamindu:<\/strong> &#8220;\u00c9s un c\u00f2mic molt interessant i divertit en el qual podem acompanyar la Juliette en el seu viatge a Par\u00eds, viure amb ella les seves aventures i con\u00e8ixer una mica d&#8217;aquesta ciutat al seu costat!&#8221;<\/p><\/blockquote>\n<p>[\/vc_column_text][\/vc_column][\/vc_row][vc_row][vc_column column_width_percent=&#8221;100&#8243; align_horizontal=&#8221;align_center&#8221; gutter_size=&#8221;3&#8243; overlay_alpha=&#8221;50&#8243; shift_x=&#8221;0&#8243; shift_y=&#8221;0&#8243; shift_y_down=&#8221;0&#8243; z_index=&#8221;0&#8243; medium_width=&#8221;0&#8243; mobile_width=&#8221;0&#8243; width=&#8221;1\/1&#8243; uncode_shortcode_id=&#8221;638086&#8243;][vc_raw_html]JTNDaWZyYW1lJTIwd2lkdGglM0QlMjI2MjBweCUyMiUyMGhlaWdodCUzRCUyMjQwMHB4JTIyJTIwc3JjJTNEJTIyaHR0cHMlM0ElMkYlMkZ3d3cueXVtcHUuY29tJTJGeHglMkZlbWJlZCUyRnZpZXclMkZpaFVSb25KV2dhdm1rQTIxJTIyJTIwZnJhbWVib3JkZXIlM0QlMjIwJTIyJTIwYWxsb3dmdWxsc2NyZWVuJTNEJTIydHJ1ZSUyMiUyMGFsbG93dHJhbnNwYXJlbmN5JTNEJTIydHJ1ZSUyMiUzRSUzQyUyRmlmcmFtZSUzRSUyMCUyMCUyMCUyMCUyMCUyMCUyMCUyMCUyMCUyMCUyMCUyMCUyMCUyMCUyMCUyMCUyMCUyMCUyMCUyMCUyMCUyMCUyMCUyMCUyMCUyMCUyMCUyMCUyMCUyMCUyMCUyMCUyMCUyMCUyMCUyMCUyMCUyMCUyMCUyMCUyMCUyMCUyMCUyMCUyMA==[\/vc_raw_html][\/vc_column][\/vc_row][vc_row][vc_column width=&#8221;1\/1&#8243;][vc_column_text uncode_shortcode_id=&#8221;450306&#8243;]<\/p>\n<hr \/>\n<p>Amb el suport de:<\/p>\n<p>&nbsp;<\/p>\n<p><a href=\"https:\/\/www.editorialelpirata.com\/wp-content\/uploads\/2023\/09\/logo-icec-01.jpg\"><img decoding=\"async\" class=\"alignnone size-full wp-image-100721\" src=\"https:\/\/www.editorialelpirata.com\/wp-content\/uploads\/2023\/09\/logo-icec-01.jpg\" alt=\"\" width=\"158\" height=\"68\" title=\"\" srcset=\"https:\/\/www.editorialelpirata.com\/wp-content\/uploads\/2023\/09\/logo-icec-01.jpg 158w, https:\/\/www.editorialelpirata.com\/wp-content\/uploads\/2023\/09\/logo-icec-01-64x28.jpg 64w\" sizes=\"(max-width: 158px) 100vw, 158px\" \/><\/a>[\/vc_column_text][\/vc_column][\/vc_row]<\/p>\n<\/div>","protected":false},"excerpt":{"rendered":"<h2>El segon c\u00f2mic de la s\u00e8rie Juliette<\/h2>\n<p>Un divertit c\u00f2mic juvenil a partir de 9 anys, ple de viatges i aventures.<\/p>\n<p>.<\/p>\n<p>Autora: <a href=\"https:\/\/www.edicionsdelpirata.cat\/emilie-decrock\/\" target=\"_blank\" rel=\"noopener\">\u00c9milie Decrock<\/a><\/p>\n<p>Il\u00b7lustradora: <a href=\"https:\/\/www.edicionsdelpirata.cat\/lisette-morival\/\" target=\"_blank\" rel=\"noopener\">Lisette Morival<\/a><\/p>\n<p>Basat en la novel\u00b7la de:<a href=\"https:\/\/www.edicionsdelpirata.cat\/rose-line-brasset\/\" target=\"_blank\" rel=\"noopener\"> Rose-Line Brasset<\/a><\/p>\n","protected":false},"featured_media":97606,"template":"","meta":[],"product_brand":[],"product_cat":[2123,2164,2953,2170,2354],"product_tag":[2949,2950,2951,2952,2954,2945,2946,2947,2948],"class_list":{"0":"post-97600","1":"product","2":"type-product","3":"status-publish","4":"has-post-thumbnail","6":"product_cat-tots-els-llibres","7":"product_cat-llibres-per-8-anys","8":"product_cat-comics-4","9":"product_cat-llibres-per-10-anys","10":"product_cat-novetats","11":"product_tag-comics-per-a-adolescents-ca","12":"product_tag-comics-per-a-nenes-ca","13":"product_tag-comics-per-a-noies-ca","14":"product_tag-llibres-per-a-nenes-ca","15":"product_tag-comic-adolescent-ca","16":"product_tag-comic-juvenil-catala-ca","17":"product_tag-comics-damistats-ca","18":"product_tag-comics-de-viatges-ca","19":"product_tag-comics-nova-york-ca","21":"first","22":"instock","23":"featured","24":"shipping-taxable","25":"purchasable","26":"product-type-variable","27":"has-default-attributes"},"_links":{"self":[{"href":"https:\/\/www.editorialelpirata.com\/ca\/wp-json\/wp\/v2\/product\/97600","targetHints":{"allow":["GET"]}}],"collection":[{"href":"https:\/\/www.editorialelpirata.com\/ca\/wp-json\/wp\/v2\/product"}],"about":[{"href":"https:\/\/www.editorialelpirata.com\/ca\/wp-json\/wp\/v2\/types\/product"}],"wp:featuredmedia":[{"embeddable":true,"href":"https:\/\/www.editorialelpirata.com\/ca\/wp-json\/wp\/v2\/media\/97606"}],"wp:attachment":[{"href":"https:\/\/www.editorialelpirata.com\/ca\/wp-json\/wp\/v2\/media?parent=97600"}],"wp:term":[{"taxonomy":"product_brand","embeddable":true,"href":"https:\/\/www.editorialelpirata.com\/ca\/wp-json\/wp\/v2\/product_brand?post=97600"},{"taxonomy":"product_cat","embeddable":true,"href":"https:\/\/www.editorialelpirata.com\/ca\/wp-json\/wp\/v2\/product_cat?post=97600"},{"taxonomy":"product_tag","embeddable":true,"href":"https:\/\/www.editorialelpirata.com\/ca\/wp-json\/wp\/v2\/product_tag?post=97600"}],"curies":[{"name":"wp","href":"https:\/\/api.w.org\/{rel}","templated":true}]}}