{"id":97599,"date":"2023-11-08T16:47:47","date_gmt":"2023-11-08T16:47:47","guid":{"rendered":"https:\/\/www.editorialelpirata.com\/?post_type=product&#038;p=97599"},"modified":"2025-01-24T23:17:35","modified_gmt":"2025-01-24T23:17:35","slug":"juliette-a-nova-york","status":"publish","type":"product","link":"https:\/\/www.editorialelpirata.com\/ca\/Producte\/juliette-a-nova-york\/","title":{"rendered":"JULIETTE A NOVA YORK"},"content":{"rendered":"<div class=\"wpb-content-wrapper\"><p>[vc_row][vc_column][vc_column_text uncode_shortcode_id=&#8221;163907&#8243;]Acompanyada de la seva mare periodista, la Juliette viatja sempre que t\u00e9 vacances escolars. Uns dies abans de Pasqua, l&#8217;adolescent <strong>vola a Nova York per passar una setmana de somni<\/strong> a la famosa ciutat que mai dorm. En el seu itinerari: comprar, fer turisme i anar omplint el seu diari personal. Per\u00f2, \u00e9s clar, aix\u00f2 no contempla els nous amics de la Juliette, que la porten a incre\u00efbles aventures per tota la ciutat.<\/p>\n<p><em>\u00a0<\/em><\/p>\n<p><em>Juliette a Nova York<\/em> \u00e9s un <strong>c\u00f2mic juvenil<\/strong> molt divertit recomanat a partir de 9 anys. \u00c9s el primer volum de la col\u00b7lecci\u00f3 \u00abJuliette\u00bb, adaptaci\u00f3 oficial de la famosa saga liter\u00e0ria canadenca creada per Rose-Line Brasset.<\/p>\n<p><strong>\u00a0<\/strong><\/p>\n<p><strong>T\u00edtols de la col\u00b7lecci\u00f3:<\/strong><\/p>\n<ul>\n<li><em>1. Juliette a Nova York<\/em><\/li>\n<li><em>2. <a href=\"https:\/\/www.editorialelpirata.com\/ca\/producto\/juliette-a-paris\/\" target=\"_blank\" rel=\"noopener\">Juliette a Par\u00eds<\/a><\/em><\/li>\n<\/ul>\n<p>&nbsp;<\/p>\n<p>Descobreix altres t\u00edtols d\u2019Edicions del Pirata:<\/p>\n<ul>\n<li>\u00b7 <a href=\"https:\/\/www.editorialelpirata.com\/ca\/producto\/les-legions-de-roma\/\" target=\"_blank\" rel=\"noopener\">Les legions de Roma<\/a><\/li>\n<li>\u00b7 <a href=\"https:\/\/www.editorialelpirata.com\/ca\/producto\/les-expedicions-dels-vikings\/\" target=\"_blank\" rel=\"noopener\">Les expedicions dels vikings<\/a><\/li>\n<li>\u00b7 <a href=\"https:\/\/www.editorialelpirata.com\/ca\/producto\/poca-broma-amb-la-xocolata-9-anys\/\" target=\"_blank\" rel=\"noopener\">Poca broma amb la xocolata!<\/a><\/li>\n<\/ul>\n<p>[\/vc_column_text][vc_column_text uncode_shortcode_id=&#8221;107753&#8243;]<\/p>\n<blockquote><p><strong>El_libro_de_Emma:<\/strong> &#8220;Us animo a descobrir aquest entretingut i documentat c\u00f2mic juvenil amb el qual acompanyareu a Juliette a descobrir aquesta fant\u00e0stica ciutat.&#8221;<\/p>\n<p><strong>Miscuentosinfantiles:<\/strong> &#8220;El que m\u00e9s m&#8217;ha agradat d&#8217;aquest llibre ha estat, sens dubte, la din\u00e0mica de la informaci\u00f3 que va donant sobre la ciutat que visita Juliette. \u00c9s una forma senzilla i divertida d&#8217;aprendre sobre monuments, costums, llocs&#8230; A m\u00e9s, no resulta gens dif\u00edcil submergir-se plenament en la hist\u00f2ria de la noia i la seva mare. Una col\u00b7lecci\u00f3 de c\u00f2mic diferent que ens far\u00e0 viatjar per tot el m\u00f3n.&#8221;<\/p><\/blockquote>\n<p>[\/vc_column_text][\/vc_column][\/vc_row][vc_row][vc_column column_width_percent=&#8221;100&#8243; align_horizontal=&#8221;align_center&#8221; gutter_size=&#8221;3&#8243; overlay_alpha=&#8221;50&#8243; shift_x=&#8221;0&#8243; shift_y=&#8221;0&#8243; shift_y_down=&#8221;0&#8243; z_index=&#8221;0&#8243; medium_width=&#8221;0&#8243; mobile_width=&#8221;0&#8243; width=&#8221;1\/1&#8243; uncode_shortcode_id=&#8221;331077&#8243;][vc_raw_html]JTNDaWZyYW1lJTIwd2lkdGglM0QlMjI2MjBweCUyMiUyMGhlaWdodCUzRCUyMjQwMHB4JTIyJTIwc3JjJTNEJTIyaHR0cHMlM0ElMkYlMkZ3d3cueXVtcHUuY29tJTJGeHglMkZlbWJlZCUyRnZpZXclMkZ4SlJGRDdvemU5Q1lHbjRsJTIyJTIwZnJhbWVib3JkZXIlM0QlMjIwJTIyJTIwYWxsb3dmdWxsc2NyZWVuJTNEJTIydHJ1ZSUyMiUyMGFsbG93dHJhbnNwYXJlbmN5JTNEJTIydHJ1ZSUyMiUzRSUzQyUyRmlmcmFtZSUzRSUyMCUyMCUyMCUyMCUyMCUyMCUyMCUyMCUyMCUyMCUyMCUyMCUyMCUyMCUyMCUyMCUyMCUyMCUyMCUyMCUyMCUyMCUyMCUyMCUyMCUyMCUyMCUyMCUyMCUyMCUyMCUyMCUyMCUyMCUyMCUyMCUyMCUyMCUyMCUyMCUyMCUyMCUyMCUyMCUyMCUyMCUyMA==[\/vc_raw_html][\/vc_column][\/vc_row][vc_row][vc_column width=&#8221;1\/1&#8243;][vc_column_text uncode_shortcode_id=&#8221;936299&#8243;]<\/p>\n<hr \/>\n<p>Amb el suport de:<\/p>\n<p>&nbsp;<\/p>\n<p><a href=\"https:\/\/www.editorialelpirata.com\/wp-content\/uploads\/2023\/09\/logo-icec-01.jpg\"><img decoding=\"async\" class=\"alignnone size-full wp-image-100721\" src=\"https:\/\/www.editorialelpirata.com\/wp-content\/uploads\/2023\/09\/logo-icec-01.jpg\" alt=\"\" width=\"158\" height=\"68\" title=\"\" srcset=\"https:\/\/www.editorialelpirata.com\/wp-content\/uploads\/2023\/09\/logo-icec-01.jpg 158w, https:\/\/www.editorialelpirata.com\/wp-content\/uploads\/2023\/09\/logo-icec-01-64x28.jpg 64w\" sizes=\"(max-width: 158px) 100vw, 158px\" \/><\/a>[\/vc_column_text][\/vc_column][\/vc_row]<\/p>\n<\/div>","protected":false},"excerpt":{"rendered":"<h2>El primer c\u00f2mic de la s\u00e8rie Juliette &#8211; M\u00e9s de 2.000.000 venuts de la col\u00b7lecci\u00f3<\/h2>\n<p>Un divertit c\u00f2mic juvenil a partir de 9 anys, ple de viatges i aventures.<\/p>\n<p>.<\/p>\n<p>Autora: <a href=\"https:\/\/www.edicionsdelpirata.cat\/emilie-decrock\/\" target=\"_blank\" rel=\"noopener\">\u00c9milie Decrock<\/a><\/p>\n<p>Il\u00b7lustradora: <a href=\"https:\/\/www.edicionsdelpirata.cat\/lisette-morival\/\" target=\"_blank\" rel=\"noopener\">Lisette Morival<\/a><\/p>\n<p>Basat en la novel\u00b7la de: <a href=\"https:\/\/www.edicionsdelpirata.cat\/rose-line-brasset\/\" target=\"_blank\" rel=\"noopener\">Rose-Line Brasset<\/a><\/p>\n","protected":false},"featured_media":97601,"template":"","meta":[],"product_brand":[],"product_cat":[2123,2164,2953,2170,2354],"product_tag":[2951,2952,2945,2946,2947,2948,2949,2950],"class_list":{"0":"post-97599","1":"product","2":"type-product","3":"status-publish","4":"has-post-thumbnail","6":"product_cat-tots-els-llibres","7":"product_cat-llibres-per-8-anys","8":"product_cat-comics-4","9":"product_cat-llibres-per-10-anys","10":"product_cat-novetats","11":"product_tag-comics-per-a-noies-ca","12":"product_tag-llibres-per-a-nenes-ca","13":"product_tag-comic-juvenil-catala-ca","14":"product_tag-comics-damistats-ca","15":"product_tag-comics-de-viatges-ca","16":"product_tag-comics-nova-york-ca","17":"product_tag-comics-per-a-adolescents-ca","18":"product_tag-comics-per-a-nenes-ca","20":"first","21":"instock","22":"featured","23":"shipping-taxable","24":"purchasable","25":"product-type-variable","26":"has-default-attributes"},"_links":{"self":[{"href":"https:\/\/www.editorialelpirata.com\/ca\/wp-json\/wp\/v2\/product\/97599","targetHints":{"allow":["GET"]}}],"collection":[{"href":"https:\/\/www.editorialelpirata.com\/ca\/wp-json\/wp\/v2\/product"}],"about":[{"href":"https:\/\/www.editorialelpirata.com\/ca\/wp-json\/wp\/v2\/types\/product"}],"wp:featuredmedia":[{"embeddable":true,"href":"https:\/\/www.editorialelpirata.com\/ca\/wp-json\/wp\/v2\/media\/97601"}],"wp:attachment":[{"href":"https:\/\/www.editorialelpirata.com\/ca\/wp-json\/wp\/v2\/media?parent=97599"}],"wp:term":[{"taxonomy":"product_brand","embeddable":true,"href":"https:\/\/www.editorialelpirata.com\/ca\/wp-json\/wp\/v2\/product_brand?post=97599"},{"taxonomy":"product_cat","embeddable":true,"href":"https:\/\/www.editorialelpirata.com\/ca\/wp-json\/wp\/v2\/product_cat?post=97599"},{"taxonomy":"product_tag","embeddable":true,"href":"https:\/\/www.editorialelpirata.com\/ca\/wp-json\/wp\/v2\/product_tag?post=97599"}],"curies":[{"name":"wp","href":"https:\/\/api.w.org\/{rel}","templated":true}]}}