{"id":97554,"date":"2023-09-14T15:39:57","date_gmt":"2023-11-02T16:46:39","guid":{"rendered":"https:\/\/www.editorialelpirata.com\/?post_type=product&#038;p=97554"},"modified":"2025-05-15T11:36:19","modified_gmt":"2025-05-15T11:36:19","slug":"a-dormir-ovelleta","status":"publish","type":"product","link":"https:\/\/www.editorialelpirata.com\/ca\/Producte\/a-dormir-ovelleta\/","title":{"rendered":"A DORMIR, OVELLETA"},"content":{"rendered":"<div class=\"wpb-content-wrapper\"><p>[vc_row][vc_column][vc_column_text uncode_shortcode_id=&#8221;553852&#8243;]<strong><em>A dormir, Ovelleta <\/em><\/strong>\u00e9s un <strong>llibre de tela interactiu per a beb\u00e8s de 0 a 36 mesos<\/strong> que acompanyar\u00e0 el nad\u00f3 a l\u2019hora d\u2019anar a dormir. Inclou una ovelleta de peluix cosida al llom amb una cinta de tela. Cada il\u00b7lustraci\u00f3 t\u00e9 una butxaca perqu\u00e8 el beb\u00e8 pugui posar-hi el peluix a l\u2019interior. Als nadons els encantar\u00e0 ajudar l\u2019Ovelleta a preparar-se per anar a dormir!<\/p>\n<p>Segueix la rutina de nit de l\u2019Ovelleta! Acompanya-la mentre sopa, es banya, diu bona nit al seu peluix preferit i se\u2019n va a dormir. A cada escena, l\u2019infant podr\u00e0 posar l\u2019ovella al seu lloc corresponent i imitar-ne els moviments. \u00c9s el conte ideal per millorar les habilitats motores del nad\u00f3, aix\u00ed com tamb\u00e9 per fomentar la imaginaci\u00f3 i les habilitats ling\u00fc\u00edstiques.<\/p>\n<p>El conte est\u00e0 fet amb una <strong>tela molt suau<\/strong> amb textura de vellut totalment segura per a beb\u00e8s. A m\u00e9s, es pot rentar a m\u00e0. La mida del conte, 13 x 13 cm, \u00e9s perfecta per a les mans m\u00e9s petites.<\/p>\n<p>\u00c9s el regal ideal per a nadons de 0 a 36 mesos.<\/p>\n<p>&nbsp;<\/p>\n<p>Descobreix m\u00e9s llibres per a beb\u00e8s d\u2019Edicions del Pirata:<\/p>\n<ul>\n<li>\u00b7 <a href=\"https:\/\/www.edicionsdelpirata.cat\/producte\/qui-amaga-llibre-tela-solapes\/\" target=\"_blank\" rel=\"noopener\">Qui s&#8217;amaga?<\/a><\/li>\n<li>\u00b7 <a href=\"https:\/\/www.edicionsdelpirata.cat\/producte\/es-hora-bany-conte-banyera\/\" target=\"_blank\" rel=\"noopener\">\u00c9s l\u2019hora del bany<\/a><\/li>\n<li>\u00b7 <a href=\"https:\/\/www.edicionsdelpirata.cat\/producte\/meus-primers-contes-bebe-llibres-interactius\/\" target=\"_blank\" rel=\"noopener\">Els meus primers contes de beb\u00e8: Tres contes interactius per a nadons<\/a><\/li>\n<li><a href=\"https:\/\/www.edicionsdelpirata.cat\/producte\/mini-llibres-primeres-paraules\/\" target=\"_blank\" rel=\"noopener\">\u00b7 Les meves primeres paraules<\/a><\/li>\n<li><a href=\"https:\/\/www.edicionsdelpirata.cat\/producte\/minillibres-jugar-aprendre\/\" target=\"_blank\" rel=\"noopener\">\u00b7 Minillibres per a jugar i aprendre<\/a><\/li>\n<\/ul>\n<p>[\/vc_column_text][vc_column_text uncode_shortcode_id=&#8221;882809&#8243;]<\/p>\n<blockquote><p><strong>Client Amazon:<\/strong> El meu beb\u00e8 \u00e9s encara petit per a posar a l&#8217;ovelleta a les butxaques, per\u00f2 a l&#8217;\u00e9sser de tela puc deixar-l&#8217;hi sense por al fet que ho destrossi. Li encanta jugar amb l&#8217;ovelleta i el cordill que la subjecta i de moment no l&#8217;ha aconseguit trencar-la, la qual cosa \u00e9s molt bon senyal.\u00a0Li dono 5 estrelles perqu\u00e8 crec que a mesura que ella creixi continuarem aprofitant-ho perqu\u00e8 li interessi el que llegim, i comenci a usar les butxaques.<\/p>\n<p><strong>Cuentos_para_mis_peques:<\/strong> &#8220;Fa temps que em demaneu que ensenyi llibres tous per a nadons i la veritat \u00e9s que no n&#8217;hem mostrat molts perqu\u00e8 em costa trobar contes de tela que puguem contar o cantar. Per\u00f2 aquest mini conte de l&#8217;ovelleta m&#8217;ha semblat meravell\u00f3s!&#8221;<\/p>\n<p><strong>Make_baby_up: &#8220;<\/strong>Des que li vam donar a en Nico, l&#8217;adora. \u00c9s m\u00e9s que un llibre, \u00e9s un joc, un peluix&#8230; Alguna cosa molt senzilla, per\u00f2 amb la qual no para de jugar! A m\u00e9s, entrena molt el parlar, ja que ens explica tot el que est\u00e0 fent: a sopar, al bany, a dormir&#8230; Sembla de deb\u00f2!&#8221;<\/p><\/blockquote>\n<p>[\/vc_column_text][\/vc_column][\/vc_row][vc_row][vc_column width=&#8221;1\/1&#8243;][vc_column_text uncode_shortcode_id=&#8221;152961&#8243;]<\/p>\n<hr \/>\n<p>Amb el suport de:<\/p>\n<p><a href=\"https:\/\/www.editorialelpirata.com\/wp-content\/uploads\/2024\/11\/Logo-icec.jpg\"><img decoding=\"async\" class=\"alignnone size-medium wp-image-100854\" src=\"https:\/\/www.editorialelpirata.com\/wp-content\/uploads\/2024\/11\/Logo-icec-300x45.jpg\" alt=\"Logo icec complert\" width=\"300\" height=\"45\" title=\"\"><\/a>[\/vc_column_text][\/vc_column][\/vc_row]<\/p>\n<\/div>","protected":false},"excerpt":{"rendered":"<h2>Conte de tela per a nadons<\/h2>\n<p>Un llibre de tela interactiu per a beb\u00e8s de 0 a 36 mesos, ideal per anar a dormir.<\/p>\n<p>.<\/p>\n<p>Il\u00b7lustradora: <a href=\"https:\/\/www.edicionsdelpirata.cat\/alicia-teba\/\" target=\"_blank\" rel=\"noopener\">Alicia Teba<\/a><\/p>\n","protected":false},"featured_media":97569,"template":"","meta":[],"product_brand":[],"product_cat":[2123,2335,2955,2354,2956,2379,2419],"product_tag":[2821,2888,2898,2957,2958,2812,2814,2815,2817],"class_list":{"0":"post-97554","1":"product","2":"type-product","3":"status-publish","4":"has-post-thumbnail","6":"product_cat-tots-els-llibres","7":"product_cat-llibres-joc","8":"product_cat-llibres-de-tela-per-bebes-2","9":"product_cat-novetats","10":"product_cat-llibres-per-jugar-2","11":"product_cat-alicia-teba-illustradors","12":"product_cat-contes-per-bebes","13":"product_tag-llibres-per-a-nadons-ca","14":"product_tag-contes-bebes-ca","15":"product_tag-llibres-bebes-ca","16":"product_tag-conte-tela-nadons-ca","17":"product_tag-regals-per-a-nenes-ca","18":"product_tag-llibre-contes-per-dormir-ca","19":"product_tag-regals-per-a-nens-ca","20":"product_tag-llibre-bebe-catala-ca","21":"product_tag-llibre-de-tela-ca","23":"first","24":"instock","25":"shipping-taxable","26":"purchasable","27":"product-type-variable","28":"has-default-attributes"},"_links":{"self":[{"href":"https:\/\/www.editorialelpirata.com\/ca\/wp-json\/wp\/v2\/product\/97554","targetHints":{"allow":["GET"]}}],"collection":[{"href":"https:\/\/www.editorialelpirata.com\/ca\/wp-json\/wp\/v2\/product"}],"about":[{"href":"https:\/\/www.editorialelpirata.com\/ca\/wp-json\/wp\/v2\/types\/product"}],"wp:featuredmedia":[{"embeddable":true,"href":"https:\/\/www.editorialelpirata.com\/ca\/wp-json\/wp\/v2\/media\/97569"}],"wp:attachment":[{"href":"https:\/\/www.editorialelpirata.com\/ca\/wp-json\/wp\/v2\/media?parent=97554"}],"wp:term":[{"taxonomy":"product_brand","embeddable":true,"href":"https:\/\/www.editorialelpirata.com\/ca\/wp-json\/wp\/v2\/product_brand?post=97554"},{"taxonomy":"product_cat","embeddable":true,"href":"https:\/\/www.editorialelpirata.com\/ca\/wp-json\/wp\/v2\/product_cat?post=97554"},{"taxonomy":"product_tag","embeddable":true,"href":"https:\/\/www.editorialelpirata.com\/ca\/wp-json\/wp\/v2\/product_tag?post=97554"}],"curies":[{"name":"wp","href":"https:\/\/api.w.org\/{rel}","templated":true}]}}