{"id":97528,"date":"2023-04-03T15:44:41","date_gmt":"2023-04-03T14:13:44","guid":{"rendered":"https:\/\/www.editorialelpirata.com\/?post_type=product&#038;p=97528"},"modified":"2025-09-30T11:12:25","modified_gmt":"2025-09-30T11:12:25","slug":"les-expedicions-dels-vikings","status":"publish","type":"product","link":"https:\/\/www.editorialelpirata.com\/ca\/Producte\/les-expedicions-dels-vikings\/","title":{"rendered":"LES EXPEDICIONS DELS VIKINGS"},"content":{"rendered":"<div class=\"wpb-content-wrapper\"><p>[vc_row][vc_column][vc_column_text uncode_shortcode_id=&#8221;201719&#8243;]<\/p>\n<h1>Llibre d&#8217;aventures per a nens i nenes a partir de 10 anys<\/h1>\n<h2>Amb un rellotge del temps per viatjar al passat!<\/h2>\n<p>Aquest \u00e9s el segon llibre de la col\u00b7lecci\u00f3 <strong>\u00ab<a href=\"https:\/\/www.edicionsdelpirata.cat\/exploradors-temps\/\" target=\"_blank\" rel=\"noopener\"><em>ELS EXPLORADORS DEL TEMPS<\/em><\/a>\u00bb<\/strong>, il\u00b7lustrada a tot color i combinant di\u00e0legs de c\u00f2mic amb novel\u00b7la d&#8217;aventures per a nens de 9 a 12 anys. Cada llibre ens permet gaudir d\u2019un fascinant viatge en el temps del V\u00edctor, la Cristina, en Celoni i l\u2019Ibis. Durant la lectura, els lectors es trobaran amb algunes preguntes que permeten descobrir curiositats d\u2019antigues civilitzacions. Per poder fer-ho, hauran de fer servir el <strong>Rellotge del Temps<\/strong>, incl\u00f2s en el llibre, per desxifrar el n\u00famero de p\u00e0gina que s\u2019amaga rere un fons de color vermell i aix\u00ed poder viatjar en el temps per descobrir curiositats hist\u00f2riques incre\u00efbles.[\/vc_column_text][\/vc_column][\/vc_row][vc_row][vc_column width=&#8221;1\/4&#8243;][\/vc_column][vc_column width=&#8221;1\/2&#8243;][vc_single_image media=&#8221;94989&#8243; media_width_percent=&#8221;100&#8243; uncode_shortcode_id=&#8221;192100&#8243;][\/vc_column][vc_column width=&#8221;1\/4&#8243;][\/vc_column][\/vc_row][vc_row][vc_column width=&#8221;1\/1&#8243;][vc_column_text uncode_shortcode_id=&#8221;881632&#8243;]<strong>I tu, vols ser un Explorador del Temps?<\/strong> Una vegada acabat el llibre, supera el <strong>test<\/strong> dels exploradors i podr\u00e0s aconseguir l\u2019objecte que s\u2019ha recuperat en cada llibre de la saga. Enganxa\u2019l al <strong>p\u00f2ster<\/strong> de la col\u00b7lecci\u00f3! Podr\u00e0s aconseguir tots els objectes perduts en el temps?<\/p>\n<p>&nbsp;<\/p>\n<p>Si superes el test, tamb\u00e9 et podr\u00e0s descarregar un fragment digital d\u2019un dels llibres de la col\u00b7lecci\u00f3 \u00ab<a href=\"https:\/\/www.edicionsdelpirata.cat\/historia-nens\/\" target=\"_blank\" rel=\"noopener\"><strong>Hist\u00f2ria per a nens<\/strong><\/a>\u00bb. Apr\u00e8n m\u00e9s sobre cada civilitzaci\u00f3 i converteix-te en un crack de la hist\u00f2ria![\/vc_column_text][\/vc_column][\/vc_row][vc_row][vc_column width=&#8221;1\/3&#8243;][vc_button button_color=&#8221;color-390865&#8243; border_width=&#8221;0&#8243; button_color_type=&#8221;uncode-palette&#8221; uncode_shortcode_id=&#8221;201806&#8243; link=&#8221;url:https%3A%2F%2Fwww.editorialelpirata.com%2Fca%2Ftest-expedicions-vikings-2%2F|title:Test%20Les%20expedicions%20dels%20vikings|target:_blank|&#8221;]TEST[\/vc_button][\/vc_column][vc_column width=&#8221;1\/3&#8243;][vc_button button_color=&#8221;color-390865&#8243; border_width=&#8221;0&#8243; button_color_type=&#8221;uncode-palette&#8221; uncode_shortcode_id=&#8221;117779&#8243; link=&#8221;url:https%3A%2F%2Fdrive.google.com%2Ffile%2Fd%2F1d2MHJGyqotJEPORUr8zjhSCAQfbYFzO_%2Fview%3Fusp%3Dsharing%20_blank|target:_blank|&#8221;]GUIA DE LECTURA[\/vc_button][\/vc_column][vc_column width=&#8221;1\/3&#8243;][vc_button button_color=&#8221;color-390865&#8243; border_width=&#8221;0&#8243; button_color_type=&#8221;uncode-palette&#8221; uncode_shortcode_id=&#8221;183096&#8243; link=&#8221;url:https%3A%2F%2Fdrive.google.com%2Ffile%2Fd%2F1USipYJ55KvbWUsUn4HMn5Pfawi13MO3W%2Fview%3Fusp%3Dsharing%20_blank|target:_blank|&#8221;]SOLUCIONARI[\/vc_button][\/vc_column][\/vc_row][vc_row][vc_column width=&#8221;1\/6&#8243;][\/vc_column][vc_column width=&#8221;4\/6&#8243;][vc_raw_html]PGlmcmFtZSB3aWR0aD0iNTYwIiBoZWlnaHQ9IjMxNSIgc3JjPSJodHRwczovL3d3dy55b3V0dWJlLmNvbS9lbWJlZC9aVWJxcVNTOHRndyIgdGl0bGU9IllvdVR1YmUgdmlkZW8gcGxheWVyIiBmcmFtZWJvcmRlcj0iMCIgYWxsb3c9ImFjY2VsZXJvbWV0ZXI7IGF1dG9wbGF5OyBjbGlwYm9hcmQtd3JpdGU7IGVuY3J5cHRlZC1tZWRpYTsgZ3lyb3Njb3BlOyBwaWN0dXJlLWluLXBpY3R1cmU7IHdlYi1zaGFyZSIgYWxsb3dmdWxsc2NyZWVuPjwvaWZyYW1lPg==[\/vc_raw_html][\/vc_column][vc_column width=&#8221;1\/6&#8243;][\/vc_column][\/vc_row][vc_row][vc_column width=&#8221;1\/4&#8243;][\/vc_column][vc_column width=&#8221;1\/4&#8243;][vc_button button_color=&#8221;color-390865&#8243; border_width=&#8221;0&#8243; link=&#8221;url:https%3A%2F%2Fwww.editorialelpirata.com%2Fca%2Fexploradors-temps-aventures%2F|title:ELS%20EXPLORADORS%20DEL%20TEMPS|target:_blank|&#8221; button_color_type=&#8221;uncode-palette&#8221; uncode_shortcode_id=&#8221;184021&#8243;]COL\u00b7LECCI\u00d3 COMPLETA[\/vc_button][\/vc_column][vc_column width=&#8221;1\/4&#8243;][vc_button button_color=&#8221;color-390865&#8243; border_width=&#8221;0&#8243; link=&#8221;url:https%3A%2F%2Fwww.editorialelpirata.com%2Fca%2Fhistoria-nens%2F|title:COL%C2%B7LECCI%C3%93%20HIST%C3%92RIA%20IL%C2%B7LUSTRADA|target:_blank|&#8221; button_color_type=&#8221;uncode-palette&#8221; uncode_shortcode_id=&#8221;617427&#8243;]HIST\u00d2RIA IL\u00b7LUSTRADA[\/vc_button][\/vc_column][vc_column width=&#8221;1\/4&#8243;][\/vc_column][\/vc_row][vc_row][vc_column width=&#8221;1\/1&#8243;][vc_column_text uncode_shortcode_id=&#8221;197803&#8243;]<\/p>\n<h3>Cr\u00edtiques:<\/h3>\n<blockquote><p><strong>Activitum.cat:<\/strong> \u00abEns ha agradat molt com, a trav\u00e9s d\u2019una narraci\u00f3 entretinguda, c\u00f2mica i plena d\u2019acci\u00f3, s\u2019expliquen fets i personatges clau de la Hist\u00f2ria. Una manera excel\u00b7lent d\u2019introduir i fer que els joves lectors mostrin inter\u00e8s per la Hist\u00f2ria.\u00bb<\/p>\n<p><strong>Va de Llibres_ Xelo_Mir:<\/strong> \u00abParlem d\u2019una manera interactiva d\u2019acostar-se a les primeres nocions de la Hist\u00f2ria, des de la diversi\u00f3 i amb una participaci\u00f3 que pot resultar atractiva.\u00bb<\/p><\/blockquote>\n<p>[\/vc_column_text][vc_column_text uncode_shortcode_id=&#8221;153551&#8243;]<\/p>\n<hr \/>\n<div>\n<div>Con el apoyo del Departament de Cultura.<\/div>\n<\/div>\n<div><a href=\"https:\/\/www.editorialelpirata.com\/wp-content\/uploads\/2024\/11\/Logo-icec.jpg\"><img decoding=\"async\" class=\"alignnone size-medium wp-image-100853\" src=\"https:\/\/www.editorialelpirata.com\/wp-content\/uploads\/2024\/11\/Logo-icec-300x45.jpg\" alt=\"Logo icec complert\" width=\"300\" height=\"45\" title=\"\" srcset=\"https:\/\/www.editorialelpirata.com\/wp-content\/uploads\/2024\/11\/Logo-icec-300x45.jpg 300w, https:\/\/www.editorialelpirata.com\/wp-content\/uploads\/2024\/11\/Logo-icec-1024x155.jpg 1024w, https:\/\/www.editorialelpirata.com\/wp-content\/uploads\/2024\/11\/Logo-icec-768x116.jpg 768w, https:\/\/www.editorialelpirata.com\/wp-content\/uploads\/2024\/11\/Logo-icec-350x53.jpg 350w, https:\/\/www.editorialelpirata.com\/wp-content\/uploads\/2024\/11\/Logo-icec-64x10.jpg 64w, https:\/\/www.editorialelpirata.com\/wp-content\/uploads\/2024\/11\/Logo-icec.jpg 1252w\" sizes=\"(max-width: 300px) 100vw, 300px\" \/><\/a><\/div>\n<p>[\/vc_column_text][\/vc_column][\/vc_row]<\/p>\n<\/div>","protected":false},"excerpt":{"rendered":"<h2>Qu\u00e8 far\u00edeu si us diguessin que \u00e9s possible viatjar en el temps?<\/h2>\n<p>Els <strong>Exploradors del Temps<\/strong> aniran a la Isl\u00e0ndia del 980 per visitar els vikings. Aquest cop han d\u2019aconseguir un fermall de plata que el rei Harald II de Noruega va regalar a \u00c8ric el Roig, l\u2019explorador que va fundar el primer assentament viking a Groenl\u00e0ndia. Per\u00f2 en Mal\u00e8fic Durador tornar\u00e0 a fer de les seves&#8230;<\/p>\n<p>Un llibre d&#8217;aventures per a nens de 10 anys i interactiu.<\/p>\n<p><a href=\"https:\/\/www.yumpu.com\/xx\/document\/view\/67878705\/les-expedicions-dels-vikings\" target=\"_blank\" rel=\"noopener\"><strong><mark>Llegir una mostra<\/mark><\/strong><\/a><\/p>\n<p>Autor: <a href=\"https:\/\/www.edicionsdelpirata.cat\/jordi-ortiz\/\" target=\"_blank\" rel=\"noopener\">Jordi Ortiz<\/a><\/p>\n<p>Il\u00b7lustrador: <a href=\"https:\/\/www.edicionsdelpirata.cat\/miguel-angel-saura\/\" target=\"_blank\" rel=\"noopener\">Miguel \u00c1ngel Saura<\/a><\/p>\n","protected":false},"featured_media":97535,"template":"","meta":[],"product_brand":[],"product_cat":[3714,2354,3274,3289,3715],"product_tag":[2829,2824,2825,3292,2826,3293,2827,2828],"class_list":{"0":"post-97528","1":"product","2":"type-product","3":"status-publish","4":"has-post-thumbnail","6":"product_cat-jordi-ortiz-ca-2","7":"product_cat-novetats","8":"product_cat-llibres-per-10-anys-ca","9":"product_cat-llibre-daventrures","10":"product_cat-miguel-angel-saura-ca","11":"product_tag-vikings-ca","12":"product_tag-exploradors-del-temps-ca","13":"product_tag-interactiu-llibre-ca","14":"product_tag-llibre-interactiu-aventures-ca-2","15":"product_tag-llibre-10-anys-ca","16":"product_tag-llibre-aventures-nens","17":"product_tag-llibre-11-anys-ca","18":"product_tag-llibres-aventures-nens-ca","19":"product_shipping_class-envio-estandar-ca-2","21":"first","22":"instock","23":"shipping-taxable","24":"purchasable","25":"product-type-variable"},"_links":{"self":[{"href":"https:\/\/www.editorialelpirata.com\/ca\/wp-json\/wp\/v2\/product\/97528","targetHints":{"allow":["GET"]}}],"collection":[{"href":"https:\/\/www.editorialelpirata.com\/ca\/wp-json\/wp\/v2\/product"}],"about":[{"href":"https:\/\/www.editorialelpirata.com\/ca\/wp-json\/wp\/v2\/types\/product"}],"wp:featuredmedia":[{"embeddable":true,"href":"https:\/\/www.editorialelpirata.com\/ca\/wp-json\/wp\/v2\/media\/97535"}],"wp:attachment":[{"href":"https:\/\/www.editorialelpirata.com\/ca\/wp-json\/wp\/v2\/media?parent=97528"}],"wp:term":[{"taxonomy":"product_brand","embeddable":true,"href":"https:\/\/www.editorialelpirata.com\/ca\/wp-json\/wp\/v2\/product_brand?post=97528"},{"taxonomy":"product_cat","embeddable":true,"href":"https:\/\/www.editorialelpirata.com\/ca\/wp-json\/wp\/v2\/product_cat?post=97528"},{"taxonomy":"product_tag","embeddable":true,"href":"https:\/\/www.editorialelpirata.com\/ca\/wp-json\/wp\/v2\/product_tag?post=97528"}],"curies":[{"name":"wp","href":"https:\/\/api.w.org\/{rel}","templated":true}]}}