{"id":97527,"date":"2023-04-03T15:57:19","date_gmt":"2023-04-03T14:31:08","guid":{"rendered":"https:\/\/www.editorialelpirata.com\/?post_type=product&#038;p=97527"},"modified":"2025-05-14T08:11:42","modified_gmt":"2025-05-14T08:11:42","slug":"historia-ilustrada-per-a-nens-roma","status":"publish","type":"product","link":"https:\/\/www.editorialelpirata.com\/ca\/Producte\/historia-ilustrada-per-a-nens-roma\/","title":{"rendered":"HIST\u00d2RIA IL\u00b7LUSTRADA PER A NENS &#8211; ROMA"},"content":{"rendered":"<div class=\"wpb-content-wrapper\"><p>[vc_row][vc_column width=&#8221;1\/1&#8243;][vc_column_text uncode_shortcode_id=&#8221;909151&#8243;]<\/p>\n<h1>Comen\u00e7a a aprendre hist\u00f2ria a partir de 10 anys<\/h1>\n<p>Aquest \u00e9s el primer volum de la col\u00b7lecci\u00f3 \u00ab<a href=\"https:\/\/www.edicionsdelpirata.cat\/historia-nens\/\" target=\"_blank\" rel=\"noopener\"><strong>Hist\u00f2ria il\u00b7lustrada per a nens<\/strong><\/a>\u00bb, ideal per aprendre hist\u00f2ria de manera amena i divertida. El text est\u00e0 acompanyat de simp\u00e0tiques <strong>il\u00b7lustracions i bromes visuals<\/strong> que ajuden els nens i les nenes a comprendre millor els fets hist\u00f2rics que es narren.<\/p>\n<p>Els romans van ser els grans amos de l\u2019antiguitat i van dominar Occident durant m\u00e9s de dos mil anys. Des de la fundaci\u00f3 de la ciutat de Roma fins a la caiguda de Constantinoble, descobreix com aquest fam\u00f3s poble del passat va arribar a expandir-se per tot Europa i part d\u2019\u00c0frica i \u00c0sia. Coneix els bessons R\u00f2mul i Rem, Juli C\u00e8sar, Marc Antoni, Ner\u00f3 i un munt de figures hist\u00f2riques que van forjar la civilitzaci\u00f3 romana a trav\u00e9s de grans batalles i conquestes.[\/vc_column_text][\/vc_column][\/vc_row][vc_row][vc_column width=&#8221;1\/6&#8243;][\/vc_column][vc_column column_width_percent=&#8221;100&#8243; align_horizontal=&#8221;align_center&#8221; gutter_size=&#8221;3&#8243; overlay_alpha=&#8221;50&#8243; shift_x=&#8221;0&#8243; shift_y=&#8221;0&#8243; shift_y_down=&#8221;0&#8243; z_index=&#8221;0&#8243; medium_width=&#8221;0&#8243; mobile_width=&#8221;0&#8243; width=&#8221;4\/6&#8243; uncode_shortcode_id=&#8221;341734&#8243;][vc_raw_html]JTNDaWZyYW1lJTIwd2lkdGglM0QlMjI1NjAlMjIlMjBoZWlnaHQlM0QlMjIzMTUlMjIlMjBzcmMlM0QlMjJodHRwcyUzQSUyRiUyRnd3dy55b3V0dWJlLmNvbSUyRmVtYmVkJTJGLTlfM0VqWl9PMlUlMjIlMjB0aXRsZSUzRCUyMllvdVR1YmUlMjB2aWRlbyUyMHBsYXllciUyMiUyMGZyYW1lYm9yZGVyJTNEJTIyMCUyMiUyMGFsbG93JTNEJTIyYWNjZWxlcm9tZXRlciUzQiUyMGF1dG9wbGF5JTNCJTIwY2xpcGJvYXJkLXdyaXRlJTNCJTIwZW5jcnlwdGVkLW1lZGlhJTNCJTIwZ3lyb3Njb3BlJTNCJTIwcGljdHVyZS1pbi1waWN0dXJlJTNCJTIwd2ViLXNoYXJlJTIyJTIwYWxsb3dmdWxsc2NyZWVuJTNFJTNDJTJGaWZyYW1lJTNF[\/vc_raw_html][\/vc_column][vc_column width=&#8221;1\/6&#8243;][\/vc_column][\/vc_row][vc_row][vc_column width=&#8221;1\/4&#8243;][\/vc_column][vc_column width=&#8221;1\/4&#8243;][vc_button button_color=&#8221;color-390865&#8243; border_width=&#8221;0&#8243; link=&#8221;url:https%3A%2F%2Fwww.edicionsdelpirata.cat%2Fhistoria-nens%2F|title:COL%C2%B7LECCI%C3%93%20HIST%C3%92RIA%20PER%20A%20NENS|target:_blank&#8221; button_color_type=&#8221;uncode-palette&#8221; uncode_shortcode_id=&#8221;106010&#8243;]COL\u00b7LECCI\u00d3 COMPLETA[\/vc_button][\/vc_column][vc_column width=&#8221;1\/4&#8243;][vc_button button_color=&#8221;color-390865&#8243; border_width=&#8221;0&#8243; link=&#8221;url:https%3A%2F%2Fwww.edicionsdelpirata.cat%2Fexploradors-temps%2F|title:ELS%20EXPLORADORS%20DEL%20TEMPS|target:_blank&#8221; button_color_type=&#8221;uncode-palette&#8221; uncode_shortcode_id=&#8221;132029&#8243;]ELS EXPLORADORS DEL TEMPS[\/vc_button][\/vc_column][vc_column width=&#8221;1\/4&#8243;][\/vc_column][\/vc_row][vc_row][vc_column width=&#8221;1\/1&#8243;][vc_column_text uncode_shortcode_id=&#8221;149572&#8243;]<\/p>\n<hr \/>\n<p>Amb el suport de:<\/p>\n<p><a href=\"https:\/\/www.editorialelpirata.com\/wp-content\/uploads\/2024\/11\/Logo-icec.jpg\"><img decoding=\"async\" class=\"alignnone size-medium wp-image-100854\" src=\"https:\/\/www.editorialelpirata.com\/wp-content\/uploads\/2024\/11\/Logo-icec-300x45.jpg\" alt=\"Logo icec complert\" width=\"300\" height=\"45\" title=\"\"><\/a>[\/vc_column_text][\/vc_column][\/vc_row]<\/p>\n<\/div>","protected":false},"excerpt":{"rendered":"<h2>La col\u00b7lecci\u00f3 ideal per aprendre hist\u00f2ria divertint-se<\/h2>\n<p class=\"p1\">Descobreix qui van ser els romans, els seus grans personatges, la seva religi\u00f3, com estava constitu\u00efda la societat, el paper de les dones i tots els fets hist\u00f2rics m\u00e9s remarcables.<\/p>\n<p><a href=\"https:\/\/www.yumpu.com\/xx\/document\/view\/67868827\/historia-per-a-nens-roma\" target=\"_blank\" rel=\"noopener\"><strong><mark>Llegir una mostra<\/mark><\/strong><\/a><\/p>\n<p>Autor i il\u00b7lustrador: <a href=\"https:\/\/www.edicionsdelpirata.cat\/miguel-angel-saura\/\" target=\"_blank\" rel=\"noopener\">Miguel \u00c1ngel Saura<\/a><\/p>\n","protected":false},"featured_media":97541,"template":"","meta":[],"product_brand":[],"product_cat":[2354],"product_tag":[],"class_list":{"0":"post-97527","1":"product","2":"type-product","3":"status-publish","4":"has-post-thumbnail","6":"product_cat-novetats","7":"product_shipping_class-envio-estandar-ca","9":"first","10":"instock","11":"shipping-taxable","12":"purchasable","13":"product-type-variable","14":"has-default-attributes"},"_links":{"self":[{"href":"https:\/\/www.editorialelpirata.com\/ca\/wp-json\/wp\/v2\/product\/97527","targetHints":{"allow":["GET"]}}],"collection":[{"href":"https:\/\/www.editorialelpirata.com\/ca\/wp-json\/wp\/v2\/product"}],"about":[{"href":"https:\/\/www.editorialelpirata.com\/ca\/wp-json\/wp\/v2\/types\/product"}],"wp:featuredmedia":[{"embeddable":true,"href":"https:\/\/www.editorialelpirata.com\/ca\/wp-json\/wp\/v2\/media\/97541"}],"wp:attachment":[{"href":"https:\/\/www.editorialelpirata.com\/ca\/wp-json\/wp\/v2\/media?parent=97527"}],"wp:term":[{"taxonomy":"product_brand","embeddable":true,"href":"https:\/\/www.editorialelpirata.com\/ca\/wp-json\/wp\/v2\/product_brand?post=97527"},{"taxonomy":"product_cat","embeddable":true,"href":"https:\/\/www.editorialelpirata.com\/ca\/wp-json\/wp\/v2\/product_cat?post=97527"},{"taxonomy":"product_tag","embeddable":true,"href":"https:\/\/www.editorialelpirata.com\/ca\/wp-json\/wp\/v2\/product_tag?post=97527"}],"curies":[{"name":"wp","href":"https:\/\/api.w.org\/{rel}","templated":true}]}}