{"id":97526,"date":"2023-04-03T16:13:56","date_gmt":"2023-04-03T16:13:56","guid":{"rendered":"https:\/\/www.editorialelpirata.com\/?post_type=product&#038;p=97526"},"modified":"2025-05-13T12:30:29","modified_gmt":"2025-05-13T12:30:29","slug":"historia-per-a-nens-els-vikings","status":"publish","type":"product","link":"https:\/\/www.editorialelpirata.com\/ca\/Producte\/historia-per-a-nens-els-vikings\/","title":{"rendered":"HIST\u00d2RIA PER A NENS &#8211; ELS VIKINGS"},"content":{"rendered":"<div class=\"wpb-content-wrapper\"><p>[vc_row][vc_column][vc_column_text uncode_shortcode_id=&#8221;728042&#8243;]<\/p>\n<h1>Hist\u00f2ria per a nens de 10 anys<\/h1>\n<p>Aquest \u00e9s el segon volum de la col\u00b7lecci\u00f3 \u00ab<a href=\"https:\/\/www.edicionsdelpirata.cat\/historia-nens\/\" target=\"_blank\" rel=\"noopener\"><strong>Hist\u00f2ria per a nens<\/strong><\/a>\u00bb, ideal per aprendre hist\u00f2ria de manera amena i divertida. El text est\u00e0 acompanyat de simp\u00e0tiques <strong>il\u00b7lustracions i bromes visuals<\/strong> que ajuden els nens i les nenes a comprendre millor els fets hist\u00f2rics que es narren.<\/p>\n<p>Els vikings van dominar el nord d\u2019Europa durant segles, van viatjar al continent americ\u00e0 molt abans que Colom i van ser temuts i admirats per totes les civilitzacions que els rodejaven. Des del seu primer atac a Anglaterra fins a la fundaci\u00f3 d\u2019Isl\u00e0ndia i Groenl\u00e0ndia, descobreix com aquest poble ferotge de conqueridors i saquejadors va arribar a convertir-se en un dels m\u00e9s famosos de l\u2019edat mitjana. Coneix Ragnar Lodbrok, \u00c8ric el Roig, la reina guerrera Lagertha i un munt de figures hist\u00f2riques que van forjar la civilitzaci\u00f3 escandinava a trav\u00e9s de grans batalles i conquestes.[\/vc_column_text][\/vc_column][\/vc_row][vc_row][vc_column width=&#8221;1\/6&#8243;][\/vc_column][vc_column column_width_percent=&#8221;100&#8243; align_horizontal=&#8221;align_center&#8221; gutter_size=&#8221;3&#8243; overlay_alpha=&#8221;50&#8243; shift_x=&#8221;0&#8243; shift_y=&#8221;0&#8243; shift_y_down=&#8221;0&#8243; z_index=&#8221;0&#8243; medium_width=&#8221;0&#8243; mobile_width=&#8221;0&#8243; width=&#8221;4\/6&#8243; uncode_shortcode_id=&#8221;116172&#8243;][vc_raw_html]JTNDaWZyYW1lJTIwd2lkdGglM0QlMjI1NjAlMjIlMjBoZWlnaHQlM0QlMjIzMTUlMjIlMjBzcmMlM0QlMjJodHRwcyUzQSUyRiUyRnd3dy55b3V0dWJlLmNvbSUyRmVtYmVkJTJGSlFXN3M0Nl9mUnclMjIlMjB0aXRsZSUzRCUyMllvdVR1YmUlMjB2aWRlbyUyMHBsYXllciUyMiUyMGZyYW1lYm9yZGVyJTNEJTIyMCUyMiUyMGFsbG93JTNEJTIyYWNjZWxlcm9tZXRlciUzQiUyMGF1dG9wbGF5JTNCJTIwY2xpcGJvYXJkLXdyaXRlJTNCJTIwZW5jcnlwdGVkLW1lZGlhJTNCJTIwZ3lyb3Njb3BlJTNCJTIwcGljdHVyZS1pbi1waWN0dXJlJTNCJTIwd2ViLXNoYXJlJTIyJTIwYWxsb3dmdWxsc2NyZWVuJTNFJTNDJTJGaWZyYW1lJTNF[\/vc_raw_html][\/vc_column][vc_column width=&#8221;1\/6&#8243;][\/vc_column][\/vc_row][vc_row][vc_column width=&#8221;1\/4&#8243;][\/vc_column][vc_column width=&#8221;1\/4&#8243;][vc_button button_color=&#8221;color-390865&#8243; border_width=&#8221;0&#8243; link=&#8221;url:https%3A%2F%2Fwww.edicionsdelpirata.cat%2Fhistoria-nens%2F|title:COL%C2%B7LECCI%C3%93%20HIST%C3%92RIA%20PER%20A%20NENS|target:_blank&#8221; button_color_type=&#8221;uncode-palette&#8221; uncode_shortcode_id=&#8221;111035&#8243;]COL\u00b7LECCI\u00d3 COMPLETA[\/vc_button][\/vc_column][vc_column width=&#8221;1\/4&#8243;][vc_button button_color=&#8221;color-390865&#8243; border_width=&#8221;0&#8243; link=&#8221;url:https%3A%2F%2Fwww.edicionsdelpirata.cat%2Fexploradors-temps%2F|title:ELS%20EXPLORADORS%20DEL%20TEMPS|target:_blank&#8221; button_color_type=&#8221;uncode-palette&#8221; uncode_shortcode_id=&#8221;531952&#8243;]ELS EXPLORADORS DEL TEMPS[\/vc_button][\/vc_column][vc_column width=&#8221;1\/4&#8243;][\/vc_column][\/vc_row][vc_row][vc_column width=&#8221;1\/1&#8243;][vc_column_text uncode_shortcode_id=&#8221;960123&#8243;]<\/p>\n<hr \/>\n<p>Amb el suport de:<\/p>\n<p><a href=\"https:\/\/www.edicionsdelpirata.cat\/wp-content\/uploads\/2017\/02\/cultura_generalitat.jpg\" target=\"_blank\" rel=\"noopener\"><img decoding=\"async\" class=\"alignnone wp-image-5715\" src=\"https:\/\/www.edicionsdelpirata.cat\/wp-content\/uploads\/2017\/02\/cultura_generalitat.jpg\" alt=\"\" width=\"218\" height=\"58\" title=\"\"><\/a>[\/vc_column_text][\/vc_column][\/vc_row]<\/p>\n<\/div>","protected":false},"excerpt":{"rendered":"<h2>La col\u00b7lecci\u00f3 ideal per aprendre hist\u00f2ria divertint-se<\/h2>\n<p class=\"p1\">Descobreix qui van ser els vikings, els seus grans personatges, la seva religi\u00f3, com eren els seus poblats, com constru\u00efen els seus famosos vaixells de guerra i tots els fets hist\u00f2rics m\u00e9s remarcables.<\/p>\n<p><a href=\"https:\/\/www.yumpu.com\/xx\/document\/view\/67908135\/historia-per-a-nens-els-vikings\" target=\"_blank\" rel=\"noopener\"><strong><mark>Llegir una mostra<\/mark><\/strong><\/a><\/p>\n<p>Autor i il\u00b7lustrador: <a href=\"https:\/\/www.edicionsdelpirata.cat\/miguel-angel-saura\/\" target=\"_blank\" rel=\"noopener\">Miguel \u00c1ngel Saura<\/a><\/p>\n","protected":false},"featured_media":97547,"template":"","meta":[],"product_brand":[],"product_cat":[2354,2170,2960,2392,2123,2959],"product_tag":[2829,2926,2927,2928,2929,2930,2931],"class_list":{"0":"post-97526","1":"product","2":"type-product","3":"status-publish","4":"has-post-thumbnail","6":"product_cat-novetats","7":"product_cat-llibres-per-10-anys","8":"product_cat-llibres-humor-2","9":"product_cat-miguel-angel-saura-illustradors","10":"product_cat-tots-els-llibres","11":"product_cat-llibres-historia-2","12":"product_tag-vikings-ca","13":"product_tag-aprendre-historia-ca","14":"product_tag-historia-10-anys-ca","15":"product_tag-historia-divertida-ca","16":"product_tag-humor-nens-ca","17":"product_tag-llibres-didactics-ca","18":"product_tag-llibres-educatius-10-anys-ca","20":"first","21":"instock","22":"featured","23":"shipping-taxable","24":"purchasable","25":"product-type-variable"},"_links":{"self":[{"href":"https:\/\/www.editorialelpirata.com\/ca\/wp-json\/wp\/v2\/product\/97526","targetHints":{"allow":["GET"]}}],"collection":[{"href":"https:\/\/www.editorialelpirata.com\/ca\/wp-json\/wp\/v2\/product"}],"about":[{"href":"https:\/\/www.editorialelpirata.com\/ca\/wp-json\/wp\/v2\/types\/product"}],"wp:featuredmedia":[{"embeddable":true,"href":"https:\/\/www.editorialelpirata.com\/ca\/wp-json\/wp\/v2\/media\/97547"}],"wp:attachment":[{"href":"https:\/\/www.editorialelpirata.com\/ca\/wp-json\/wp\/v2\/media?parent=97526"}],"wp:term":[{"taxonomy":"product_brand","embeddable":true,"href":"https:\/\/www.editorialelpirata.com\/ca\/wp-json\/wp\/v2\/product_brand?post=97526"},{"taxonomy":"product_cat","embeddable":true,"href":"https:\/\/www.editorialelpirata.com\/ca\/wp-json\/wp\/v2\/product_cat?post=97526"},{"taxonomy":"product_tag","embeddable":true,"href":"https:\/\/www.editorialelpirata.com\/ca\/wp-json\/wp\/v2\/product_tag?post=97526"}],"curies":[{"name":"wp","href":"https:\/\/api.w.org\/{rel}","templated":true}]}}