{"id":97505,"date":"2023-01-03T09:29:29","date_gmt":"2024-09-19T16:45:02","guid":{"rendered":"https:\/\/www.editorialelpirata.com\/?post_type=product&#038;p=97505"},"modified":"2025-05-14T08:43:03","modified_gmt":"2025-05-14T08:43:03","slug":"el-gran-llibre-joc-dels-aventurers","status":"publish","type":"product","link":"https:\/\/www.editorialelpirata.com\/ca\/Producte\/el-gran-llibre-joc-dels-aventurers\/","title":{"rendered":"EL GRAN LLIBRE JOC DELS AVENTURERS"},"content":{"rendered":"<div class=\"wpb-content-wrapper\"><p>[vc_row][vc_column][vc_column_text uncode_shortcode_id=&#8221;312653&#8243;]<\/p>\n<h1>Tres jocs en un sol llibre!<\/h1>\n<p>En aquest sorprenent llibre joc en carton\u00e9, els nens poden jugar a <strong>tres nivells diferents a cada il\u00b7lustraci\u00f3<\/strong>, mentre aprenen coses for\u00e7a interessants sobre <strong>aventurers que van fer hist\u00f2ria<\/strong>.<\/p>\n<ol>\n<li>Els nens m\u00e9s <strong>petits<\/strong> hauran de trobar certs objectes amagats a la imatge. A partir de 3-4 anys.<\/li>\n<li>Els de nivell <strong>mitj\u00e0<\/strong> buscaran detalls que comencin per una lletra determinada. A partir de 5-6 anys.<\/li>\n<li>I els m\u00e9s <strong>grans<\/strong> hauran de trobar elements que no pertanyen a l&#8217;\u00e8poca o personatges que fan coses fora de l&#8217;habitual. A partir de 7-8 anys.<\/li>\n<\/ol>\n<h3><\/h3>\n<p>[\/vc_column_text][\/vc_column][\/vc_row][vc_row][vc_column column_width_percent=&#8221;100&#8243; align_horizontal=&#8221;align_center&#8221; gutter_size=&#8221;3&#8243; overlay_alpha=&#8221;50&#8243; shift_x=&#8221;0&#8243; shift_y=&#8221;0&#8243; shift_y_down=&#8221;0&#8243; z_index=&#8221;0&#8243; medium_width=&#8221;0&#8243; mobile_width=&#8221;0&#8243; width=&#8221;1\/1&#8243; uncode_shortcode_id=&#8221;485539&#8243;][vc_raw_html]JTNDaWZyYW1lJTIwd2lkdGglM0QlMjI2MjBweCUyMiUyMGhlaWdodCUzRCUyMjU3NHB4JTIyJTIwc3JjJTNEJTIyaHR0cHMlM0ElMkYlMkZ3d3cueXVtcHUuY29tJTJGeHglMkZlbWJlZCUyRnZpZXclMkYwQ0FtcDl1WHNnTzZidHdsJTIyJTIwZnJhbWVib3JkZXIlM0QlMjIwJTIyJTIwYWxsb3dmdWxsc2NyZWVuJTNEJTIydHJ1ZSUyMiUyMCUyMGFsbG93dHJhbnNwYXJlbmN5JTNEJTIydHJ1ZSUyMiUzRSUzQyUyRmlmcmFtZSUzRQ==[\/vc_raw_html][\/vc_column][\/vc_row][vc_row][vc_column width=&#8221;1\/3&#8243;][vc_single_image media=&#8221;100713&#8243; media_width_percent=&#8221;100&#8243; uncode_shortcode_id=&#8221;166142&#8243;][\/vc_column][vc_column width=&#8221;2\/3&#8243;][vc_column_text uncode_shortcode_id=&#8221;123000&#8243;]<\/p>\n<hr \/>\n<p>Un divertid\u00edssim llibre per jugar en carton\u00e9, on nens i nenes de diverses edats s\u2019hi podran entretenir, divertir i sobretot compartir; buscant conceptes espec\u00edfics en unes <strong>espectaculars il\u00b7lustracions carregades de detalls i d\u2019humor<\/strong>.<\/p>\n<p>Varis <strong>germans<\/strong> poden gaudir d\u2019un mateix llibre i jugar-hi plegats sense importar l\u2019edat!<\/p>\n<h3>I un cop que hi hagis jugat, pots trobar les solucions per veure si ho has fet b\u00e9, a m\u00e9s d&#8217;una bona llista de curiositats sobre els aventurers representats, en l&#8217;enlla\u00e7 seg\u00fcent! Billy the Kid, Sacajawea, la Reina Pirata Zheng-Shi&#8230; i molts m\u00e9s!<\/h3>\n<p>[\/vc_column_text][\/vc_column][\/vc_row][vc_row][vc_column column_width_percent=&#8221;100&#8243; align_horizontal=&#8221;align_center&#8221; gutter_size=&#8221;3&#8243; overlay_alpha=&#8221;50&#8243; shift_x=&#8221;0&#8243; shift_y=&#8221;0&#8243; shift_y_down=&#8221;0&#8243; z_index=&#8221;0&#8243; medium_width=&#8221;0&#8243; mobile_width=&#8221;0&#8243; width=&#8221;1\/3&#8243; uncode_shortcode_id=&#8221;192541&#8243;][vc_button button_color=&#8221;accent&#8221; size=&#8221;btn-lg&#8221; border_width=&#8221;0&#8243; link=&#8221;url:https%3A%2F%2Fwww.editorialelpirata.com%2Fca%2Fsolucionari-llibre-aventurers%2F|title:SOLUCIONARI%20%E2%80%9CEL%20GRAN%20LLIBRE%20JOC%20DELS%20AVENTURERS%E2%80%9D|target:_blank&#8221; button_color_type=&#8221;uncode-palette&#8221; uncode_shortcode_id=&#8221;368205&#8243;]Anar al solucionari[\/vc_button][\/vc_column][\/vc_row]<\/p>\n<\/div>","protected":false},"excerpt":{"rendered":"<h3>Un gran llibre joc per divertir-se i aprendre curiositats sobre els aventurers m\u00e9s famosos<\/h3>\n<p>Amb les genials il\u00b7lustracions d&#8217;en Subi, els nens s&#8217;ho passaran d&#8217;all\u00f2 m\u00e9s b\u00e9 jugant mentre aprenen sobre valents aventurers que van fer hist\u00f2ria.<\/p>\n<h3><\/h3>\n<p>Autor: <a href=\"https:\/\/www.edicionsdelpirata.cat\/joan-subirana-queralt\/\" target=\"_blank\" rel=\"noopener noreferrer\">Subi<\/a><\/p>\n","protected":false},"featured_media":97506,"template":"","meta":[],"product_brand":[],"product_cat":[3152,2354,3148,3149,3150,3151],"product_tag":[3157,3158,3159,3154,3155,3156],"class_list":{"0":"post-97505","1":"product","2":"type-product","3":"status-publish","4":"has-post-thumbnail","6":"product_cat-llibres-de-passatemps-ca","7":"product_cat-novetats","8":"product_cat-llibres-de-4-a-7-anys-ca","9":"product_cat-llibres-de-3-a-6-anys-ca","10":"product_cat-llibres-joc-ca","11":"product_cat-joan-subirana-queralt-ca","12":"product_tag-llibres-nens-ca-2","13":"product_tag-llibres-jugar-ca-2","14":"product_tag-llibre-joc-ca-2","15":"product_tag-aprendre-jugant-ca-2","16":"product_tag-libres-infantils","17":"product_tag-jocs-infantils-ca-2","18":"product_shipping_class-envio-estandar-ca","20":"first","21":"instock","22":"shipping-taxable","23":"purchasable","24":"product-type-variable","25":"has-default-attributes"},"_links":{"self":[{"href":"https:\/\/www.editorialelpirata.com\/ca\/wp-json\/wp\/v2\/product\/97505","targetHints":{"allow":["GET"]}}],"collection":[{"href":"https:\/\/www.editorialelpirata.com\/ca\/wp-json\/wp\/v2\/product"}],"about":[{"href":"https:\/\/www.editorialelpirata.com\/ca\/wp-json\/wp\/v2\/types\/product"}],"wp:featuredmedia":[{"embeddable":true,"href":"https:\/\/www.editorialelpirata.com\/ca\/wp-json\/wp\/v2\/media\/97506"}],"wp:attachment":[{"href":"https:\/\/www.editorialelpirata.com\/ca\/wp-json\/wp\/v2\/media?parent=97505"}],"wp:term":[{"taxonomy":"product_brand","embeddable":true,"href":"https:\/\/www.editorialelpirata.com\/ca\/wp-json\/wp\/v2\/product_brand?post=97505"},{"taxonomy":"product_cat","embeddable":true,"href":"https:\/\/www.editorialelpirata.com\/ca\/wp-json\/wp\/v2\/product_cat?post=97505"},{"taxonomy":"product_tag","embeddable":true,"href":"https:\/\/www.editorialelpirata.com\/ca\/wp-json\/wp\/v2\/product_tag?post=97505"}],"curies":[{"name":"wp","href":"https:\/\/api.w.org\/{rel}","templated":true}]}}