{"id":97493,"date":"2024-09-19T16:44:46","date_gmt":"2024-09-19T16:44:46","guid":{"rendered":"https:\/\/www.editorialelpirata.com\/?post_type=product&#038;p=97493"},"modified":"2025-06-30T10:23:30","modified_gmt":"2025-06-30T10:23:30","slug":"llibres-per-a-nens-4-anys","status":"publish","type":"product","link":"https:\/\/www.editorialelpirata.com\/ca\/Producte\/llibres-per-a-nens-4-anys\/","title":{"rendered":"LLIBRES PER A NENS 4 ANYS"},"content":{"rendered":"<div class=\"wpb-content-wrapper\"><p>[vc_row][vc_column][vc_row_inner limit_content=&#8221;&#8221;][vc_column_inner width=&#8221;1\/1&#8243;][vc_custom_heading uncode_shortcode_id=&#8221;810598&#8243;]<\/p>\n<div class=\"vc_custom_heading_wrap \">\n<div class=\"heading-text el-text\">\n<h2 class=\"h1\">Llibres per a nens 4 anys<\/h2>\n<\/div>\n<\/div>\n<p>[\/vc_custom_heading][\/vc_column_inner][\/vc_row_inner][vc_row_inner limit_content=&#8221;&#8221;][vc_column_inner width=&#8221;1\/1&#8243;][vc_column_text uncode_shortcode_id=&#8221;301295&#8243;]Descobreix tres contes molt diferents:<\/p>\n<ul>\n<li><strong>Compte amb la princesa pirata<\/strong>: Un conte emocionant i ple d\u2019aventures i humor, en qu\u00e8 coneixerem la princesa Prud\u00e8ncia, una nena aventurera que tamb\u00e9 \u00e9s una temible pirata.<\/li>\n<li><strong>Ha estat un pet?<\/strong>: : Un conte divertid\u00edssim amb el qual ser\u00e0 impossible no partir-se de riure, en qu\u00e8 aprendrem que tots ens tirem pets.<\/li>\n<li><strong>El drac Pasqual descobreix l&#8217;\u00c0frica<\/strong>: Un conte de la col\u00b7lecci\u00f3 \u00abEl drac Pasqual descobreix el m\u00f3n\u00bb, escrita en lletra lligada, en qu\u00e8 el simp\u00e0tic drac protagonista viatjar\u00e0 a l\u2019\u00c0frica i ajudar\u00e0 els seus nous amics massais a aconseguir que plogui.<\/li>\n<\/ul>\n<h2>Ideal per a regals a nens de 4 anys o a mestres d\u2019educaci\u00f3 infantil!<\/h2>\n<p>Els contes permeten treballar els seg\u00fcents valors:<\/p>\n<ul>\n<li><strong>CONEIXEMENT DELS CONTINENTS<\/strong><\/li>\n<li><strong>CONEIXEMENT DE CULTURES DIFERENTS<\/strong><\/li>\n<li><strong>DIVERSI\u00d3<\/strong><\/li>\n<li><strong>VALENTIA<\/strong><\/li>\n<\/ul>\n<p>&nbsp;<\/p>\n<h3 style=\"text-align: center;\"><a href=\"https:\/\/www.editorialelpirata.com\/ca\/pack-llibres-contes-infantils\/\" target=\"_blank\" rel=\"noopener\">Packs de llibres segons edats<\/a><\/h3>\n<p>[\/vc_column_text][\/vc_column_inner][\/vc_row_inner][vc_row_inner limit_content=&#8221;&#8221;][vc_column_inner column_width_percent=&#8221;100&#8243; align_horizontal=&#8221;align_center&#8221; gutter_size=&#8221;3&#8243; overlay_alpha=&#8221;50&#8243; shift_x=&#8221;0&#8243; shift_y=&#8221;0&#8243; shift_y_down=&#8221;0&#8243; z_index=&#8221;0&#8243; medium_width=&#8221;0&#8243; mobile_width=&#8221;0&#8243; width=&#8221;1\/3&#8243; uncode_shortcode_id=&#8221;913695&#8243;][vc_single_image media=&#8221;98439&#8243; media_width_percent=&#8221;100&#8243; uncode_shortcode_id=&#8221;189498&#8243; media_link=&#8221;url:https%3A%2F%2Fwww.editorialelpirata.com%2Fca%2Fproducto%2Fcompte-amb-la-princesa-pirata%2F|title:Compte%20amb%20la%20princesa%20pirata|target:_blank&#8221;][vc_button border_width=&#8221;0&#8243; link=&#8221;url:https%3A%2F%2Fwww.editorialelpirata.com%2Fca%2Fproducto%2Fcompte-amb-la-princesa-pirata%2F|title:Compte%20amb%20la%20princesa%20pirata|target:_blank&#8221; uncode_shortcode_id=&#8221;182006&#8243;]NOM\u00c9S VULL AQUEST[\/vc_button][\/vc_column_inner][vc_column_inner column_width_percent=&#8221;100&#8243; align_horizontal=&#8221;align_center&#8221; gutter_size=&#8221;3&#8243; overlay_alpha=&#8221;50&#8243; shift_x=&#8221;0&#8243; shift_y=&#8221;0&#8243; shift_y_down=&#8221;0&#8243; z_index=&#8221;0&#8243; medium_width=&#8221;0&#8243; mobile_width=&#8221;0&#8243; width=&#8221;1\/3&#8243; uncode_shortcode_id=&#8221;813476&#8243;][vc_single_image media=&#8221;99126&#8243; media_width_percent=&#8221;100&#8243; uncode_shortcode_id=&#8221;186773&#8243; media_link=&#8221;url:https%3A%2F%2Fwww.editorialelpirata.com%2Fca%2Fproducto%2Fha-estat-un-pet%2F|title:Ha%20estat%20un%20pet%3F|target:_blank&#8221;][vc_button border_width=&#8221;0&#8243; link=&#8221;url:https%3A%2F%2Fwww.editorialelpirata.com%2Fca%2Fproducto%2Fha-estat-un-pet%2F|title:Ha%20estat%20un%20pet%3F|target:_blank&#8221; uncode_shortcode_id=&#8221;106546&#8243;]NOM\u00c9S VULL AQUEST[\/vc_button][\/vc_column_inner][vc_column_inner column_width_percent=&#8221;100&#8243; align_horizontal=&#8221;align_center&#8221; gutter_size=&#8221;3&#8243; overlay_alpha=&#8221;50&#8243; shift_x=&#8221;0&#8243; shift_y=&#8221;0&#8243; shift_y_down=&#8221;0&#8243; z_index=&#8221;0&#8243; medium_width=&#8221;0&#8243; mobile_width=&#8221;0&#8243; width=&#8221;1\/3&#8243; uncode_shortcode_id=&#8221;105862&#8243;][vc_single_image media=&#8221;98331&#8243; media_width_percent=&#8221;100&#8243; uncode_shortcode_id=&#8221;518003&#8243; media_link=&#8221;url:https%3A%2F%2Fwww.editorialelpirata.com%2Fca%2Fproducto%2Fdrac-pasqual-descobreix-africa-llibres-5-anys%2F|title:El%20drac%20Pasqual%20descobreix%20l&#8217;%C3%80frica|target:_blank&#8221;][vc_button border_width=&#8221;2&#8243; link=&#8221;url:https%3A%2F%2Fwww.editorialelpirata.com%2Fca%2Fproducto%2Fdrac-pasqual-descobreix-africa-llibres-5-anys%2F|title:El%20drac%20Pasqual%20descobreix%20l&#8217;%C3%80frica|target:_blank&#8221; uncode_shortcode_id=&#8221;327602&#8243;]NOM\u00c9S VULL AQUEST[\/vc_button][\/vc_column_inner][\/vc_row_inner][\/vc_column][\/vc_row]<\/p>\n<\/div>","protected":false},"excerpt":{"rendered":"<div>\n<div>\n<h2>Lot de llibres infantils perfecte per regalar a nens i nenes de 4 anys<\/h2>\n<\/div>\n<\/div>\n<div>\n<h3>Inclou tres contes il\u00b7lustrats amb valors, animals i diversi\u00f3<\/h3>\n<\/div>\n","protected":false},"featured_media":97494,"template":"","meta":[],"product_brand":[],"product_cat":[2396,2442],"product_tag":[3020,2444,2447,2800,2881,3019],"class_list":{"0":"post-97493","1":"product","2":"type-product","3":"status-publish","4":"has-post-thumbnail","6":"product_cat-lots","7":"product_cat-packs","8":"product_tag-packs-ca","9":"product_tag-regal","10":"product_tag-regalar-nens","11":"product_tag-llibres-nens-ca","12":"product_tag-contes-infantils-ca","13":"product_tag-4-anys-ca","15":"first","16":"outofstock","17":"shipping-taxable","18":"purchasable","19":"product-type-simple"},"_links":{"self":[{"href":"https:\/\/www.editorialelpirata.com\/ca\/wp-json\/wp\/v2\/product\/97493","targetHints":{"allow":["GET"]}}],"collection":[{"href":"https:\/\/www.editorialelpirata.com\/ca\/wp-json\/wp\/v2\/product"}],"about":[{"href":"https:\/\/www.editorialelpirata.com\/ca\/wp-json\/wp\/v2\/types\/product"}],"wp:featuredmedia":[{"embeddable":true,"href":"https:\/\/www.editorialelpirata.com\/ca\/wp-json\/wp\/v2\/media\/97494"}],"wp:attachment":[{"href":"https:\/\/www.editorialelpirata.com\/ca\/wp-json\/wp\/v2\/media?parent=97493"}],"wp:term":[{"taxonomy":"product_brand","embeddable":true,"href":"https:\/\/www.editorialelpirata.com\/ca\/wp-json\/wp\/v2\/product_brand?post=97493"},{"taxonomy":"product_cat","embeddable":true,"href":"https:\/\/www.editorialelpirata.com\/ca\/wp-json\/wp\/v2\/product_cat?post=97493"},{"taxonomy":"product_tag","embeddable":true,"href":"https:\/\/www.editorialelpirata.com\/ca\/wp-json\/wp\/v2\/product_tag?post=97493"}],"curies":[{"name":"wp","href":"https:\/\/api.w.org\/{rel}","templated":true}]}}