{"id":97483,"date":"2024-09-19T16:44:36","date_gmt":"2024-09-19T16:44:36","guid":{"rendered":"https:\/\/www.editorialelpirata.com\/?post_type=product&#038;p=97483"},"modified":"2025-03-05T14:53:50","modified_gmt":"2025-03-05T14:53:50","slug":"llibres-per-a-nens-1-any","status":"publish","type":"product","link":"https:\/\/www.editorialelpirata.com\/ca\/Producte\/llibres-per-a-nens-1-any\/","title":{"rendered":"LLIBRES PER A NENS 1 ANY"},"content":{"rendered":"<div class=\"wpb-content-wrapper\"><p>[vc_row][vc_column][vc_row_inner][vc_column_inner width=&#8221;1\/1&#8243;][vc_custom_heading uncode_shortcode_id=&#8221;854454&#8243;]<\/p>\n<div class=\"vc_custom_heading_wrap \">\n<div class=\"heading-text el-text\">\n<h2 class=\"h1\">Llibres per a nens 1 any<\/h2>\n<\/div>\n<\/div>\n<p>[\/vc_custom_heading][\/vc_column_inner][\/vc_row_inner][vc_row_inner][vc_column_inner width=&#8221;1\/1&#8243;][vc_column_text uncode_shortcode_id=&#8221;154646&#8243;]Descobreix tres contes molt diferents:<\/p>\n<ul>\n<li><strong>Bona nit, tots a dormir<\/strong>: Un conte per anar a dormir que cont\u00e9 una lluna que s\u2019il\u00b7lumina i crea una atmosfera id\u00f2nia per agafar la son.<\/li>\n<li><strong>\u00c9s hora de menjar<\/strong>: Un conte amb una nansa de la col\u00b7lecci\u00f3 \u00abPas a pas aprendr\u00e0s i et divertir\u00e0s\u00bb, en qu\u00e8 una elefanteta nad\u00f3 ajudar\u00e0 a engrescar els m\u00e9s petits a menjar sols.<\/li>\n<li><strong>Emocions de tots colors<\/strong>: Un conte per a con\u00e8ixer i identificar vuit emocions diferents del dia a dia, en qu\u00e8 rebrem consells pr\u00e0ctics per a gestionar-les<\/li>\n<\/ul>\n<h2>Ideal per a regals a nens d\u20191 any o a mestres d\u2019educaci\u00f3 infantil!<\/h2>\n<p>Els contes permeten treballar els seg\u00fcents valors:<\/p>\n<ul>\n<li><strong>RELAXACI\u00d3<\/strong><\/li>\n<li><strong>EMOCIONS B\u00c0SIQUES<\/strong><\/li>\n<li><strong>H\u00c0BITS ALIMENTARIS<\/strong><\/li>\n<\/ul>\n<p>&nbsp;<\/p>\n<h3 style=\"text-align: center;\"><a href=\"https:\/\/www.editorialelpirata.com\/ca\/pack-llibres-contes-infantils\/\" target=\"_blank\" rel=\"noopener\">Packs de llibres segons edats<\/a><\/h3>\n<p>[\/vc_column_text][\/vc_column_inner][\/vc_row_inner][vc_row_inner][vc_column_inner column_width_percent=&#8221;100&#8243; gutter_size=&#8221;3&#8243; overlay_alpha=&#8221;50&#8243; shift_x=&#8221;0&#8243; shift_y=&#8221;0&#8243; shift_y_down=&#8221;0&#8243; z_index=&#8221;0&#8243; medium_width=&#8221;0&#8243; mobile_width=&#8221;0&#8243; width=&#8221;1\/3&#8243; uncode_shortcode_id=&#8221;979904&#8243;][vc_single_image media=&#8221;98313&#8243; media_width_percent=&#8221;100&#8243; uncode_shortcode_id=&#8221;154133&#8243; media_link=&#8221;url:https%3A%2F%2Fwww.editorialelpirata.com%2Fca%2Fproducto%2Fbona-nit-tots-dormir-contes-anar-dormir%2F|title:Bona%20nit%2C%20tots%20a%20dormir|target:_blank&#8221;][vc_button border_width=&#8221;0&#8243; link=&#8221;url:https%3A%2F%2Fwww.editorialelpirata.com%2Fca%2Fproducto%2Fbona-nit-tots-dormir-contes-anar-dormir%2F|title:Bona%20nit%2C%20tots%20a%20dormir|target:_blank&#8221; uncode_shortcode_id=&#8221;205065&#8243;]NOM\u00c9S VULL AQUEST[\/vc_button][\/vc_column_inner][vc_column_inner width=&#8221;1\/3&#8243;][vc_single_image media=&#8221;98295&#8243; media_width_percent=&#8221;100&#8243; uncode_shortcode_id=&#8221;214583&#8243; media_link=&#8221;url:https%3A%2F%2Fwww.editorialelpirata.com%2Fca%2Fproducto%2Fes-hora-de-menjar%2F|title:%C3%89s%20hora%20de%20menjar|target:_blank&#8221;][vc_button border_width=&#8221;0&#8243; link=&#8221;url:https%3A%2F%2Fwww.editorialelpirata.com%2Fca%2Fproducto%2Femocions-de-tots-colors%2F|title:Vull%20banyar-me|target:_blank&#8221; uncode_shortcode_id=&#8221;439588&#8243;]NOM\u00c9S VULL AQUEST[\/vc_button][\/vc_column_inner][vc_column_inner column_width_percent=&#8221;100&#8243; gutter_size=&#8221;3&#8243; overlay_alpha=&#8221;50&#8243; shift_x=&#8221;0&#8243; shift_y=&#8221;0&#8243; shift_y_down=&#8221;0&#8243; z_index=&#8221;0&#8243; medium_width=&#8221;0&#8243; mobile_width=&#8221;0&#8243; width=&#8221;1\/3&#8243; uncode_shortcode_id=&#8221;519870&#8243;][vc_single_image media=&#8221;98589&#8243; media_width_percent=&#8221;100&#8243; uncode_shortcode_id=&#8221;203892&#8243; media_link=&#8221;url:https%3A%2F%2Fwww.editorialelpirata.com%2Fca%2Fproducto%2Femocions-de-tots-colors%2F|title:Emocions%20de%20tots%20colors|target:_blank&#8221;][vc_button border_width=&#8221;0&#8243; link=&#8221;url:https%3A%2F%2Fwww.editorialelpirata.com%2Fca%2Fproducto%2Femocions-de-tots-colors%2F|title:Soc%20aqu%C3%AD%20per%20tu!|target:_blank&#8221; uncode_shortcode_id=&#8221;831235&#8243;]NOM\u00c9S VULL AQUEST[\/vc_button][\/vc_column_inner][\/vc_row_inner][\/vc_column][\/vc_row]<\/p>\n<\/div>","protected":false},"excerpt":{"rendered":"<div>\n<div>\n<h2>Lot de llibres perfecte per regalar a beb\u00e8s d&#8217;1 any<\/h2>\n<\/div>\n<\/div>\n<div>\n<h3>Inclou tres llibres amb fulls gruixuts de cartr\u00f3, un d&#8217;ells amb un llum per donar caliu a l&#8217;habitaci\u00f3<\/h3>\n<\/div>\n<div class=\"awdr-bulk-customizable-table\">\n<div class=\"awdr-bulk-customizable-table\"><\/div>\n<\/div>\n","protected":false},"featured_media":97484,"template":"","meta":[],"product_brand":[],"product_cat":[2396,2442],"product_tag":[2881,2888,2898,2981,3157,2443,2444],"class_list":{"0":"post-97483","1":"product","2":"type-product","3":"status-publish","4":"has-post-thumbnail","6":"product_cat-lots","7":"product_cat-packs","8":"product_tag-contes-infantils-ca","9":"product_tag-contes-bebes-ca","10":"product_tag-llibres-bebes-ca","11":"product_tag-pack-ca","12":"product_tag-llibres-nens-ca-2","13":"product_tag-1-any","14":"product_tag-regal","16":"first","17":"outofstock","18":"shipping-taxable","19":"purchasable","20":"product-type-simple"},"_links":{"self":[{"href":"https:\/\/www.editorialelpirata.com\/ca\/wp-json\/wp\/v2\/product\/97483","targetHints":{"allow":["GET"]}}],"collection":[{"href":"https:\/\/www.editorialelpirata.com\/ca\/wp-json\/wp\/v2\/product"}],"about":[{"href":"https:\/\/www.editorialelpirata.com\/ca\/wp-json\/wp\/v2\/types\/product"}],"wp:featuredmedia":[{"embeddable":true,"href":"https:\/\/www.editorialelpirata.com\/ca\/wp-json\/wp\/v2\/media\/97484"}],"wp:attachment":[{"href":"https:\/\/www.editorialelpirata.com\/ca\/wp-json\/wp\/v2\/media?parent=97483"}],"wp:term":[{"taxonomy":"product_brand","embeddable":true,"href":"https:\/\/www.editorialelpirata.com\/ca\/wp-json\/wp\/v2\/product_brand?post=97483"},{"taxonomy":"product_cat","embeddable":true,"href":"https:\/\/www.editorialelpirata.com\/ca\/wp-json\/wp\/v2\/product_cat?post=97483"},{"taxonomy":"product_tag","embeddable":true,"href":"https:\/\/www.editorialelpirata.com\/ca\/wp-json\/wp\/v2\/product_tag?post=97483"}],"curies":[{"name":"wp","href":"https:\/\/api.w.org\/{rel}","templated":true}]}}