{"id":97477,"date":"2024-09-19T16:44:25","date_gmt":"2024-09-19T16:44:25","guid":{"rendered":"https:\/\/www.editorialelpirata.com\/?post_type=product&#038;p=97477"},"modified":"2025-10-31T09:23:02","modified_gmt":"2025-10-31T09:23:02","slug":"la-meva-escola","status":"publish","type":"product","link":"https:\/\/www.editorialelpirata.com\/ca\/Producte\/la-meva-escola\/","title":{"rendered":"LA MEVA ESCOLA"},"content":{"rendered":"<div class=\"wpb-content-wrapper\"><p>[vc_row][vc_column width=&#8221;2\/3&#8243;][vc_column_text uncode_shortcode_id=&#8221;293672&#8243;]Obre el llibre i es <strong>desplegar\u00e0<\/strong> una escola espectacular, en <strong>3D<\/strong> i a <strong>360\u00ba<\/strong>, plena d\u2019activitats, <strong>joc simb\u00f2lic<\/strong> i amb un munt d\u2019animalons per a jugar.<\/p>\n<p>Un llibre desplegable perfecte per a encarar amb il\u00b7lusi\u00f3 <strong>l\u2019entrada a l\u2019escola<\/strong> dels nens i gaudir imaginant totes les activitats divertides que s\u2019hi poden fer.<\/p>\n<p>&nbsp;<\/p>\n<p>El text est\u00e0 en lletra de PAL, per tal que el puguin llegir tamb\u00e9 els nens que comencen a llegir.[\/vc_column_text][\/vc_column][vc_column width=&#8221;1\/3&#8243;][vc_single_image media=&#8221;91195&#8243; media_width_percent=&#8221;100&#8243; uncode_shortcode_id=&#8221;948456&#8243;][\/vc_column][\/vc_row][vc_row][vc_column width=&#8221;1\/1&#8243;][vc_column_text uncode_shortcode_id=&#8221;321059&#8243;]<\/p>\n<hr \/>\n<h2>CR\u00cdTIQUES:<\/h2>\n<blockquote><p><strong>Mipizarraeducativa:<\/strong> &#8220;\u00c9s ideal per a fomentar el joc simb\u00f2lic, ja que al final hi ha els personatges que pots anar movent pels diferents escenaris. No us sembla una passada? A m\u00e9s no li falta detall!&#8221;<\/p><\/blockquote>\n<p>[\/vc_column_text][\/vc_column][\/vc_row][vc_row][vc_column width=&#8221;1\/1&#8243;][vc_column_text uncode_shortcode_id=&#8221;281928&#8243;]<\/p>\n<hr \/>\n<p>Amb el suport de:<\/p>\n<p>&nbsp;<\/p>\n<p><a href=\"https:\/\/www.editorialelpirata.com\/wp-content\/uploads\/2024\/09\/cultura_generalitat.jpg\"><img decoding=\"async\" class=\"alignnone size-full wp-image-97863\" src=\"https:\/\/www.editorialelpirata.com\/wp-content\/uploads\/2024\/09\/cultura_generalitat.jpg\" alt=\"\" width=\"300\" height=\"80\" title=\"\" srcset=\"https:\/\/www.editorialelpirata.com\/wp-content\/uploads\/2024\/09\/cultura_generalitat.jpg 300w, https:\/\/www.editorialelpirata.com\/wp-content\/uploads\/2024\/09\/cultura_generalitat-64x17.jpg 64w\" sizes=\"(max-width: 300px) 100vw, 300px\" \/><\/a>[\/vc_column_text][\/vc_column][\/vc_row]<\/p>\n<\/div>","protected":false},"excerpt":{"rendered":"<h2>Un llibre desplegable que es converteix en una escola amb la que jugar!<\/h2>\n<h4>Perfecte perqu\u00e8 els petits afrontin amb il\u00b7lusi\u00f3 l&#8217;entrada a l&#8217;escola.<\/h4>\n<p>Enginyer de paper: Dario Cesaro<br \/>\nIl\u00b7lustradora: Anna Gkoutzouri<\/p>\n","protected":false},"featured_media":97478,"template":"","meta":[],"product_brand":[],"product_cat":[2123,2329,2335,2356,2362,2956],"product_tag":[2988,2989,2990,3157,2984,2985,2986,2987],"class_list":{"0":"post-97477","1":"product","2":"type-product","3":"status-publish","4":"has-post-thumbnail","6":"product_cat-tots-els-llibres","7":"product_cat-lletra-de-pal","8":"product_cat-llibres-joc","9":"product_cat-contes-2-a-5-anys","10":"product_cat-contes-cartrone","11":"product_cat-llibres-per-jugar-2","12":"product_tag-llibre-pop-up-ca","13":"product_tag-llibres-interactius-nens-ca","14":"product_tag-llibres-per-jugar-ca","15":"product_tag-llibres-nens-ca-2","16":"product_tag-contes-nens-ca","17":"product_tag-inici-escola-ca","18":"product_tag-joguines-paper-ca","19":"product_tag-llibre-desplegable-ca","21":"first","22":"instock","23":"shipping-taxable","24":"purchasable","25":"product-type-variable"},"_links":{"self":[{"href":"https:\/\/www.editorialelpirata.com\/ca\/wp-json\/wp\/v2\/product\/97477","targetHints":{"allow":["GET"]}}],"collection":[{"href":"https:\/\/www.editorialelpirata.com\/ca\/wp-json\/wp\/v2\/product"}],"about":[{"href":"https:\/\/www.editorialelpirata.com\/ca\/wp-json\/wp\/v2\/types\/product"}],"wp:featuredmedia":[{"embeddable":true,"href":"https:\/\/www.editorialelpirata.com\/ca\/wp-json\/wp\/v2\/media\/97478"}],"wp:attachment":[{"href":"https:\/\/www.editorialelpirata.com\/ca\/wp-json\/wp\/v2\/media?parent=97477"}],"wp:term":[{"taxonomy":"product_brand","embeddable":true,"href":"https:\/\/www.editorialelpirata.com\/ca\/wp-json\/wp\/v2\/product_brand?post=97477"},{"taxonomy":"product_cat","embeddable":true,"href":"https:\/\/www.editorialelpirata.com\/ca\/wp-json\/wp\/v2\/product_cat?post=97477"},{"taxonomy":"product_tag","embeddable":true,"href":"https:\/\/www.editorialelpirata.com\/ca\/wp-json\/wp\/v2\/product_tag?post=97477"}],"curies":[{"name":"wp","href":"https:\/\/api.w.org\/{rel}","templated":true}]}}