{"id":97466,"date":"2022-09-08T16:44:04","date_gmt":"2022-09-08T14:00:22","guid":{"rendered":"https:\/\/www.editorialelpirata.com\/?post_type=product&#038;p=97466"},"modified":"2025-07-24T10:26:15","modified_gmt":"2025-07-24T10:26:15","slug":"gira-i-troba-nadal","status":"publish","type":"product","link":"https:\/\/www.editorialelpirata.com\/ca\/Producte\/gira-i-troba-nadal\/","title":{"rendered":"GIRA I TROBA &#8211; NADAL"},"content":{"rendered":"<div class=\"wpb-content-wrapper\"><p>[vc_row][vc_column][vc_column_text uncode_shortcode_id=&#8221;821594&#8243;]<em>Gira y encuentra &#8211; Navidad <\/em>es un libro infantil interactivo para <strong>celebrar la Navidad con Pap\u00e1 Noel<\/strong>. Es un cuento interactivo pensado para ni\u00f1os<strong> de 0 a 3 a\u00f1os<\/strong> con el que podr\u00e1n <strong>girar una rueda<\/strong> para descubrir qu\u00e9 sorpresas se ocultan en cada p\u00e1gina.<\/p>\n<p>&nbsp;<\/p>\n<p>Acompa\u00f1a a Pap\u00e1 Noel y a sus amigos peludos para preparar todo lo que necesitar\u00e1n durante la Navidad. Recoger las cartas de los ni\u00f1os, decorar el \u00e1rbol de Navidad, meter los regalos en el saco, \u00a1e incluso hacer una pausa para la merienda!<\/p>\n<p>&nbsp;<\/p>\n<p>Gracias a las divertidas ilustraciones a todo color, aprender\u00e1n conceptos b\u00e1sicos. Adem\u00e1s, este formato interactivo incentiva el desarrollo de la <strong>motricidad<\/strong>. \u00a1La rueda es perfecta para mantener las manos m\u00e1s peque\u00f1as bien ocupadas![\/vc_column_text][\/vc_column][\/vc_row][vc_row][vc_column width=&#8221;1\/1&#8243;][vc_column_text uncode_shortcode_id=&#8221;185334&#8243;]<\/p>\n<hr \/>\n<h2>CR\u00cdTIQUES:<\/h2>\n<blockquote><p><strong>Miriespacioal:<\/strong>\u00a0\u201cUn meravell\u00f3s llibre interactiu per a jugar i aprendre a parts iguals. A m\u00e9s, amb la seva lectura es contribueix a l\u2019estimulaci\u00f3 de molt\u00edssims prerequisits ling\u00fc\u00edstics i a l\u2019enriquiment del vocabulari.\u201d<\/p><\/blockquote>\n<p>[\/vc_column_text][\/vc_column][\/vc_row][vc_row][vc_column width=&#8221;1\/6&#8243;][\/vc_column][vc_column column_width_percent=&#8221;100&#8243; align_horizontal=&#8221;align_center&#8221; gutter_size=&#8221;3&#8243; overlay_alpha=&#8221;50&#8243; shift_x=&#8221;0&#8243; shift_y=&#8221;0&#8243; shift_y_down=&#8221;0&#8243; z_index=&#8221;0&#8243; medium_width=&#8221;0&#8243; mobile_width=&#8221;0&#8243; width=&#8221;4\/6&#8243; uncode_shortcode_id=&#8221;654484&#8243;][vc_raw_html]W2VtYmVkXWh0dHBzOi8vd3d3Lnl1bXB1LmNvbS94eC9kb2N1bWVudC92aWV3LzY3NTc4MDE5L2dpcmEtaS10cm9iYS1uYWRhbFsvZW1iZWRd[\/vc_raw_html][\/vc_column][vc_column width=&#8221;1\/6&#8243;][\/vc_column][\/vc_row][vc_row][vc_column width=&#8221;1\/1&#8243;][vc_column_text uncode_shortcode_id=&#8221;196188&#8243;]<\/p>\n<hr \/>\n<div>\n<div>Amb el suport de:<\/div>\n<\/div>\n<div><a href=\"https:\/\/www.editorialelpirata.com\/wp-content\/uploads\/2021\/06\/cultura_bn_h3.jpg\"><img decoding=\"async\" class=\"alignnone wp-image-90447\" src=\"https:\/\/www.editorialelpirata.com\/wp-content\/uploads\/2021\/06\/cultura_bn_h3.jpg\" alt=\"\" width=\"201\" height=\"46\" title=\"\" srcset=\"https:\/\/www.editorialelpirata.com\/wp-content\/uploads\/2021\/06\/cultura_bn_h3.jpg 454w, https:\/\/www.editorialelpirata.com\/wp-content\/uploads\/2021\/06\/cultura_bn_h3-300x69.jpg 300w, https:\/\/www.editorialelpirata.com\/wp-content\/uploads\/2021\/06\/cultura_bn_h3-64x15.jpg 64w\" sizes=\"(max-width: 201px) 100vw, 201px\" \/><\/a><\/div>\n<p>[\/vc_column_text][\/vc_column][\/vc_row]<\/p>\n<\/div>","protected":false},"excerpt":{"rendered":"<h3>Acompanya el Pare Noel i els seus amics peluts!<\/h3>\n<p>La roda \u00e9s perfecta per mantenir les mans m\u00e9s petites ben ocupades.<\/p>\n<p>.<\/p>\n<p>Il\u00b7lustradora: Rachael McLean.<\/p>\n","protected":false},"featured_media":97472,"template":"","meta":[],"product_brand":[],"product_cat":[2362,2354],"product_tag":[2993,2994,2995,2996,2997,2800,2984,2989],"class_list":{"0":"post-97466","1":"product","2":"type-product","3":"status-publish","4":"has-post-thumbnail","6":"product_cat-contes-cartrone","7":"product_cat-novetats","8":"product_tag-contes-interactius-bebes-ca","9":"product_tag-llibres-roda-ca","10":"product_tag-contes-nadal-ca","11":"product_tag-nadal-ca","12":"product_tag-pare-noel-ca","13":"product_tag-llibres-nens-ca","14":"product_tag-contes-nens-ca","15":"product_tag-llibres-interactius-nens-ca","16":"product_shipping_class-envio-estandar-ca","18":"first","19":"instock","20":"shipping-taxable","21":"purchasable","22":"product-type-variable","23":"has-default-attributes"},"_links":{"self":[{"href":"https:\/\/www.editorialelpirata.com\/ca\/wp-json\/wp\/v2\/product\/97466","targetHints":{"allow":["GET"]}}],"collection":[{"href":"https:\/\/www.editorialelpirata.com\/ca\/wp-json\/wp\/v2\/product"}],"about":[{"href":"https:\/\/www.editorialelpirata.com\/ca\/wp-json\/wp\/v2\/types\/product"}],"wp:featuredmedia":[{"embeddable":true,"href":"https:\/\/www.editorialelpirata.com\/ca\/wp-json\/wp\/v2\/media\/97472"}],"wp:attachment":[{"href":"https:\/\/www.editorialelpirata.com\/ca\/wp-json\/wp\/v2\/media?parent=97466"}],"wp:term":[{"taxonomy":"product_brand","embeddable":true,"href":"https:\/\/www.editorialelpirata.com\/ca\/wp-json\/wp\/v2\/product_brand?post=97466"},{"taxonomy":"product_cat","embeddable":true,"href":"https:\/\/www.editorialelpirata.com\/ca\/wp-json\/wp\/v2\/product_cat?post=97466"},{"taxonomy":"product_tag","embeddable":true,"href":"https:\/\/www.editorialelpirata.com\/ca\/wp-json\/wp\/v2\/product_tag?post=97466"}],"curies":[{"name":"wp","href":"https:\/\/api.w.org\/{rel}","templated":true}]}}