{"id":97465,"date":"2022-09-08T16:44:04","date_gmt":"2022-09-08T16:44:04","guid":{"rendered":"https:\/\/www.editorialelpirata.com\/?post_type=product&#038;p=97465"},"modified":"2025-01-24T23:26:41","modified_gmt":"2025-01-24T23:26:41","slug":"gira-i-troba-colors","status":"publish","type":"product","link":"https:\/\/www.editorialelpirata.com\/ca\/Producte\/gira-i-troba-colors\/","title":{"rendered":"GIRA I TROBA &#8211; COLORS"},"content":{"rendered":"<div class=\"wpb-content-wrapper\"><p>[vc_row][vc_column][vc_column_text uncode_shortcode_id=&#8221;240170&#8243;]<em>Gira i troba &#8211; Colors<\/em> \u00e9s un conte infantil en catal\u00e0 per<strong> aprendre els colors<\/strong>. \u00c9s un conte interactiu pensat per a nens i nenes de <strong>0 a 3 anys<\/strong> amb el que podran <strong>girar una roda<\/strong> per descobrir on s\u2019amaga el beb\u00e8 d\u2019un dels animals de cada p\u00e0gina.<\/p>\n<p>&nbsp;<\/p>\n<p>Acompanya els exploradors del petit submar\u00ed i coneix amics de tots els colors. Un pop lila, un osset blanc, una tortuga verda, una balena blava, i molts m\u00e9s!<\/p>\n<p>&nbsp;<\/p>\n<p>Gr\u00e0cies a les divertides il\u00b7lustracions a tot color, aprendran conceptes b\u00e0sics. A m\u00e9s, aquest format interactiu incentiva el desenvolupament de la <strong>motricitat<\/strong>. La roda \u00e9s perfecta per mantenir les mans m\u00e9s petites ben ocupades![\/vc_column_text][\/vc_column][\/vc_row][vc_row][vc_column width=&#8221;1\/1&#8243;][vc_column_text uncode_shortcode_id=&#8221;918204&#8243;]<\/p>\n<hr \/>\n<h2>CR\u00cdTIQUES:<\/h2>\n<blockquote><p><strong>Miriespacioal:<\/strong> &#8220;\u00c9s la versi\u00f3 renovada i manipulativa dels t\u00edpics llibre-jocs de &#8216;Buscar i trobar&#8217;. Per\u00f2 en aquest cas afegim un nou objectiu a desenvolupar: la motricitat fina.&#8221;<\/p><\/blockquote>\n<p>[\/vc_column_text][\/vc_column][\/vc_row][vc_row][vc_column width=&#8221;1\/1&#8243;][vc_column_text uncode_shortcode_id=&#8221;416649&#8243;]<\/p>\n<hr \/>\n<p>Amb el suport de:<\/p>\n<p><a href=\"https:\/\/www.edicionsdelpirata.cat\/wp-content\/uploads\/2017\/02\/cultura_generalitat.jpg\" target=\"_blank\" rel=\"noopener\"><img decoding=\"async\" class=\"alignnone wp-image-5715\" src=\"https:\/\/www.edicionsdelpirata.cat\/wp-content\/uploads\/2017\/02\/cultura_generalitat.jpg\" alt=\"\" width=\"218\" height=\"58\" title=\"\"><\/a>[\/vc_column_text][\/vc_column][\/vc_row]<\/p>\n<\/div>","protected":false},"excerpt":{"rendered":"<h3>Coneix amics de tots els colors!<\/h3>\n<p>La roda \u00e9s perfecta per mantenir les mans m\u00e9s petites ben ocupades.<\/p>\n<p>.<\/p>\n<p>Il\u00b7lustradora: Marta Costa.<\/p>\n","protected":false},"featured_media":97467,"template":"","meta":[],"product_brand":[],"product_cat":[2362,2123,2354,2419],"product_tag":[2994,2800,2810,2984,2989,2991,2992,2993],"class_list":{"0":"post-97465","1":"product","2":"type-product","3":"status-publish","4":"has-post-thumbnail","6":"product_cat-contes-cartrone","7":"product_cat-tots-els-llibres","8":"product_cat-novetats","9":"product_cat-contes-per-bebes","10":"product_tag-llibres-roda-ca","11":"product_tag-llibres-nens-ca","12":"product_tag-contes-per-a-nadons-ca","13":"product_tag-contes-nens-ca","14":"product_tag-llibres-interactius-nens-ca","15":"product_tag-aprendre-colors-ca","16":"product_tag-bebes-ca","17":"product_tag-contes-interactius-bebes-ca","19":"first","20":"instock","21":"shipping-taxable","22":"purchasable","23":"product-type-variable","24":"has-default-attributes"},"_links":{"self":[{"href":"https:\/\/www.editorialelpirata.com\/ca\/wp-json\/wp\/v2\/product\/97465","targetHints":{"allow":["GET"]}}],"collection":[{"href":"https:\/\/www.editorialelpirata.com\/ca\/wp-json\/wp\/v2\/product"}],"about":[{"href":"https:\/\/www.editorialelpirata.com\/ca\/wp-json\/wp\/v2\/types\/product"}],"wp:featuredmedia":[{"embeddable":true,"href":"https:\/\/www.editorialelpirata.com\/ca\/wp-json\/wp\/v2\/media\/97467"}],"wp:attachment":[{"href":"https:\/\/www.editorialelpirata.com\/ca\/wp-json\/wp\/v2\/media?parent=97465"}],"wp:term":[{"taxonomy":"product_brand","embeddable":true,"href":"https:\/\/www.editorialelpirata.com\/ca\/wp-json\/wp\/v2\/product_brand?post=97465"},{"taxonomy":"product_cat","embeddable":true,"href":"https:\/\/www.editorialelpirata.com\/ca\/wp-json\/wp\/v2\/product_cat?post=97465"},{"taxonomy":"product_tag","embeddable":true,"href":"https:\/\/www.editorialelpirata.com\/ca\/wp-json\/wp\/v2\/product_tag?post=97465"}],"curies":[{"name":"wp","href":"https:\/\/api.w.org\/{rel}","templated":true}]}}