{"id":97451,"date":"2022-09-08T09:14:33","date_gmt":"2022-09-08T09:14:33","guid":{"rendered":"https:\/\/www.editorialelpirata.com\/?post_type=product&#038;p=97451"},"modified":"2025-05-16T10:57:09","modified_gmt":"2025-05-16T10:57:09","slug":"tires-comiques-ot-el-bruixot-1","status":"publish","type":"product","link":"https:\/\/www.editorialelpirata.com\/ca\/Producte\/tires-comiques-ot-el-bruixot-1\/","title":{"rendered":"TIRES C\u00d2MIQUES &#8211; OT EL BRUIXOT 1"},"content":{"rendered":"<div class=\"wpb-content-wrapper\"><p>[vc_row][vc_column][vc_column_text uncode_shortcode_id=&#8221;786447&#8243;]Amb aquesta nova edici\u00f3 de les <strong>cl\u00e0ssiques<\/strong> tires c\u00f2miques de l\u2019Ot el bruixot recomanades per a totes les edats, tamb\u00e9 podr\u00e0s aprendre un <strong>truc de m\u00e0gia<\/strong> i far\u00e0s una <strong>manualitat<\/strong> superdivertida. Aquest \u00e9s el primer llibre de la col\u00b7lecci\u00f3, aix\u00ed que trobar\u00e0s les activitats m\u00e9s senzilles. La dificultat augmentar\u00e0 progressivament en els dos llibres seg\u00fcents.<\/p>\n<p>L\u2019humor blanc i subtil d\u2019en Picanyol et far\u00e0 cargolar-te de riure. No hi ha ning\u00fa que es pugui resistir a l\u2019encant de l\u2019Ot, que ha enamorat v\u00e0ries generacions amb les seves ocurr\u00e8ncies brillants i desbaratades. Seu, relaxa\u2019t i gaudeix del m\u00f3n c\u00f2mic de l\u2019Ot el bruixot. T\u2019enganxar\u00e0! L\u2019Ot el bruixot \u00e9s l\u2019ant\u00eddot contra l\u2019avorriment![\/vc_column_text][\/vc_column][\/vc_row][vc_row][vc_column column_width_percent=&#8221;100&#8243; align_horizontal=&#8221;align_center&#8221; gutter_size=&#8221;3&#8243; overlay_alpha=&#8221;50&#8243; shift_x=&#8221;0&#8243; shift_y=&#8221;0&#8243; shift_y_down=&#8221;0&#8243; z_index=&#8221;0&#8243; medium_width=&#8221;0&#8243; mobile_width=&#8221;0&#8243; width=&#8221;1\/1&#8243; uncode_shortcode_id=&#8221;880785&#8243;][vc_raw_html]JTNDaWZyYW1lJTIwd2lkdGglM0QlMjI2MjBweCUyMiUyMGhlaWdodCUzRCUyMjQwMHB4JTIyJTIwc3JjJTNEJTIyaHR0cHMlM0ElMkYlMkZ3d3cueXVtcHUuY29tJTJGeHglMkZlbWJlZCUyRnZpZXclMkZWT0tTTTBjQmhqWUZ3ckgzJTIyJTIwZnJhbWVib3JkZXIlM0QlMjIwJTIyJTIwYWxsb3dmdWxsc2NyZWVuJTNEJTIydHJ1ZSUyMiUyMCUyMGFsbG93dHJhbnNwYXJlbmN5JTNEJTIydHJ1ZSUyMiUzRSUzQyUyRmlmcmFtZSUzRQ==[\/vc_raw_html][\/vc_column][\/vc_row][vc_row][vc_column width=&#8221;1\/1&#8243;][vc_column_text uncode_shortcode_id=&#8221;171437&#8243;]<\/p>\n<hr \/>\n<h3>CR\u00cdTIQUES<\/h3>\n<blockquote><p><strong>Love.three.mom:<\/strong> &#8220;La meva filla ha descobert en aquest llibre les aventures de l&#8217;Ot el Bruixot i li ha semblat un mag divertit que l&#8217;ha fet riure amb moltes de les tires c\u00f2miques. A m\u00e9s, l&#8217;ha tingut molt concentrada pel seu disseny tant visual.&#8221;<\/p><\/blockquote>\n<p>[\/vc_column_text][\/vc_column][\/vc_row]<\/p>\n<\/div>","protected":false},"excerpt":{"rendered":"<h3>L&#8217;ant\u00eddot contra l&#8217;avorriment!<\/h3>\n<p>Endinsa\u2019t en l\u2019esbojarrat i simp\u00e0tic m\u00f3n de l\u2019<strong>Ot el bruixot<\/strong> i gaudeix de les seves tires c\u00f2miques m\u00e9s famoses, publicades consecutivament durant m\u00e9s de <strong>40 anys<\/strong>!<\/p>\n<p>.<\/p>\n<p>Autor: <a href=\"https:\/\/www.edicionsdelpirata.cat\/picanyol\/\" target=\"_blank\" rel=\"noopener\">Picanyol<\/a>.<\/p>\n","protected":false},"featured_media":97453,"template":"","meta":[],"product_brand":[],"product_cat":[2117,2123,2164,2186,2340,2354,3098,2953,2960],"product_tag":[2976,2977,2978,2979,2998,2999,2973,2975],"class_list":{"0":"post-97451","1":"product","2":"type-product","3":"status-publish","4":"has-post-thumbnail","6":"product_cat-llibres-per-6-anys","7":"product_cat-tots-els-llibres","8":"product_cat-llibres-per-8-anys","9":"product_cat-llibres-per-7-anys","10":"product_cat-llibres-de-4-a-7-anys","11":"product_cat-novetats","12":"product_cat-tires-comiques-ot-el-bruixot","13":"product_cat-comics-4","14":"product_cat-llibres-humor-2","15":"product_tag-historietes-humor-ca","16":"product_tag-picanyol-ca","17":"product_tag-tires-comiques-ca","18":"product_tag-tires-humor-ca","19":"product_tag-comics-nens-ca","20":"product_tag-tires-nens-ca","21":"product_tag-comic-infantil-ca","22":"product_tag-comics-humor-ca","24":"first","25":"instock","26":"sale","27":"shipping-taxable","28":"purchasable","29":"product-type-variable","30":"has-default-attributes"},"_links":{"self":[{"href":"https:\/\/www.editorialelpirata.com\/ca\/wp-json\/wp\/v2\/product\/97451","targetHints":{"allow":["GET"]}}],"collection":[{"href":"https:\/\/www.editorialelpirata.com\/ca\/wp-json\/wp\/v2\/product"}],"about":[{"href":"https:\/\/www.editorialelpirata.com\/ca\/wp-json\/wp\/v2\/types\/product"}],"wp:featuredmedia":[{"embeddable":true,"href":"https:\/\/www.editorialelpirata.com\/ca\/wp-json\/wp\/v2\/media\/97453"}],"wp:attachment":[{"href":"https:\/\/www.editorialelpirata.com\/ca\/wp-json\/wp\/v2\/media?parent=97451"}],"wp:term":[{"taxonomy":"product_brand","embeddable":true,"href":"https:\/\/www.editorialelpirata.com\/ca\/wp-json\/wp\/v2\/product_brand?post=97451"},{"taxonomy":"product_cat","embeddable":true,"href":"https:\/\/www.editorialelpirata.com\/ca\/wp-json\/wp\/v2\/product_cat?post=97451"},{"taxonomy":"product_tag","embeddable":true,"href":"https:\/\/www.editorialelpirata.com\/ca\/wp-json\/wp\/v2\/product_tag?post=97451"}],"curies":[{"name":"wp","href":"https:\/\/api.w.org\/{rel}","templated":true}]}}