{"id":97442,"date":"2024-09-19T16:43:18","date_gmt":"2024-09-19T16:43:18","guid":{"rendered":"https:\/\/www.editorialelpirata.com\/?post_type=product&#038;p=97442"},"modified":"2025-10-31T09:23:44","modified_gmt":"2025-10-31T09:23:44","slug":"emocions-de-tots-colors","status":"publish","type":"product","link":"https:\/\/www.editorialelpirata.com\/ca\/Producte\/emocions-de-tots-colors\/","title":{"rendered":"EMOCIONS DE TOTS COLORS"},"content":{"rendered":"<div class=\"wpb-content-wrapper\"><p>[vc_row][vc_column][vc_column_text uncode_shortcode_id=&#8221;184373&#8243;]<\/p>\n<h1>Apr\u00e8n 8 emocions diferents!<\/h1>\n<p><em>Emocions de tots colors<\/em> \u00e9s un conte per a nens i nenes de 2 a 5 anys, en el que aprendran a con\u00e8ixer i a identificar <strong>vuit emocions<\/strong> diferents del dia a dia. Al final del llibre tamb\u00e9 es donen <strong>consells<\/strong> pr\u00e0ctics sobre com els nens poden gestionar-les.<\/p>\n<p>En Cam \u00e9s un simp\u00e0tic <strong>camale\u00f3<\/strong> que busca un amic per a jugar que sigui igual que ell per\u00f2, per un motiu o per un altre, no troba ning\u00fa igual amb qui fer-ho. Cada vegada que descobreix que no podr\u00e0 jugar, es torna d\u2019un altre color i sent una emoci\u00f3 diferent: r\u00e0bia, intimidaci\u00f3, alegria, gelosia, timidesa, tristesa, vergonya i por. I quan canvia, en Cam busca a un animal del mateix color. Aix\u00ed que aprendrem animals, emocions i colors! Al final del conte, en Cam s\u2019adona que potser no ha trobat un animal igual que ell perqu\u00e8, en el fons, tots som \u00fanics i especials.[\/vc_column_text][\/vc_column][\/vc_row][vc_row][vc_column column_width_percent=&#8221;100&#8243; align_horizontal=&#8221;align_center&#8221; gutter_size=&#8221;3&#8243; overlay_alpha=&#8221;50&#8243; shift_x=&#8221;0&#8243; shift_y=&#8221;0&#8243; shift_y_down=&#8221;0&#8243; z_index=&#8221;0&#8243; medium_width=&#8221;0&#8243; mobile_width=&#8221;0&#8243; width=&#8221;1\/1&#8243; uncode_shortcode_id=&#8221;164628&#8243;][vc_raw_html]JTNDaWZyYW1lJTIwd2lkdGglM0QlMjI2MjBweCUyMiUyMGhlaWdodCUzRCUyMjQwMHB4JTIyJTIwc3JjJTNEJTIyaHR0cHMlM0ElMkYlMkZ3d3cueXVtcHUuY29tJTJGeHglMkZlbWJlZCUyRnZpZXclMkZCT3ZTakFaMWh4eXJsVjZMJTIyJTIwZnJhbWVib3JkZXIlM0QlMjIwJTIyJTIwYWxsb3dmdWxsc2NyZWVuJTNEJTIydHJ1ZSUyMiUyMCUyMGFsbG93dHJhbnNwYXJlbmN5JTNEJTIydHJ1ZSUyMiUzRSUzQyUyRmlmcmFtZSUzRQ==[\/vc_raw_html][\/vc_column][\/vc_row][vc_row][vc_column width=&#8221;1\/1&#8243;][vc_column_text uncode_shortcode_id=&#8221;119858&#8243;]<\/p>\n<hr \/>\n<p>Les <strong>simp\u00e0tiques il\u00b7lustracions a tot color<\/strong> ajudaran els petits lectors a endinsar-se a la hist\u00f2ria i a comprendre amb molta m\u00e9s facilitat les diferents emocions. A m\u00e9s, com que el protagonista \u00e9s un camale\u00f3, cada emoci\u00f3 s\u2019associa a un <strong>color<\/strong> diferent, facilitant la seva memoritzaci\u00f3.[\/vc_column_text][\/vc_column][\/vc_row][vc_row][vc_column width=&#8221;1\/1&#8243;][vc_column_text uncode_shortcode_id=&#8221;127674&#8243;]<\/p>\n<hr \/>\n<p>Amb el suport de:<\/p>\n<p><a href=\"https:\/\/www.editorialelpirata.com\/wp-content\/uploads\/2024\/09\/cultura_generalitat.jpg\"><img decoding=\"async\" class=\"alignnone size-full wp-image-97863\" src=\"https:\/\/www.editorialelpirata.com\/wp-content\/uploads\/2024\/09\/cultura_generalitat.jpg\" alt=\"\" width=\"300\" height=\"80\" title=\"\" srcset=\"https:\/\/www.editorialelpirata.com\/wp-content\/uploads\/2024\/09\/cultura_generalitat.jpg 300w, https:\/\/www.editorialelpirata.com\/wp-content\/uploads\/2024\/09\/cultura_generalitat-64x17.jpg 64w\" sizes=\"(max-width: 300px) 100vw, 300px\" \/><\/a>[\/vc_column_text][\/vc_column][\/vc_row]<\/p>\n<\/div>","protected":false},"excerpt":{"rendered":"<h3>Un conte per con\u00e8ixer les emocions i els colors<\/h3>\n<p>Una divertid\u00edssima hist\u00f2ria per a nens i nenes a partir de 2 anys.<\/p>\n<p>.<\/p>\n<p>Autora: Elena Ulyeva.<\/p>\n<p>Il\u00b7lustradora: Olga Agafonova.<\/p>\n","protected":false},"featured_media":97443,"template":"","meta":[],"product_brand":[],"product_cat":[2123,2333,2356,2362,2432,2859,2860],"product_tag":[3000,3001,3002,3003,3004,3005,3006,3007],"class_list":{"0":"post-97442","1":"product","2":"type-product","3":"status-publish","4":"has-post-thumbnail","6":"product_cat-tots-els-llibres","7":"product_cat-llibres-per-a-explicar","8":"product_cat-contes-2-a-5-anys","9":"product_cat-contes-cartrone","10":"product_cat-llibres-nens-animals","11":"product_cat-olga-agafonova","12":"product_cat-elena-ulyeva","13":"product_tag-camaleons-ca","14":"product_tag-conte-emocions-ca","15":"product_tag-contes-2-anys-ca","16":"product_tag-contes-animals-ca","17":"product_tag-contes-emocions-ca","18":"product_tag-contes-valors-ca","19":"product_tag-llibres-2-anys-ca","20":"product_tag-llibres-sentiments-ca","22":"first","23":"instock","24":"shipping-taxable","25":"purchasable","26":"product-type-variable","27":"has-default-attributes"},"_links":{"self":[{"href":"https:\/\/www.editorialelpirata.com\/ca\/wp-json\/wp\/v2\/product\/97442","targetHints":{"allow":["GET"]}}],"collection":[{"href":"https:\/\/www.editorialelpirata.com\/ca\/wp-json\/wp\/v2\/product"}],"about":[{"href":"https:\/\/www.editorialelpirata.com\/ca\/wp-json\/wp\/v2\/types\/product"}],"wp:featuredmedia":[{"embeddable":true,"href":"https:\/\/www.editorialelpirata.com\/ca\/wp-json\/wp\/v2\/media\/97443"}],"wp:attachment":[{"href":"https:\/\/www.editorialelpirata.com\/ca\/wp-json\/wp\/v2\/media?parent=97442"}],"wp:term":[{"taxonomy":"product_brand","embeddable":true,"href":"https:\/\/www.editorialelpirata.com\/ca\/wp-json\/wp\/v2\/product_brand?post=97442"},{"taxonomy":"product_cat","embeddable":true,"href":"https:\/\/www.editorialelpirata.com\/ca\/wp-json\/wp\/v2\/product_cat?post=97442"},{"taxonomy":"product_tag","embeddable":true,"href":"https:\/\/www.editorialelpirata.com\/ca\/wp-json\/wp\/v2\/product_tag?post=97442"}],"curies":[{"name":"wp","href":"https:\/\/api.w.org\/{rel}","templated":true}]}}