{"id":97395,"date":"2024-09-19T16:41:58","date_gmt":"2024-09-19T16:41:58","guid":{"rendered":"https:\/\/www.editorialelpirata.com\/?post_type=product&#038;p=97395"},"modified":"2025-10-31T09:24:30","modified_gmt":"2025-10-31T09:24:30","slug":"el-rei-de-lespai","status":"publish","type":"product","link":"https:\/\/www.editorialelpirata.com\/ca\/Producte\/el-rei-de-lespai\/","title":{"rendered":"EL REI DE L&#8217;ESPAI"},"content":{"rendered":"<div class=\"wpb-content-wrapper\"><p>[vc_row][vc_column][vc_column_text uncode_shortcode_id=&#8221;173738&#8243;]<em>El rei de l\u2019espai<\/em> \u00e9s un conte infantil en catal\u00e0 molt divertit, recomanat per a nens <strong>de 4 a 7 anys<\/strong>. Una nova meravella d\u2019en<strong> Jonny Duddle<\/strong>, un dels autors infantils m\u00e9s reconeguts internacionalment, amb m\u00e9s de 750.000 llibres venuts.<\/p>\n<p>En Rex \u00e9s un nen que, fart d\u2019haver de recollir les <strong>caques<\/strong> de les seves vaques, s\u2019empesca un astut pla que el convertir\u00e0 en el rei de l\u2019espai. Aix\u00ed, pensa, no les haur\u00e0 de recollir mai m\u00e9s! S\u2019ha fixat que a tothom li fa gr\u00e0cia, aix\u00f2 de parlar de caques, aix\u00ed que&#8230;<\/p>\n<p>Prepareu-vos per descobrir un dels \u00e0lbums il\u00b7lustrats m\u00e9s divertits d\u2019en Jonny Duddle, l\u2019il\u00b7lustrador de <strong>Harry Potter<\/strong>. Un imprescindible que far\u00e0 riure els lectors a la vegada que gaudeixen d\u2019una esbojarrada aventura per l\u2019espai![\/vc_column_text][\/vc_column][\/vc_row][vc_row][vc_column width=&#8221;1\/1&#8243;][vc_column_text uncode_shortcode_id=&#8221;110757&#8243;]<strong>Llibres d\u2019en Jonny Duddle:<\/strong><\/p>\n<p>\u2022 <a href=\"https:\/\/www.editorialelpirata.com\/ca\/producto\/gegantosaure\/\" target=\"_blank\" rel=\"noopener\">Gegantosaure<\/a><br \/>\n\u2022 <a href=\"https:\/\/www.editorialelpirata.com\/ca\/producto\/els-meus-veins-pirates\/\" target=\"_blank\" rel=\"noopener\">Els meus ve\u00efns pirates<\/a><br \/>\n\u2022 <a href=\"https:\/\/www.editorialelpirata.com\/ca\/producto\/lenfonsa-pirates\/\" target=\"_blank\" rel=\"noopener\">L\u2019enfonsa Pirates<\/a><br \/>\n\u2022 <a href=\"https:\/\/www.editorialelpirata.com\/ca\/producto\/els-pirates-de-lilla-calavera\/\" target=\"_blank\" rel=\"noopener\">Els pirates de l\u2019illa Calavera<\/a><br \/>\n\u2022 <a href=\"https:\/\/www.editorialelpirata.com\/ca\/producto\/a-la-recerca-den-gigantosaurus\/\" target=\"_blank\" rel=\"noopener\">A la recerca d&#8217;en Gigantosaurus<\/a>[\/vc_column_text][\/vc_column][\/vc_row]<\/p>\n<\/div>","protected":false},"excerpt":{"rendered":"<h3>Divertit conte infantil en catal\u00e0 de l&#8217;il\u00b7lustrador de Harry Potter<\/h3>\n<p class=\"p1\">Jonny Duddle ens transposrta a l&#8217;espai. En Rex \u00e9s un nen que, fart d\u2019haver de recollir les caques de les seves vaques, s\u2019empesca un astut pla que el convertir\u00e0 en el rei de l\u2019espai.<\/p>\n<p>Autor i il\u00b7lustrador: Jonny Duddle<\/p>\n","protected":false},"featured_media":97405,"template":"","meta":[],"product_brand":[],"product_cat":[2368,2117,2123,2186,2330,2331,2960,2334,2339,2340,2344],"product_tag":[2799,2830,2831,2832,2833,3157,3173],"class_list":{"0":"post-97395","1":"product","2":"type-product","3":"status-publish","4":"has-post-thumbnail","6":"product_cat-lletra-impremta","7":"product_cat-llibres-per-6-anys","8":"product_cat-tots-els-llibres","9":"product_cat-llibres-per-7-anys","10":"product_cat-albums-illustrats","11":"product_cat-albums-ilustrats-7-anys","12":"product_cat-llibres-humor-2","13":"product_cat-albums-illustrats-6-anys","14":"product_cat-jonny-duddle-2","15":"product_cat-llibres-de-4-a-7-anys","16":"product_cat-llibres-de-3-a-6-anys","17":"product_tag-llibres-infantils-ca","18":"product_tag-aventures-espai-ca","19":"product_tag-contes-divertits-ca","20":"product_tag-contes-illustrats-ca","21":"product_tag-llibres-humor-infantils-ca","22":"product_tag-llibres-nens-ca-2","23":"product_tag-jonny-duddle-ca","25":"first","26":"instock","27":"featured","28":"shipping-taxable","29":"purchasable","30":"product-type-simple"},"_links":{"self":[{"href":"https:\/\/www.editorialelpirata.com\/ca\/wp-json\/wp\/v2\/product\/97395","targetHints":{"allow":["GET"]}}],"collection":[{"href":"https:\/\/www.editorialelpirata.com\/ca\/wp-json\/wp\/v2\/product"}],"about":[{"href":"https:\/\/www.editorialelpirata.com\/ca\/wp-json\/wp\/v2\/types\/product"}],"wp:featuredmedia":[{"embeddable":true,"href":"https:\/\/www.editorialelpirata.com\/ca\/wp-json\/wp\/v2\/media\/97405"}],"wp:attachment":[{"href":"https:\/\/www.editorialelpirata.com\/ca\/wp-json\/wp\/v2\/media?parent=97395"}],"wp:term":[{"taxonomy":"product_brand","embeddable":true,"href":"https:\/\/www.editorialelpirata.com\/ca\/wp-json\/wp\/v2\/product_brand?post=97395"},{"taxonomy":"product_cat","embeddable":true,"href":"https:\/\/www.editorialelpirata.com\/ca\/wp-json\/wp\/v2\/product_cat?post=97395"},{"taxonomy":"product_tag","embeddable":true,"href":"https:\/\/www.editorialelpirata.com\/ca\/wp-json\/wp\/v2\/product_tag?post=97395"}],"curies":[{"name":"wp","href":"https:\/\/api.w.org\/{rel}","templated":true}]}}