{"id":97394,"date":"2022-06-14T16:41:57","date_gmt":"2022-06-14T16:41:57","guid":{"rendered":"https:\/\/www.editorialelpirata.com\/?post_type=product&#038;p=97394"},"modified":"2025-06-17T07:46:03","modified_gmt":"2025-06-17T07:46:03","slug":"compte-amb-la-princesa-pirata","status":"publish","type":"product","link":"https:\/\/www.editorialelpirata.com\/ca\/Producte\/compte-amb-la-princesa-pirata\/","title":{"rendered":"COMPTE AMB LA PRINCESA PIRATA"},"content":{"rendered":"<div class=\"wpb-content-wrapper\"><p>[vc_row][vc_column][vc_column_text uncode_shortcode_id=&#8221;122087&#8243;]<\/p>\n<h1>Una princesa pirata, un \u00e0lbum il\u00b7lustrat ple d&#8217;aventures<\/h1>\n<p><em>Compte amb la princesa pirata<\/em> \u00e9s un conte infantil molt divertit i ple d\u2019aventures que els m\u00e9s petits de casa voldran llegir una vegada i una altra! El conte est\u00e0 recomanat <strong>per llegir a nens i nenes <a href=\"https:\/\/www.edicionsdelpirata.cat\/llibres-nens-2-5-anys\/\" target=\"_blank\" rel=\"noopener\">a partir de 3 anys<\/a><\/strong>, per\u00f2 com que est\u00e0 escrit en<strong> lletra d\u2019impremta<\/strong>, tamb\u00e9 \u00e9s ideal per infants a partir de <strong>6 anys<\/strong>.<\/p>\n<p>La princesa <strong>Prud\u00e8ncia<\/strong> pot semblar dol\u00e7a i encantadora, per\u00f2 m\u00e9s et val no ficar-te amb el que m\u00e9s estima de tot el m\u00f3n: en Teddy, el seu osset de peluix. Quan uns malvats pirates roben l\u2019osset, la Prud\u00e8ncia no dubta ni un sol moment a sortir a l\u2019aventura per rescatar-lo. <strong>La Prud\u00e8ncia ens demostrar\u00e0 aix\u00ed que no \u00e9s nom\u00e9s una princesa, sin\u00f3 que tamb\u00e9 \u00e9s&#8230; una temible pirata!<\/strong> I \u00e9s que no hi ha res que pugui parar a una nena aventurera.[\/vc_column_text][\/vc_column][\/vc_row][vc_row][vc_column column_width_percent=&#8221;100&#8243; align_horizontal=&#8221;align_center&#8221; gutter_size=&#8221;3&#8243; overlay_alpha=&#8221;50&#8243; shift_x=&#8221;0&#8243; shift_y=&#8221;0&#8243; shift_y_down=&#8221;0&#8243; z_index=&#8221;0&#8243; medium_width=&#8221;0&#8243; mobile_width=&#8221;0&#8243; width=&#8221;1\/1&#8243; uncode_shortcode_id=&#8221;207716&#8243;][vc_raw_html]JTNDaWZyYW1lJTIwd2lkdGglM0QlMjI2MjBweCUyMiUyMGhlaWdodCUzRCUyMjQwMHB4JTIyJTIwc3JjJTNEJTIyaHR0cHMlM0ElMkYlMkZ3d3cueXVtcHUuY29tJTJGeHglMkZlbWJlZCUyRnZpZXclMkZkb2FVeGVYOXZDemNEcjIxJTIyJTIwZnJhbWVib3JkZXIlM0QlMjIwJTIyJTIwYWxsb3dmdWxsc2NyZWVuJTNEJTIydHJ1ZSUyMiUyMCUyMGFsbG93dHJhbnNwYXJlbmN5JTNEJTIydHJ1ZSUyMiUzRSUzQyUyRmlmcmFtZSUzRQ==[\/vc_raw_html][\/vc_column][\/vc_row][vc_row][vc_column width=&#8221;1\/1&#8243;][vc_column_text uncode_shortcode_id=&#8221;187677&#8243;]<\/p>\n<h2>Cr\u00edtiques:<\/h2>\n<blockquote><p><strong>Carmenmateo_psi:<\/strong> &#8220;Una hist\u00f2ria que trenca estereotips de g\u00e8nere (les princeses no necessiten ser salvades) i que representa el vincle especial que alguns petits tenen pel seu objecte d&#8217;afecci\u00f3. A m\u00e9s, ens mostra que robar no \u00e9s adequat, ni tan sols si ets pirata i el bot\u00ed \u00e9s tan sumament adorable.&#8221;<\/p>\n<p><strong>Ratets_i_contes:<\/strong> &#8220;Una aventura reial que ens mostra el que podem ser capa\u00e7os de fer per l&#8217;estima a les nostres joguines. Amb el text rimat, que ja sabeu el b\u00e9 que funciona amb el petits, i unes il\u00b7lustracions la mar de divertides. Ha estat tot un \u00e8xit a casa!&#8221;<\/p>\n<p><strong>Unamiradaespecialblog_:<\/strong> &#8220;Amb aquest llibre, a m\u00e9s de disfrutar d&#8217;una hist\u00f2ria de princeses i pirates, es sentiran identificats amb la princesa que ha perdut el seu objecte d&#8217;afecci\u00f3 i podrem parlar amb ells\/es sobre qu\u00e8 passaria si el perdessin. Per\u00f2 tamb\u00e9 aprenen a trencar estereotips.&#8221;<\/p>\n<p><strong>Client Amazon:<\/strong> &#8220;Ha estat un regal i ja m&#8217;havien dit que era un conte super divertit\u2026 CONFIRMAT, no m&#8217;ho passava tant b\u00e9 explicant un conte des de feia temps.&#8221;<\/p><\/blockquote>\n<p>[\/vc_column_text][\/vc_column][\/vc_row][vc_row][vc_column width=&#8221;1\/1&#8243;][vc_column_text uncode_shortcode_id=&#8221;183717&#8243;]<\/p>\n<hr \/>\n<p>Amb el suport de:<\/p>\n<p><a href=\"https:\/\/www.editorialelpirata.com\/wp-content\/uploads\/2024\/11\/Logo-icec.jpg\"><img decoding=\"async\" class=\"alignnone size-medium wp-image-100854\" src=\"https:\/\/www.editorialelpirata.com\/wp-content\/uploads\/2024\/11\/Logo-icec-300x45.jpg\" alt=\"Logo icec complert\" width=\"300\" height=\"45\" title=\"\"><\/a>[\/vc_column_text][\/vc_column][\/vc_row]<\/p>\n<\/div>","protected":false},"excerpt":{"rendered":"<h3>Un emocionant llibre amb aventures i molt d&#8217;humor<\/h3>\n<p class=\"p1\">Per explicar a nens i nenes a partir de 3 anys, o per llegir a partir de 6 anys.<\/p>\n<p>&nbsp;<\/p>\n<p>Autora: Holly Ryan<\/p>\n<p>Il\u00b7lustradora: Si\u00e2n Roberts<\/p>\n","protected":false},"featured_media":97424,"template":"","meta":[],"product_brand":[],"product_cat":[2333,2334,2340,2344,2354,3023,2368,3024,2117,2867,2123,2868,2186,2330,2331],"product_tag":[2968,3018,3021,3022,3157,2881,2882,2967],"class_list":{"0":"post-97394","1":"product","2":"type-product","3":"status-publish","4":"has-post-thumbnail","6":"product_cat-llibres-per-a-explicar","7":"product_cat-albums-illustrats-6-anys","8":"product_cat-llibres-de-4-a-7-anys","9":"product_cat-llibres-de-3-a-6-anys","10":"product_cat-novetats","11":"product_cat-contes-de-pirates-2","12":"product_cat-lletra-impremta","13":"product_cat-contes-amb-valors-2","14":"product_cat-llibres-per-6-anys","15":"product_cat-holly-ryan","16":"product_cat-tots-els-llibres","17":"product_cat-sian-roberts","18":"product_cat-llibres-per-7-anys","19":"product_cat-albums-illustrats","20":"product_cat-albums-ilustrats-7-anys","21":"product_tag-llibres-3-a-6-anys-ca","22":"product_tag-contes-rimats-ca","23":"product_tag-aventures-pirates-ca","24":"product_tag-contes-feministes-ca","25":"product_tag-llibres-nens-ca-2","26":"product_tag-contes-infantils-ca","27":"product_tag-llibres-aventures-ca","28":"product_tag-contes-pirates-ca","30":"first","31":"instock","32":"featured","33":"shipping-taxable","34":"purchasable","35":"product-type-variable"},"_links":{"self":[{"href":"https:\/\/www.editorialelpirata.com\/ca\/wp-json\/wp\/v2\/product\/97394","targetHints":{"allow":["GET"]}}],"collection":[{"href":"https:\/\/www.editorialelpirata.com\/ca\/wp-json\/wp\/v2\/product"}],"about":[{"href":"https:\/\/www.editorialelpirata.com\/ca\/wp-json\/wp\/v2\/types\/product"}],"wp:featuredmedia":[{"embeddable":true,"href":"https:\/\/www.editorialelpirata.com\/ca\/wp-json\/wp\/v2\/media\/97424"}],"wp:attachment":[{"href":"https:\/\/www.editorialelpirata.com\/ca\/wp-json\/wp\/v2\/media?parent=97394"}],"wp:term":[{"taxonomy":"product_brand","embeddable":true,"href":"https:\/\/www.editorialelpirata.com\/ca\/wp-json\/wp\/v2\/product_brand?post=97394"},{"taxonomy":"product_cat","embeddable":true,"href":"https:\/\/www.editorialelpirata.com\/ca\/wp-json\/wp\/v2\/product_cat?post=97394"},{"taxonomy":"product_tag","embeddable":true,"href":"https:\/\/www.editorialelpirata.com\/ca\/wp-json\/wp\/v2\/product_tag?post=97394"}],"curies":[{"name":"wp","href":"https:\/\/api.w.org\/{rel}","templated":true}]}}