{"id":97365,"date":"2021-11-02T17:23:48","date_gmt":"2021-10-28T16:40:23","guid":{"rendered":"https:\/\/www.editorialelpirata.com\/?post_type=product&#038;p=97365"},"modified":"2025-05-16T12:16:22","modified_gmt":"2025-05-16T12:16:22","slug":"lot-de-contes-nadons","status":"publish","type":"product","link":"https:\/\/www.editorialelpirata.com\/ca\/Producte\/lot-de-contes-nadons\/","title":{"rendered":"LOT DE CONTES PER A NADONS &#8211; REGAL BEB\u00c8"},"content":{"rendered":"<div class=\"wpb-content-wrapper\"><p>[vc_row][vc_column width=&#8221;1\/1&#8243;][vc_column_text uncode_shortcode_id=&#8221;205783&#8243;]<\/p>\n<div class=\"uncode_text_column\">\n<h1 style=\"text-align: center;\">Pack regal amb 9 contes per a nadons amb nansa i interactius<\/h1>\n<\/div>\n<p>[\/vc_column_text][vc_row_inner][vc_column_inner width=&#8221;1\/6&#8243;][\/vc_column_inner][vc_column_inner width=&#8221;2\/3&#8243;][vc_single_image media=&#8221;99624&#8243; media_width_percent=&#8221;100&#8243; uncode_shortcode_id=&#8221;115819&#8243; media_link=&#8221;url:https%3A%2F%2Fwww.edicionsdelpirata.cat%2Fproducte%2Fjugo-recullo-contes-bebes%2F|title:JUGO%20I%20RECULLO|target:_blank&#8221;][\/vc_column_inner][vc_column_inner width=&#8221;1\/6&#8243;][\/vc_column_inner][\/vc_row_inner][vc_column_text uncode_shortcode_id=&#8221;165935&#8243;]<\/p>\n<h2>Revisada per educadores infantils per a nenes i nens de 0 a 3 anys.<\/h2>\n<p>Els llibres porten una <strong>nansa<\/strong> per tal que el beb\u00e8 pugui portar-los d\u2019una banda a l\u2019altra.<\/p>\n<p>En aquesta nova col\u00b7lecci\u00f3 de nou t\u00edtols, els m\u00e9s petits descobriran algunes de les coses m\u00e9s importants que estan introdu\u00efnt en el seu aprenentatge, com ara la import\u00e0ncia de rentar-se les dents, banyar-se o anar a dormir quan toca. I ho faran acompanyats de tota una colla d\u2019animalons d\u2019all\u00f2 m\u00e9s simp\u00e0tics![\/vc_column_text][\/vc_column][\/vc_row]<\/p>\n<\/div>","protected":false},"excerpt":{"rendered":"<h2>Els contes que l&#8217;acompanyaran en els seus primers h\u00e0bits<\/h2>\n<h5>Nou contes amb nansa per nadons + caixa de regal per guardar-los<\/h5>\n<p>&nbsp;<\/p>\n<p>Autora i il\u00b7lustradora: <a href=\"https:\/\/www.edicionsdelpirata.cat\/esther-burgueno\/\" target=\"_blank\" rel=\"noopener\">Esther Burgue\u00f1o<\/a><\/p>\n","protected":false},"featured_media":93475,"template":"","meta":[],"product_brand":[],"product_cat":[3162,3163,3164,2123,2362],"product_tag":[3154,3155],"class_list":{"0":"post-97365","1":"product","2":"type-product","3":"status-publish","4":"has-post-thumbnail","6":"product_cat-pas-a-pas","7":"product_cat-esther-burgueno-ca","8":"product_cat-books-for-babies","9":"product_cat-tots-els-llibres","10":"product_cat-contes-cartrone","11":"product_tag-aprendre-jugant-ca-2","12":"product_tag-libres-infantils","14":"first","15":"instock","16":"shipping-taxable","17":"purchasable","18":"product-type-variable","19":"has-default-attributes"},"_links":{"self":[{"href":"https:\/\/www.editorialelpirata.com\/ca\/wp-json\/wp\/v2\/product\/97365","targetHints":{"allow":["GET"]}}],"collection":[{"href":"https:\/\/www.editorialelpirata.com\/ca\/wp-json\/wp\/v2\/product"}],"about":[{"href":"https:\/\/www.editorialelpirata.com\/ca\/wp-json\/wp\/v2\/types\/product"}],"wp:featuredmedia":[{"embeddable":true,"href":"https:\/\/www.editorialelpirata.com\/ca\/wp-json\/wp\/v2\/media\/93475"}],"wp:attachment":[{"href":"https:\/\/www.editorialelpirata.com\/ca\/wp-json\/wp\/v2\/media?parent=97365"}],"wp:term":[{"taxonomy":"product_brand","embeddable":true,"href":"https:\/\/www.editorialelpirata.com\/ca\/wp-json\/wp\/v2\/product_brand?post=97365"},{"taxonomy":"product_cat","embeddable":true,"href":"https:\/\/www.editorialelpirata.com\/ca\/wp-json\/wp\/v2\/product_cat?post=97365"},{"taxonomy":"product_tag","embeddable":true,"href":"https:\/\/www.editorialelpirata.com\/ca\/wp-json\/wp\/v2\/product_tag?post=97365"}],"curies":[{"name":"wp","href":"https:\/\/api.w.org\/{rel}","templated":true}]}}