{"id":97330,"date":"2024-09-19T15:36:17","date_gmt":"2024-09-19T15:36:17","guid":{"rendered":"https:\/\/www.editorialelpirata.com\/?post_type=product&#038;p=97330"},"modified":"2025-04-15T09:22:53","modified_gmt":"2025-04-15T09:22:53","slug":"llibres-per-a-nens-3-anys","status":"publish","type":"product","link":"https:\/\/www.editorialelpirata.com\/ca\/Producte\/llibres-per-a-nens-3-anys\/","title":{"rendered":"LLIBRES PER A NENS 3 ANYS"},"content":{"rendered":"<div class=\"wpb-content-wrapper\"><p>[vc_row][vc_column][vc_row_inner limit_content=&#8221;&#8221;][vc_column_inner width=&#8221;1\/1&#8243;][vc_custom_heading uncode_shortcode_id=&#8221;194858&#8243;]<\/p>\n<div class=\"vc_custom_heading_wrap \">\n<div class=\"heading-text el-text\">\n<h1 class=\"h1\">Llibres per a nens de 3 anys<\/h1>\n<\/div>\n<\/div>\n<p>[\/vc_custom_heading][\/vc_column_inner][\/vc_row_inner][vc_row_inner limit_content=&#8221;&#8221;][vc_column_inner width=&#8221;1\/1&#8243;][vc_column_text uncode_shortcode_id=&#8221;127996&#8243;]Descobreix tres contes molt diferents:<\/p>\n<ul>\n<li><strong>L&#8217;os del cul gros<\/strong>: Un conte rimat molt divertit, en qu\u00e8 aprendrem que ser diferent no \u00e9s dolent, amb un animal molt dol\u00e7 i simp\u00e0tic, per\u00f2 una mica maldestre.<\/li>\n<li><strong>Nom\u00e9s faltava aix\u00f2!<\/strong>: Un conte per descobrir la import\u00e0ncia dels petons i de l\u2019amor dels pares.<\/li>\n<li><strong>La R\u00ednxols d&#8217;Or<\/strong>: : Un conte de la col\u00b7lecci\u00f3 \u00abContes cl\u00e0ssics rimats\u00bb, en qu\u00e8 aprendrem que les males accions tenen conseq\u00fc\u00e8ncies.<\/li>\n<\/ul>\n<h2>Ideal per a regals a nens de 3 anys o a mestres d\u2019educaci\u00f3 infantil!<\/h2>\n<p>Els contes permeten treballar els seg\u00fcents valors:<\/p>\n<ul>\n<li><strong>AMOR PATERNOFILIAL<\/strong><\/li>\n<li><strong>AMISTAT I ACCEPTACI\u00d3 DE LES DIFER\u00c8NCIES<\/strong><\/li>\n<li><strong>CONSEQ\u00dc\u00c8NCIES DE LES MALES ACCIONS<\/strong><\/li>\n<\/ul>\n<p>&nbsp;<\/p>\n<h3 style=\"text-align: center;\"><a href=\"https:\/\/www.editorialelpirata.com\/ca\/pack-llibres-contes-infantils\/\" target=\"_blank\" rel=\"noopener\">Packs de llibres segons edats<\/a><\/h3>\n<p>[\/vc_column_text][\/vc_column_inner][\/vc_row_inner][vc_row_inner limit_content=&#8221;&#8221;][vc_column_inner column_width_percent=&#8221;100&#8243; align_horizontal=&#8221;align_center&#8221; gutter_size=&#8221;3&#8243; overlay_alpha=&#8221;50&#8243; shift_x=&#8221;0&#8243; shift_y=&#8221;0&#8243; shift_y_down=&#8221;0&#8243; z_index=&#8221;0&#8243; medium_width=&#8221;0&#8243; mobile_width=&#8221;0&#8243; width=&#8221;1\/3&#8243; uncode_shortcode_id=&#8221;112046&#8243;][vc_single_image media=&#8221;98868&#8243; media_width_percent=&#8221;100&#8243; uncode_shortcode_id=&#8221;501332&#8243; media_link=&#8221;url:https%3A%2F%2Fwww.editorialelpirata.com%2Fca%2Fproducto%2Flos-del-cul-gros%2F|title:L&#8217;os%20del%20cul%20gros|target:_blank&#8221;][vc_button border_width=&#8221;0&#8243; link=&#8221;url:https%3A%2F%2Fwww.editorialelpirata.com%2Fca%2Fproducto%2Flos-del-cul-gros%2F|title:L&#8217;os%20del%20cul%20gros|target:_blank&#8221; uncode_shortcode_id=&#8221;162769&#8243;]NOM\u00c9S VULL AQUEST[\/vc_button][\/vc_column_inner][vc_column_inner column_width_percent=&#8221;100&#8243; align_horizontal=&#8221;align_center&#8221; gutter_size=&#8221;3&#8243; overlay_alpha=&#8221;50&#8243; shift_x=&#8221;0&#8243; shift_y=&#8221;0&#8243; shift_y_down=&#8221;0&#8243; z_index=&#8221;0&#8243; medium_width=&#8221;0&#8243; mobile_width=&#8221;0&#8243; width=&#8221;1\/3&#8243; uncode_shortcode_id=&#8221;555490&#8243;][vc_single_image media=&#8221;99537&#8243; media_width_percent=&#8221;100&#8243; uncode_shortcode_id=&#8221;189346&#8243; media_link=&#8221;url:https%3A%2F%2Fwww.editorialelpirata.com%2Fca%2Fproducto%2Fnomes-faltava-aixo-contes-per-explicar%2F|title:Nom%C3%A9s%20faltava%20aix%C3%B2!|target:_blank&#8221;][vc_button border_width=&#8221;0&#8243; link=&#8221;url:https%3A%2F%2Fwww.editorialelpirata.com%2Fca%2Fproducto%2Fnomes-faltava-aixo-contes-per-explicar%2F|title:Nom%C3%A9s%20faltava%20aix%C3%B2!|target:_blank&#8221; uncode_shortcode_id=&#8221;781122&#8243;]NOM\u00c9S VULL AQUEST[\/vc_button][\/vc_column_inner][vc_column_inner column_width_percent=&#8221;100&#8243; align_horizontal=&#8221;align_center&#8221; gutter_size=&#8221;3&#8243; overlay_alpha=&#8221;50&#8243; shift_x=&#8221;0&#8243; shift_y=&#8221;0&#8243; shift_y_down=&#8221;0&#8243; z_index=&#8221;0&#8243; medium_width=&#8221;0&#8243; mobile_width=&#8221;0&#8243; width=&#8221;1\/3&#8243; uncode_shortcode_id=&#8221;136809&#8243;][vc_single_image media=&#8221;98850&#8243; media_width_percent=&#8221;100&#8243; uncode_shortcode_id=&#8221;191598&#8243; media_link=&#8221;url:https%3A%2F%2Fwww.editorialelpirata.com%2Fca%2Fproducto%2Frinxols-dor-contes-tradicionals%2F|title:La%20R%C3%ADnxols%20d&#8217;Or|target:_blank&#8221;][vc_button border_width=&#8221;0&#8243; link=&#8221;url:https%3A%2F%2Fwww.editorialelpirata.com%2Fca%2Fproducto%2Frinxols-dor-contes-tradicionals%2F|title:La%20R%C3%ADnxols%20d&#8217;Or|target:_blank&#8221; uncode_shortcode_id=&#8221;394337&#8243;]NOM\u00c9S VULL AQUEST[\/vc_button][\/vc_column_inner][\/vc_row_inner][\/vc_column][\/vc_row]<\/p>\n<\/div>","protected":false},"excerpt":{"rendered":"<div>\n<div>\n<h2>Lot de contes infantils perfecte per regalar a nens i nenes de 3 anys<\/h2>\n<\/div>\n<\/div>\n<div>\n<h3>Inclou tres llibres il\u00b7lustrats amb valors, animals i diversi\u00f3<\/h3>\n<\/div>\n<div class=\"awdr-bulk-customizable-table\">\n<div class=\"awdr-bulk-customizable-table\"><\/div>\n<\/div>\n","protected":false},"featured_media":97490,"template":"","meta":[],"product_brand":[],"product_cat":[2396,2442],"product_tag":[2444,2446,2447],"class_list":{"0":"post-97330","1":"product","2":"type-product","3":"status-publish","4":"has-post-thumbnail","6":"product_cat-lots","7":"product_cat-packs","8":"product_tag-regal","9":"product_tag-3-anys","10":"product_tag-regalar-nens","12":"first","13":"instock","14":"shipping-taxable","15":"purchasable","16":"product-type-variable"},"_links":{"self":[{"href":"https:\/\/www.editorialelpirata.com\/ca\/wp-json\/wp\/v2\/product\/97330","targetHints":{"allow":["GET"]}}],"collection":[{"href":"https:\/\/www.editorialelpirata.com\/ca\/wp-json\/wp\/v2\/product"}],"about":[{"href":"https:\/\/www.editorialelpirata.com\/ca\/wp-json\/wp\/v2\/types\/product"}],"wp:featuredmedia":[{"embeddable":true,"href":"https:\/\/www.editorialelpirata.com\/ca\/wp-json\/wp\/v2\/media\/97490"}],"wp:attachment":[{"href":"https:\/\/www.editorialelpirata.com\/ca\/wp-json\/wp\/v2\/media?parent=97330"}],"wp:term":[{"taxonomy":"product_brand","embeddable":true,"href":"https:\/\/www.editorialelpirata.com\/ca\/wp-json\/wp\/v2\/product_brand?post=97330"},{"taxonomy":"product_cat","embeddable":true,"href":"https:\/\/www.editorialelpirata.com\/ca\/wp-json\/wp\/v2\/product_cat?post=97330"},{"taxonomy":"product_tag","embeddable":true,"href":"https:\/\/www.editorialelpirata.com\/ca\/wp-json\/wp\/v2\/product_tag?post=97330"}],"curies":[{"name":"wp","href":"https:\/\/api.w.org\/{rel}","templated":true}]}}