{"id":97321,"date":"2024-09-19T15:36:08","date_gmt":"2024-09-19T15:36:08","guid":{"rendered":"https:\/\/www.editorialelpirata.com\/?post_type=product&#038;p=97321"},"modified":"2025-06-30T10:18:47","modified_gmt":"2025-06-30T10:18:47","slug":"contes-infantils-4-anys","status":"publish","type":"product","link":"https:\/\/www.editorialelpirata.com\/ca\/Producte\/contes-infantils-4-anys\/","title":{"rendered":"CONTES INFANTILS 4 ANYS"},"content":{"rendered":"<div class=\"wpb-content-wrapper\"><p>[vc_row][vc_column][vc_row_inner][vc_column_inner width=&#8221;1\/1&#8243;][vc_custom_heading uncode_shortcode_id=&#8221;231769&#8243;]<\/p>\n<div class=\"vc_custom_heading_wrap \">\n<div class=\"heading-text el-text\">\n<h2 class=\"h1\">Contes infantils 4 anys<\/h2>\n<\/div>\n<\/div>\n<p>[\/vc_custom_heading][\/vc_column_inner][\/vc_row_inner][vc_row_inner][vc_column_inner width=&#8221;1\/1&#8243;][vc_column_text uncode_shortcode_id=&#8221;155326&#8243;]Descobreix tres contes molt diferents:<\/p>\n<ul>\n<li><strong>Hola Hola: Animals per descobrir i protegir<\/strong>: Seleccionat com a millor llibre de l\u2019any als EE.UU, hi trobar\u00e0s 92 animals diferents, en quin estat de conservaci\u00f3 s\u00f3n i aprendr\u00e0s que se\u2019ls ha de cuidar. Al final del llibre podr\u00e0s jugar a trobar-los.<\/li>\n<li><strong>El Cuquedo<\/strong>: : Un conte molt divertit, seleccionat al Pla de Lectura de Portugal, on els animals m\u00e9s grans de la selva fugen d\u2019un graci\u00f3s monstruet.<\/li>\n<li><strong>Estimat Bau<\/strong>: Un conte per descobrir la m\u00e0gia dels contes. I \u00e9s que en Bau dibuixa el seu propi conte, que \u00e9s diferent cada cop que alg\u00fa ho llegeix.<\/li>\n<\/ul>\n<h2>Ideal per a regals a nens de 4 anys o a mestres d\u2019educaci\u00f3 infantil!<\/h2>\n<p>Els contes permeten treballar els seg\u00fcents valors:<\/p>\n<ul>\n<li><strong>CONSCI\u00c8NCIA MEDIAMBIENTAL<\/strong><\/li>\n<li><strong>LA POR AL QUE \u00c9S DESCONEGUT<\/strong><\/li>\n<li><strong>CREATIVITAT<\/strong><\/li>\n<\/ul>\n<p>&nbsp;<\/p>\n<h3 style=\"text-align: center;\"><a href=\"https:\/\/www.editorialelpirata.com\/ca\/pack-llibres-contes-infantils\/\" target=\"_blank\" rel=\"noopener\">Packs de llibres segons edats<\/a><\/h3>\n<p>[\/vc_column_text][\/vc_column_inner][\/vc_row_inner][vc_row_inner][vc_column_inner width=&#8221;1\/3&#8243;][vc_single_image media=&#8221;99015&#8243; media_width_percent=&#8221;100&#8243; uncode_shortcode_id=&#8221;190975&#8243; media_link=&#8221;url:https%3A%2F%2Fwww.editorialelpirata.com%2Fca%2Fproducto%2Fhola-hola-animals-albums-ilustrats%2F|title:Hola%20hola|target:_blank&#8221;][vc_button border_width=&#8221;0&#8243; link=&#8221;url:https%3A%2F%2Fwww.editorialelpirata.com%2Fca%2Fproducto%2Fhola-hola-animals-albums-ilustrats%2F|title:Hola%20hola|target:_blank&#8221; uncode_shortcode_id=&#8221;115139&#8243;]NOM\u00c9S VULL AQUEST[\/vc_button][\/vc_column_inner][vc_column_inner width=&#8221;1\/3&#8243;][vc_single_image media=&#8221;98322&#8243; media_width_percent=&#8221;100&#8243; uncode_shortcode_id=&#8221;103224&#8243; media_link=&#8221;url:https%3A%2F%2Fwww.editorialelpirata.com%2Fproducto%2Fcuquedo-miedo%2F|title:El%20Cuquedo|target:_blank&#8221;][vc_button border_width=&#8221;0&#8243; link=&#8221;url:https%3A%2F%2Fwww.editorialelpirata.com%2Fproducto%2Fcuquedo-miedo%2F|title:El%20Cuquedo|target:_blank&#8221; uncode_shortcode_id=&#8221;954479&#8243;]NOM\u00c9S VULL AQUEST[\/vc_button][\/vc_column_inner][vc_column_inner width=&#8221;1\/3&#8243;][vc_single_image media=&#8221;98325&#8243; media_width_percent=&#8221;100&#8243; uncode_shortcode_id=&#8221;619009&#8243; media_link=&#8221;url:https%3A%2F%2Fwww.editorialelpirata.com%2Fca%2Fproducto%2Festimat-bau%2F|title:Estimat%20Bau|target:_blank&#8221;][vc_button border_width=&#8221;0&#8243; link=&#8221;url:https%3A%2F%2Fwww.editorialelpirata.com%2Fca%2Fproducto%2Festimat-bau%2F|title:Estimat%20Bau|target:_blank&#8221; uncode_shortcode_id=&#8221;917233&#8243;]NOM\u00c9S VULL AQUEST[\/vc_button][\/vc_column_inner][\/vc_row_inner][\/vc_column][\/vc_row][vc_row][vc_column width=&#8221;1\/6&#8243;][\/vc_column][vc_column width=&#8221;4\/6&#8243;][vc_column_text uncode_shortcode_id=&#8221;210694&#8243;]<\/p>\n<p><iframe title=\"Pack de contes infantils per a 4 anys\" width=\"840\" height=\"473\" src=\"https:\/\/www.youtube.com\/embed\/nN1BONV7bew?feature=oembed&#038;width=840&#038;height=1000&#038;discover=1\" frameborder=\"0\" allow=\"accelerometer; autoplay; clipboard-write; encrypted-media; gyroscope; picture-in-picture; web-share\" referrerpolicy=\"strict-origin-when-cross-origin\" allowfullscreen><\/iframe><\/p>\n<p>[\/vc_column_text][\/vc_column][vc_column width=&#8221;1\/6&#8243;][\/vc_column][\/vc_row]<\/p>\n<\/div>","protected":false},"excerpt":{"rendered":"<div>\n<div>\n<h2>Lot de contes infantils perfecte per regalar a nens i nenes de 4 anys<\/h2>\n<\/div>\n<\/div>\n<div>\n<h3>Inclou tres llibres il\u00b7lustrats amb valors, animals i diversi\u00f3.<\/h3>\n<\/div>\n<div class=\"awdr-bulk-customizable-table\">\n<div class=\"awdr-bulk-customizable-table\"><\/div>\n<\/div>\n","protected":false},"featured_media":97342,"template":"","meta":[],"product_brand":[],"product_cat":[2396,2442],"product_tag":[2444,2447],"class_list":{"0":"post-97321","1":"product","2":"type-product","3":"status-publish","4":"has-post-thumbnail","6":"product_cat-lots","7":"product_cat-packs","8":"product_tag-regal","9":"product_tag-regalar-nens","11":"first","12":"instock","13":"shipping-taxable","14":"purchasable","15":"product-type-variable","16":"has-default-attributes"},"_links":{"self":[{"href":"https:\/\/www.editorialelpirata.com\/ca\/wp-json\/wp\/v2\/product\/97321","targetHints":{"allow":["GET"]}}],"collection":[{"href":"https:\/\/www.editorialelpirata.com\/ca\/wp-json\/wp\/v2\/product"}],"about":[{"href":"https:\/\/www.editorialelpirata.com\/ca\/wp-json\/wp\/v2\/types\/product"}],"wp:featuredmedia":[{"embeddable":true,"href":"https:\/\/www.editorialelpirata.com\/ca\/wp-json\/wp\/v2\/media\/97342"}],"wp:attachment":[{"href":"https:\/\/www.editorialelpirata.com\/ca\/wp-json\/wp\/v2\/media?parent=97321"}],"wp:term":[{"taxonomy":"product_brand","embeddable":true,"href":"https:\/\/www.editorialelpirata.com\/ca\/wp-json\/wp\/v2\/product_brand?post=97321"},{"taxonomy":"product_cat","embeddable":true,"href":"https:\/\/www.editorialelpirata.com\/ca\/wp-json\/wp\/v2\/product_cat?post=97321"},{"taxonomy":"product_tag","embeddable":true,"href":"https:\/\/www.editorialelpirata.com\/ca\/wp-json\/wp\/v2\/product_tag?post=97321"}],"curies":[{"name":"wp","href":"https:\/\/api.w.org\/{rel}","templated":true}]}}