{"id":97320,"date":"2024-09-19T15:36:07","date_gmt":"2024-09-19T15:36:07","guid":{"rendered":"https:\/\/www.editorialelpirata.com\/?post_type=product&#038;p=97320"},"modified":"2025-01-24T23:09:49","modified_gmt":"2025-01-24T23:09:49","slug":"contes-infantils-3-anys","status":"publish","type":"product","link":"https:\/\/www.editorialelpirata.com\/ca\/Producte\/contes-infantils-3-anys\/","title":{"rendered":"CONTES INFANTILS 3 ANYS"},"content":{"rendered":"<div class=\"wpb-content-wrapper\"><p>[vc_row][vc_column][vc_row_inner][vc_column_inner width=&#8221;1\/1&#8243;][vc_custom_heading uncode_shortcode_id=&#8221;321710&#8243;]<\/p>\n<div class=\"vc_custom_heading_wrap \">\n<div class=\"heading-text el-text\">\n<h2 class=\"h1\">Contes infantils 3 anys<\/h2>\n<\/div>\n<\/div>\n<p>[\/vc_custom_heading][\/vc_column_inner][\/vc_row_inner][vc_row_inner][vc_column_inner width=&#8221;1\/1&#8243;][vc_column_text uncode_shortcode_id=&#8221;190593&#8243;]Descobreix tres contes molt diferents:<\/p>\n<ul>\n<li><strong>El Cuquedo busca un amor que faci por<\/strong>: Un conte interactiu molt divertit, en qu\u00e8 podr\u00e0s buscar al simp\u00e0tic protagonista i imitar els animals de la selva.<\/li>\n<li><strong>Nom\u00e9s faltava aix\u00f2!<\/strong>: Un conte per descobrir la import\u00e0ncia dels petons i de l\u2019amor dels pares.<\/li>\n<li><strong>Pere, el gat dempeus<\/strong>: : Un conte per aprendre el valor de l\u2019amistat i com de meravell\u00f3s \u00e9s ser \u00fanic i diferent.<\/li>\n<\/ul>\n<h2>Ideal per a regals a nens de 3 anys o a mestres d\u2019educaci\u00f3 infantil!<\/h2>\n<p>Els contes permeten treballar els seg\u00fcents valors:<\/p>\n<ul>\n<li><strong>ACCEPTACI\u00d3 DE LA POR<\/strong><\/li>\n<li><strong>AMOR PATERNOFILIAL<\/strong><\/li>\n<li><strong>AMISTAT I ACCEPTACI\u00d3 DE LES DIFER\u00c8NCIES<\/strong><\/li>\n<\/ul>\n<p>&nbsp;<\/p>\n<h3 style=\"text-align: center;\"><a href=\"https:\/\/www.edicionsdelpirata.cat\/pack-llibres-contes-infantils\/\" target=\"_blank\" rel=\"noopener\">Packs de llibres segons edats<\/a><\/h3>\n<p>[\/vc_column_text][\/vc_column_inner][\/vc_row_inner][vc_row_inner][vc_column_inner width=&#8221;1\/3&#8243;][vc_single_image media=&#8221;93240&#8243; media_width_percent=&#8221;100&#8243; uncode_shortcode_id=&#8221;836823&#8243; media_link=&#8221;url:https%3A%2F%2Fwww.edicionsdelpirata.cat%2Fproducte%2Fcuquedo-busca-amor-faci-por-contes-nens-humor%2F|title:El%20Cuquedo%20busca%20un%20amor%20que%20faci%20por|target:_blank&#8221;][vc_button border_width=&#8221;0&#8243; link=&#8221;url:https%3A%2F%2Fwww.edicionsdelpirata.cat%2Fproducte%2Fcuquedo-busca-amor-faci-por-contes-nens-humor%2F|title:El%20Cuquedo%20busca%20un%20amor%20que%20faci%20por|target:_blank&#8221; uncode_shortcode_id=&#8221;300753&#8243;]NOM\u00c9S VULL AQUEST[\/vc_button][\/vc_column_inner][vc_column_inner width=&#8221;1\/3&#8243;][vc_single_image media=&#8221;99537&#8243; media_width_percent=&#8221;100&#8243; uncode_shortcode_id=&#8221;212571&#8243; media_link=&#8221;url:https%3A%2F%2Fwww.edicionsdelpirata.cat%2Fproducte%2Fnomes-faltava-aixo-contes-nens%2F|title:Nom%C3%A9s%20faltava%20aix%C3%B2!|target:_blank&#8221;][vc_button border_width=&#8221;0&#8243; link=&#8221;url:https%3A%2F%2Fwww.edicionsdelpirata.cat%2Fproducte%2Fnomes-faltava-aixo-contes-nens%2F|title:Nom%C3%A9s%20faltava%20aix%C3%B2!|target:_blank&#8221; uncode_shortcode_id=&#8221;370302&#8243;]NOM\u00c9S VULL AQUEST[\/vc_button][\/vc_column_inner][vc_column_inner width=&#8221;1\/3&#8243;][vc_single_image media=&#8221;99552&#8243; media_width_percent=&#8221;100&#8243; uncode_shortcode_id=&#8221;323857&#8243; media_link=&#8221;url:https%3A%2F%2Fwww.edicionsdelpirata.cat%2Fproducte%2Fpere-gat-dempeus-contes-infantils-animals%2F|title:Pere%2C%20el%20gat%20dempeus|target:_blank&#8221;][vc_button border_width=&#8221;0&#8243; link=&#8221;url:https%3A%2F%2Fwww.edicionsdelpirata.cat%2Fproducte%2Fpere-gat-dempeus-contes-infantils-animals%2F|title:Pere%2C%20el%20gat%20dempeus|target:_blank&#8221; uncode_shortcode_id=&#8221;137219&#8243;]NOM\u00c9S VULL AQUEST[\/vc_button][\/vc_column_inner][\/vc_row_inner][\/vc_column][\/vc_row][vc_row][vc_column width=&#8221;1\/6&#8243;][\/vc_column][vc_column width=&#8221;4\/6&#8243;][vc_column_text uncode_shortcode_id=&#8221;176675&#8243;]<\/p>\n<p><iframe title=\"Pack de contes infantils per a 3 anys\" width=\"840\" height=\"473\" src=\"https:\/\/www.youtube.com\/embed\/zIbNTlggWsA?feature=oembed&#038;width=840&#038;height=1000&#038;discover=1\" frameborder=\"0\" allow=\"accelerometer; autoplay; clipboard-write; encrypted-media; gyroscope; picture-in-picture; web-share\" referrerpolicy=\"strict-origin-when-cross-origin\" allowfullscreen><\/iframe><\/p>\n<p>[\/vc_column_text][\/vc_column][vc_column width=&#8221;1\/6&#8243;][\/vc_column][\/vc_row]<\/p>\n<\/div>","protected":false},"excerpt":{"rendered":"<div>\n<div>\n<h2>Lot de contes infantils perfecte per regalar a nens i nenes de 3 anys<\/h2>\n<\/div>\n<\/div>\n<div>\n<h3>Inclou tres llibres il\u00b7lustrats amb valors, animals i diversi\u00f3.<\/h3>\n<\/div>\n<div class=\"awdr-bulk-customizable-table\">\n<div class=\"awdr-bulk-customizable-table\"><\/div>\n<\/div>\n","protected":false},"featured_media":97337,"template":"","meta":[],"product_brand":[],"product_cat":[2396,2442],"product_tag":[2444,2446,2447,2881,2981],"class_list":{"0":"post-97320","1":"product","2":"type-product","3":"status-publish","4":"has-post-thumbnail","6":"product_cat-lots","7":"product_cat-packs","8":"product_tag-regal","9":"product_tag-3-anys","10":"product_tag-regalar-nens","11":"product_tag-contes-infantils-ca","12":"product_tag-pack-ca","14":"first","15":"instock","16":"shipping-taxable","17":"purchasable","18":"product-type-variable","19":"has-default-attributes"},"_links":{"self":[{"href":"https:\/\/www.editorialelpirata.com\/ca\/wp-json\/wp\/v2\/product\/97320","targetHints":{"allow":["GET"]}}],"collection":[{"href":"https:\/\/www.editorialelpirata.com\/ca\/wp-json\/wp\/v2\/product"}],"about":[{"href":"https:\/\/www.editorialelpirata.com\/ca\/wp-json\/wp\/v2\/types\/product"}],"wp:featuredmedia":[{"embeddable":true,"href":"https:\/\/www.editorialelpirata.com\/ca\/wp-json\/wp\/v2\/media\/97337"}],"wp:attachment":[{"href":"https:\/\/www.editorialelpirata.com\/ca\/wp-json\/wp\/v2\/media?parent=97320"}],"wp:term":[{"taxonomy":"product_brand","embeddable":true,"href":"https:\/\/www.editorialelpirata.com\/ca\/wp-json\/wp\/v2\/product_brand?post=97320"},{"taxonomy":"product_cat","embeddable":true,"href":"https:\/\/www.editorialelpirata.com\/ca\/wp-json\/wp\/v2\/product_cat?post=97320"},{"taxonomy":"product_tag","embeddable":true,"href":"https:\/\/www.editorialelpirata.com\/ca\/wp-json\/wp\/v2\/product_tag?post=97320"}],"curies":[{"name":"wp","href":"https:\/\/api.w.org\/{rel}","templated":true}]}}