{"id":97299,"date":"2024-09-19T15:35:33","date_gmt":"2024-09-19T15:35:33","guid":{"rendered":"https:\/\/www.editorialelpirata.com\/?post_type=product&#038;p=97299"},"modified":"2025-03-05T14:53:34","modified_gmt":"2025-03-05T14:53:34","slug":"lot-el-bruixot-i-la-pluja-ot-the-wizard-and-the-rain","status":"publish","type":"product","link":"https:\/\/www.editorialelpirata.com\/ca\/Producte\/lot-el-bruixot-i-la-pluja-ot-the-wizard-and-the-rain\/","title":{"rendered":"L&#8217;OT EL BRUIXOT I LA PLUJA \/ Ot the Wizard and the Rain"},"content":{"rendered":"<div class=\"wpb-content-wrapper\"><p>[vc_row][vc_column][vc_column_text uncode_shortcode_id=&#8221;412681&#8243;]<\/p>\n<h1>Un divertit conte per aprendre angl\u00e8s<\/h1>\n<p>L&#8217;Ot el bruixot surt de casa per comprar pastanagues, per\u00f2 est\u00e0 plovent. L&#8217;Ot comen\u00e7a a jugar amb el temps amb la seva m\u00e0gia. Ara fa nevar, despr\u00e9s ho atura i juga amb les formes dels n\u00favols, despr\u00e9s fa llampegar, provoca una ventada i finalment fa sortir el sol. Torna a casa i al cap d&#8217;una estona els pagesos el van a veure. No es pot aturar la pluja, que \u00e9s molt necess\u00e0ria!<br \/>\nCom resoldr\u00e0 tot aquest embolic, l&#8217;Ot?<\/p>\n<p>&nbsp;<\/p>\n<p>&#8220;L&#8217;Ot el bruixot i la pluja&#8221; \u00e9s el cinqu\u00e8 t\u00edtol de la col\u00b7lecci\u00f3 biling\u00fce catal\u00e0-angl\u00e8s &#8220;<a href=\"https:\/\/www.edicionsdelpirata.cat\/contes-bilingues-ot-el-bruixot\/\" target=\"_blank\" rel=\"noopener\"><strong>Els contes de l&#8217;Ot el bruixot<\/strong><\/a>&#8220;. Llibre pintat a m\u00e0 per el seu creador Picanyol.[\/vc_column_text][\/vc_column][\/vc_row]<\/p>\n<\/div>","protected":false},"excerpt":{"rendered":"<h3 class=\"p1\">Conte biling\u00fce de l&#8217;Ot el Bruixot<\/h3>\n<p>Nou conte d&#8217;en Picanyol de la col\u00b7lecci\u00f3\u00a0<a href=\"https:\/\/www.edicionsdelpirata.cat\/producte\/contes-aprendre-angles\/\" target=\"_blank\" rel=\"noopener noreferrer\">Contes biling\u00fces de l&#8217;Ot el bruixot<\/a>, aprendr\u00e0s angl\u00e8s i gaudir\u00e0s amb l&#8217;Ot!<\/p>\n<p>&nbsp;<\/p>\n<p>Autor: <a href=\"https:\/\/www.edicionsdelpirata.cat\/picanyol\/\" target=\"_blank\" rel=\"noopener noreferrer\">Picanyol<\/a><\/p>\n","protected":false},"featured_media":97303,"template":"","meta":[],"product_brand":[],"product_cat":[3099,2117,2123,2334,2336,2337,2340,2367,2368],"product_tag":[378,434,435,2438,436],"class_list":{"0":"post-97299","1":"product","2":"type-product","3":"status-publish","4":"has-post-thumbnail","6":"product_cat-contes-ot-el-bruixot","7":"product_cat-llibres-per-6-anys","8":"product_cat-tots-els-llibres","9":"product_cat-albums-illustrats-6-anys","10":"product_cat-picanyol-escriptors","11":"product_cat-picanyol-2","12":"product_cat-llibres-de-4-a-7-anys","13":"product_cat-contes-de-lot-el-bruixot","14":"product_cat-lletra-impremta","15":"product_tag-ot-el-bruixot","16":"product_tag-aprendre-angles","17":"product_tag-bilingue","18":"product_tag-conte-angles","19":"product_tag-catala-angles","21":"first","22":"instock","23":"shipping-taxable","24":"purchasable","25":"product-type-simple"},"_links":{"self":[{"href":"https:\/\/www.editorialelpirata.com\/ca\/wp-json\/wp\/v2\/product\/97299","targetHints":{"allow":["GET"]}}],"collection":[{"href":"https:\/\/www.editorialelpirata.com\/ca\/wp-json\/wp\/v2\/product"}],"about":[{"href":"https:\/\/www.editorialelpirata.com\/ca\/wp-json\/wp\/v2\/types\/product"}],"wp:featuredmedia":[{"embeddable":true,"href":"https:\/\/www.editorialelpirata.com\/ca\/wp-json\/wp\/v2\/media\/97303"}],"wp:attachment":[{"href":"https:\/\/www.editorialelpirata.com\/ca\/wp-json\/wp\/v2\/media?parent=97299"}],"wp:term":[{"taxonomy":"product_brand","embeddable":true,"href":"https:\/\/www.editorialelpirata.com\/ca\/wp-json\/wp\/v2\/product_brand?post=97299"},{"taxonomy":"product_cat","embeddable":true,"href":"https:\/\/www.editorialelpirata.com\/ca\/wp-json\/wp\/v2\/product_cat?post=97299"},{"taxonomy":"product_tag","embeddable":true,"href":"https:\/\/www.editorialelpirata.com\/ca\/wp-json\/wp\/v2\/product_tag?post=97299"}],"curies":[{"name":"wp","href":"https:\/\/api.w.org\/{rel}","templated":true}]}}