{"id":97286,"date":"2022-07-29T10:54:46","date_gmt":"2022-09-06T11:09:33","guid":{"rendered":"https:\/\/www.editorialelpirata.com\/?post_type=product&#038;p=97286"},"modified":"2025-06-16T12:02:36","modified_gmt":"2025-06-16T12:02:36","slug":"el-gran-llibre-joc-dels-monstres","status":"publish","type":"product","link":"https:\/\/www.editorialelpirata.com\/ca\/Producte\/el-gran-llibre-joc-dels-monstres\/","title":{"rendered":"EL GRAN LLIBRE JOC DELS MONSTRES"},"content":{"rendered":"<div class=\"wpb-content-wrapper\"><p>[vc_row][vc_column][vc_column_text uncode_shortcode_id=&#8221;209918&#8243;]<\/p>\n<h1>Tres jocs en un sol llibre!<\/h1>\n<p>En aquest sorprenent llibre joc en carton\u00e9, els nens poden jugar a <strong>tres nivells diferents a cada il\u00b7lustraci\u00f3<\/strong>, mentre aprenen coses for\u00e7a interessants sobre <strong>monstres de la cultura popular<\/strong>.<\/p>\n<ol>\n<li>Els nens m\u00e9s <strong>petits<\/strong> hauran de trobar certs objectes amagats a la imatge. A partir de 3-4 anys.<\/li>\n<li>Els de nivell <strong>mitj\u00e0<\/strong> buscaran detalls que comencin per una lletra determinada. A partir de 5-6 anys.<\/li>\n<li>I els m\u00e9s <strong>grans<\/strong> hauran de trobar objectes repetits, amagats o personatges de contes. A partir de 7-8 anys.<\/li>\n<\/ol>\n<h3><\/h3>\n<p>[\/vc_column_text][\/vc_column][\/vc_row][vc_row][vc_column width=&#8221;1\/1&#8243;][vc_column_text uncode_shortcode_id=&#8221;163878&#8243;]<\/p>\n<hr \/>\n<h3>Fes un cop d&#8217;ull a l&#8217;interior:<\/h3>\n<p>[\/vc_column_text][\/vc_column][\/vc_row][vc_row][vc_column width=&#8221;1\/4&#8243;][\/vc_column][vc_column width=&#8221;1\/2&#8243;][vc_raw_html]JTNDaWZyYW1lJTIwd2lkdGglM0QlMjI2MjBweCUyMiUyMGhlaWdodCUzRCUyMjQwMHB4JTIyJTIwc3JjJTNEJTIyaHR0cHMlM0ElMkYlMkZ3d3cueXVtcHUuY29tJTJGeHglMkZlbWJlZCUyRnZpZXclMkZrWVdjSUY5R3ZLeWcxSlNhJTIyJTIwZnJhbWVib3JkZXIlM0QlMjIwJTIyJTIwYWxsb3dmdWxsc2NyZWVuJTNEJTIydHJ1ZSUyMiUyMCUyMGFsbG93dHJhbnNwYXJlbmN5JTNEJTIydHJ1ZSUyMiUzRSUzQyUyRmlmcmFtZSUzRQ==[\/vc_raw_html][\/vc_column][vc_column width=&#8221;1\/4&#8243;][\/vc_column][\/vc_row][vc_row][vc_column width=&#8221;1\/1&#8243;][vc_column_text uncode_shortcode_id=&#8221;133355&#8243;]<\/p>\n<hr \/>\n<p>Un divertid\u00edssim llibre per jugar en carton\u00e9, on nens i nenes de diverses edats s\u2019hi podran entretenir, divertir i sobretot compartir; buscant conceptes espec\u00edfics en unes <strong>espectaculars il\u00b7lustracions carregades de detalls i d\u2019humor<\/strong>.<\/p>\n<p>Varis <strong>germans<\/strong> poden gaudir d\u2019un mateix llibre i jugar-hi plegats sense importar l\u2019edat!<\/p>\n<h3>I un cop que hi hagis jugat, pots trobar les solucions per veure si ho has fet b\u00e9, a m\u00e9s d&#8217;una bona llista de curiositats sobre les criatures representades, en l&#8217;enlla\u00e7 seg\u00fcent!<\/h3>\n<p>[\/vc_column_text][\/vc_column][\/vc_row][vc_row][vc_column column_width_percent=&#8221;100&#8243; align_horizontal=&#8221;align_center&#8221; gutter_size=&#8221;3&#8243; overlay_alpha=&#8221;50&#8243; shift_x=&#8221;0&#8243; shift_y=&#8221;0&#8243; shift_y_down=&#8221;0&#8243; z_index=&#8221;0&#8243; medium_width=&#8221;0&#8243; mobile_width=&#8221;0&#8243; width=&#8221;1\/3&#8243; uncode_shortcode_id=&#8221;100116&#8243;][\/vc_column][vc_column width=&#8221;1\/3&#8243;][vc_button button_color=&#8221;accent&#8221; size=&#8221;btn-lg&#8221; border_width=&#8221;0&#8243; link=&#8221;url:https%3A%2F%2Fwww.editorialelpirata.com%2Fca%2Fsolucionari-llibre-monstres%2F|title:SOLUCIONARI%20%E2%80%9CEL%20GRAN%20LLIBRE%20JOC%20DELS%20MONSTRES%E2%80%9D|target:_blank&#8221; button_color_type=&#8221;uncode-palette&#8221; uncode_shortcode_id=&#8221;144042&#8243;]Anar al solucionari[\/vc_button][\/vc_column][vc_column width=&#8221;1\/3&#8243;][\/vc_column][\/vc_row][vc_row][vc_column width=&#8221;1\/1&#8243;][vc_column_text uncode_shortcode_id=&#8221;174177&#8243;]<\/p>\n<hr \/>\n<h2>CR\u00cdTIQUES:<\/h2>\n<blockquote><p><strong>Carmenmateo_psi:<\/strong> &#8220;Per a mi, el millor d&#8217;aquest llibre \u00e9s, d&#8217;una banda, ser \u00f2ptim per a diferents edats i, d&#8217;una altra i especialment, proposar una recerca de paraules que comencin per una lletra. Aix\u00ed, es treballen, a m\u00e9s de l&#8217;atenci\u00f3, questions m\u00e9s relacionades amb la lectoescriptura com \u00e9s la consci\u00e8ncia fonol\u00f2gica. I no \u00e9s gens f\u00e0cil!&#8221;<\/p>\n<p><strong>Love.three.mom:<\/strong> &#8220;Un llibre joc de carton\u00e9 perfecte per a disfrutar en fam\u00edlia amb il\u00b7lustracions espectaculars d&#8217;en Joan Subirana i molt \u00fatil ja que el poden utilitzar nens d&#8217;edats diferents.&#8221;<\/p><\/blockquote>\n<p>[\/vc_column_text][\/vc_column][\/vc_row][vc_row][vc_column width=&#8221;1\/1&#8243;][vc_column_text uncode_shortcode_id=&#8221;223496&#8243;]Amb el suport:<\/p>\n<p><a href=\"https:\/\/www.editorialelpirata.com\/wp-content\/uploads\/2024\/11\/Logo-icec.jpg\"><img decoding=\"async\" class=\"alignnone size-medium wp-image-100854\" src=\"https:\/\/www.editorialelpirata.com\/wp-content\/uploads\/2024\/11\/Logo-icec-300x45.jpg\" alt=\"Logo icec complert\" width=\"300\" height=\"45\" title=\"\"><\/a>[\/vc_column_text][\/vc_column][\/vc_row]<\/p>\n<\/div>","protected":false},"excerpt":{"rendered":"<h3>Un gran llibre joc per divertir-se i aprendre curiositats sobre els monstres m\u00e9s famosos<\/h3>\n<p>Amb les genials il\u00b7lustracions d&#8217;en Subi, els nens s&#8217;ho passaran d&#8217;all\u00f2 m\u00e9s b\u00e9 jugant mentre aprenen sobre terror\u00edfiques criatures de la cultura popular.<\/p>\n<p>&nbsp;<\/p>\n<p>Autor: Joan Subirana &#8220;Subi&#8221;<\/p>\n","protected":false},"featured_media":97436,"template":"","meta":[],"product_brand":[],"product_cat":[2354,3148,3149,3150,3151,3152],"product_tag":[3154,3155,3156,3157,3158],"class_list":{"0":"post-97286","1":"product","2":"type-product","3":"status-publish","4":"has-post-thumbnail","6":"product_cat-novetats","7":"product_cat-llibres-de-4-a-7-anys-ca","8":"product_cat-llibres-de-3-a-6-anys-ca","9":"product_cat-llibres-joc-ca","10":"product_cat-joan-subirana-queralt-ca","11":"product_cat-llibres-de-passatemps-ca","12":"product_tag-aprendre-jugant-ca-2","13":"product_tag-libres-infantils","14":"product_tag-jocs-infantils-ca-2","15":"product_tag-llibres-nens-ca-2","16":"product_tag-llibres-jugar-ca-2","17":"product_shipping_class-envio-estandar-ca","19":"first","20":"instock","21":"shipping-taxable","22":"purchasable","23":"product-type-variable"},"_links":{"self":[{"href":"https:\/\/www.editorialelpirata.com\/ca\/wp-json\/wp\/v2\/product\/97286","targetHints":{"allow":["GET"]}}],"collection":[{"href":"https:\/\/www.editorialelpirata.com\/ca\/wp-json\/wp\/v2\/product"}],"about":[{"href":"https:\/\/www.editorialelpirata.com\/ca\/wp-json\/wp\/v2\/types\/product"}],"wp:featuredmedia":[{"embeddable":true,"href":"https:\/\/www.editorialelpirata.com\/ca\/wp-json\/wp\/v2\/media\/97436"}],"wp:attachment":[{"href":"https:\/\/www.editorialelpirata.com\/ca\/wp-json\/wp\/v2\/media?parent=97286"}],"wp:term":[{"taxonomy":"product_brand","embeddable":true,"href":"https:\/\/www.editorialelpirata.com\/ca\/wp-json\/wp\/v2\/product_brand?post=97286"},{"taxonomy":"product_cat","embeddable":true,"href":"https:\/\/www.editorialelpirata.com\/ca\/wp-json\/wp\/v2\/product_cat?post=97286"},{"taxonomy":"product_tag","embeddable":true,"href":"https:\/\/www.editorialelpirata.com\/ca\/wp-json\/wp\/v2\/product_tag?post=97286"}],"curies":[{"name":"wp","href":"https:\/\/api.w.org\/{rel}","templated":true}]}}