{"id":97285,"date":"2021-05-31T15:21:42","date_gmt":"2024-09-19T15:35:15","guid":{"rendered":"https:\/\/www.editorialelpirata.com\/?post_type=product&#038;p=97285"},"modified":"2025-05-14T08:31:47","modified_gmt":"2025-05-14T08:31:47","slug":"el-gran-llibre-joc-de-les-civilitzacions","status":"publish","type":"product","link":"https:\/\/www.editorialelpirata.com\/ca\/Producte\/el-gran-llibre-joc-de-les-civilitzacions\/","title":{"rendered":"EL GRAN LLIBRE JOC DE LES CIVILITZACIONS"},"content":{"rendered":"<div class=\"wpb-content-wrapper\"><p>[vc_row][vc_column][vc_column_text uncode_shortcode_id=&#8221;825453&#8243;]<\/p>\n<h1>Tres jocs en un sol llibre!<\/h1>\n<p>En aquest sorprenent llibre joc sobre civilitzacions, els nens poden jugar a <strong>tres nivells diferents a cada il\u00b7lustraci\u00f3<\/strong>, mentre aprenen coses for\u00e7a interessants sobre <strong>cultures antigues<\/strong>.<\/p>\n<ol>\n<li>Els nens m\u00e9s <strong>petits<\/strong> hauran de trobar certs objectes amagats a la imatge.<\/li>\n<li>Els de nivell <strong>mitj\u00e0<\/strong> buscaran detalls que comencin per una lletra determinada.<\/li>\n<li>I els m\u00e9s <strong>grans<\/strong> hauran de trobar objectes que siguin fora d\u2019\u00e8poca, com ara antics maies que porten ulleres de sol!<\/li>\n<\/ol>\n<p>[\/vc_column_text][\/vc_column][\/vc_row][vc_row][vc_column width=&#8221;1\/1&#8243;][vc_column_text uncode_shortcode_id=&#8221;213961&#8243;]<\/p>\n<h3>Fes un cop d&#8217;ull a l&#8217;interior:<\/h3>\n<p>[\/vc_column_text][\/vc_column][\/vc_row][vc_row][vc_column width=&#8221;1\/4&#8243;][\/vc_column][vc_column width=&#8221;1\/2&#8243;][vc_raw_html]JTNDaWZyYW1lJTIwd2lkdGglM0QlMjI2MjBweCUyMiUyMGhlaWdodCUzRCUyMjQwMHB4JTIyJTIwc3JjJTNEJTIyaHR0cHMlM0ElMkYlMkZ3d3cueXVtcHUuY29tJTJGeHglMkZlbWJlZCUyRnZpZXclMkZ2ZWxLQnI3d1Q4ejVJTldSJTIyJTIwZnJhbWVib3JkZXIlM0QlMjIwJTIyJTIwYWxsb3dmdWxsc2NyZWVuJTNEJTIydHJ1ZSUyMiUyMCUyMGFsbG93dHJhbnNwYXJlbmN5JTNEJTIydHJ1ZSUyMiUzRSUzQyUyRmlmcmFtZSUzRSUwQQ==[\/vc_raw_html][\/vc_column][vc_column width=&#8221;1\/4&#8243;][\/vc_column][\/vc_row][vc_row][vc_column width=&#8221;1\/1&#8243;][vc_column_text uncode_shortcode_id=&#8221;256917&#8243;]<\/p>\n<hr \/>\n<p>Un divertid\u00edssim llibre per jugar en carton\u00e9, on nens i nenes de diverses edats s\u2019hi podran entretenir, divertir i sobretot compartir; buscant conceptes espec\u00edfics en unes <strong>espectaculars il\u00b7lustracions carregades de detalls i d\u2019humor<\/strong>.<\/p>\n<p>Varis <strong>germans<\/strong> poden gaudir d\u2019un mateix llibre i jugar-hi plegats sense importar l\u2019edat!<\/p>\n<h3>I un cop que hi hagis jugat, pots trobar les solucions per veure si ho has fet b\u00e9, a m\u00e9s d&#8217;una bona llista de curiositats sobre les cultures representades!<\/h3>\n<p>[\/vc_column_text][\/vc_column][\/vc_row][vc_row][vc_column column_width_percent=&#8221;100&#8243; align_horizontal=&#8221;align_center&#8221; gutter_size=&#8221;3&#8243; overlay_alpha=&#8221;50&#8243; shift_x=&#8221;0&#8243; shift_y=&#8221;0&#8243; shift_y_down=&#8221;0&#8243; z_index=&#8221;0&#8243; medium_width=&#8221;0&#8243; mobile_width=&#8221;0&#8243; width=&#8221;1\/3&#8243; uncode_shortcode_id=&#8221;100116&#8243;][\/vc_column][vc_column width=&#8221;1\/3&#8243;][vc_button button_color=&#8221;accent&#8221; size=&#8221;btn-lg&#8221; border_width=&#8221;0&#8243; link=&#8221;url:https%3A%2F%2Fwww.editorialelpirata.com%2Fca%2Fsolucionari-llibre-civilitzacions%2F|target:_blank&#8221; button_color_type=&#8221;uncode-palette&#8221; uncode_shortcode_id=&#8221;778154&#8243;]Anar al solucionari[\/vc_button][\/vc_column][vc_column width=&#8221;1\/3&#8243;][\/vc_column][\/vc_row][vc_row][vc_column width=&#8221;1\/1&#8243;][vc_column_text uncode_shortcode_id=&#8221;146050&#8243;]<\/p>\n<p><iframe title=\"EL GRAN LLIBRE JOC DE LES CIVILITZACIONS - Jocs per a nens de diferents edats\" width=\"840\" height=\"473\" src=\"https:\/\/www.youtube.com\/embed\/oLSEfagWP9Q?feature=oembed&#038;enablejsapi=1&#038;origin=https:\/\/www.editorialelpirata.com&#038;width=840&#038;height=1000&#038;discover=1\" frameborder=\"0\" allow=\"accelerometer; autoplay; clipboard-write; encrypted-media; gyroscope; picture-in-picture; web-share\" referrerpolicy=\"strict-origin-when-cross-origin\" allowfullscreen><\/iframe><\/p>\n<p>[\/vc_column_text][\/vc_column][\/vc_row]<\/p>\n<\/div>","protected":false},"excerpt":{"rendered":"<h3>Un gran llibre joc sobre antigues civilitzacions per buscar objectes i aprendre<\/h3>\n<p>Amb les genials il\u00b7lustracions d&#8217;en Subi, els nens s&#8217;ho passaran d&#8217;all\u00f2 m\u00e9s b\u00e9 jugant mentre aprenen sobre les cultures de l&#8217;antiguitat.<\/p>\n<p>&nbsp;<\/p>\n<p>Autor: <strong>Joan Subirana &#8220;Subi&#8221;<\/strong><\/p>\n","protected":false},"featured_media":97287,"template":"","meta":[],"product_brand":[],"product_cat":[3148,3149,3150,3151,3152],"product_tag":[3154,3155,3156,3157,3158],"class_list":{"0":"post-97285","1":"product","2":"type-product","3":"status-publish","4":"has-post-thumbnail","6":"product_cat-llibres-de-4-a-7-anys-ca","7":"product_cat-llibres-de-3-a-6-anys-ca","8":"product_cat-llibres-joc-ca","9":"product_cat-joan-subirana-queralt-ca","10":"product_cat-llibres-de-passatemps-ca","11":"product_tag-aprendre-jugant-ca-2","12":"product_tag-libres-infantils","13":"product_tag-jocs-infantils-ca-2","14":"product_tag-llibres-nens-ca-2","15":"product_tag-llibres-jugar-ca-2","16":"product_shipping_class-envio-estandar-ca","18":"first","19":"instock","20":"shipping-taxable","21":"purchasable","22":"product-type-variable","23":"has-default-attributes"},"_links":{"self":[{"href":"https:\/\/www.editorialelpirata.com\/ca\/wp-json\/wp\/v2\/product\/97285","targetHints":{"allow":["GET"]}}],"collection":[{"href":"https:\/\/www.editorialelpirata.com\/ca\/wp-json\/wp\/v2\/product"}],"about":[{"href":"https:\/\/www.editorialelpirata.com\/ca\/wp-json\/wp\/v2\/types\/product"}],"wp:featuredmedia":[{"embeddable":true,"href":"https:\/\/www.editorialelpirata.com\/ca\/wp-json\/wp\/v2\/media\/97287"}],"wp:attachment":[{"href":"https:\/\/www.editorialelpirata.com\/ca\/wp-json\/wp\/v2\/media?parent=97285"}],"wp:term":[{"taxonomy":"product_brand","embeddable":true,"href":"https:\/\/www.editorialelpirata.com\/ca\/wp-json\/wp\/v2\/product_brand?post=97285"},{"taxonomy":"product_cat","embeddable":true,"href":"https:\/\/www.editorialelpirata.com\/ca\/wp-json\/wp\/v2\/product_cat?post=97285"},{"taxonomy":"product_tag","embeddable":true,"href":"https:\/\/www.editorialelpirata.com\/ca\/wp-json\/wp\/v2\/product_tag?post=97285"}],"curies":[{"name":"wp","href":"https:\/\/api.w.org\/{rel}","templated":true}]}}