{"id":97257,"date":"2021-01-25T12:14:37","date_gmt":"2021-01-25T12:14:37","guid":{"rendered":"https:\/\/www.editorialelpirata.com\/?post_type=product&#038;p=97257"},"modified":"2025-05-16T07:56:30","modified_gmt":"2025-05-16T07:56:30","slug":"es-hora-de-menjar","status":"publish","type":"product","link":"https:\/\/www.editorialelpirata.com\/ca\/Producte\/es-hora-de-menjar\/","title":{"rendered":"\u00c9S L&#8217;HORA DE MENJAR"},"content":{"rendered":"<div class=\"wpb-content-wrapper\"><p>[vc_row][vc_column][vc_column_text uncode_shortcode_id=&#8221;147117&#8243;]<\/p>\n<h1>Ara pots ensenyar als m\u00e9s petits que divertit \u00e9s menjar!<\/h1>\n<p>La Fanti \u00e9s una elefanteta que t\u00e9 molta gana. Sort que ha apr\u00e8s a menjar ella soleta, i li agrada menjar de tot! Aconseguir\u00e0 acabar-se tot el menjar? Aquest fant\u00e0stic conte <strong>interactiu<\/strong> \u00e9s perfecte per jugar amb els m\u00e9s petits i descobrir que han de menjar de tot. I \u00e9s que la Fanti, despr\u00e9s de menjar, se sent genial!<\/p>\n<p>&nbsp;<\/p>\n<p><strong>\u00c9s hora de menjar <\/strong>\u00e9s el tercer t\u00edtol de la col\u00b7lecci\u00f3 de contes infantils <strong><a href=\"https:\/\/www.editorialelpirata.com\/ca\/conte-bebe\/\" target=\"_blank\" rel=\"noopener\">Pas a Pas, aprendr\u00e0s i et divertir\u00e0s<\/a>, <\/strong>que est\u00e0 ideada per ser la col\u00b7lecci\u00f3 de refer\u00e8ncia dels nens de 0 a 3 anys.<\/p>\n<p>Els llibres porten una <strong>nansa<\/strong> per tal que el beb\u00e8 pugui portar-los d&#8217;una banda a l&#8217;altra.<\/p>\n<p>En aquesta nova <strong>col\u00b7lecci\u00f3 de nou t\u00edtols<\/strong>, els m\u00e9s petits aprendran algunes de les coses m\u00e9s importants que han de con\u00e8ixer a la seva edat, com ara la import\u00e0ncia de rentar-se les dents, banyar-se o anar a dormir quan toca. I ho faran acompanyats de tota una colla d\u2019animalons\u00a0 d\u2019all\u00f2 m\u00e9s simp\u00e0tics!<\/p>\n<hr \/>\n<blockquote><p>\u00b7Tots els t\u00edtols han sigut supervisats per <strong>educadors infantils<\/strong>.<\/p>\n<p>\u00b7S\u00f3n <strong>interactius i divertits<\/strong>: els nens han de jugar i ajudar els animalons.<\/p>\n<p>\u00b7S\u00f3n llibres de cartr\u00f3 amb una <strong>nansa<\/strong> per tal que els petits els puguin dur d\u2019una banda a una altra.<\/p>\n<p>\u00b7Amb il\u00b7lustracions divertides i molt cridaneres, que <strong>destaquen<\/strong> sobre el fons per captar l\u2019atenci\u00f3 dels nadons.<\/p>\n<p>\u00b7Amb una <strong>solapa<\/strong> a l\u2019\u00faltima p\u00e0gina que es pot obrir per veure l\u2019abans i el despr\u00e9s d\u2019aprendre a superar el repte en q\u00fcesti\u00f3.<\/p>\n<p>\u00b7\u00c9s una col\u00b7lecci\u00f3 ideal per animar els petits a <strong>superar els primers reptes<\/strong>, com ho fan els animalons que els protagonitzen!<\/p><\/blockquote>\n<hr \/>\n<p><iframe title=\"LLIBRES PER A NADONS - COL\u00b7LECCI\u00d3 PAS A PAS APRENDR\u00c0S I ET DIVERTIR\u00c0S\" width=\"840\" height=\"473\" src=\"https:\/\/www.youtube.com\/embed\/wqB9sd64bHo?feature=oembed&#038;width=840&#038;height=1000&#038;discover=1\" frameborder=\"0\" allow=\"accelerometer; autoplay; clipboard-write; encrypted-media; gyroscope; picture-in-picture; web-share\" referrerpolicy=\"strict-origin-when-cross-origin\" allowfullscreen><\/iframe><\/p>\n<h2><strong>T\u00edtols de la col\u00b7lecci\u00f3:<\/strong><\/h2>\n<ol>\n<li><strong><a href=\"https:\/\/www.editorialelpirata.com\/ca\/producte\/vull-banyar-me\/\" target=\"_blank\" rel=\"noopener\">Vull banyar-me<\/a><\/strong><\/li>\n<li><strong><a href=\"https:\/\/www.editorialelpirata.com\/ca\/producte\/anem-a-dormir\/\" target=\"_blank\" rel=\"noopener\">Anem a dormir<\/a><\/strong><\/li>\n<li><strong>\u00c9s hora de menjar<\/strong><\/li>\n<li><strong><a href=\"https:\/\/www.editorialelpirata.com\/ca\/producte\/ja-em-rento-les-dents\/\" target=\"_blank\" rel=\"noopener\">Ja em rento les dents<\/a><\/strong><\/li>\n<li><strong><a href=\"https:\/\/www.editorialelpirata.com\/ca\/producte\/xumets-fora\/\" target=\"_blank\" rel=\"noopener\">Xumets fora<\/a><\/strong><\/li>\n<li><strong><a href=\"https:\/\/www.editorialelpirata.com\/ca\/producte\/sense-bolquer\/\" target=\"_blank\" rel=\"noopener\">Sense bolquer<\/a><\/strong><\/li>\n<li><strong><a href=\"https:\/\/www.editorialelpirata.com\/ca\/producte\/em-vesteixo-tot-solet\/\" target=\"_blank\" rel=\"noopener\">Em vesteixo tot solet<\/a><\/strong><\/li>\n<li><strong><a href=\"https:\/\/www.editorialelpirata.com\/ca\/producte\/jugo-i-recullo\/\" target=\"_blank\" rel=\"noopener\">Jugo i recullo<\/a><\/strong><\/li>\n<li><strong><a href=\"https:\/\/www.editorialelpirata.com\/ca\/jugar-sense-pantalles\/\" target=\"_blank\" rel=\"noopener\">Jugar sense pantalles<\/a><\/strong><\/li>\n<\/ol>\n<p>[\/vc_column_text][\/vc_column][\/vc_row]<\/p>\n<\/div>","protected":false},"excerpt":{"rendered":"<h3>Llibre per a nens amb nansa<\/h3>\n<p>Descobreix el conte interactiu per ajudar a engrescar a <strong>menjar<\/strong> els m\u00e9s petits, de 0 a 3 anys. Gr\u00e0cies a l&#8217;ajuda de l&#8217;elefanteta Fanti, l&#8217;hora de menjar ser\u00e0 tan divertida que acabaran escurant el plat!<\/p>\n<div><\/div>\n<div>Autora: Esther Burgue\u00f1o<\/div>\n","protected":false},"featured_media":97258,"template":"","meta":[],"product_brand":[],"product_cat":[3163,2362],"product_tag":[2800,3005],"class_list":{"0":"post-97257","1":"product","2":"type-product","3":"status-publish","4":"has-post-thumbnail","6":"product_cat-esther-burgueno-ca","7":"product_cat-contes-cartrone","8":"product_tag-llibres-nens-ca","9":"product_tag-contes-valors-ca","10":"product_shipping_class-envio-estandar-ca","12":"first","13":"instock","14":"shipping-taxable","15":"purchasable","16":"product-type-variable","17":"has-default-attributes"},"_links":{"self":[{"href":"https:\/\/www.editorialelpirata.com\/ca\/wp-json\/wp\/v2\/product\/97257","targetHints":{"allow":["GET"]}}],"collection":[{"href":"https:\/\/www.editorialelpirata.com\/ca\/wp-json\/wp\/v2\/product"}],"about":[{"href":"https:\/\/www.editorialelpirata.com\/ca\/wp-json\/wp\/v2\/types\/product"}],"wp:featuredmedia":[{"embeddable":true,"href":"https:\/\/www.editorialelpirata.com\/ca\/wp-json\/wp\/v2\/media\/97258"}],"wp:attachment":[{"href":"https:\/\/www.editorialelpirata.com\/ca\/wp-json\/wp\/v2\/media?parent=97257"}],"wp:term":[{"taxonomy":"product_brand","embeddable":true,"href":"https:\/\/www.editorialelpirata.com\/ca\/wp-json\/wp\/v2\/product_brand?post=97257"},{"taxonomy":"product_cat","embeddable":true,"href":"https:\/\/www.editorialelpirata.com\/ca\/wp-json\/wp\/v2\/product_cat?post=97257"},{"taxonomy":"product_tag","embeddable":true,"href":"https:\/\/www.editorialelpirata.com\/ca\/wp-json\/wp\/v2\/product_tag?post=97257"}],"curies":[{"name":"wp","href":"https:\/\/api.w.org\/{rel}","templated":true}]}}