{"id":97130,"date":"2024-09-19T15:30:20","date_gmt":"2024-09-19T15:30:20","guid":{"rendered":"https:\/\/www.editorialelpirata.com\/?post_type=product&#038;p=97130"},"modified":"2025-03-05T14:53:34","modified_gmt":"2025-03-05T14:53:34","slug":"lot-de-5-contes-divertits-per-a-nens","status":"publish","type":"product","link":"https:\/\/www.editorialelpirata.com\/ca\/Producte\/lot-de-5-contes-divertits-per-a-nens\/","title":{"rendered":"LOT DE 5 CONTES DIVERTITS PER A NENS"},"content":{"rendered":"<div class=\"wpb-content-wrapper\"><p>[vc_row][vc_column][vc_column_text uncode_shortcode_id=&#8221;207954&#8243;]<\/p>\n<h1>5 llibres infantils divertits en tapa dura<\/h1>\n<p>Contes amb animals i molta diversi\u00f3 per a nens de 3 a 5 anys<\/p>\n<p>&nbsp;<\/p>\n<h2><a href=\"https:\/\/www.editorialelpirata.com\/ca\/producto\/pere-el-gat-dempeus-contes-infantils\/\" target=\"_blank\" rel=\"noopener\">Pere, el gat dempeus<\/a><a href=\"https:\/\/www.editorialelpirata.com\/wp-content\/uploads\/2024\/09\/Pere_gat_dempeus_conte-1.jpg\"><img decoding=\"async\" class=\"alignnone size-medium wp-image-99552\" src=\"https:\/\/www.editorialelpirata.com\/wp-content\/uploads\/2024\/09\/Pere_gat_dempeus_conte-1-300x300.jpg\" alt=\"Pere el gat dempeus\" width=\"300\" height=\"300\" title=\"\" srcset=\"https:\/\/www.editorialelpirata.com\/wp-content\/uploads\/2024\/09\/Pere_gat_dempeus_conte-1-300x300.jpg 300w, https:\/\/www.editorialelpirata.com\/wp-content\/uploads\/2024\/09\/Pere_gat_dempeus_conte-1-150x150.jpg 150w, https:\/\/www.editorialelpirata.com\/wp-content\/uploads\/2024\/09\/Pere_gat_dempeus_conte-1-768x768.jpg 768w, https:\/\/www.editorialelpirata.com\/wp-content\/uploads\/2024\/09\/Pere_gat_dempeus_conte-1-350x350.jpg 350w, https:\/\/www.editorialelpirata.com\/wp-content\/uploads\/2024\/09\/Pere_gat_dempeus_conte-1-348x348.jpg 348w, https:\/\/www.editorialelpirata.com\/wp-content\/uploads\/2024\/09\/Pere_gat_dempeus_conte-1-100x100.jpg 100w, https:\/\/www.editorialelpirata.com\/wp-content\/uploads\/2024\/09\/Pere_gat_dempeus_conte-1-64x64.jpg 64w, https:\/\/www.editorialelpirata.com\/wp-content\/uploads\/2024\/09\/Pere_gat_dempeus_conte-1.jpg 800w\" sizes=\"(max-width: 300px) 100vw, 300px\" \/><\/a><\/h2>\n<p>Un conte sobre un gat molt divertit on aprendrem qu\u00e8 \u00e9s l&#8217;amistat.<\/p>\n<p>&nbsp;<\/p>\n<p>&nbsp;<\/p>\n<p>&nbsp;<\/p>\n<p>&nbsp;<\/p>\n<hr \/>\n<h2><a href=\"https:\/\/www.editorialelpirata.com\/ca\/producto\/gegantosaure\/\" target=\"_blank\" rel=\"noopener\">Gegantosaure<\/a><a href=\"https:\/\/www.edicionsdelpirata.cat\/producte\/gegantosaure-llibres-nens\/\" target=\"_blank\" rel=\"noopener\"><img decoding=\"async\" class=\"alignleft wp-image-90477 size-thumbnail\" src=\"https:\/\/www.edicionsdelpirata.cat\/wp-content\/uploads\/2018\/01\/Gegantosaure_conte_infantil_dinosaures-1-150x150.jpg\" alt=\"gegantosaure, gigantosaurus, llibres nens, edicions del pirata, gegantosaure, jonny duddle, \u00e0lbum il\u00b7lustrat, llibre il\u00b7lustrat, llibre per 6 anys, llibres de nens, llibres novetats\" width=\"150\" height=\"150\" title=\"\"><\/a><\/h2>\n<p>Un nou \u00e0lbum del fam\u00f3s autor\/il\u00b7lustrador Jonny Duddle, que ha sigut adaptat a una s\u00e8rie d&#8217;animaci\u00f3 de gran \u00e8xit.<\/p>\n<p>&nbsp;<\/p>\n<p>&nbsp;<\/p>\n<p>&nbsp;<\/p>\n<hr \/>\n<h2><a href=\"https:\/\/www.editorialelpirata.com\/ca\/producto\/cuquedo-contes-per-explicar\/\" target=\"_blank\" rel=\"noopener\">El Cuquedo<\/a><a href=\"https:\/\/www.edicionsdelpirata.cat\/producte\/cuquedo-contes-explicar\/\" target=\"_blank\" rel=\"noopener\"><img decoding=\"async\" class=\"alignleft wp-image-90440 size-thumbnail\" src=\"https:\/\/www.edicionsdelpirata.cat\/wp-content\/uploads\/2019\/05\/Cuquedo_conte_humor-1-150x150.jpg\" alt=\"Cuquedo, espantar, animals de la selva, que ens fa por, humor, animals\" width=\"150\" height=\"150\" title=\"\"><\/a><\/h2>\n<p>Un divertit conte sobre els animals de la selva, amb text repetitiu per tal que els nens s&#8217;hi puguin anticipar.<\/p>\n<p>&nbsp;<\/p>\n<p>&nbsp;<\/p>\n<p>&nbsp;<\/p>\n<p>&nbsp;<\/p>\n<hr \/>\n<h2><a href=\"https:\/\/www.editorialelpirata.com\/ca\/producto\/cuquedo-busca-amor-faci-por-contes-nens-humor\/\" target=\"_blank\" rel=\"noopener\">El Cuquedo busca un amor que faci por<\/a><a href=\"https:\/\/www.editorialelpirata.com\/wp-content\/uploads\/2024\/09\/Cuquedo_busca_amor_faci_por_conte_humor-1.jpg\"><img decoding=\"async\" class=\"alignnone size-medium wp-image-98319\" src=\"https:\/\/www.editorialelpirata.com\/wp-content\/uploads\/2024\/09\/Cuquedo_busca_amor_faci_por_conte_humor-1-300x300.jpg\" alt=\"Cuquedo busca amor faci por_ conte divertit\" width=\"300\" height=\"300\" title=\"\" srcset=\"https:\/\/www.editorialelpirata.com\/wp-content\/uploads\/2024\/09\/Cuquedo_busca_amor_faci_por_conte_humor-1-300x300.jpg 300w, https:\/\/www.editorialelpirata.com\/wp-content\/uploads\/2024\/09\/Cuquedo_busca_amor_faci_por_conte_humor-1-150x150.jpg 150w, https:\/\/www.editorialelpirata.com\/wp-content\/uploads\/2024\/09\/Cuquedo_busca_amor_faci_por_conte_humor-1-768x768.jpg 768w, https:\/\/www.editorialelpirata.com\/wp-content\/uploads\/2024\/09\/Cuquedo_busca_amor_faci_por_conte_humor-1-350x350.jpg 350w, https:\/\/www.editorialelpirata.com\/wp-content\/uploads\/2024\/09\/Cuquedo_busca_amor_faci_por_conte_humor-1-348x348.jpg 348w, https:\/\/www.editorialelpirata.com\/wp-content\/uploads\/2024\/09\/Cuquedo_busca_amor_faci_por_conte_humor-1-100x100.jpg 100w, https:\/\/www.editorialelpirata.com\/wp-content\/uploads\/2024\/09\/Cuquedo_busca_amor_faci_por_conte_humor-1-64x64.jpg 64w, https:\/\/www.editorialelpirata.com\/wp-content\/uploads\/2024\/09\/Cuquedo_busca_amor_faci_por_conte_humor-1.jpg 800w\" sizes=\"(max-width: 300px) 100vw, 300px\" \/><\/a><\/h2>\n<p>La segona entrega de l&#8217;exit\u00f3s llibre d&#8217;en Cuquedo, el divertit monstre de la selva.<\/p>\n<p>&nbsp;<\/p>\n<p>&nbsp;<\/p>\n<p>&nbsp;<\/p>\n<p>&nbsp;<\/p>\n<p>&nbsp;<\/p>\n<hr \/>\n<h2><a href=\"https:\/\/www.editorialelpirata.com\/ca\/producto\/el-submari-que-no-es-volia-enfonsar-7-anys\/\" target=\"_blank\" rel=\"noopener\">El submar\u00ed que no es volia enfonsar<\/a><a href=\"https:\/\/www.editorialelpirata.com\/wp-content\/uploads\/2024\/10\/Submarino_no_queria_hundirse_libros_ninos_ilustrado_humor_animales-1-uai-720x720-1.jpg\"><img decoding=\"async\" class=\"alignnone size-medium wp-image-101356\" src=\"https:\/\/www.editorialelpirata.com\/wp-content\/uploads\/2024\/10\/Submarino_no_queria_hundirse_libros_ninos_ilustrado_humor_animales-1-uai-720x720-1-300x300.jpg\" alt=\"\" width=\"300\" height=\"300\" title=\"\" srcset=\"https:\/\/www.editorialelpirata.com\/wp-content\/uploads\/2024\/10\/Submarino_no_queria_hundirse_libros_ninos_ilustrado_humor_animales-1-uai-720x720-1-300x300.jpg 300w, https:\/\/www.editorialelpirata.com\/wp-content\/uploads\/2024\/10\/Submarino_no_queria_hundirse_libros_ninos_ilustrado_humor_animales-1-uai-720x720-1-150x150.jpg 150w, https:\/\/www.editorialelpirata.com\/wp-content\/uploads\/2024\/10\/Submarino_no_queria_hundirse_libros_ninos_ilustrado_humor_animales-1-uai-720x720-1-350x350.jpg 350w, https:\/\/www.editorialelpirata.com\/wp-content\/uploads\/2024\/10\/Submarino_no_queria_hundirse_libros_ninos_ilustrado_humor_animales-1-uai-720x720-1-348x348.jpg 348w, https:\/\/www.editorialelpirata.com\/wp-content\/uploads\/2024\/10\/Submarino_no_queria_hundirse_libros_ninos_ilustrado_humor_animales-1-uai-720x720-1-100x100.jpg 100w, https:\/\/www.editorialelpirata.com\/wp-content\/uploads\/2024\/10\/Submarino_no_queria_hundirse_libros_ninos_ilustrado_humor_animales-1-uai-720x720-1-64x64.jpg 64w, https:\/\/www.editorialelpirata.com\/wp-content\/uploads\/2024\/10\/Submarino_no_queria_hundirse_libros_ninos_ilustrado_humor_animales-1-uai-720x720-1.jpg 720w\" sizes=\"(max-width: 300px) 100vw, 300px\" \/><\/a><\/h2>\n<p>La divertid\u00edssima hist\u00f2ria del primer submar\u00ed i de com es va haver de rec\u00f3rrer a l&#8217;ajuda d&#8217;uns simp\u00e0tics elefants per enfonsar-lo.[\/vc_column_text][\/vc_column][\/vc_row]<\/p>\n<\/div>","protected":false},"excerpt":{"rendered":"<h3>Llibres amb molts animals i molta diversi\u00f3!<\/h3>\n<p>Ideals per a infants de 2 a 5 anys.<\/p>\n","protected":false},"featured_media":97131,"template":"","meta":[],"product_brand":[],"product_cat":[2123,2396],"product_tag":[2800,2831,2881,487,488],"class_list":{"0":"post-97130","1":"product","2":"type-product","3":"status-publish","4":"has-post-thumbnail","6":"product_cat-tots-els-llibres","7":"product_cat-lots","8":"product_tag-llibres-nens-ca","9":"product_tag-contes-divertits-ca","10":"product_tag-contes-infantils-ca","11":"product_tag-contes-tapa-dura","12":"product_tag-llibres-infantils-divertits","14":"first","15":"outofstock","16":"shipping-taxable","17":"purchasable","18":"product-type-simple"},"_links":{"self":[{"href":"https:\/\/www.editorialelpirata.com\/ca\/wp-json\/wp\/v2\/product\/97130","targetHints":{"allow":["GET"]}}],"collection":[{"href":"https:\/\/www.editorialelpirata.com\/ca\/wp-json\/wp\/v2\/product"}],"about":[{"href":"https:\/\/www.editorialelpirata.com\/ca\/wp-json\/wp\/v2\/types\/product"}],"wp:featuredmedia":[{"embeddable":true,"href":"https:\/\/www.editorialelpirata.com\/ca\/wp-json\/wp\/v2\/media\/97131"}],"wp:attachment":[{"href":"https:\/\/www.editorialelpirata.com\/ca\/wp-json\/wp\/v2\/media?parent=97130"}],"wp:term":[{"taxonomy":"product_brand","embeddable":true,"href":"https:\/\/www.editorialelpirata.com\/ca\/wp-json\/wp\/v2\/product_brand?post=97130"},{"taxonomy":"product_cat","embeddable":true,"href":"https:\/\/www.editorialelpirata.com\/ca\/wp-json\/wp\/v2\/product_cat?post=97130"},{"taxonomy":"product_tag","embeddable":true,"href":"https:\/\/www.editorialelpirata.com\/ca\/wp-json\/wp\/v2\/product_tag?post=97130"}],"curies":[{"name":"wp","href":"https:\/\/api.w.org\/{rel}","templated":true}]}}