{"id":97123,"date":"2024-09-19T15:30:15","date_gmt":"2024-09-19T15:30:15","guid":{"rendered":"https:\/\/www.editorialelpirata.com\/?post_type=product&#038;p=97123"},"modified":"2025-11-11T11:17:44","modified_gmt":"2025-11-11T11:17:44","slug":"lot-de-8-contes-amb-valors","status":"publish","type":"product","link":"https:\/\/www.editorialelpirata.com\/ca\/Producte\/lot-de-8-contes-amb-valors\/","title":{"rendered":"LOT DE 8 CONTES AMB VALORS"},"content":{"rendered":"<div class=\"wpb-content-wrapper\"><p>[vc_row][vc_column][vc_column_text uncode_shortcode_id=&#8221;490479&#8243;]<\/p>\n<h1>8 llibres il\u00b7lustrats per educar en valors<\/h1>\n<p>Aconsegueix ja aquest fant\u00e0stic lot amb 8 llibres diferents que ajuden a educar els m\u00e9s petits en valors.<\/p>\n<p>&nbsp;<\/p>\n<h2><a href=\"https:\/\/www.editorialelpirata.com\/ca\/producto\/hola-hola-animals-albums-ilustrats\/\" target=\"_blank\" rel=\"noopener\">Hola hola: Animals per descobrir i protegir<\/a><a href=\"https:\/\/www.edicionsdelpirata.cat\/producte\/hola-animals-descobrir-protegir-llibres-nens\/\" target=\"_blank\" rel=\"noopener\"><img decoding=\"async\" class=\"alignleft wp-image-90419 size-thumbnail\" src=\"https:\/\/www.edicionsdelpirata.cat\/wp-content\/uploads\/2020\/01\/hola_animals_descobrir_protegir_llibre_nens-1-150x150.jpg\" alt=\"hola hola animals llibre, animals per protegir, coneixer animals, brendan wenzel, millor \u00e0lbum il\u00b7ustrat, conte con\u00e8ixer animals\" width=\"150\" height=\"150\" title=\"\"><\/a><\/h2>\n<p>Un llibre que ensenya els diferents animals que existeixen i anima a protegir-los, de Brendan Wenzel (autor best-seller del New York Times i guanyador del premi Caldecott), considerat el millor llibre de l&#8217;any pel Washington Post i Amazon.<\/p>\n<p>&nbsp;<\/p>\n<p>&nbsp;<\/p>\n<p>&nbsp;<\/p>\n<hr \/>\n<h2><a href=\"https:\/\/www.editorialelpirata.com\/wp-content\/uploads\/2024\/09\/nomes_faltava_aixo_conte_dormir-1-1.jpg\"><img decoding=\"async\" class=\"wp-image-99537 alignleft\" src=\"https:\/\/www.editorialelpirata.com\/wp-content\/uploads\/2024\/09\/nomes_faltava_aixo_conte_dormir-1-1-300x300.jpg\" alt=\"Nom\u00e9s faltava aix\u00f2- contes per explicar 3 anys\" width=\"142\" height=\"142\" title=\"\" srcset=\"https:\/\/www.editorialelpirata.com\/wp-content\/uploads\/2024\/09\/nomes_faltava_aixo_conte_dormir-1-1-300x300.jpg 300w, https:\/\/www.editorialelpirata.com\/wp-content\/uploads\/2024\/09\/nomes_faltava_aixo_conte_dormir-1-1-150x150.jpg 150w, https:\/\/www.editorialelpirata.com\/wp-content\/uploads\/2024\/09\/nomes_faltava_aixo_conte_dormir-1-1-768x768.jpg 768w, https:\/\/www.editorialelpirata.com\/wp-content\/uploads\/2024\/09\/nomes_faltava_aixo_conte_dormir-1-1-350x350.jpg 350w, https:\/\/www.editorialelpirata.com\/wp-content\/uploads\/2024\/09\/nomes_faltava_aixo_conte_dormir-1-1-348x348.jpg 348w, https:\/\/www.editorialelpirata.com\/wp-content\/uploads\/2024\/09\/nomes_faltava_aixo_conte_dormir-1-1-100x100.jpg 100w, https:\/\/www.editorialelpirata.com\/wp-content\/uploads\/2024\/09\/nomes_faltava_aixo_conte_dormir-1-1-64x64.jpg 64w, https:\/\/www.editorialelpirata.com\/wp-content\/uploads\/2024\/09\/nomes_faltava_aixo_conte_dormir-1-1.jpg 800w\" sizes=\"(max-width: 142px) 100vw, 142px\" \/><\/a><a href=\"https:\/\/www.editorialelpirata.com\/ca\/producto\/nomes-faltava-aixo-contes-per-explicar\/\" target=\"_blank\" rel=\"noopener\">Nom\u00e9s faltava aix\u00f2!<\/a><\/h2>\n<p>Un conte carregat d&#8217;emoci\u00f3 que ensenya la import\u00e0ncia de l&#8217;amor dins la fam\u00edlia.<\/p>\n<p>&nbsp;<\/p>\n<p>&nbsp;<\/p>\n<p>&nbsp;<\/p>\n<p>&nbsp;<\/p>\n<hr \/>\n<h2><a href=\"https:\/\/www.editorialelpirata.com\/ca\/producto\/la-meva-familia-es-especial\/\" target=\"_blank\" rel=\"noopener\">La meva fam\u00edlia \u00e9s especial<\/a><a href=\"https:\/\/www.edicionsdelpirata.cat\/producte\/meva-familia-especial-contes-valors\/\" target=\"_blank\" rel=\"noopener\"><img decoding=\"async\" class=\"alignleft wp-image-90443 size-thumbnail\" src=\"https:\/\/www.edicionsdelpirata.cat\/wp-content\/uploads\/2019\/05\/Meva_familia_especial_diversitat-1-150x150.jpg\" alt=\"diversitat familiar, familia, animals, la meva fam\u00edlia \u00e9s especial\" width=\"150\" height=\"150\" title=\"\"><\/a><\/h2>\n<p>Un llibre que ens ensenya els diferents models de fam\u00edlia que hi ha al m\u00f3n.<\/p>\n<p>&nbsp;<\/p>\n<p>&nbsp;<\/p>\n<p>&nbsp;<\/p>\n<p>&nbsp;<\/p>\n<hr \/>\n<h2><a href=\"https:\/\/www.editorialelpirata.com\/ca\/producto\/estimat-bau\/\" target=\"_blank\" rel=\"noopener\">Estimat Bau<\/a><a href=\"https:\/\/www.edicionsdelpirata.cat\/producte\/estimat-bau-contes-anar-dormir\/\" target=\"_blank\" rel=\"noopener\"><img decoding=\"async\" class=\"alignleft wp-image-90483 size-thumbnail\" src=\"https:\/\/www.edicionsdelpirata.cat\/wp-content\/uploads\/2017\/11\/Estimat_bau_album_illustrat-1-150x150.jpg\" alt=\"estimat bau, llibres nens, contes amb valors, album il\u00b7lustrat, llibre educatiu,\" width=\"150\" height=\"150\" title=\"\"><\/a><\/h2>\n<p>La hist\u00f2ria d&#8217;un nen fill de pares artistes que apr\u00e8n a escriure i dibuixar el seu propi conte. Ideal per fomentar la creativitat.<\/p>\n<p>&nbsp;<\/p>\n<p>&nbsp;<\/p>\n<p>&nbsp;<\/p>\n<hr \/>\n<h2><a href=\"https:\/\/www.editorialelpirata.com\/ca\/producto\/tres-porquets-contes-tradicionals\/\" target=\"_blank\" rel=\"noopener\">Els tres porquets<\/a><a href=\"https:\/\/www.edicionsdelpirata.cat\/producte\/tres-porquets-contes-tradicionals\/\" target=\"_blank\" rel=\"noopener\"><img decoding=\"async\" class=\"alignleft wp-image-90485 size-thumbnail\" src=\"https:\/\/www.edicionsdelpirata.cat\/wp-content\/uploads\/2017\/10\/tres_porquets_contes_classics-1-150x150.jpg\" alt=\"tres_porquets_contes_classics\" width=\"150\" height=\"150\" title=\"\"><\/a><\/h2>\n<p>El conte cl\u00e0ssic, il\u00b7lustrat i amb el text en vers.<\/p>\n<p>&nbsp;<\/p>\n<p>&nbsp;<\/p>\n<p>&nbsp;<\/p>\n<p>&nbsp;<\/p>\n<hr \/>\n<h2><a href=\"https:\/\/www.editorialelpirata.com\/ca\/producto\/pere-llop-contes-tradicionals\/\" target=\"_blank\" rel=\"noopener\">Pere i el llop<\/a><a href=\"https:\/\/www.edicionsdelpirata.cat\/producte\/pere-llop-contes-classics\/\" target=\"_blank\" rel=\"noopener\"><img decoding=\"async\" class=\"alignleft wp-image-90487 size-thumbnail\" src=\"https:\/\/www.edicionsdelpirata.cat\/wp-content\/uploads\/2017\/10\/Pere_llop_contes_classics-1-150x150.jpg\" alt=\"contes classics, contes tradicionals, contes en vers, contes rimats, llibres nens, contes per explicar, contes per anar a dormir, contes amb valors, contes amb animals,\" width=\"150\" height=\"150\" title=\"\"><\/a><\/h2>\n<p>El conte cl\u00e0ssic, il\u00b7lustrat i amb el text en vers.<\/p>\n<p>&nbsp;<\/p>\n<p>&nbsp;<\/p>\n<p>&nbsp;<\/p>\n<p>&nbsp;<\/p>\n<hr \/>\n<h2><a href=\"https:\/\/www.editorialelpirata.com\/ca\/producto\/drac-pasqual-descobreix-africa-llibres-5-anys\/\" target=\"_blank\" rel=\"noopener\">El drac Pasqual descobreix l&#8217;\u00c0frica<\/a><a href=\"https:\/\/www.edicionsdelpirata.cat\/producte\/drac-pasqual-descobreix-africa-llibres-5-anys\/\" target=\"_blank\" rel=\"noopener\"><img decoding=\"async\" class=\"alignleft wp-image-90493 size-thumbnail\" src=\"https:\/\/www.edicionsdelpirata.cat\/wp-content\/uploads\/2017\/07\/Drac_pasqual_descobreix_africa_llibre_5_anys-1-150x150.jpg\" alt=\"El drac Pasqual descobreix l&#039;\u00c0frica, edicions del pirata, max olivetti, quim bou, el drac pasqual descobreix el m\u00f3n, edicions del pirata, llibre drac, col\u00b7lecci\u00f3 descobreix el m\u00f3n\" width=\"150\" height=\"150\" title=\"\"><\/a><\/h2>\n<p>El petit drac Pasqual visita el continent afric\u00e0, on ajudar\u00e0 els massais a combatre la sequera i comprendr\u00e0 la import\u00e0ncia de l&#8217;aigua.<\/p>\n<p>&nbsp;<\/p>\n<p>&nbsp;<\/p>\n<p>&nbsp;<\/p>\n<p>&nbsp;<\/p>\n<hr \/>\n<h2><a href=\"https:\/\/www.editorialelpirata.com\/ca\/producto\/drac-pasqual-descobreix-america-llibres-6-anys\/\" target=\"_blank\" rel=\"noopener\">El drac Pasqual descobreix Am\u00e8rica<\/a><a href=\"https:\/\/www.edicionsdelpirata.cat\/producte\/drac-pasqual-descobreix-america-llibres-6-anys\/\" target=\"_blank\" rel=\"noopener\"><img decoding=\"async\" class=\"alignleft wp-image-90489 size-thumbnail\" src=\"https:\/\/www.edicionsdelpirata.cat\/wp-content\/uploads\/2017\/10\/Drac_pasqual_descobreix_america_llibre_6_anys-1-150x150.jpg\" alt=\"llibre per a 6 anys, El drac Pasqual descobreix Am\u00e8rica, edicions del pirata, llibre drac, col\u00b7lecci\u00f3 descobreix el m\u00f3n\" width=\"150\" height=\"150\" title=\"\"><\/a><\/h2>\n<p>En Pasqual coneix els maies i la seva forma de vida, i s&#8217;ho passar\u00e0 molt b\u00e9 jugant a pilota amb ells.[\/vc_column_text][\/vc_column][\/vc_row]<\/p>\n<\/div>","protected":false},"excerpt":{"rendered":"<h3>\u00c0lbums il\u00b7lustrats per educar en valors<\/h3>\n<p>8 contes diferents, amb dibuixos a tot color, pensats per als m\u00e9s petits de la casa.<\/p>\n","protected":false},"featured_media":97124,"template":"","meta":[],"product_brand":[],"product_cat":[2396],"product_tag":[653],"class_list":{"0":"post-97123","1":"product","2":"type-product","3":"status-publish","4":"has-post-thumbnail","6":"product_cat-lots","7":"product_tag-contes-educatius","9":"first","10":"outofstock","11":"shipping-taxable","12":"purchasable","13":"product-type-simple"},"_links":{"self":[{"href":"https:\/\/www.editorialelpirata.com\/ca\/wp-json\/wp\/v2\/product\/97123","targetHints":{"allow":["GET"]}}],"collection":[{"href":"https:\/\/www.editorialelpirata.com\/ca\/wp-json\/wp\/v2\/product"}],"about":[{"href":"https:\/\/www.editorialelpirata.com\/ca\/wp-json\/wp\/v2\/types\/product"}],"wp:featuredmedia":[{"embeddable":true,"href":"https:\/\/www.editorialelpirata.com\/ca\/wp-json\/wp\/v2\/media\/97124"}],"wp:attachment":[{"href":"https:\/\/www.editorialelpirata.com\/ca\/wp-json\/wp\/v2\/media?parent=97123"}],"wp:term":[{"taxonomy":"product_brand","embeddable":true,"href":"https:\/\/www.editorialelpirata.com\/ca\/wp-json\/wp\/v2\/product_brand?post=97123"},{"taxonomy":"product_cat","embeddable":true,"href":"https:\/\/www.editorialelpirata.com\/ca\/wp-json\/wp\/v2\/product_cat?post=97123"},{"taxonomy":"product_tag","embeddable":true,"href":"https:\/\/www.editorialelpirata.com\/ca\/wp-json\/wp\/v2\/product_tag?post=97123"}],"curies":[{"name":"wp","href":"https:\/\/api.w.org\/{rel}","templated":true}]}}